{"id":5039,"date":"2021-03-30T16:54:29","date_gmt":"2021-03-30T14:54:29","guid":{"rendered":"https:\/\/geneva.intercontinental.com\/product\/bon-cadeau-intercontinental-geneve\/"},"modified":"2025-12-01T10:20:12","modified_gmt":"2025-12-01T09:20:12","slug":"bon-cadeau-intercontinental-geneve","status":"publish","type":"product","link":"https:\/\/geneva.intercontinental.com\/fr\/produit\/bon-cadeau-intercontinental-geneve\/","title":{"rendered":"Carte Cadeau"},"content":{"rendered":"<div>\n<p>Le plaisir de faire plaisir\u2026 avec un bon cadeau \u00e0 partir de CHF 100.- jusqu&#8217;\u00e0 CHF 500.- \u00e0 utiliser \u00e0 l\u2019InterContinental Gen\u00e8ve (h\u00f4tel, restaurant Woods, Poolside et Bar Les Nations).<\/p>\n<\/div>\n<div>\n<ul>\n<li><strong>Le carte doit \u00eatre utilis\u00e9e en une seule fois<\/strong> mais peut faire l\u2019objet de diff\u00e9rentes r\u00e9servations confirm\u00e9es le m\u00eame jour.<\/li>\n<li>Toute annulation entraine la perte du bon cadeau.<\/li>\n<li>Ce bon cadeau ne peut \u00eatre \u00e9chang\u00e9 contre des esp\u00e8ces.<\/li>\n<li>Si la valeur du service choisi est sup\u00e9rieure \u00e0 celle du bon cadeau, la diff\u00e9rence reste \u00e0 r\u00e9gler.<\/li>\n<li>Si la valeur du service choisi est inf\u00e9rieure \u00e0 celle du bon cadeau, la diff\u00e9rence n\u2019est pas rembours\u00e9e.<\/li>\n<li>Aucun bon cadeau ne sera accept\u00e9 apr\u00e8s expiration de la date de validit\u00e9.<\/li>\n<li>En cas de perte, ce bon cadeau est sous la responsabilit\u00e9 de son d\u00e9tenteur.<\/li>\n<li>Ce bon n&#8217;est pas valable sur le Spa Cinq Mondes.<\/li>\n<\/ul>\n<\/div>\n<p style=\"font-size: 15px\"><strong>Attention, les caract\u00e8res sp\u00e9ciaux et smiley ins\u00e9r\u00e9s dans le champ &#8220;message&#8221; ne pourront \u00eatre retranscrits sur le bon cadeau.<\/strong><\/p>\n","protected":false},"excerpt":{"rendered":"<p>Le plaisir de faire plaisir\u2026 avec ce bon cadeau entre CHF 100.- et CHF 500.- \u00e0 utiliser \u00e0 l\u2019InterContinental Gen\u00e8ve (h\u00f4tel, restaurant Woods, Poolside et Bar Les Nations).<\/p>\n","protected":false},"featured_media":22668,"template":"","meta":{"_acf_changed":false},"product_brand":[],"product_cat":[52],"product_tag":[],"class_list":{"0":"post-5039","1":"product","2":"type-product","3":"status-publish","4":"has-post-thumbnail","6":"product_cat-cheque-cadeau","8":"first","9":"instock","10":"shipping-taxable","11":"purchasable","12":"product-type-variable"},"acf":[],"yoast_head":"<!-- This site is optimized with the Yoast SEO plugin v26.2 - https:\/\/yoast.com\/wordpress\/plugins\/seo\/ -->\n<title>Carte Cadeau - InterContinental Gen\u00e8ve<\/title>\n<meta name=\"description\" content=\"Le plaisir de faire plaisir\u2026 avec un bon cadeau \u00e0 partir de CHF 100.- jusqu&#039;\u00e0 CHF 500.- \u00e0 utiliser \u00e0 l\u2019InterContinental Gen\u00e8ve.\" \/>\n<meta name=\"robots\" content=\"index, follow, max-snippet:-1, max-image-preview:large, max-video-preview:-1\" \/>\n<link rel=\"canonical\" href=\"https:\/\/geneva.intercontinental.com\/fr\/produit\/bon-cadeau-intercontinental-geneve\/\" \/>\n<meta property=\"og:locale\" content=\"fr_FR\" \/>\n<meta property=\"og:type\" content=\"article\" \/>\n<meta property=\"og:title\" content=\"Carte Cadeau - InterContinental Gen\u00e8ve\" \/>\n<meta property=\"og:description\" content=\"Le plaisir de faire plaisir\u2026 avec un bon cadeau \u00e0 partir de CHF 100.- jusqu&#039;\u00e0 CHF 500.- \u00e0 utiliser \u00e0 l\u2019InterContinental Gen\u00e8ve.\" \/>\n<meta property=\"og:url\" content=\"https:\/\/geneva.intercontinental.com\/fr\/produit\/bon-cadeau-intercontinental-geneve\/\" \/>\n<meta property=\"og:site_name\" content=\"IHG\" \/>\n<meta property=\"article:modified_time\" content=\"2025-12-01T09:20:12+00:00\" \/>\n<meta property=\"og:image\" content=\"https:\/\/geneva.intercontinental.com\/wp-content\/uploads\/sites\/7\/2021\/03\/Offer-Photos-7.jpg\" \/>\n\t<meta property=\"og:image:width\" content=\"1920\" \/>\n\t<meta property=\"og:image:height\" content=\"1080\" \/>\n\t<meta property=\"og:image:type\" content=\"image\/jpeg\" \/>\n<meta name=\"twitter:card\" content=\"summary_large_image\" \/>\n<meta name=\"twitter:label1\" content=\"Dur\u00e9e de lecture estim\u00e9e\" \/>\n\t<meta name=\"twitter:data1\" content=\"2 minutes\" \/>\n<script type=\"application\/ld+json\" class=\"yoast-schema-graph\">{\"@context\":\"https:\/\/schema.org\",\"@graph\":[{\"@type\":\"WebPage\",\"@id\":\"https:\/\/geneva.intercontinental.com\/fr\/produit\/bon-cadeau-intercontinental-geneve\/\",\"url\":\"https:\/\/geneva.intercontinental.com\/fr\/produit\/bon-cadeau-intercontinental-geneve\/\",\"name\":\"Carte Cadeau - InterContinental Gen\u00e8ve\",\"isPartOf\":{\"@id\":\"https:\/\/geneva.intercontinental.com\/fr\/#website\"},\"primaryImageOfPage\":{\"@id\":\"https:\/\/geneva.intercontinental.com\/fr\/produit\/bon-cadeau-intercontinental-geneve\/#primaryimage\"},\"image\":{\"@id\":\"https:\/\/geneva.intercontinental.com\/fr\/produit\/bon-cadeau-intercontinental-geneve\/#primaryimage\"},\"thumbnailUrl\":\"https:\/\/geneva.intercontinental.com\/wp-content\/uploads\/sites\/7\/2021\/03\/Offer-Photos-7.jpg\",\"datePublished\":\"2021-03-30T14:54:29+00:00\",\"dateModified\":\"2025-12-01T09:20:12+00:00\",\"description\":\"Le plaisir de faire plaisir\u2026 avec un bon cadeau \u00e0 partir de CHF 100.- jusqu'\u00e0 CHF 500.- \u00e0 utiliser \u00e0 l\u2019InterContinental Gen\u00e8ve.\",\"breadcrumb\":{\"@id\":\"https:\/\/geneva.intercontinental.com\/fr\/produit\/bon-cadeau-intercontinental-geneve\/#breadcrumb\"},\"inLanguage\":\"fr-FR\",\"potentialAction\":[{\"@type\":\"ReadAction\",\"target\":[\"https:\/\/geneva.intercontinental.com\/fr\/produit\/bon-cadeau-intercontinental-geneve\/\"]}]},{\"@type\":\"ImageObject\",\"inLanguage\":\"fr-FR\",\"@id\":\"https:\/\/geneva.intercontinental.com\/fr\/produit\/bon-cadeau-intercontinental-geneve\/#primaryimage\",\"url\":\"https:\/\/geneva.intercontinental.com\/wp-content\/uploads\/sites\/7\/2021\/03\/Offer-Photos-7.jpg\",\"contentUrl\":\"https:\/\/geneva.intercontinental.com\/wp-content\/uploads\/sites\/7\/2021\/03\/Offer-Photos-7.jpg\",\"width\":1920,\"height\":1080},{\"@type\":\"BreadcrumbList\",\"@id\":\"https:\/\/geneva.intercontinental.com\/fr\/produit\/bon-cadeau-intercontinental-geneve\/#breadcrumb\",\"itemListElement\":[{\"@type\":\"ListItem\",\"position\":1,\"name\":\"Accueil\",\"item\":\"https:\/\/geneva.intercontinental.com\/fr\/\"},{\"@type\":\"ListItem\",\"position\":2,\"name\":\"Boutique en ligne\",\"item\":\"https:\/\/geneva.intercontinental.com\/fr\/shop\/\"},{\"@type\":\"ListItem\",\"position\":3,\"name\":\"Carte Cadeau\"}]},{\"@type\":\"WebSite\",\"@id\":\"https:\/\/geneva.intercontinental.com\/fr\/#website\",\"url\":\"https:\/\/geneva.intercontinental.com\/fr\/\",\"name\":\"IHG\",\"description\":\"Live the InterContinental Life\",\"publisher\":{\"@id\":\"https:\/\/geneva.intercontinental.com\/fr\/#organization\"},\"alternateName\":\"InterContinental Gen\u00e8ve\",\"potentialAction\":[{\"@type\":\"SearchAction\",\"target\":{\"@type\":\"EntryPoint\",\"urlTemplate\":\"https:\/\/geneva.intercontinental.com\/fr\/?s={search_term_string}\"},\"query-input\":{\"@type\":\"PropertyValueSpecification\",\"valueRequired\":true,\"valueName\":\"search_term_string\"}}],\"inLanguage\":\"fr-FR\"},{\"@type\":\"Organization\",\"@id\":\"https:\/\/geneva.intercontinental.com\/fr\/#organization\",\"name\":\"InterContinental Gen\u00e8ve\",\"alternateName\":\"GVAHA\",\"url\":\"https:\/\/geneva.intercontinental.com\/fr\/\",\"logo\":{\"@type\":\"ImageObject\",\"inLanguage\":\"fr-FR\",\"@id\":\"https:\/\/geneva.intercontinental.com\/fr\/#\/schema\/logo\/image\/\",\"url\":\"https:\/\/geneva.intercontinental.com\/wp-content\/uploads\/sites\/7\/2024\/04\/intercontinental-geneve-logo.svg\",\"contentUrl\":\"https:\/\/geneva.intercontinental.com\/wp-content\/uploads\/sites\/7\/2024\/04\/intercontinental-geneve-logo.svg\",\"caption\":\"InterContinental Gen\u00e8ve\"},\"image\":{\"@id\":\"https:\/\/geneva.intercontinental.com\/fr\/#\/schema\/logo\/image\/\"}}]}<\/script>\n<!-- \/ Yoast SEO plugin. -->","yoast_head_json":{"title":"Carte Cadeau - InterContinental Gen\u00e8ve","description":"Le plaisir de faire plaisir\u2026 avec un bon cadeau \u00e0 partir de CHF 100.- jusqu'\u00e0 CHF 500.- \u00e0 utiliser \u00e0 l\u2019InterContinental Gen\u00e8ve.","robots":{"index":"index","follow":"follow","max-snippet":"max-snippet:-1","max-image-preview":"max-image-preview:large","max-video-preview":"max-video-preview:-1"},"canonical":"https:\/\/geneva.intercontinental.com\/fr\/produit\/bon-cadeau-intercontinental-geneve\/","og_locale":"fr_FR","og_type":"article","og_title":"Carte Cadeau - InterContinental Gen\u00e8ve","og_description":"Le plaisir de faire plaisir\u2026 avec un bon cadeau \u00e0 partir de CHF 100.- jusqu'\u00e0 CHF 500.- \u00e0 utiliser \u00e0 l\u2019InterContinental Gen\u00e8ve.","og_url":"https:\/\/geneva.intercontinental.com\/fr\/produit\/bon-cadeau-intercontinental-geneve\/","og_site_name":"IHG","article_modified_time":"2025-12-01T09:20:12+00:00","og_image":[{"width":1920,"height":1080,"url":"https:\/\/geneva.intercontinental.com\/wp-content\/uploads\/sites\/7\/2021\/03\/Offer-Photos-7.jpg","type":"image\/jpeg"}],"twitter_card":"summary_large_image","twitter_misc":{"Dur\u00e9e de lecture estim\u00e9e":"2 minutes"},"schema":{"@context":"https:\/\/schema.org","@graph":[{"@type":"WebPage","@id":"https:\/\/geneva.intercontinental.com\/fr\/produit\/bon-cadeau-intercontinental-geneve\/","url":"https:\/\/geneva.intercontinental.com\/fr\/produit\/bon-cadeau-intercontinental-geneve\/","name":"Carte Cadeau - InterContinental Gen\u00e8ve","isPartOf":{"@id":"https:\/\/geneva.intercontinental.com\/fr\/#website"},"primaryImageOfPage":{"@id":"https:\/\/geneva.intercontinental.com\/fr\/produit\/bon-cadeau-intercontinental-geneve\/#primaryimage"},"image":{"@id":"https:\/\/geneva.intercontinental.com\/fr\/produit\/bon-cadeau-intercontinental-geneve\/#primaryimage"},"thumbnailUrl":"https:\/\/geneva.intercontinental.com\/wp-content\/uploads\/sites\/7\/2021\/03\/Offer-Photos-7.jpg","datePublished":"2021-03-30T14:54:29+00:00","dateModified":"2025-12-01T09:20:12+00:00","description":"Le plaisir de faire plaisir\u2026 avec un bon cadeau \u00e0 partir de CHF 100.- jusqu'\u00e0 CHF 500.- \u00e0 utiliser \u00e0 l\u2019InterContinental Gen\u00e8ve.","breadcrumb":{"@id":"https:\/\/geneva.intercontinental.com\/fr\/produit\/bon-cadeau-intercontinental-geneve\/#breadcrumb"},"inLanguage":"fr-FR","potentialAction":[{"@type":"ReadAction","target":["https:\/\/geneva.intercontinental.com\/fr\/produit\/bon-cadeau-intercontinental-geneve\/"]}]},{"@type":"ImageObject","inLanguage":"fr-FR","@id":"https:\/\/geneva.intercontinental.com\/fr\/produit\/bon-cadeau-intercontinental-geneve\/#primaryimage","url":"https:\/\/geneva.intercontinental.com\/wp-content\/uploads\/sites\/7\/2021\/03\/Offer-Photos-7.jpg","contentUrl":"https:\/\/geneva.intercontinental.com\/wp-content\/uploads\/sites\/7\/2021\/03\/Offer-Photos-7.jpg","width":1920,"height":1080},{"@type":"BreadcrumbList","@id":"https:\/\/geneva.intercontinental.com\/fr\/produit\/bon-cadeau-intercontinental-geneve\/#breadcrumb","itemListElement":[{"@type":"ListItem","position":1,"name":"Accueil","item":"https:\/\/geneva.intercontinental.com\/fr\/"},{"@type":"ListItem","position":2,"name":"Boutique en ligne","item":"https:\/\/geneva.intercontinental.com\/fr\/shop\/"},{"@type":"ListItem","position":3,"name":"Carte Cadeau"}]},{"@type":"WebSite","@id":"https:\/\/geneva.intercontinental.com\/fr\/#website","url":"https:\/\/geneva.intercontinental.com\/fr\/","name":"IHG","description":"Live the InterContinental Life","publisher":{"@id":"https:\/\/geneva.intercontinental.com\/fr\/#organization"},"alternateName":"InterContinental Gen\u00e8ve","potentialAction":[{"@type":"SearchAction","target":{"@type":"EntryPoint","urlTemplate":"https:\/\/geneva.intercontinental.com\/fr\/?s={search_term_string}"},"query-input":{"@type":"PropertyValueSpecification","valueRequired":true,"valueName":"search_term_string"}}],"inLanguage":"fr-FR"},{"@type":"Organization","@id":"https:\/\/geneva.intercontinental.com\/fr\/#organization","name":"InterContinental Gen\u00e8ve","alternateName":"GVAHA","url":"https:\/\/geneva.intercontinental.com\/fr\/","logo":{"@type":"ImageObject","inLanguage":"fr-FR","@id":"https:\/\/geneva.intercontinental.com\/fr\/#\/schema\/logo\/image\/","url":"https:\/\/geneva.intercontinental.com\/wp-content\/uploads\/sites\/7\/2024\/04\/intercontinental-geneve-logo.svg","contentUrl":"https:\/\/geneva.intercontinental.com\/wp-content\/uploads\/sites\/7\/2024\/04\/intercontinental-geneve-logo.svg","caption":"InterContinental Gen\u00e8ve"},"image":{"@id":"https:\/\/geneva.intercontinental.com\/fr\/#\/schema\/logo\/image\/"}}]}},"_links":{"self":[{"href":"https:\/\/geneva.intercontinental.com\/fr\/wp-json\/wp\/v2\/product\/5039","targetHints":{"allow":["GET"]}}],"collection":[{"href":"https:\/\/geneva.intercontinental.com\/fr\/wp-json\/wp\/v2\/product"}],"about":[{"href":"https:\/\/geneva.intercontinental.com\/fr\/wp-json\/wp\/v2\/types\/product"}],"wp:featuredmedia":[{"embeddable":true,"href":"https:\/\/geneva.intercontinental.com\/fr\/wp-json\/wp\/v2\/media\/22668"}],"wp:attachment":[{"href":"https:\/\/geneva.intercontinental.com\/fr\/wp-json\/wp\/v2\/media?parent=5039"}],"wp:term":[{"taxonomy":"product_brand","embeddable":true,"href":"https:\/\/geneva.intercontinental.com\/fr\/wp-json\/wp\/v2\/product_brand?post=5039"},{"taxonomy":"product_cat","embeddable":true,"href":"https:\/\/geneva.intercontinental.com\/fr\/wp-json\/wp\/v2\/product_cat?post=5039"},{"taxonomy":"product_tag","embeddable":true,"href":"https:\/\/geneva.intercontinental.com\/fr\/wp-json\/wp\/v2\/product_tag?post=5039"}],"curies":[{"name":"wp","href":"https:\/\/api.w.org\/{rel}","templated":true}]}}