{"id":5017,"date":"2021-03-30T16:17:54","date_gmt":"2021-03-30T14:17:54","guid":{"rendered":"https:\/\/geneva.intercontinental.com\/product\/brunch-au-woods\/"},"modified":"2026-04-17T16:25:41","modified_gmt":"2026-04-17T14:25:41","slug":"brunch-au-woods","status":"publish","type":"product","link":"https:\/\/geneva.intercontinental.com\/fr\/produit\/brunch-au-woods\/","title":{"rendered":"Le Grand Brunch"},"content":{"rendered":"<p data-start=\"105\" data-end=\"354\">Tous les dimanches, le restaurant Woods invite familles et amis \u00e0 partager un brunch g\u00e9n\u00e9reux et savoureux, sign\u00e9 par le Chef Quentin Jacquemoud et son \u00e9quipe, \u00e0 d\u00e9guster dans la grande salle ou sur la terrasse d\u2019inspiration zen.<\/p>\n<p>Au menu de cette parenth\u00e8se gourmande, un choix raffin\u00e9 d\u2019entr\u00e9es froides compos\u00e9es de salades, charcuterie et fromages locaux, un banc d\u2019\u00e9cailler qui regorge de tr\u00e9sors : hu\u00eetres, homard, langoustes, crevettes, ceviches, tartares de poissons, des animations culinaires qui varient chaque dimanche et des desserts, clou du spectacle, qui surprennent autant par leur beaut\u00e9 que par leurs saveurs.<\/p>\n<p><strong>Informations pratiques :<\/strong><\/p>\n<p class=\"aos-init aos-animate\" data-aos=\"fade-in\"><em>Notre Grand Brunch est disponible chaque dimanche au tarif CHF 130.- par adulte. CHF 60.- pour les enfants de 6 \u00e0 12 ans, gratuit jusqu\u2019\u00e0 5 ans.<\/em><\/p>\n<p data-aos=\"fade-in\"><em>Inclus le buffet \u00e0 volont\u00e9, une coupe de Champagne ou Mocktail, boissons non alcoolis\u00e9es, caf\u00e9 et th\u00e9.<br \/>\n<\/em><em>R\u00e9servation obligatoire.<\/em><br \/>\n<em>\u00c0 partir de 12h15 jusqu\u2019\u00e0 15h (ferm\u00e9 en Juillet et Ao\u00fbt).<\/em><br \/>\n<em>Non applicable durant nos offres sp\u00e9ciales.<\/em><\/p>\n<p data-aos=\"fade-in\"><strong>Attention, les caract\u00e8res sp\u00e9ciaux et smiley ins\u00e9r\u00e9s dans le champ &#8220;message&#8221; ne pourront \u00eatre retranscrits sur le bon cadeau.<\/strong><\/p>\n","protected":false},"excerpt":{"rendered":"<p>Tous les dimanches, laissez-vous s\u00e9duire par notre brunch copieux et gourmet, sublim\u00e9 par des animations live cooking.<\/p>\n","protected":false},"featured_media":25373,"template":"","meta":{"_acf_changed":false},"product_brand":[],"product_cat":[98],"product_tag":[],"class_list":{"0":"post-5017","1":"product","2":"type-product","3":"status-publish","4":"has-post-thumbnail","6":"product_cat-restaurants-bars-fr","8":"first","9":"instock","10":"downloadable","11":"virtual","12":"purchasable","13":"product-type-simple"},"acf":[],"yoast_head":"<!-- This site is optimized with the Yoast SEO plugin v26.2 - https:\/\/yoast.com\/wordpress\/plugins\/seo\/ -->\n<title>Le Grand Brunch - InterContinental Gen\u00e8ve<\/title>\n<meta name=\"description\" content=\"D\u00e9couvrez le Grand Brunch du restaurant Woods \u00e0 Gen\u00e8ve : buffet raffin\u00e9, fruits de mer, animations culinaires et desserts sign\u00e9s du Chef Quentin Jacquemoud.\" \/>\n<meta name=\"robots\" content=\"index, follow, max-snippet:-1, max-image-preview:large, max-video-preview:-1\" \/>\n<link rel=\"canonical\" href=\"https:\/\/geneva.intercontinental.com\/fr\/produit\/brunch-au-woods\/\" \/>\n<meta property=\"og:locale\" content=\"fr_FR\" \/>\n<meta property=\"og:type\" content=\"article\" \/>\n<meta property=\"og:title\" content=\"Le Grand Brunch - InterContinental Gen\u00e8ve\" \/>\n<meta property=\"og:description\" content=\"D\u00e9couvrez le Grand Brunch du restaurant Woods \u00e0 Gen\u00e8ve : buffet raffin\u00e9, fruits de mer, animations culinaires et desserts sign\u00e9s du Chef Quentin Jacquemoud.\" \/>\n<meta property=\"og:url\" content=\"https:\/\/geneva.intercontinental.com\/fr\/produit\/brunch-au-woods\/\" \/>\n<meta property=\"og:site_name\" content=\"IHG\" \/>\n<meta property=\"article:modified_time\" content=\"2026-04-17T14:25:41+00:00\" \/>\n<meta property=\"og:image\" content=\"https:\/\/geneva.intercontinental.com\/wp-content\/uploads\/sites\/7\/2024\/04\/InterContinental-Geneve-Brunch-34.jpg\" \/>\n\t<meta property=\"og:image:width\" content=\"2048\" \/>\n\t<meta property=\"og:image:height\" content=\"1366\" \/>\n\t<meta property=\"og:image:type\" content=\"image\/jpeg\" \/>\n<meta name=\"twitter:card\" content=\"summary_large_image\" \/>\n<meta name=\"twitter:label1\" content=\"Dur\u00e9e de lecture estim\u00e9e\" \/>\n\t<meta name=\"twitter:data1\" content=\"2 minutes\" \/>\n<script type=\"application\/ld+json\" class=\"yoast-schema-graph\">{\"@context\":\"https:\/\/schema.org\",\"@graph\":[{\"@type\":\"WebPage\",\"@id\":\"https:\/\/geneva.intercontinental.com\/fr\/produit\/brunch-au-woods\/\",\"url\":\"https:\/\/geneva.intercontinental.com\/fr\/produit\/brunch-au-woods\/\",\"name\":\"Le Grand Brunch - InterContinental Gen\u00e8ve\",\"isPartOf\":{\"@id\":\"https:\/\/geneva.intercontinental.com\/fr\/#website\"},\"primaryImageOfPage\":{\"@id\":\"https:\/\/geneva.intercontinental.com\/fr\/produit\/brunch-au-woods\/#primaryimage\"},\"image\":{\"@id\":\"https:\/\/geneva.intercontinental.com\/fr\/produit\/brunch-au-woods\/#primaryimage\"},\"thumbnailUrl\":\"https:\/\/geneva.intercontinental.com\/wp-content\/uploads\/sites\/7\/2024\/04\/InterContinental-Geneve-Brunch-34.jpg\",\"datePublished\":\"2021-03-30T14:17:54+00:00\",\"dateModified\":\"2026-04-17T14:25:41+00:00\",\"description\":\"D\u00e9couvrez le Grand Brunch du restaurant Woods \u00e0 Gen\u00e8ve : buffet raffin\u00e9, fruits de mer, animations culinaires et desserts sign\u00e9s du Chef Quentin Jacquemoud.\",\"breadcrumb\":{\"@id\":\"https:\/\/geneva.intercontinental.com\/fr\/produit\/brunch-au-woods\/#breadcrumb\"},\"inLanguage\":\"fr-FR\",\"potentialAction\":[{\"@type\":\"ReadAction\",\"target\":[\"https:\/\/geneva.intercontinental.com\/fr\/produit\/brunch-au-woods\/\"]}]},{\"@type\":\"ImageObject\",\"inLanguage\":\"fr-FR\",\"@id\":\"https:\/\/geneva.intercontinental.com\/fr\/produit\/brunch-au-woods\/#primaryimage\",\"url\":\"https:\/\/geneva.intercontinental.com\/wp-content\/uploads\/sites\/7\/2024\/04\/InterContinental-Geneve-Brunch-34.jpg\",\"contentUrl\":\"https:\/\/geneva.intercontinental.com\/wp-content\/uploads\/sites\/7\/2024\/04\/InterContinental-Geneve-Brunch-34.jpg\",\"width\":2048,\"height\":1366,\"caption\":\"Chaque dimanche, Le Grand Brunch r\u00e9unit les \u00e9picuriens autour d\u2019un buffet spectaculaire, entre live cooking, fruits de mer et cr\u00e9ations sucr\u00e9es.\"},{\"@type\":\"BreadcrumbList\",\"@id\":\"https:\/\/geneva.intercontinental.com\/fr\/produit\/brunch-au-woods\/#breadcrumb\",\"itemListElement\":[{\"@type\":\"ListItem\",\"position\":1,\"name\":\"Accueil\",\"item\":\"https:\/\/geneva.intercontinental.com\/fr\/\"},{\"@type\":\"ListItem\",\"position\":2,\"name\":\"Boutique en ligne\",\"item\":\"https:\/\/geneva.intercontinental.com\/fr\/shop\/\"},{\"@type\":\"ListItem\",\"position\":3,\"name\":\"Le Grand Brunch\"}]},{\"@type\":\"WebSite\",\"@id\":\"https:\/\/geneva.intercontinental.com\/fr\/#website\",\"url\":\"https:\/\/geneva.intercontinental.com\/fr\/\",\"name\":\"IHG\",\"description\":\"Live the InterContinental Life\",\"publisher\":{\"@id\":\"https:\/\/geneva.intercontinental.com\/fr\/#organization\"},\"alternateName\":\"InterContinental Gen\u00e8ve\",\"potentialAction\":[{\"@type\":\"SearchAction\",\"target\":{\"@type\":\"EntryPoint\",\"urlTemplate\":\"https:\/\/geneva.intercontinental.com\/fr\/?s={search_term_string}\"},\"query-input\":{\"@type\":\"PropertyValueSpecification\",\"valueRequired\":true,\"valueName\":\"search_term_string\"}}],\"inLanguage\":\"fr-FR\"},{\"@type\":\"Organization\",\"@id\":\"https:\/\/geneva.intercontinental.com\/fr\/#organization\",\"name\":\"InterContinental Gen\u00e8ve\",\"alternateName\":\"GVAHA\",\"url\":\"https:\/\/geneva.intercontinental.com\/fr\/\",\"logo\":{\"@type\":\"ImageObject\",\"inLanguage\":\"fr-FR\",\"@id\":\"https:\/\/geneva.intercontinental.com\/fr\/#\/schema\/logo\/image\/\",\"url\":\"https:\/\/geneva.intercontinental.com\/wp-content\/uploads\/sites\/7\/2024\/04\/intercontinental-geneve-logo.svg\",\"contentUrl\":\"https:\/\/geneva.intercontinental.com\/wp-content\/uploads\/sites\/7\/2024\/04\/intercontinental-geneve-logo.svg\",\"caption\":\"InterContinental Gen\u00e8ve\"},\"image\":{\"@id\":\"https:\/\/geneva.intercontinental.com\/fr\/#\/schema\/logo\/image\/\"}}]}<\/script>\n<!-- \/ Yoast SEO plugin. -->","yoast_head_json":{"title":"Le Grand Brunch - InterContinental Gen\u00e8ve","description":"D\u00e9couvrez le Grand Brunch du restaurant Woods \u00e0 Gen\u00e8ve : buffet raffin\u00e9, fruits de mer, animations culinaires et desserts sign\u00e9s du Chef Quentin Jacquemoud.","robots":{"index":"index","follow":"follow","max-snippet":"max-snippet:-1","max-image-preview":"max-image-preview:large","max-video-preview":"max-video-preview:-1"},"canonical":"https:\/\/geneva.intercontinental.com\/fr\/produit\/brunch-au-woods\/","og_locale":"fr_FR","og_type":"article","og_title":"Le Grand Brunch - InterContinental Gen\u00e8ve","og_description":"D\u00e9couvrez le Grand Brunch du restaurant Woods \u00e0 Gen\u00e8ve : buffet raffin\u00e9, fruits de mer, animations culinaires et desserts sign\u00e9s du Chef Quentin Jacquemoud.","og_url":"https:\/\/geneva.intercontinental.com\/fr\/produit\/brunch-au-woods\/","og_site_name":"IHG","article_modified_time":"2026-04-17T14:25:41+00:00","og_image":[{"width":2048,"height":1366,"url":"https:\/\/geneva.intercontinental.com\/wp-content\/uploads\/sites\/7\/2024\/04\/InterContinental-Geneve-Brunch-34.jpg","type":"image\/jpeg"}],"twitter_card":"summary_large_image","twitter_misc":{"Dur\u00e9e de lecture estim\u00e9e":"2 minutes"},"schema":{"@context":"https:\/\/schema.org","@graph":[{"@type":"WebPage","@id":"https:\/\/geneva.intercontinental.com\/fr\/produit\/brunch-au-woods\/","url":"https:\/\/geneva.intercontinental.com\/fr\/produit\/brunch-au-woods\/","name":"Le Grand Brunch - InterContinental Gen\u00e8ve","isPartOf":{"@id":"https:\/\/geneva.intercontinental.com\/fr\/#website"},"primaryImageOfPage":{"@id":"https:\/\/geneva.intercontinental.com\/fr\/produit\/brunch-au-woods\/#primaryimage"},"image":{"@id":"https:\/\/geneva.intercontinental.com\/fr\/produit\/brunch-au-woods\/#primaryimage"},"thumbnailUrl":"https:\/\/geneva.intercontinental.com\/wp-content\/uploads\/sites\/7\/2024\/04\/InterContinental-Geneve-Brunch-34.jpg","datePublished":"2021-03-30T14:17:54+00:00","dateModified":"2026-04-17T14:25:41+00:00","description":"D\u00e9couvrez le Grand Brunch du restaurant Woods \u00e0 Gen\u00e8ve : buffet raffin\u00e9, fruits de mer, animations culinaires et desserts sign\u00e9s du Chef Quentin Jacquemoud.","breadcrumb":{"@id":"https:\/\/geneva.intercontinental.com\/fr\/produit\/brunch-au-woods\/#breadcrumb"},"inLanguage":"fr-FR","potentialAction":[{"@type":"ReadAction","target":["https:\/\/geneva.intercontinental.com\/fr\/produit\/brunch-au-woods\/"]}]},{"@type":"ImageObject","inLanguage":"fr-FR","@id":"https:\/\/geneva.intercontinental.com\/fr\/produit\/brunch-au-woods\/#primaryimage","url":"https:\/\/geneva.intercontinental.com\/wp-content\/uploads\/sites\/7\/2024\/04\/InterContinental-Geneve-Brunch-34.jpg","contentUrl":"https:\/\/geneva.intercontinental.com\/wp-content\/uploads\/sites\/7\/2024\/04\/InterContinental-Geneve-Brunch-34.jpg","width":2048,"height":1366,"caption":"Chaque dimanche, Le Grand Brunch r\u00e9unit les \u00e9picuriens autour d\u2019un buffet spectaculaire, entre live cooking, fruits de mer et cr\u00e9ations sucr\u00e9es."},{"@type":"BreadcrumbList","@id":"https:\/\/geneva.intercontinental.com\/fr\/produit\/brunch-au-woods\/#breadcrumb","itemListElement":[{"@type":"ListItem","position":1,"name":"Accueil","item":"https:\/\/geneva.intercontinental.com\/fr\/"},{"@type":"ListItem","position":2,"name":"Boutique en ligne","item":"https:\/\/geneva.intercontinental.com\/fr\/shop\/"},{"@type":"ListItem","position":3,"name":"Le Grand Brunch"}]},{"@type":"WebSite","@id":"https:\/\/geneva.intercontinental.com\/fr\/#website","url":"https:\/\/geneva.intercontinental.com\/fr\/","name":"IHG","description":"Live the InterContinental Life","publisher":{"@id":"https:\/\/geneva.intercontinental.com\/fr\/#organization"},"alternateName":"InterContinental Gen\u00e8ve","potentialAction":[{"@type":"SearchAction","target":{"@type":"EntryPoint","urlTemplate":"https:\/\/geneva.intercontinental.com\/fr\/?s={search_term_string}"},"query-input":{"@type":"PropertyValueSpecification","valueRequired":true,"valueName":"search_term_string"}}],"inLanguage":"fr-FR"},{"@type":"Organization","@id":"https:\/\/geneva.intercontinental.com\/fr\/#organization","name":"InterContinental Gen\u00e8ve","alternateName":"GVAHA","url":"https:\/\/geneva.intercontinental.com\/fr\/","logo":{"@type":"ImageObject","inLanguage":"fr-FR","@id":"https:\/\/geneva.intercontinental.com\/fr\/#\/schema\/logo\/image\/","url":"https:\/\/geneva.intercontinental.com\/wp-content\/uploads\/sites\/7\/2024\/04\/intercontinental-geneve-logo.svg","contentUrl":"https:\/\/geneva.intercontinental.com\/wp-content\/uploads\/sites\/7\/2024\/04\/intercontinental-geneve-logo.svg","caption":"InterContinental Gen\u00e8ve"},"image":{"@id":"https:\/\/geneva.intercontinental.com\/fr\/#\/schema\/logo\/image\/"}}]}},"_links":{"self":[{"href":"https:\/\/geneva.intercontinental.com\/fr\/wp-json\/wp\/v2\/product\/5017","targetHints":{"allow":["GET"]}}],"collection":[{"href":"https:\/\/geneva.intercontinental.com\/fr\/wp-json\/wp\/v2\/product"}],"about":[{"href":"https:\/\/geneva.intercontinental.com\/fr\/wp-json\/wp\/v2\/types\/product"}],"wp:featuredmedia":[{"embeddable":true,"href":"https:\/\/geneva.intercontinental.com\/fr\/wp-json\/wp\/v2\/media\/25373"}],"wp:attachment":[{"href":"https:\/\/geneva.intercontinental.com\/fr\/wp-json\/wp\/v2\/media?parent=5017"}],"wp:term":[{"taxonomy":"product_brand","embeddable":true,"href":"https:\/\/geneva.intercontinental.com\/fr\/wp-json\/wp\/v2\/product_brand?post=5017"},{"taxonomy":"product_cat","embeddable":true,"href":"https:\/\/geneva.intercontinental.com\/fr\/wp-json\/wp\/v2\/product_cat?post=5017"},{"taxonomy":"product_tag","embeddable":true,"href":"https:\/\/geneva.intercontinental.com\/fr\/wp-json\/wp\/v2\/product_tag?post=5017"}],"curies":[{"name":"wp","href":"https:\/\/api.w.org\/{rel}","templated":true}]}}