{"id":40406,"date":"2026-01-08T14:42:05","date_gmt":"2026-01-08T13:42:05","guid":{"rendered":"https:\/\/geneva.intercontinental.com\/product\/soiree-salsa\/"},"modified":"2026-03-19T17:43:54","modified_gmt":"2026-03-19T16:43:54","slug":"soiree-salsa","status":"publish","type":"product","link":"https:\/\/geneva.intercontinental.com\/fr\/produit\/soiree-salsa\/","title":{"rendered":"Soir\u00e9e Salsa"},"content":{"rendered":"<p>Tous les premiers jeudis du mois : cours de salsa, DJ et verre de bienvenue d\u00e8s 18h au 1er \u00e9tage de l\u2019h\u00f4tel.<\/p>\n<p><strong>\u00c0 partir de 18h00 jusqu\u2019\u00e0 22h00<\/strong><\/p>\n<ul class=\"wp-block-list\">\n<li>Acc\u00e8s au cours collectif<\/li>\n<li>Ambiance musicale avec DJ<\/li>\n<li>Boisson de bienvenue<\/li>\n<li>Parking offert sur place<\/li>\n<\/ul>\n","protected":false},"excerpt":{"rendered":"<p>Tous les premiers jeudis du mois : cours de salsa, DJ et verre de bienvenue d\u00e8s 18h au 1er \u00e9tage de l\u2019h\u00f4tel.<\/p>\n","protected":false},"featured_media":38067,"template":"","meta":{"_acf_changed":false},"product_brand":[],"product_cat":[98],"product_tag":[],"class_list":{"0":"post-40406","1":"product","2":"type-product","3":"status-publish","4":"has-post-thumbnail","6":"product_cat-restaurants-bars-fr","8":"first","9":"instock","10":"downloadable","11":"virtual","12":"purchasable","13":"product-type-simple"},"acf":[],"yoast_head":"<!-- This site is optimized with the Yoast SEO plugin v26.2 - https:\/\/yoast.com\/wordpress\/plugins\/seo\/ -->\n<title>Soir\u00e9e Salsa \u00e0 Gen\u00e8ve - InterContinental Gen\u00e8ve<\/title>\n<meta name=\"description\" content=\"Rejoignez notre soir\u00e9e salsa \u00e0 Gen\u00e8ve : cours de danse en groupe, musique latine live, convivialit\u00e9 et ambiance festive \u00e0 l&#039;InterContinental Gen\u00e8ve.\" \/>\n<meta name=\"robots\" content=\"index, follow, max-snippet:-1, max-image-preview:large, max-video-preview:-1\" \/>\n<link rel=\"canonical\" href=\"https:\/\/geneva.intercontinental.com\/fr\/produit\/soiree-salsa\/\" \/>\n<meta property=\"og:locale\" content=\"fr_FR\" \/>\n<meta property=\"og:type\" content=\"article\" \/>\n<meta property=\"og:title\" content=\"Soir\u00e9e Salsa \u00e0 Gen\u00e8ve - InterContinental Gen\u00e8ve\" \/>\n<meta property=\"og:description\" content=\"Rejoignez notre soir\u00e9e salsa \u00e0 Gen\u00e8ve : cours de danse en groupe, musique latine live, convivialit\u00e9 et ambiance festive \u00e0 l&#039;InterContinental Gen\u00e8ve.\" \/>\n<meta property=\"og:url\" content=\"https:\/\/geneva.intercontinental.com\/fr\/produit\/soiree-salsa\/\" \/>\n<meta property=\"og:site_name\" content=\"IHG\" \/>\n<meta property=\"article:modified_time\" content=\"2026-03-19T16:43:54+00:00\" \/>\n<meta property=\"og:image\" content=\"https:\/\/geneva.intercontinental.com\/wp-content\/uploads\/sites\/7\/2025\/09\/Soiree-Salsa-InterContinental-Geneve-v2-e1759235531205.jpg\" \/>\n\t<meta property=\"og:image:width\" content=\"2880\" \/>\n\t<meta property=\"og:image:height\" content=\"1498\" \/>\n\t<meta property=\"og:image:type\" content=\"image\/jpeg\" \/>\n<meta name=\"twitter:card\" content=\"summary_large_image\" \/>\n<meta name=\"twitter:label1\" content=\"Dur\u00e9e de lecture estim\u00e9e\" \/>\n\t<meta name=\"twitter:data1\" content=\"1 minute\" \/>\n<script type=\"application\/ld+json\" class=\"yoast-schema-graph\">{\"@context\":\"https:\/\/schema.org\",\"@graph\":[{\"@type\":\"WebPage\",\"@id\":\"https:\/\/geneva.intercontinental.com\/fr\/produit\/soiree-salsa\/\",\"url\":\"https:\/\/geneva.intercontinental.com\/fr\/produit\/soiree-salsa\/\",\"name\":\"Soir\u00e9e Salsa \u00e0 Gen\u00e8ve - InterContinental Gen\u00e8ve\",\"isPartOf\":{\"@id\":\"https:\/\/geneva.intercontinental.com\/fr\/#website\"},\"primaryImageOfPage\":{\"@id\":\"https:\/\/geneva.intercontinental.com\/fr\/produit\/soiree-salsa\/#primaryimage\"},\"image\":{\"@id\":\"https:\/\/geneva.intercontinental.com\/fr\/produit\/soiree-salsa\/#primaryimage\"},\"thumbnailUrl\":\"https:\/\/geneva.intercontinental.com\/wp-content\/uploads\/sites\/7\/2025\/09\/Soiree-Salsa-InterContinental-Geneve-v2-e1759235531205.jpg\",\"datePublished\":\"2026-01-08T13:42:05+00:00\",\"dateModified\":\"2026-03-19T16:43:54+00:00\",\"description\":\"Rejoignez notre soir\u00e9e salsa \u00e0 Gen\u00e8ve : cours de danse en groupe, musique latine live, convivialit\u00e9 et ambiance festive \u00e0 l'InterContinental Gen\u00e8ve.\",\"breadcrumb\":{\"@id\":\"https:\/\/geneva.intercontinental.com\/fr\/produit\/soiree-salsa\/#breadcrumb\"},\"inLanguage\":\"fr-FR\",\"potentialAction\":[{\"@type\":\"ReadAction\",\"target\":[\"https:\/\/geneva.intercontinental.com\/fr\/produit\/soiree-salsa\/\"]}]},{\"@type\":\"ImageObject\",\"inLanguage\":\"fr-FR\",\"@id\":\"https:\/\/geneva.intercontinental.com\/fr\/produit\/soiree-salsa\/#primaryimage\",\"url\":\"https:\/\/geneva.intercontinental.com\/wp-content\/uploads\/sites\/7\/2025\/09\/Soiree-Salsa-InterContinental-Geneve-v2-e1759235531205.jpg\",\"contentUrl\":\"https:\/\/geneva.intercontinental.com\/wp-content\/uploads\/sites\/7\/2025\/09\/Soiree-Salsa-InterContinental-Geneve-v2-e1759235531205.jpg\",\"width\":2880,\"height\":1498,\"caption\":\"soir\u00e9e salsa intercontinental gen\u00e8ve\"},{\"@type\":\"BreadcrumbList\",\"@id\":\"https:\/\/geneva.intercontinental.com\/fr\/produit\/soiree-salsa\/#breadcrumb\",\"itemListElement\":[{\"@type\":\"ListItem\",\"position\":1,\"name\":\"Accueil\",\"item\":\"https:\/\/geneva.intercontinental.com\/fr\/\"},{\"@type\":\"ListItem\",\"position\":2,\"name\":\"Boutique en ligne\",\"item\":\"https:\/\/geneva.intercontinental.com\/fr\/shop\/\"},{\"@type\":\"ListItem\",\"position\":3,\"name\":\"Soir\u00e9e Salsa\"}]},{\"@type\":\"WebSite\",\"@id\":\"https:\/\/geneva.intercontinental.com\/fr\/#website\",\"url\":\"https:\/\/geneva.intercontinental.com\/fr\/\",\"name\":\"IHG\",\"description\":\"Live the InterContinental Life\",\"publisher\":{\"@id\":\"https:\/\/geneva.intercontinental.com\/fr\/#organization\"},\"alternateName\":\"InterContinental Gen\u00e8ve\",\"potentialAction\":[{\"@type\":\"SearchAction\",\"target\":{\"@type\":\"EntryPoint\",\"urlTemplate\":\"https:\/\/geneva.intercontinental.com\/fr\/?s={search_term_string}\"},\"query-input\":{\"@type\":\"PropertyValueSpecification\",\"valueRequired\":true,\"valueName\":\"search_term_string\"}}],\"inLanguage\":\"fr-FR\"},{\"@type\":\"Organization\",\"@id\":\"https:\/\/geneva.intercontinental.com\/fr\/#organization\",\"name\":\"InterContinental Gen\u00e8ve\",\"alternateName\":\"GVAHA\",\"url\":\"https:\/\/geneva.intercontinental.com\/fr\/\",\"logo\":{\"@type\":\"ImageObject\",\"inLanguage\":\"fr-FR\",\"@id\":\"https:\/\/geneva.intercontinental.com\/fr\/#\/schema\/logo\/image\/\",\"url\":\"https:\/\/geneva.intercontinental.com\/wp-content\/uploads\/sites\/7\/2024\/04\/intercontinental-geneve-logo.svg\",\"contentUrl\":\"https:\/\/geneva.intercontinental.com\/wp-content\/uploads\/sites\/7\/2024\/04\/intercontinental-geneve-logo.svg\",\"caption\":\"InterContinental Gen\u00e8ve\"},\"image\":{\"@id\":\"https:\/\/geneva.intercontinental.com\/fr\/#\/schema\/logo\/image\/\"}}]}<\/script>\n<!-- \/ Yoast SEO plugin. -->","yoast_head_json":{"title":"Soir\u00e9e Salsa \u00e0 Gen\u00e8ve - InterContinental Gen\u00e8ve","description":"Rejoignez notre soir\u00e9e salsa \u00e0 Gen\u00e8ve : cours de danse en groupe, musique latine live, convivialit\u00e9 et ambiance festive \u00e0 l'InterContinental Gen\u00e8ve.","robots":{"index":"index","follow":"follow","max-snippet":"max-snippet:-1","max-image-preview":"max-image-preview:large","max-video-preview":"max-video-preview:-1"},"canonical":"https:\/\/geneva.intercontinental.com\/fr\/produit\/soiree-salsa\/","og_locale":"fr_FR","og_type":"article","og_title":"Soir\u00e9e Salsa \u00e0 Gen\u00e8ve - InterContinental Gen\u00e8ve","og_description":"Rejoignez notre soir\u00e9e salsa \u00e0 Gen\u00e8ve : cours de danse en groupe, musique latine live, convivialit\u00e9 et ambiance festive \u00e0 l'InterContinental Gen\u00e8ve.","og_url":"https:\/\/geneva.intercontinental.com\/fr\/produit\/soiree-salsa\/","og_site_name":"IHG","article_modified_time":"2026-03-19T16:43:54+00:00","og_image":[{"width":2880,"height":1498,"url":"https:\/\/geneva.intercontinental.com\/wp-content\/uploads\/sites\/7\/2025\/09\/Soiree-Salsa-InterContinental-Geneve-v2-e1759235531205.jpg","type":"image\/jpeg"}],"twitter_card":"summary_large_image","twitter_misc":{"Dur\u00e9e de lecture estim\u00e9e":"1 minute"},"schema":{"@context":"https:\/\/schema.org","@graph":[{"@type":"WebPage","@id":"https:\/\/geneva.intercontinental.com\/fr\/produit\/soiree-salsa\/","url":"https:\/\/geneva.intercontinental.com\/fr\/produit\/soiree-salsa\/","name":"Soir\u00e9e Salsa \u00e0 Gen\u00e8ve - InterContinental Gen\u00e8ve","isPartOf":{"@id":"https:\/\/geneva.intercontinental.com\/fr\/#website"},"primaryImageOfPage":{"@id":"https:\/\/geneva.intercontinental.com\/fr\/produit\/soiree-salsa\/#primaryimage"},"image":{"@id":"https:\/\/geneva.intercontinental.com\/fr\/produit\/soiree-salsa\/#primaryimage"},"thumbnailUrl":"https:\/\/geneva.intercontinental.com\/wp-content\/uploads\/sites\/7\/2025\/09\/Soiree-Salsa-InterContinental-Geneve-v2-e1759235531205.jpg","datePublished":"2026-01-08T13:42:05+00:00","dateModified":"2026-03-19T16:43:54+00:00","description":"Rejoignez notre soir\u00e9e salsa \u00e0 Gen\u00e8ve : cours de danse en groupe, musique latine live, convivialit\u00e9 et ambiance festive \u00e0 l'InterContinental Gen\u00e8ve.","breadcrumb":{"@id":"https:\/\/geneva.intercontinental.com\/fr\/produit\/soiree-salsa\/#breadcrumb"},"inLanguage":"fr-FR","potentialAction":[{"@type":"ReadAction","target":["https:\/\/geneva.intercontinental.com\/fr\/produit\/soiree-salsa\/"]}]},{"@type":"ImageObject","inLanguage":"fr-FR","@id":"https:\/\/geneva.intercontinental.com\/fr\/produit\/soiree-salsa\/#primaryimage","url":"https:\/\/geneva.intercontinental.com\/wp-content\/uploads\/sites\/7\/2025\/09\/Soiree-Salsa-InterContinental-Geneve-v2-e1759235531205.jpg","contentUrl":"https:\/\/geneva.intercontinental.com\/wp-content\/uploads\/sites\/7\/2025\/09\/Soiree-Salsa-InterContinental-Geneve-v2-e1759235531205.jpg","width":2880,"height":1498,"caption":"soir\u00e9e salsa intercontinental gen\u00e8ve"},{"@type":"BreadcrumbList","@id":"https:\/\/geneva.intercontinental.com\/fr\/produit\/soiree-salsa\/#breadcrumb","itemListElement":[{"@type":"ListItem","position":1,"name":"Accueil","item":"https:\/\/geneva.intercontinental.com\/fr\/"},{"@type":"ListItem","position":2,"name":"Boutique en ligne","item":"https:\/\/geneva.intercontinental.com\/fr\/shop\/"},{"@type":"ListItem","position":3,"name":"Soir\u00e9e Salsa"}]},{"@type":"WebSite","@id":"https:\/\/geneva.intercontinental.com\/fr\/#website","url":"https:\/\/geneva.intercontinental.com\/fr\/","name":"IHG","description":"Live the InterContinental Life","publisher":{"@id":"https:\/\/geneva.intercontinental.com\/fr\/#organization"},"alternateName":"InterContinental Gen\u00e8ve","potentialAction":[{"@type":"SearchAction","target":{"@type":"EntryPoint","urlTemplate":"https:\/\/geneva.intercontinental.com\/fr\/?s={search_term_string}"},"query-input":{"@type":"PropertyValueSpecification","valueRequired":true,"valueName":"search_term_string"}}],"inLanguage":"fr-FR"},{"@type":"Organization","@id":"https:\/\/geneva.intercontinental.com\/fr\/#organization","name":"InterContinental Gen\u00e8ve","alternateName":"GVAHA","url":"https:\/\/geneva.intercontinental.com\/fr\/","logo":{"@type":"ImageObject","inLanguage":"fr-FR","@id":"https:\/\/geneva.intercontinental.com\/fr\/#\/schema\/logo\/image\/","url":"https:\/\/geneva.intercontinental.com\/wp-content\/uploads\/sites\/7\/2024\/04\/intercontinental-geneve-logo.svg","contentUrl":"https:\/\/geneva.intercontinental.com\/wp-content\/uploads\/sites\/7\/2024\/04\/intercontinental-geneve-logo.svg","caption":"InterContinental Gen\u00e8ve"},"image":{"@id":"https:\/\/geneva.intercontinental.com\/fr\/#\/schema\/logo\/image\/"}}]}},"_links":{"self":[{"href":"https:\/\/geneva.intercontinental.com\/fr\/wp-json\/wp\/v2\/product\/40406","targetHints":{"allow":["GET"]}}],"collection":[{"href":"https:\/\/geneva.intercontinental.com\/fr\/wp-json\/wp\/v2\/product"}],"about":[{"href":"https:\/\/geneva.intercontinental.com\/fr\/wp-json\/wp\/v2\/types\/product"}],"wp:featuredmedia":[{"embeddable":true,"href":"https:\/\/geneva.intercontinental.com\/fr\/wp-json\/wp\/v2\/media\/38067"}],"wp:attachment":[{"href":"https:\/\/geneva.intercontinental.com\/fr\/wp-json\/wp\/v2\/media?parent=40406"}],"wp:term":[{"taxonomy":"product_brand","embeddable":true,"href":"https:\/\/geneva.intercontinental.com\/fr\/wp-json\/wp\/v2\/product_brand?post=40406"},{"taxonomy":"product_cat","embeddable":true,"href":"https:\/\/geneva.intercontinental.com\/fr\/wp-json\/wp\/v2\/product_cat?post=40406"},{"taxonomy":"product_tag","embeddable":true,"href":"https:\/\/geneva.intercontinental.com\/fr\/wp-json\/wp\/v2\/product_tag?post=40406"}],"curies":[{"name":"wp","href":"https:\/\/api.w.org\/{rel}","templated":true}]}}