{"id":37557,"date":"2025-08-21T15:47:39","date_gmt":"2025-08-21T13:47:39","guid":{"rendered":"https:\/\/geneva.intercontinental.com\/product\/soin-duo-50-min\/"},"modified":"2025-12-01T10:18:26","modified_gmt":"2025-12-01T09:18:26","slug":"soin-duo-50-min","status":"publish","type":"product","link":"https:\/\/geneva.intercontinental.com\/fr\/produit\/soin-duo-50-min\/","title":{"rendered":"Soin Duo &#8211; 50 min"},"content":{"rendered":"<p>Profitez \u00e0 deux d\u2019un moment de d\u00e9tente dans notre cabine double, choisissez le visage pour r\u00e9v\u00e9ler votre beaut\u00e9 dans une exp\u00e9rience unique alliant technicit\u00e9 et d\u00e9tente absolue. Ou pr\u00e9f\u00e9rez le corps, en invitant\u00a0vos sens \u00e0 d\u00e9couvrir les bienfaits des meilleurs massages h\u00e9rit\u00e9s de m\u00e9decines traditionnelles du monde. Bali, Inde, Orient&#8230;<\/p>\n<div class=\"elementToProof\">Utilisez votre bon Cinq Mondes lors de votre r\u00e9servation, \u00e0 effectuer au moins 48 heures \u00e0 l\u2019avance.<\/div>\n<div class=\"elementToProof\">R\u00e9servation de votre massage directement aupr\u00e8s de nos Beauty Ambassadors : <a id=\"OWAac2be0a9-ed28-a03a-1119-1b7ef93f18dd\" class=\"OWAAutoLink\" href=\"mailto:accueil.geneve@cinqmondes.com\">accueil.geneve@cinqmondes.com<\/a>\u00a0ou\u00a0+41 22 740 46 27.<\/div>\n","protected":false},"excerpt":{"rendered":"<p>Profitez \u00e0 deux d\u2019un moment de d\u00e9tente dans notre cabine double.<\/p>\n","protected":false},"featured_media":37556,"template":"","meta":{"_acf_changed":false},"product_brand":[],"product_cat":[99],"product_tag":[],"class_list":{"0":"post-37557","1":"product","2":"type-product","3":"status-publish","4":"has-post-thumbnail","6":"product_cat-spa-cinq-mondes","8":"first","9":"instock","10":"downloadable","11":"virtual","12":"purchasable","13":"product-type-simple"},"acf":[],"yoast_head":"<!-- This site is optimized with the Yoast SEO plugin v26.2 - https:\/\/yoast.com\/wordpress\/plugins\/seo\/ -->\n<title>Soin Duo - 50 min - InterContinental Gen\u00e8ve<\/title>\n<meta name=\"robots\" content=\"index, follow, max-snippet:-1, max-image-preview:large, max-video-preview:-1\" \/>\n<link rel=\"canonical\" href=\"https:\/\/geneva.intercontinental.com\/fr\/produit\/soin-duo-50-min\/\" \/>\n<meta property=\"og:locale\" content=\"fr_FR\" \/>\n<meta property=\"og:type\" content=\"article\" \/>\n<meta property=\"og:title\" content=\"Soin Duo - 50 min - InterContinental Gen\u00e8ve\" \/>\n<meta property=\"og:description\" content=\"Profitez \u00e0 deux d\u2019un moment de d\u00e9tente dans notre cabine double.\" \/>\n<meta property=\"og:url\" content=\"https:\/\/geneva.intercontinental.com\/fr\/produit\/soin-duo-50-min\/\" \/>\n<meta property=\"og:site_name\" content=\"IHG\" \/>\n<meta property=\"article:modified_time\" content=\"2025-12-01T09:18:26+00:00\" \/>\n<meta property=\"og:image\" content=\"https:\/\/geneva.intercontinental.com\/wp-content\/uploads\/sites\/7\/2025\/08\/Spa-experience_InterContinental-Geneve.jpg\" \/>\n\t<meta property=\"og:image:width\" content=\"1500\" \/>\n\t<meta property=\"og:image:height\" content=\"844\" \/>\n\t<meta property=\"og:image:type\" content=\"image\/jpeg\" \/>\n<meta name=\"twitter:card\" content=\"summary_large_image\" \/>\n<meta name=\"twitter:label1\" content=\"Dur\u00e9e de lecture estim\u00e9e\" \/>\n\t<meta name=\"twitter:data1\" content=\"1 minute\" \/>\n<script type=\"application\/ld+json\" class=\"yoast-schema-graph\">{\"@context\":\"https:\/\/schema.org\",\"@graph\":[{\"@type\":\"WebPage\",\"@id\":\"https:\/\/geneva.intercontinental.com\/fr\/produit\/soin-duo-50-min\/\",\"url\":\"https:\/\/geneva.intercontinental.com\/fr\/produit\/soin-duo-50-min\/\",\"name\":\"Soin Duo - 50 min - InterContinental Gen\u00e8ve\",\"isPartOf\":{\"@id\":\"https:\/\/geneva.intercontinental.com\/fr\/#website\"},\"primaryImageOfPage\":{\"@id\":\"https:\/\/geneva.intercontinental.com\/fr\/produit\/soin-duo-50-min\/#primaryimage\"},\"image\":{\"@id\":\"https:\/\/geneva.intercontinental.com\/fr\/produit\/soin-duo-50-min\/#primaryimage\"},\"thumbnailUrl\":\"https:\/\/geneva.intercontinental.com\/wp-content\/uploads\/sites\/7\/2025\/08\/Spa-experience_InterContinental-Geneve.jpg\",\"datePublished\":\"2025-08-21T13:47:39+00:00\",\"dateModified\":\"2025-12-01T09:18:26+00:00\",\"breadcrumb\":{\"@id\":\"https:\/\/geneva.intercontinental.com\/fr\/produit\/soin-duo-50-min\/#breadcrumb\"},\"inLanguage\":\"fr-FR\",\"potentialAction\":[{\"@type\":\"ReadAction\",\"target\":[\"https:\/\/geneva.intercontinental.com\/fr\/produit\/soin-duo-50-min\/\"]}]},{\"@type\":\"ImageObject\",\"inLanguage\":\"fr-FR\",\"@id\":\"https:\/\/geneva.intercontinental.com\/fr\/produit\/soin-duo-50-min\/#primaryimage\",\"url\":\"https:\/\/geneva.intercontinental.com\/wp-content\/uploads\/sites\/7\/2025\/08\/Spa-experience_InterContinental-Geneve.jpg\",\"contentUrl\":\"https:\/\/geneva.intercontinental.com\/wp-content\/uploads\/sites\/7\/2025\/08\/Spa-experience_InterContinental-Geneve.jpg\",\"width\":1500,\"height\":844},{\"@type\":\"BreadcrumbList\",\"@id\":\"https:\/\/geneva.intercontinental.com\/fr\/produit\/soin-duo-50-min\/#breadcrumb\",\"itemListElement\":[{\"@type\":\"ListItem\",\"position\":1,\"name\":\"Accueil\",\"item\":\"https:\/\/geneva.intercontinental.com\/fr\/\"},{\"@type\":\"ListItem\",\"position\":2,\"name\":\"Boutique en ligne\",\"item\":\"https:\/\/geneva.intercontinental.com\/fr\/shop\/\"},{\"@type\":\"ListItem\",\"position\":3,\"name\":\"Soin Duo &#8211; 50 min\"}]},{\"@type\":\"WebSite\",\"@id\":\"https:\/\/geneva.intercontinental.com\/fr\/#website\",\"url\":\"https:\/\/geneva.intercontinental.com\/fr\/\",\"name\":\"IHG\",\"description\":\"Live the InterContinental Life\",\"publisher\":{\"@id\":\"https:\/\/geneva.intercontinental.com\/fr\/#organization\"},\"alternateName\":\"InterContinental Gen\u00e8ve\",\"potentialAction\":[{\"@type\":\"SearchAction\",\"target\":{\"@type\":\"EntryPoint\",\"urlTemplate\":\"https:\/\/geneva.intercontinental.com\/fr\/?s={search_term_string}\"},\"query-input\":{\"@type\":\"PropertyValueSpecification\",\"valueRequired\":true,\"valueName\":\"search_term_string\"}}],\"inLanguage\":\"fr-FR\"},{\"@type\":\"Organization\",\"@id\":\"https:\/\/geneva.intercontinental.com\/fr\/#organization\",\"name\":\"InterContinental Gen\u00e8ve\",\"alternateName\":\"GVAHA\",\"url\":\"https:\/\/geneva.intercontinental.com\/fr\/\",\"logo\":{\"@type\":\"ImageObject\",\"inLanguage\":\"fr-FR\",\"@id\":\"https:\/\/geneva.intercontinental.com\/fr\/#\/schema\/logo\/image\/\",\"url\":\"https:\/\/geneva.intercontinental.com\/wp-content\/uploads\/sites\/7\/2024\/04\/intercontinental-geneve-logo.svg\",\"contentUrl\":\"https:\/\/geneva.intercontinental.com\/wp-content\/uploads\/sites\/7\/2024\/04\/intercontinental-geneve-logo.svg\",\"caption\":\"InterContinental Gen\u00e8ve\"},\"image\":{\"@id\":\"https:\/\/geneva.intercontinental.com\/fr\/#\/schema\/logo\/image\/\"}}]}<\/script>\n<!-- \/ Yoast SEO plugin. -->","yoast_head_json":{"title":"Soin Duo - 50 min - InterContinental Gen\u00e8ve","robots":{"index":"index","follow":"follow","max-snippet":"max-snippet:-1","max-image-preview":"max-image-preview:large","max-video-preview":"max-video-preview:-1"},"canonical":"https:\/\/geneva.intercontinental.com\/fr\/produit\/soin-duo-50-min\/","og_locale":"fr_FR","og_type":"article","og_title":"Soin Duo - 50 min - InterContinental Gen\u00e8ve","og_description":"Profitez \u00e0 deux d\u2019un moment de d\u00e9tente dans notre cabine double.","og_url":"https:\/\/geneva.intercontinental.com\/fr\/produit\/soin-duo-50-min\/","og_site_name":"IHG","article_modified_time":"2025-12-01T09:18:26+00:00","og_image":[{"width":1500,"height":844,"url":"https:\/\/geneva.intercontinental.com\/wp-content\/uploads\/sites\/7\/2025\/08\/Spa-experience_InterContinental-Geneve.jpg","type":"image\/jpeg"}],"twitter_card":"summary_large_image","twitter_misc":{"Dur\u00e9e de lecture estim\u00e9e":"1 minute"},"schema":{"@context":"https:\/\/schema.org","@graph":[{"@type":"WebPage","@id":"https:\/\/geneva.intercontinental.com\/fr\/produit\/soin-duo-50-min\/","url":"https:\/\/geneva.intercontinental.com\/fr\/produit\/soin-duo-50-min\/","name":"Soin Duo - 50 min - InterContinental Gen\u00e8ve","isPartOf":{"@id":"https:\/\/geneva.intercontinental.com\/fr\/#website"},"primaryImageOfPage":{"@id":"https:\/\/geneva.intercontinental.com\/fr\/produit\/soin-duo-50-min\/#primaryimage"},"image":{"@id":"https:\/\/geneva.intercontinental.com\/fr\/produit\/soin-duo-50-min\/#primaryimage"},"thumbnailUrl":"https:\/\/geneva.intercontinental.com\/wp-content\/uploads\/sites\/7\/2025\/08\/Spa-experience_InterContinental-Geneve.jpg","datePublished":"2025-08-21T13:47:39+00:00","dateModified":"2025-12-01T09:18:26+00:00","breadcrumb":{"@id":"https:\/\/geneva.intercontinental.com\/fr\/produit\/soin-duo-50-min\/#breadcrumb"},"inLanguage":"fr-FR","potentialAction":[{"@type":"ReadAction","target":["https:\/\/geneva.intercontinental.com\/fr\/produit\/soin-duo-50-min\/"]}]},{"@type":"ImageObject","inLanguage":"fr-FR","@id":"https:\/\/geneva.intercontinental.com\/fr\/produit\/soin-duo-50-min\/#primaryimage","url":"https:\/\/geneva.intercontinental.com\/wp-content\/uploads\/sites\/7\/2025\/08\/Spa-experience_InterContinental-Geneve.jpg","contentUrl":"https:\/\/geneva.intercontinental.com\/wp-content\/uploads\/sites\/7\/2025\/08\/Spa-experience_InterContinental-Geneve.jpg","width":1500,"height":844},{"@type":"BreadcrumbList","@id":"https:\/\/geneva.intercontinental.com\/fr\/produit\/soin-duo-50-min\/#breadcrumb","itemListElement":[{"@type":"ListItem","position":1,"name":"Accueil","item":"https:\/\/geneva.intercontinental.com\/fr\/"},{"@type":"ListItem","position":2,"name":"Boutique en ligne","item":"https:\/\/geneva.intercontinental.com\/fr\/shop\/"},{"@type":"ListItem","position":3,"name":"Soin Duo &#8211; 50 min"}]},{"@type":"WebSite","@id":"https:\/\/geneva.intercontinental.com\/fr\/#website","url":"https:\/\/geneva.intercontinental.com\/fr\/","name":"IHG","description":"Live the InterContinental Life","publisher":{"@id":"https:\/\/geneva.intercontinental.com\/fr\/#organization"},"alternateName":"InterContinental Gen\u00e8ve","potentialAction":[{"@type":"SearchAction","target":{"@type":"EntryPoint","urlTemplate":"https:\/\/geneva.intercontinental.com\/fr\/?s={search_term_string}"},"query-input":{"@type":"PropertyValueSpecification","valueRequired":true,"valueName":"search_term_string"}}],"inLanguage":"fr-FR"},{"@type":"Organization","@id":"https:\/\/geneva.intercontinental.com\/fr\/#organization","name":"InterContinental Gen\u00e8ve","alternateName":"GVAHA","url":"https:\/\/geneva.intercontinental.com\/fr\/","logo":{"@type":"ImageObject","inLanguage":"fr-FR","@id":"https:\/\/geneva.intercontinental.com\/fr\/#\/schema\/logo\/image\/","url":"https:\/\/geneva.intercontinental.com\/wp-content\/uploads\/sites\/7\/2024\/04\/intercontinental-geneve-logo.svg","contentUrl":"https:\/\/geneva.intercontinental.com\/wp-content\/uploads\/sites\/7\/2024\/04\/intercontinental-geneve-logo.svg","caption":"InterContinental Gen\u00e8ve"},"image":{"@id":"https:\/\/geneva.intercontinental.com\/fr\/#\/schema\/logo\/image\/"}}]}},"_links":{"self":[{"href":"https:\/\/geneva.intercontinental.com\/fr\/wp-json\/wp\/v2\/product\/37557","targetHints":{"allow":["GET"]}}],"collection":[{"href":"https:\/\/geneva.intercontinental.com\/fr\/wp-json\/wp\/v2\/product"}],"about":[{"href":"https:\/\/geneva.intercontinental.com\/fr\/wp-json\/wp\/v2\/types\/product"}],"wp:featuredmedia":[{"embeddable":true,"href":"https:\/\/geneva.intercontinental.com\/fr\/wp-json\/wp\/v2\/media\/37556"}],"wp:attachment":[{"href":"https:\/\/geneva.intercontinental.com\/fr\/wp-json\/wp\/v2\/media?parent=37557"}],"wp:term":[{"taxonomy":"product_brand","embeddable":true,"href":"https:\/\/geneva.intercontinental.com\/fr\/wp-json\/wp\/v2\/product_brand?post=37557"},{"taxonomy":"product_cat","embeddable":true,"href":"https:\/\/geneva.intercontinental.com\/fr\/wp-json\/wp\/v2\/product_cat?post=37557"},{"taxonomy":"product_tag","embeddable":true,"href":"https:\/\/geneva.intercontinental.com\/fr\/wp-json\/wp\/v2\/product_tag?post=37557"}],"curies":[{"name":"wp","href":"https:\/\/api.w.org\/{rel}","templated":true}]}}