{"id":36965,"date":"2025-06-24T14:47:36","date_gmt":"2025-06-24T12:47:36","guid":{"rendered":"https:\/\/geneva.intercontinental.com\/product\/stockalper\/"},"modified":"2025-06-24T14:47:36","modified_gmt":"2025-06-24T12:47:36","slug":"stockalper","status":"publish","type":"product","link":"https:\/\/geneva.intercontinental.com\/fr\/produit\/stockalper\/","title":{"rendered":"Stockalper"},"content":{"rendered":"<p>Un hommage \u00e0 l&#8217;iconique Audrey Hepburn \u00e0 travers l&#8217;une des 22 illustrations r\u00e9alis\u00e9es exclusivement pour l&#8217;InterContinental Gen\u00e8ve. Disponible en 10 exemplaires, \u00e9dition limit\u00e9e \u00e0 10 exemplaires, num\u00e9rot\u00e9s et sign\u00e9s par l&#8217;auteur.<\/p>\n<div class=\"elementToProof\">Petit 75 x 25 cm<\/div>\n<div class=\"elementToProof\"><strong>290\u20ac<\/strong><\/div>\n<div class=\"elementToProof\"><\/div>\n<div class=\"elementToProof\">Grand 100 x 35 cm<\/div>\n<div class=\"elementToProof\"><strong>390\u20ac<\/strong><\/div>\n","protected":false},"excerpt":{"rendered":"<p>Un hommage \u00e0 l&#8217;iconique Audrey Hepburn \u00e0 travers l&#8217;une des 22 illustrations r\u00e9alis\u00e9es exclusivement pour l&#8217;InterContinental Gen\u00e8ve. Disponible en 10 exemplaires, \u00e9dition limit\u00e9e \u00e0 10 exemplaires, num\u00e9rot\u00e9s et sign\u00e9s par l&#8217;auteur. Petit 75 x 25 cm 290\u20ac Grand 100 x [&hellip;]<\/p>\n","protected":false},"featured_media":36946,"template":"","meta":{"_acf_changed":false},"product_brand":[],"product_cat":[111],"product_tag":[],"class_list":{"0":"post-36965","1":"product","2":"type-product","3":"status-publish","4":"has-post-thumbnail","6":"product_cat-art-fr","8":"first","9":"instock","10":"shipping-taxable","11":"product-type-external"},"acf":[],"yoast_head":"<!-- This site is optimized with the Yoast SEO plugin v26.2 - https:\/\/yoast.com\/wordpress\/plugins\/seo\/ -->\n<title>Stockalper - InterContinental Gen\u00e8ve<\/title>\n<meta name=\"robots\" content=\"index, follow, max-snippet:-1, max-image-preview:large, max-video-preview:-1\" \/>\n<link rel=\"canonical\" href=\"https:\/\/geneva.intercontinental.com\/fr\/produit\/stockalper\/\" \/>\n<meta property=\"og:locale\" content=\"fr_FR\" \/>\n<meta property=\"og:type\" content=\"article\" \/>\n<meta property=\"og:title\" content=\"Stockalper - InterContinental Gen\u00e8ve\" \/>\n<meta property=\"og:description\" content=\"Un hommage \u00e0 l&#8217;iconique Audrey Hepburn \u00e0 travers l&#8217;une des 22 illustrations r\u00e9alis\u00e9es exclusivement pour l&#8217;InterContinental Gen\u00e8ve. Disponible en 10 exemplaires, \u00e9dition limit\u00e9e \u00e0 10 exemplaires, num\u00e9rot\u00e9s et sign\u00e9s par l&#8217;auteur. Petit 75 x 25 cm 290\u20ac Grand 100 x [&hellip;]\" \/>\n<meta property=\"og:url\" content=\"https:\/\/geneva.intercontinental.com\/fr\/produit\/stockalper\/\" \/>\n<meta property=\"og:site_name\" content=\"IHG\" \/>\n<meta property=\"og:image\" content=\"https:\/\/geneva.intercontinental.com\/wp-content\/uploads\/sites\/7\/2025\/06\/InterContinental-Geneva-Art-Audrey-Hepburn-Stockalper-1.jpg\" \/>\n\t<meta property=\"og:image:width\" content=\"800\" \/>\n\t<meta property=\"og:image:height\" content=\"800\" \/>\n\t<meta property=\"og:image:type\" content=\"image\/jpeg\" \/>\n<meta name=\"twitter:card\" content=\"summary_large_image\" \/>\n<script type=\"application\/ld+json\" class=\"yoast-schema-graph\">{\"@context\":\"https:\/\/schema.org\",\"@graph\":[{\"@type\":\"WebPage\",\"@id\":\"https:\/\/geneva.intercontinental.com\/fr\/produit\/stockalper\/\",\"url\":\"https:\/\/geneva.intercontinental.com\/fr\/produit\/stockalper\/\",\"name\":\"Stockalper - InterContinental Gen\u00e8ve\",\"isPartOf\":{\"@id\":\"https:\/\/geneva.intercontinental.com\/#website\"},\"primaryImageOfPage\":{\"@id\":\"https:\/\/geneva.intercontinental.com\/fr\/produit\/stockalper\/#primaryimage\"},\"image\":{\"@id\":\"https:\/\/geneva.intercontinental.com\/fr\/produit\/stockalper\/#primaryimage\"},\"thumbnailUrl\":\"https:\/\/geneva.intercontinental.com\/wp-content\/uploads\/sites\/7\/2025\/06\/InterContinental-Geneva-Art-Audrey-Hepburn-Stockalper-1.jpg\",\"datePublished\":\"2025-06-24T12:47:36+00:00\",\"breadcrumb\":{\"@id\":\"https:\/\/geneva.intercontinental.com\/fr\/produit\/stockalper\/#breadcrumb\"},\"inLanguage\":\"fr-FR\",\"potentialAction\":[{\"@type\":\"ReadAction\",\"target\":[\"https:\/\/geneva.intercontinental.com\/fr\/produit\/stockalper\/\"]}]},{\"@type\":\"ImageObject\",\"inLanguage\":\"fr-FR\",\"@id\":\"https:\/\/geneva.intercontinental.com\/fr\/produit\/stockalper\/#primaryimage\",\"url\":\"https:\/\/geneva.intercontinental.com\/wp-content\/uploads\/sites\/7\/2025\/06\/InterContinental-Geneva-Art-Audrey-Hepburn-Stockalper-1.jpg\",\"contentUrl\":\"https:\/\/geneva.intercontinental.com\/wp-content\/uploads\/sites\/7\/2025\/06\/InterContinental-Geneva-Art-Audrey-Hepburn-Stockalper-1.jpg\",\"width\":800,\"height\":800},{\"@type\":\"BreadcrumbList\",\"@id\":\"https:\/\/geneva.intercontinental.com\/fr\/produit\/stockalper\/#breadcrumb\",\"itemListElement\":[{\"@type\":\"ListItem\",\"position\":1,\"name\":\"Accueil\",\"item\":\"https:\/\/geneva.intercontinental.com\/fr\/\"},{\"@type\":\"ListItem\",\"position\":2,\"name\":\"Boutique en ligne\",\"item\":\"https:\/\/geneva.intercontinental.com\/fr\/shop\/\"},{\"@type\":\"ListItem\",\"position\":3,\"name\":\"Stockalper\"}]},{\"@type\":\"WebSite\",\"@id\":\"https:\/\/geneva.intercontinental.com\/#website\",\"url\":\"https:\/\/geneva.intercontinental.com\/\",\"name\":\"IHG\",\"description\":\"Live the InterContinental Life\",\"publisher\":{\"@id\":\"https:\/\/geneva.intercontinental.com\/#organization\"},\"alternateName\":\"InterContinental Gen\u00e8ve\",\"potentialAction\":[{\"@type\":\"SearchAction\",\"target\":{\"@type\":\"EntryPoint\",\"urlTemplate\":\"https:\/\/geneva.intercontinental.com\/?s={search_term_string}\"},\"query-input\":{\"@type\":\"PropertyValueSpecification\",\"valueRequired\":true,\"valueName\":\"search_term_string\"}}],\"inLanguage\":\"fr-FR\"},{\"@type\":\"Organization\",\"@id\":\"https:\/\/geneva.intercontinental.com\/#organization\",\"name\":\"InterContinental Gen\u00e8ve\",\"alternateName\":\"GVAHA\",\"url\":\"https:\/\/geneva.intercontinental.com\/\",\"logo\":{\"@type\":\"ImageObject\",\"inLanguage\":\"fr-FR\",\"@id\":\"https:\/\/geneva.intercontinental.com\/#\/schema\/logo\/image\/\",\"url\":\"https:\/\/geneva.intercontinental.com\/wp-content\/uploads\/sites\/7\/2024\/04\/intercontinental-geneve-logo.svg\",\"contentUrl\":\"https:\/\/geneva.intercontinental.com\/wp-content\/uploads\/sites\/7\/2024\/04\/intercontinental-geneve-logo.svg\",\"caption\":\"InterContinental Gen\u00e8ve\"},\"image\":{\"@id\":\"https:\/\/geneva.intercontinental.com\/#\/schema\/logo\/image\/\"}}]}<\/script>\n<!-- \/ Yoast SEO plugin. -->","yoast_head_json":{"title":"Stockalper - InterContinental Gen\u00e8ve","robots":{"index":"index","follow":"follow","max-snippet":"max-snippet:-1","max-image-preview":"max-image-preview:large","max-video-preview":"max-video-preview:-1"},"canonical":"https:\/\/geneva.intercontinental.com\/fr\/produit\/stockalper\/","og_locale":"fr_FR","og_type":"article","og_title":"Stockalper - InterContinental Gen\u00e8ve","og_description":"Un hommage \u00e0 l&#8217;iconique Audrey Hepburn \u00e0 travers l&#8217;une des 22 illustrations r\u00e9alis\u00e9es exclusivement pour l&#8217;InterContinental Gen\u00e8ve. Disponible en 10 exemplaires, \u00e9dition limit\u00e9e \u00e0 10 exemplaires, num\u00e9rot\u00e9s et sign\u00e9s par l&#8217;auteur. Petit 75 x 25 cm 290\u20ac Grand 100 x [&hellip;]","og_url":"https:\/\/geneva.intercontinental.com\/fr\/produit\/stockalper\/","og_site_name":"IHG","og_image":[{"width":800,"height":800,"url":"https:\/\/geneva.intercontinental.com\/wp-content\/uploads\/sites\/7\/2025\/06\/InterContinental-Geneva-Art-Audrey-Hepburn-Stockalper-1.jpg","type":"image\/jpeg"}],"twitter_card":"summary_large_image","schema":{"@context":"https:\/\/schema.org","@graph":[{"@type":"WebPage","@id":"https:\/\/geneva.intercontinental.com\/fr\/produit\/stockalper\/","url":"https:\/\/geneva.intercontinental.com\/fr\/produit\/stockalper\/","name":"Stockalper - InterContinental Gen\u00e8ve","isPartOf":{"@id":"https:\/\/geneva.intercontinental.com\/#website"},"primaryImageOfPage":{"@id":"https:\/\/geneva.intercontinental.com\/fr\/produit\/stockalper\/#primaryimage"},"image":{"@id":"https:\/\/geneva.intercontinental.com\/fr\/produit\/stockalper\/#primaryimage"},"thumbnailUrl":"https:\/\/geneva.intercontinental.com\/wp-content\/uploads\/sites\/7\/2025\/06\/InterContinental-Geneva-Art-Audrey-Hepburn-Stockalper-1.jpg","datePublished":"2025-06-24T12:47:36+00:00","breadcrumb":{"@id":"https:\/\/geneva.intercontinental.com\/fr\/produit\/stockalper\/#breadcrumb"},"inLanguage":"fr-FR","potentialAction":[{"@type":"ReadAction","target":["https:\/\/geneva.intercontinental.com\/fr\/produit\/stockalper\/"]}]},{"@type":"ImageObject","inLanguage":"fr-FR","@id":"https:\/\/geneva.intercontinental.com\/fr\/produit\/stockalper\/#primaryimage","url":"https:\/\/geneva.intercontinental.com\/wp-content\/uploads\/sites\/7\/2025\/06\/InterContinental-Geneva-Art-Audrey-Hepburn-Stockalper-1.jpg","contentUrl":"https:\/\/geneva.intercontinental.com\/wp-content\/uploads\/sites\/7\/2025\/06\/InterContinental-Geneva-Art-Audrey-Hepburn-Stockalper-1.jpg","width":800,"height":800},{"@type":"BreadcrumbList","@id":"https:\/\/geneva.intercontinental.com\/fr\/produit\/stockalper\/#breadcrumb","itemListElement":[{"@type":"ListItem","position":1,"name":"Accueil","item":"https:\/\/geneva.intercontinental.com\/fr\/"},{"@type":"ListItem","position":2,"name":"Boutique en ligne","item":"https:\/\/geneva.intercontinental.com\/fr\/shop\/"},{"@type":"ListItem","position":3,"name":"Stockalper"}]},{"@type":"WebSite","@id":"https:\/\/geneva.intercontinental.com\/#website","url":"https:\/\/geneva.intercontinental.com\/","name":"IHG","description":"Live the InterContinental Life","publisher":{"@id":"https:\/\/geneva.intercontinental.com\/#organization"},"alternateName":"InterContinental Gen\u00e8ve","potentialAction":[{"@type":"SearchAction","target":{"@type":"EntryPoint","urlTemplate":"https:\/\/geneva.intercontinental.com\/?s={search_term_string}"},"query-input":{"@type":"PropertyValueSpecification","valueRequired":true,"valueName":"search_term_string"}}],"inLanguage":"fr-FR"},{"@type":"Organization","@id":"https:\/\/geneva.intercontinental.com\/#organization","name":"InterContinental Gen\u00e8ve","alternateName":"GVAHA","url":"https:\/\/geneva.intercontinental.com\/","logo":{"@type":"ImageObject","inLanguage":"fr-FR","@id":"https:\/\/geneva.intercontinental.com\/#\/schema\/logo\/image\/","url":"https:\/\/geneva.intercontinental.com\/wp-content\/uploads\/sites\/7\/2024\/04\/intercontinental-geneve-logo.svg","contentUrl":"https:\/\/geneva.intercontinental.com\/wp-content\/uploads\/sites\/7\/2024\/04\/intercontinental-geneve-logo.svg","caption":"InterContinental Gen\u00e8ve"},"image":{"@id":"https:\/\/geneva.intercontinental.com\/#\/schema\/logo\/image\/"}}]}},"_links":{"self":[{"href":"https:\/\/geneva.intercontinental.com\/fr\/wp-json\/wp\/v2\/product\/36965","targetHints":{"allow":["GET"]}}],"collection":[{"href":"https:\/\/geneva.intercontinental.com\/fr\/wp-json\/wp\/v2\/product"}],"about":[{"href":"https:\/\/geneva.intercontinental.com\/fr\/wp-json\/wp\/v2\/types\/product"}],"wp:featuredmedia":[{"embeddable":true,"href":"https:\/\/geneva.intercontinental.com\/fr\/wp-json\/wp\/v2\/media\/36946"}],"wp:attachment":[{"href":"https:\/\/geneva.intercontinental.com\/fr\/wp-json\/wp\/v2\/media?parent=36965"}],"wp:term":[{"taxonomy":"product_brand","embeddable":true,"href":"https:\/\/geneva.intercontinental.com\/fr\/wp-json\/wp\/v2\/product_brand?post=36965"},{"taxonomy":"product_cat","embeddable":true,"href":"https:\/\/geneva.intercontinental.com\/fr\/wp-json\/wp\/v2\/product_cat?post=36965"},{"taxonomy":"product_tag","embeddable":true,"href":"https:\/\/geneva.intercontinental.com\/fr\/wp-json\/wp\/v2\/product_tag?post=36965"}],"curies":[{"name":"wp","href":"https:\/\/api.w.org\/{rel}","templated":true}]}}