{"id":35626,"date":"2025-04-29T14:00:46","date_gmt":"2025-04-29T12:00:46","guid":{"rendered":"https:\/\/geneva.intercontinental.com\/?post_type=product&#038;p=35626"},"modified":"2026-04-30T16:16:08","modified_gmt":"2026-04-30T14:16:08","slug":"lunch-spa","status":"publish","type":"product","link":"https:\/\/geneva.intercontinental.com\/fr\/produit\/lunch-spa\/","title":{"rendered":"Lunch &amp; Spa"},"content":{"rendered":"<p>Offrez-vous un moment de d\u00e9tente alliant soin et gourmandise. Cette offre comprend l\u2019acc\u00e8s \u00e0 notre piscine, un soin de 50 minutes au choix \u00e0 notre Spa Cinq Mondes, ainsi qu\u2019un d\u00e9jeuner avec plat du jour et boisson sans alcool.*<\/p>\n<p>Valable du lundi au vendredi**<br \/>\nPrix adulte : CHF 235.-<\/p>\n<p>*Le soin au spa et le d\u00e9jeuner sont \u00e0 r\u00e9server \u00e0 l&#8217;avance<br \/>\nSpa : <a href=\"tel:+41227404627\">+41 22 740 46 27<\/a>\u00a0| Restaurant Poolside : <a href=\"tel:+41 22 919 31 87\">+41 22 919 31 87<\/a><br \/>\n<em>**Hors jours f\u00e9ri\u00e9s<\/em><\/p>\n","protected":false},"excerpt":{"rendered":"<p>Un moment de d\u00e9tente alliant soin revitalisant et pause gourmande au restaurant Poolside.<\/p>\n","protected":false},"featured_media":32694,"template":"","meta":{"_acf_changed":false},"product_brand":[],"product_cat":[99,66],"product_tag":[],"class_list":{"0":"post-35626","1":"product","2":"type-product","3":"status-publish","4":"has-post-thumbnail","6":"product_cat-spa-cinq-mondes","7":"product_cat-piscine","9":"first","10":"instock","11":"downloadable","12":"virtual","13":"purchasable","14":"product-type-simple"},"acf":[],"yoast_head":"<!-- This site is optimized with the Yoast SEO plugin v26.2 - https:\/\/yoast.com\/wordpress\/plugins\/seo\/ -->\n<title>Lunch &amp; Spa - InterContinental Gen\u00e8ve<\/title>\n<meta name=\"description\" content=\"Offrez-vous un moment de alliant soin et gourmandise \u00e0 notre spa et restaurant Poolside.\" \/>\n<meta name=\"robots\" content=\"index, follow, max-snippet:-1, max-image-preview:large, max-video-preview:-1\" \/>\n<link rel=\"canonical\" href=\"https:\/\/geneva.intercontinental.com\/fr\/produit\/lunch-spa\/\" \/>\n<meta property=\"og:locale\" content=\"fr_FR\" \/>\n<meta property=\"og:type\" content=\"article\" \/>\n<meta property=\"og:title\" content=\"Lunch &amp; Spa - InterContinental Gen\u00e8ve\" \/>\n<meta property=\"og:description\" content=\"Offrez-vous un moment de alliant soin et gourmandise \u00e0 notre spa et restaurant Poolside.\" \/>\n<meta property=\"og:url\" content=\"https:\/\/geneva.intercontinental.com\/fr\/produit\/lunch-spa\/\" \/>\n<meta property=\"og:site_name\" content=\"IHG\" \/>\n<meta property=\"article:modified_time\" content=\"2026-04-30T14:16:08+00:00\" \/>\n<meta property=\"og:image\" content=\"https:\/\/geneva.intercontinental.com\/wp-content\/uploads\/sites\/7\/2024\/09\/IC-poolside-0056-scaled.jpg\" \/>\n\t<meta property=\"og:image:width\" content=\"1708\" \/>\n\t<meta property=\"og:image:height\" content=\"2560\" \/>\n\t<meta property=\"og:image:type\" content=\"image\/jpeg\" \/>\n<meta name=\"twitter:card\" content=\"summary_large_image\" \/>\n<meta name=\"twitter:label1\" content=\"Dur\u00e9e de lecture estim\u00e9e\" \/>\n\t<meta name=\"twitter:data1\" content=\"1 minute\" \/>\n<script type=\"application\/ld+json\" class=\"yoast-schema-graph\">{\"@context\":\"https:\/\/schema.org\",\"@graph\":[{\"@type\":\"WebPage\",\"@id\":\"https:\/\/geneva.intercontinental.com\/fr\/produit\/lunch-spa\/\",\"url\":\"https:\/\/geneva.intercontinental.com\/fr\/produit\/lunch-spa\/\",\"name\":\"Lunch &amp; Spa - InterContinental Gen\u00e8ve\",\"isPartOf\":{\"@id\":\"https:\/\/geneva.intercontinental.com\/fr\/#website\"},\"primaryImageOfPage\":{\"@id\":\"https:\/\/geneva.intercontinental.com\/fr\/produit\/lunch-spa\/#primaryimage\"},\"image\":{\"@id\":\"https:\/\/geneva.intercontinental.com\/fr\/produit\/lunch-spa\/#primaryimage\"},\"thumbnailUrl\":\"https:\/\/geneva.intercontinental.com\/wp-content\/uploads\/sites\/7\/2024\/09\/IC-poolside-0056-scaled.jpg\",\"datePublished\":\"2025-04-29T12:00:46+00:00\",\"dateModified\":\"2026-04-30T14:16:08+00:00\",\"description\":\"Offrez-vous un moment de alliant soin et gourmandise \u00e0 notre spa et restaurant Poolside.\",\"breadcrumb\":{\"@id\":\"https:\/\/geneva.intercontinental.com\/fr\/produit\/lunch-spa\/#breadcrumb\"},\"inLanguage\":\"fr-FR\",\"potentialAction\":[{\"@type\":\"ReadAction\",\"target\":[\"https:\/\/geneva.intercontinental.com\/fr\/produit\/lunch-spa\/\"]}]},{\"@type\":\"ImageObject\",\"inLanguage\":\"fr-FR\",\"@id\":\"https:\/\/geneva.intercontinental.com\/fr\/produit\/lunch-spa\/#primaryimage\",\"url\":\"https:\/\/geneva.intercontinental.com\/wp-content\/uploads\/sites\/7\/2024\/09\/IC-poolside-0056-scaled.jpg\",\"contentUrl\":\"https:\/\/geneva.intercontinental.com\/wp-content\/uploads\/sites\/7\/2024\/09\/IC-poolside-0056-scaled.jpg\",\"width\":1708,\"height\":2560,\"caption\":\"Restaurant Poolside \u00e0 l\u2019InterContinental Gen\u00e8ve, terrasse en bois et piscine ext\u00e9rieure entour\u00e9e de verdure\"},{\"@type\":\"BreadcrumbList\",\"@id\":\"https:\/\/geneva.intercontinental.com\/fr\/produit\/lunch-spa\/#breadcrumb\",\"itemListElement\":[{\"@type\":\"ListItem\",\"position\":1,\"name\":\"Accueil\",\"item\":\"https:\/\/geneva.intercontinental.com\/fr\/\"},{\"@type\":\"ListItem\",\"position\":2,\"name\":\"Boutique en ligne\",\"item\":\"https:\/\/geneva.intercontinental.com\/fr\/shop\/\"},{\"@type\":\"ListItem\",\"position\":3,\"name\":\"Lunch &amp; Spa\"}]},{\"@type\":\"WebSite\",\"@id\":\"https:\/\/geneva.intercontinental.com\/fr\/#website\",\"url\":\"https:\/\/geneva.intercontinental.com\/fr\/\",\"name\":\"IHG\",\"description\":\"Live the InterContinental Life\",\"publisher\":{\"@id\":\"https:\/\/geneva.intercontinental.com\/fr\/#organization\"},\"alternateName\":\"InterContinental Gen\u00e8ve\",\"potentialAction\":[{\"@type\":\"SearchAction\",\"target\":{\"@type\":\"EntryPoint\",\"urlTemplate\":\"https:\/\/geneva.intercontinental.com\/fr\/?s={search_term_string}\"},\"query-input\":{\"@type\":\"PropertyValueSpecification\",\"valueRequired\":true,\"valueName\":\"search_term_string\"}}],\"inLanguage\":\"fr-FR\"},{\"@type\":\"Organization\",\"@id\":\"https:\/\/geneva.intercontinental.com\/fr\/#organization\",\"name\":\"InterContinental Gen\u00e8ve\",\"alternateName\":\"GVAHA\",\"url\":\"https:\/\/geneva.intercontinental.com\/fr\/\",\"logo\":{\"@type\":\"ImageObject\",\"inLanguage\":\"fr-FR\",\"@id\":\"https:\/\/geneva.intercontinental.com\/fr\/#\/schema\/logo\/image\/\",\"url\":\"https:\/\/geneva.intercontinental.com\/wp-content\/uploads\/sites\/7\/2024\/04\/intercontinental-geneve-logo.svg\",\"contentUrl\":\"https:\/\/geneva.intercontinental.com\/wp-content\/uploads\/sites\/7\/2024\/04\/intercontinental-geneve-logo.svg\",\"caption\":\"InterContinental Gen\u00e8ve\"},\"image\":{\"@id\":\"https:\/\/geneva.intercontinental.com\/fr\/#\/schema\/logo\/image\/\"}}]}<\/script>\n<!-- \/ Yoast SEO plugin. -->","yoast_head_json":{"title":"Lunch &amp; Spa - InterContinental Gen\u00e8ve","description":"Offrez-vous un moment de alliant soin et gourmandise \u00e0 notre spa et restaurant Poolside.","robots":{"index":"index","follow":"follow","max-snippet":"max-snippet:-1","max-image-preview":"max-image-preview:large","max-video-preview":"max-video-preview:-1"},"canonical":"https:\/\/geneva.intercontinental.com\/fr\/produit\/lunch-spa\/","og_locale":"fr_FR","og_type":"article","og_title":"Lunch &amp; Spa - InterContinental Gen\u00e8ve","og_description":"Offrez-vous un moment de alliant soin et gourmandise \u00e0 notre spa et restaurant Poolside.","og_url":"https:\/\/geneva.intercontinental.com\/fr\/produit\/lunch-spa\/","og_site_name":"IHG","article_modified_time":"2026-04-30T14:16:08+00:00","og_image":[{"width":1708,"height":2560,"url":"https:\/\/geneva.intercontinental.com\/wp-content\/uploads\/sites\/7\/2024\/09\/IC-poolside-0056-scaled.jpg","type":"image\/jpeg"}],"twitter_card":"summary_large_image","twitter_misc":{"Dur\u00e9e de lecture estim\u00e9e":"1 minute"},"schema":{"@context":"https:\/\/schema.org","@graph":[{"@type":"WebPage","@id":"https:\/\/geneva.intercontinental.com\/fr\/produit\/lunch-spa\/","url":"https:\/\/geneva.intercontinental.com\/fr\/produit\/lunch-spa\/","name":"Lunch &amp; Spa - InterContinental Gen\u00e8ve","isPartOf":{"@id":"https:\/\/geneva.intercontinental.com\/fr\/#website"},"primaryImageOfPage":{"@id":"https:\/\/geneva.intercontinental.com\/fr\/produit\/lunch-spa\/#primaryimage"},"image":{"@id":"https:\/\/geneva.intercontinental.com\/fr\/produit\/lunch-spa\/#primaryimage"},"thumbnailUrl":"https:\/\/geneva.intercontinental.com\/wp-content\/uploads\/sites\/7\/2024\/09\/IC-poolside-0056-scaled.jpg","datePublished":"2025-04-29T12:00:46+00:00","dateModified":"2026-04-30T14:16:08+00:00","description":"Offrez-vous un moment de alliant soin et gourmandise \u00e0 notre spa et restaurant Poolside.","breadcrumb":{"@id":"https:\/\/geneva.intercontinental.com\/fr\/produit\/lunch-spa\/#breadcrumb"},"inLanguage":"fr-FR","potentialAction":[{"@type":"ReadAction","target":["https:\/\/geneva.intercontinental.com\/fr\/produit\/lunch-spa\/"]}]},{"@type":"ImageObject","inLanguage":"fr-FR","@id":"https:\/\/geneva.intercontinental.com\/fr\/produit\/lunch-spa\/#primaryimage","url":"https:\/\/geneva.intercontinental.com\/wp-content\/uploads\/sites\/7\/2024\/09\/IC-poolside-0056-scaled.jpg","contentUrl":"https:\/\/geneva.intercontinental.com\/wp-content\/uploads\/sites\/7\/2024\/09\/IC-poolside-0056-scaled.jpg","width":1708,"height":2560,"caption":"Restaurant Poolside \u00e0 l\u2019InterContinental Gen\u00e8ve, terrasse en bois et piscine ext\u00e9rieure entour\u00e9e de verdure"},{"@type":"BreadcrumbList","@id":"https:\/\/geneva.intercontinental.com\/fr\/produit\/lunch-spa\/#breadcrumb","itemListElement":[{"@type":"ListItem","position":1,"name":"Accueil","item":"https:\/\/geneva.intercontinental.com\/fr\/"},{"@type":"ListItem","position":2,"name":"Boutique en ligne","item":"https:\/\/geneva.intercontinental.com\/fr\/shop\/"},{"@type":"ListItem","position":3,"name":"Lunch &amp; Spa"}]},{"@type":"WebSite","@id":"https:\/\/geneva.intercontinental.com\/fr\/#website","url":"https:\/\/geneva.intercontinental.com\/fr\/","name":"IHG","description":"Live the InterContinental Life","publisher":{"@id":"https:\/\/geneva.intercontinental.com\/fr\/#organization"},"alternateName":"InterContinental Gen\u00e8ve","potentialAction":[{"@type":"SearchAction","target":{"@type":"EntryPoint","urlTemplate":"https:\/\/geneva.intercontinental.com\/fr\/?s={search_term_string}"},"query-input":{"@type":"PropertyValueSpecification","valueRequired":true,"valueName":"search_term_string"}}],"inLanguage":"fr-FR"},{"@type":"Organization","@id":"https:\/\/geneva.intercontinental.com\/fr\/#organization","name":"InterContinental Gen\u00e8ve","alternateName":"GVAHA","url":"https:\/\/geneva.intercontinental.com\/fr\/","logo":{"@type":"ImageObject","inLanguage":"fr-FR","@id":"https:\/\/geneva.intercontinental.com\/fr\/#\/schema\/logo\/image\/","url":"https:\/\/geneva.intercontinental.com\/wp-content\/uploads\/sites\/7\/2024\/04\/intercontinental-geneve-logo.svg","contentUrl":"https:\/\/geneva.intercontinental.com\/wp-content\/uploads\/sites\/7\/2024\/04\/intercontinental-geneve-logo.svg","caption":"InterContinental Gen\u00e8ve"},"image":{"@id":"https:\/\/geneva.intercontinental.com\/fr\/#\/schema\/logo\/image\/"}}]}},"_links":{"self":[{"href":"https:\/\/geneva.intercontinental.com\/fr\/wp-json\/wp\/v2\/product\/35626","targetHints":{"allow":["GET"]}}],"collection":[{"href":"https:\/\/geneva.intercontinental.com\/fr\/wp-json\/wp\/v2\/product"}],"about":[{"href":"https:\/\/geneva.intercontinental.com\/fr\/wp-json\/wp\/v2\/types\/product"}],"wp:featuredmedia":[{"embeddable":true,"href":"https:\/\/geneva.intercontinental.com\/fr\/wp-json\/wp\/v2\/media\/32694"}],"wp:attachment":[{"href":"https:\/\/geneva.intercontinental.com\/fr\/wp-json\/wp\/v2\/media?parent=35626"}],"wp:term":[{"taxonomy":"product_brand","embeddable":true,"href":"https:\/\/geneva.intercontinental.com\/fr\/wp-json\/wp\/v2\/product_brand?post=35626"},{"taxonomy":"product_cat","embeddable":true,"href":"https:\/\/geneva.intercontinental.com\/fr\/wp-json\/wp\/v2\/product_cat?post=35626"},{"taxonomy":"product_tag","embeddable":true,"href":"https:\/\/geneva.intercontinental.com\/fr\/wp-json\/wp\/v2\/product_tag?post=35626"}],"curies":[{"name":"wp","href":"https:\/\/api.w.org\/{rel}","templated":true}]}}