{"id":35625,"date":"2025-04-29T13:43:03","date_gmt":"2025-04-29T11:43:03","guid":{"rendered":"https:\/\/geneva.intercontinental.com\/?post_type=product&#038;p=35625"},"modified":"2026-04-27T14:46:28","modified_gmt":"2026-04-27T12:46:28","slug":"parenthese-bien-etre","status":"publish","type":"product","link":"https:\/\/geneva.intercontinental.com\/fr\/produit\/parenthese-bien-etre\/","title":{"rendered":"Parenth\u00e8se bien-\u00eatre"},"content":{"rendered":"<p>Profitez d\u2019un moment de d\u00e9tente avec l\u2019acc\u00e8s \u00e0 notre piscine, un soin de 50 minutes au choix \u00e0 notre Spa Cinq Mondes et un jus d\u00e9tox rafra\u00eechissant.*<\/p>\n<p>Valable du lundi au vendredi**<\/p>\n<p><em>*Le soin au spa est \u00e0 r\u00e9server \u00e0 l&#8217;avance : <a href=\"tel:+41227404627\">+41 22 740 46 27<\/a><br \/>\n*Hors jours f\u00e9ri\u00e9s<\/em><\/p>\n","protected":false},"excerpt":{"rendered":"<p>Profitez d\u2019un moment de d\u00e9tente \u00e0 notre Spa Cinq Mondes et piscine.<\/p>\n","protected":false},"featured_media":41403,"template":"","meta":{"_acf_changed":false},"product_brand":[],"product_cat":[99,66],"product_tag":[],"class_list":{"0":"post-35625","1":"product","2":"type-product","3":"status-publish","4":"has-post-thumbnail","6":"product_cat-spa-cinq-mondes","7":"product_cat-piscine","9":"first","10":"instock","11":"downloadable","12":"virtual","13":"purchasable","14":"product-type-simple"},"acf":[],"yoast_head":"<!-- This site is optimized with the Yoast SEO plugin v26.2 - https:\/\/yoast.com\/wordpress\/plugins\/seo\/ -->\n<title>Parenth\u00e8se bien-\u00eatre - InterContinental Gen\u00e8ve<\/title>\n<meta name=\"description\" content=\"Profitez d\u2019un moment de d\u00e9tente \u00e0 notre Spa Cinq Mondes et piscine.\" \/>\n<meta name=\"robots\" content=\"index, follow, max-snippet:-1, max-image-preview:large, max-video-preview:-1\" \/>\n<link rel=\"canonical\" href=\"https:\/\/geneva.intercontinental.com\/fr\/produit\/parenthese-bien-etre\/\" \/>\n<meta property=\"og:locale\" content=\"fr_FR\" \/>\n<meta property=\"og:type\" content=\"article\" \/>\n<meta property=\"og:title\" content=\"Parenth\u00e8se bien-\u00eatre - InterContinental Gen\u00e8ve\" \/>\n<meta property=\"og:description\" content=\"Profitez d\u2019un moment de d\u00e9tente \u00e0 notre Spa Cinq Mondes et piscine.\" \/>\n<meta property=\"og:url\" content=\"https:\/\/geneva.intercontinental.com\/fr\/produit\/parenthese-bien-etre\/\" \/>\n<meta property=\"og:site_name\" content=\"IHG\" \/>\n<meta property=\"article:modified_time\" content=\"2026-04-27T12:46:28+00:00\" \/>\n<meta property=\"og:image\" content=\"https:\/\/geneva.intercontinental.com\/wp-content\/uploads\/sites\/7\/2026\/04\/InterContinental-Geneva-Spa-Cinq-Mondes-SPA-3699.jpg\" \/>\n\t<meta property=\"og:image:width\" content=\"2000\" \/>\n\t<meta property=\"og:image:height\" content=\"1334\" \/>\n\t<meta property=\"og:image:type\" content=\"image\/jpeg\" \/>\n<meta name=\"twitter:card\" content=\"summary_large_image\" \/>\n<meta name=\"twitter:label1\" content=\"Dur\u00e9e de lecture estim\u00e9e\" \/>\n\t<meta name=\"twitter:data1\" content=\"1 minute\" \/>\n<script type=\"application\/ld+json\" class=\"yoast-schema-graph\">{\"@context\":\"https:\/\/schema.org\",\"@graph\":[{\"@type\":\"WebPage\",\"@id\":\"https:\/\/geneva.intercontinental.com\/fr\/produit\/parenthese-bien-etre\/\",\"url\":\"https:\/\/geneva.intercontinental.com\/fr\/produit\/parenthese-bien-etre\/\",\"name\":\"Parenth\u00e8se bien-\u00eatre - InterContinental Gen\u00e8ve\",\"isPartOf\":{\"@id\":\"https:\/\/geneva.intercontinental.com\/fr\/#website\"},\"primaryImageOfPage\":{\"@id\":\"https:\/\/geneva.intercontinental.com\/fr\/produit\/parenthese-bien-etre\/#primaryimage\"},\"image\":{\"@id\":\"https:\/\/geneva.intercontinental.com\/fr\/produit\/parenthese-bien-etre\/#primaryimage\"},\"thumbnailUrl\":\"https:\/\/geneva.intercontinental.com\/wp-content\/uploads\/sites\/7\/2026\/04\/InterContinental-Geneva-Spa-Cinq-Mondes-SPA-3699.jpg\",\"datePublished\":\"2025-04-29T11:43:03+00:00\",\"dateModified\":\"2026-04-27T12:46:28+00:00\",\"description\":\"Profitez d\u2019un moment de d\u00e9tente \u00e0 notre Spa Cinq Mondes et piscine.\",\"breadcrumb\":{\"@id\":\"https:\/\/geneva.intercontinental.com\/fr\/produit\/parenthese-bien-etre\/#breadcrumb\"},\"inLanguage\":\"fr-FR\",\"potentialAction\":[{\"@type\":\"ReadAction\",\"target\":[\"https:\/\/geneva.intercontinental.com\/fr\/produit\/parenthese-bien-etre\/\"]}]},{\"@type\":\"ImageObject\",\"inLanguage\":\"fr-FR\",\"@id\":\"https:\/\/geneva.intercontinental.com\/fr\/produit\/parenthese-bien-etre\/#primaryimage\",\"url\":\"https:\/\/geneva.intercontinental.com\/wp-content\/uploads\/sites\/7\/2026\/04\/InterContinental-Geneva-Spa-Cinq-Mondes-SPA-3699.jpg\",\"contentUrl\":\"https:\/\/geneva.intercontinental.com\/wp-content\/uploads\/sites\/7\/2026\/04\/InterContinental-Geneva-Spa-Cinq-Mondes-SPA-3699.jpg\",\"width\":2000,\"height\":1334},{\"@type\":\"BreadcrumbList\",\"@id\":\"https:\/\/geneva.intercontinental.com\/fr\/produit\/parenthese-bien-etre\/#breadcrumb\",\"itemListElement\":[{\"@type\":\"ListItem\",\"position\":1,\"name\":\"Accueil\",\"item\":\"https:\/\/geneva.intercontinental.com\/fr\/\"},{\"@type\":\"ListItem\",\"position\":2,\"name\":\"Boutique en ligne\",\"item\":\"https:\/\/geneva.intercontinental.com\/fr\/shop\/\"},{\"@type\":\"ListItem\",\"position\":3,\"name\":\"Parenth\u00e8se bien-\u00eatre\"}]},{\"@type\":\"WebSite\",\"@id\":\"https:\/\/geneva.intercontinental.com\/fr\/#website\",\"url\":\"https:\/\/geneva.intercontinental.com\/fr\/\",\"name\":\"IHG\",\"description\":\"Live the InterContinental Life\",\"publisher\":{\"@id\":\"https:\/\/geneva.intercontinental.com\/fr\/#organization\"},\"alternateName\":\"InterContinental Gen\u00e8ve\",\"potentialAction\":[{\"@type\":\"SearchAction\",\"target\":{\"@type\":\"EntryPoint\",\"urlTemplate\":\"https:\/\/geneva.intercontinental.com\/fr\/?s={search_term_string}\"},\"query-input\":{\"@type\":\"PropertyValueSpecification\",\"valueRequired\":true,\"valueName\":\"search_term_string\"}}],\"inLanguage\":\"fr-FR\"},{\"@type\":\"Organization\",\"@id\":\"https:\/\/geneva.intercontinental.com\/fr\/#organization\",\"name\":\"InterContinental Gen\u00e8ve\",\"alternateName\":\"GVAHA\",\"url\":\"https:\/\/geneva.intercontinental.com\/fr\/\",\"logo\":{\"@type\":\"ImageObject\",\"inLanguage\":\"fr-FR\",\"@id\":\"https:\/\/geneva.intercontinental.com\/fr\/#\/schema\/logo\/image\/\",\"url\":\"https:\/\/geneva.intercontinental.com\/wp-content\/uploads\/sites\/7\/2024\/04\/intercontinental-geneve-logo.svg\",\"contentUrl\":\"https:\/\/geneva.intercontinental.com\/wp-content\/uploads\/sites\/7\/2024\/04\/intercontinental-geneve-logo.svg\",\"caption\":\"InterContinental Gen\u00e8ve\"},\"image\":{\"@id\":\"https:\/\/geneva.intercontinental.com\/fr\/#\/schema\/logo\/image\/\"}}]}<\/script>\n<!-- \/ Yoast SEO plugin. -->","yoast_head_json":{"title":"Parenth\u00e8se bien-\u00eatre - InterContinental Gen\u00e8ve","description":"Profitez d\u2019un moment de d\u00e9tente \u00e0 notre Spa Cinq Mondes et piscine.","robots":{"index":"index","follow":"follow","max-snippet":"max-snippet:-1","max-image-preview":"max-image-preview:large","max-video-preview":"max-video-preview:-1"},"canonical":"https:\/\/geneva.intercontinental.com\/fr\/produit\/parenthese-bien-etre\/","og_locale":"fr_FR","og_type":"article","og_title":"Parenth\u00e8se bien-\u00eatre - InterContinental Gen\u00e8ve","og_description":"Profitez d\u2019un moment de d\u00e9tente \u00e0 notre Spa Cinq Mondes et piscine.","og_url":"https:\/\/geneva.intercontinental.com\/fr\/produit\/parenthese-bien-etre\/","og_site_name":"IHG","article_modified_time":"2026-04-27T12:46:28+00:00","og_image":[{"width":2000,"height":1334,"url":"https:\/\/geneva.intercontinental.com\/wp-content\/uploads\/sites\/7\/2026\/04\/InterContinental-Geneva-Spa-Cinq-Mondes-SPA-3699.jpg","type":"image\/jpeg"}],"twitter_card":"summary_large_image","twitter_misc":{"Dur\u00e9e de lecture estim\u00e9e":"1 minute"},"schema":{"@context":"https:\/\/schema.org","@graph":[{"@type":"WebPage","@id":"https:\/\/geneva.intercontinental.com\/fr\/produit\/parenthese-bien-etre\/","url":"https:\/\/geneva.intercontinental.com\/fr\/produit\/parenthese-bien-etre\/","name":"Parenth\u00e8se bien-\u00eatre - InterContinental Gen\u00e8ve","isPartOf":{"@id":"https:\/\/geneva.intercontinental.com\/fr\/#website"},"primaryImageOfPage":{"@id":"https:\/\/geneva.intercontinental.com\/fr\/produit\/parenthese-bien-etre\/#primaryimage"},"image":{"@id":"https:\/\/geneva.intercontinental.com\/fr\/produit\/parenthese-bien-etre\/#primaryimage"},"thumbnailUrl":"https:\/\/geneva.intercontinental.com\/wp-content\/uploads\/sites\/7\/2026\/04\/InterContinental-Geneva-Spa-Cinq-Mondes-SPA-3699.jpg","datePublished":"2025-04-29T11:43:03+00:00","dateModified":"2026-04-27T12:46:28+00:00","description":"Profitez d\u2019un moment de d\u00e9tente \u00e0 notre Spa Cinq Mondes et piscine.","breadcrumb":{"@id":"https:\/\/geneva.intercontinental.com\/fr\/produit\/parenthese-bien-etre\/#breadcrumb"},"inLanguage":"fr-FR","potentialAction":[{"@type":"ReadAction","target":["https:\/\/geneva.intercontinental.com\/fr\/produit\/parenthese-bien-etre\/"]}]},{"@type":"ImageObject","inLanguage":"fr-FR","@id":"https:\/\/geneva.intercontinental.com\/fr\/produit\/parenthese-bien-etre\/#primaryimage","url":"https:\/\/geneva.intercontinental.com\/wp-content\/uploads\/sites\/7\/2026\/04\/InterContinental-Geneva-Spa-Cinq-Mondes-SPA-3699.jpg","contentUrl":"https:\/\/geneva.intercontinental.com\/wp-content\/uploads\/sites\/7\/2026\/04\/InterContinental-Geneva-Spa-Cinq-Mondes-SPA-3699.jpg","width":2000,"height":1334},{"@type":"BreadcrumbList","@id":"https:\/\/geneva.intercontinental.com\/fr\/produit\/parenthese-bien-etre\/#breadcrumb","itemListElement":[{"@type":"ListItem","position":1,"name":"Accueil","item":"https:\/\/geneva.intercontinental.com\/fr\/"},{"@type":"ListItem","position":2,"name":"Boutique en ligne","item":"https:\/\/geneva.intercontinental.com\/fr\/shop\/"},{"@type":"ListItem","position":3,"name":"Parenth\u00e8se bien-\u00eatre"}]},{"@type":"WebSite","@id":"https:\/\/geneva.intercontinental.com\/fr\/#website","url":"https:\/\/geneva.intercontinental.com\/fr\/","name":"IHG","description":"Live the InterContinental Life","publisher":{"@id":"https:\/\/geneva.intercontinental.com\/fr\/#organization"},"alternateName":"InterContinental Gen\u00e8ve","potentialAction":[{"@type":"SearchAction","target":{"@type":"EntryPoint","urlTemplate":"https:\/\/geneva.intercontinental.com\/fr\/?s={search_term_string}"},"query-input":{"@type":"PropertyValueSpecification","valueRequired":true,"valueName":"search_term_string"}}],"inLanguage":"fr-FR"},{"@type":"Organization","@id":"https:\/\/geneva.intercontinental.com\/fr\/#organization","name":"InterContinental Gen\u00e8ve","alternateName":"GVAHA","url":"https:\/\/geneva.intercontinental.com\/fr\/","logo":{"@type":"ImageObject","inLanguage":"fr-FR","@id":"https:\/\/geneva.intercontinental.com\/fr\/#\/schema\/logo\/image\/","url":"https:\/\/geneva.intercontinental.com\/wp-content\/uploads\/sites\/7\/2024\/04\/intercontinental-geneve-logo.svg","contentUrl":"https:\/\/geneva.intercontinental.com\/wp-content\/uploads\/sites\/7\/2024\/04\/intercontinental-geneve-logo.svg","caption":"InterContinental Gen\u00e8ve"},"image":{"@id":"https:\/\/geneva.intercontinental.com\/fr\/#\/schema\/logo\/image\/"}}]}},"_links":{"self":[{"href":"https:\/\/geneva.intercontinental.com\/fr\/wp-json\/wp\/v2\/product\/35625","targetHints":{"allow":["GET"]}}],"collection":[{"href":"https:\/\/geneva.intercontinental.com\/fr\/wp-json\/wp\/v2\/product"}],"about":[{"href":"https:\/\/geneva.intercontinental.com\/fr\/wp-json\/wp\/v2\/types\/product"}],"wp:featuredmedia":[{"embeddable":true,"href":"https:\/\/geneva.intercontinental.com\/fr\/wp-json\/wp\/v2\/media\/41403"}],"wp:attachment":[{"href":"https:\/\/geneva.intercontinental.com\/fr\/wp-json\/wp\/v2\/media?parent=35625"}],"wp:term":[{"taxonomy":"product_brand","embeddable":true,"href":"https:\/\/geneva.intercontinental.com\/fr\/wp-json\/wp\/v2\/product_brand?post=35625"},{"taxonomy":"product_cat","embeddable":true,"href":"https:\/\/geneva.intercontinental.com\/fr\/wp-json\/wp\/v2\/product_cat?post=35625"},{"taxonomy":"product_tag","embeddable":true,"href":"https:\/\/geneva.intercontinental.com\/fr\/wp-json\/wp\/v2\/product_tag?post=35625"}],"curies":[{"name":"wp","href":"https:\/\/api.w.org\/{rel}","templated":true}]}}