{"id":16925,"date":"2023-03-30T10:00:09","date_gmt":"2023-03-30T08:00:09","guid":{"rendered":"https:\/\/geneva.intercontinental.com\/?post_type=product&#038;p=16925"},"modified":"2026-04-27T15:08:57","modified_gmt":"2026-04-27T13:08:57","slug":"soin-massage-sublime-de-polynesie","status":"publish","type":"product","link":"https:\/\/geneva.intercontinental.com\/fr\/produit\/soin-massage-sublime-de-polynesie\/","title":{"rendered":"Soin Massage Sublime de Polyn\u00e9sie"},"content":{"rendered":"<p>L\u00e2cher-prise.<\/p>\n<p>Inspir\u00e9 par les rythmes lents du Lomi-Lomi, ce massage h\u00e9rit\u00e9 des gu\u00e9risseurs de Polyn\u00e9sie aux d\u00e9licates notes de fleurs tropicales vous accompagne tout au long de ce soin, pour une exp\u00e9rience de relaxation profonde.<\/p>\n<p>Massage effectu\u00e9 avec l\u2019Huile Sublime et le Baume Sublime chauff\u00e9s et labellis\u00e9s Cosm\u00e9bio.<\/p>\n<p>Utilisez votre bon Cinq Mondes lors de votre r\u00e9servation, \u00e0 effectuer au moins 48 heures \u00e0 l&#8217;avance.<\/p>\n<p>R\u00e9servation de votre massage directement aupr\u00e8s de nos Beauty Ambassadors : <a href=\"mailto:accueil.geneve@cinqmondes.com\">accueil.geneve@cinqmondes.com<\/a> ou <a href=\"tel:+41 22 740 46 27\">+41 22 740 46 27<\/a>.<\/p>\n","protected":false},"excerpt":{"rendered":"<p>Inspir\u00e9 par les rythmes lents du Lomi-Lomi, ce massage h\u00e9rit\u00e9 des gu\u00e9risseurs de Polyn\u00e9sie aux d\u00e9licates notes de fleurs tropicales vous accompagne tout au long de ce soin, pour une exp\u00e9rience de relaxation profonde.<\/p>\n","protected":false},"featured_media":41429,"template":"","meta":{"_acf_changed":false},"product_brand":[],"product_cat":[99],"product_tag":[],"class_list":{"0":"post-16925","1":"product","2":"type-product","3":"status-publish","4":"has-post-thumbnail","6":"product_cat-spa-cinq-mondes","8":"first","9":"instock","10":"shipping-taxable","11":"purchasable","12":"product-type-variable"},"acf":[],"yoast_head":"<!-- This site is optimized with the Yoast SEO plugin v26.2 - https:\/\/yoast.com\/wordpress\/plugins\/seo\/ -->\n<title>Soin Massage Sublime de Polyn\u00e9sie - InterContinental Gen\u00e8ve<\/title>\n<meta name=\"robots\" content=\"index, follow, max-snippet:-1, max-image-preview:large, max-video-preview:-1\" \/>\n<link rel=\"canonical\" href=\"https:\/\/geneva.intercontinental.com\/fr\/produit\/soin-massage-sublime-de-polynesie\/\" \/>\n<meta property=\"og:locale\" content=\"fr_FR\" \/>\n<meta property=\"og:type\" content=\"article\" \/>\n<meta property=\"og:title\" content=\"Soin Massage Sublime de Polyn\u00e9sie - InterContinental Gen\u00e8ve\" \/>\n<meta property=\"og:description\" content=\"Inspir\u00e9 par les rythmes lents du Lomi-Lomi, ce massage h\u00e9rit\u00e9 des gu\u00e9risseurs de Polyn\u00e9sie aux d\u00e9licates notes de fleurs tropicales vous accompagne tout au long de ce soin, pour une exp\u00e9rience de relaxation profonde.\" \/>\n<meta property=\"og:url\" content=\"https:\/\/geneva.intercontinental.com\/fr\/produit\/soin-massage-sublime-de-polynesie\/\" \/>\n<meta property=\"og:site_name\" content=\"IHG\" \/>\n<meta property=\"article:modified_time\" content=\"2026-04-27T13:08:57+00:00\" \/>\n<meta property=\"og:image\" content=\"https:\/\/geneva.intercontinental.com\/wp-content\/uploads\/sites\/7\/2023\/03\/InterContinental-Geneva-Spa-Cinq-Mondes-Polynesian-massage-SPA-3675.jpg\" \/>\n\t<meta property=\"og:image:width\" content=\"1334\" \/>\n\t<meta property=\"og:image:height\" content=\"2000\" \/>\n\t<meta property=\"og:image:type\" content=\"image\/jpeg\" \/>\n<meta name=\"twitter:card\" content=\"summary_large_image\" \/>\n<meta name=\"twitter:label1\" content=\"Dur\u00e9e de lecture estim\u00e9e\" \/>\n\t<meta name=\"twitter:data1\" content=\"1 minute\" \/>\n<script type=\"application\/ld+json\" class=\"yoast-schema-graph\">{\"@context\":\"https:\/\/schema.org\",\"@graph\":[{\"@type\":\"WebPage\",\"@id\":\"https:\/\/geneva.intercontinental.com\/fr\/produit\/soin-massage-sublime-de-polynesie\/\",\"url\":\"https:\/\/geneva.intercontinental.com\/fr\/produit\/soin-massage-sublime-de-polynesie\/\",\"name\":\"Soin Massage Sublime de Polyn\u00e9sie - InterContinental Gen\u00e8ve\",\"isPartOf\":{\"@id\":\"https:\/\/geneva.intercontinental.com\/fr\/#website\"},\"primaryImageOfPage\":{\"@id\":\"https:\/\/geneva.intercontinental.com\/fr\/produit\/soin-massage-sublime-de-polynesie\/#primaryimage\"},\"image\":{\"@id\":\"https:\/\/geneva.intercontinental.com\/fr\/produit\/soin-massage-sublime-de-polynesie\/#primaryimage\"},\"thumbnailUrl\":\"https:\/\/geneva.intercontinental.com\/wp-content\/uploads\/sites\/7\/2023\/03\/InterContinental-Geneva-Spa-Cinq-Mondes-Polynesian-massage-SPA-3675.jpg\",\"datePublished\":\"2023-03-30T08:00:09+00:00\",\"dateModified\":\"2026-04-27T13:08:57+00:00\",\"breadcrumb\":{\"@id\":\"https:\/\/geneva.intercontinental.com\/fr\/produit\/soin-massage-sublime-de-polynesie\/#breadcrumb\"},\"inLanguage\":\"fr-FR\",\"potentialAction\":[{\"@type\":\"ReadAction\",\"target\":[\"https:\/\/geneva.intercontinental.com\/fr\/produit\/soin-massage-sublime-de-polynesie\/\"]}]},{\"@type\":\"ImageObject\",\"inLanguage\":\"fr-FR\",\"@id\":\"https:\/\/geneva.intercontinental.com\/fr\/produit\/soin-massage-sublime-de-polynesie\/#primaryimage\",\"url\":\"https:\/\/geneva.intercontinental.com\/wp-content\/uploads\/sites\/7\/2023\/03\/InterContinental-Geneva-Spa-Cinq-Mondes-Polynesian-massage-SPA-3675.jpg\",\"contentUrl\":\"https:\/\/geneva.intercontinental.com\/wp-content\/uploads\/sites\/7\/2023\/03\/InterContinental-Geneva-Spa-Cinq-Mondes-Polynesian-massage-SPA-3675.jpg\",\"width\":1334,\"height\":2000},{\"@type\":\"BreadcrumbList\",\"@id\":\"https:\/\/geneva.intercontinental.com\/fr\/produit\/soin-massage-sublime-de-polynesie\/#breadcrumb\",\"itemListElement\":[{\"@type\":\"ListItem\",\"position\":1,\"name\":\"Accueil\",\"item\":\"https:\/\/geneva.intercontinental.com\/fr\/\"},{\"@type\":\"ListItem\",\"position\":2,\"name\":\"Boutique en ligne\",\"item\":\"https:\/\/geneva.intercontinental.com\/fr\/shop\/\"},{\"@type\":\"ListItem\",\"position\":3,\"name\":\"Soin Massage Sublime de Polyn\u00e9sie\"}]},{\"@type\":\"WebSite\",\"@id\":\"https:\/\/geneva.intercontinental.com\/fr\/#website\",\"url\":\"https:\/\/geneva.intercontinental.com\/fr\/\",\"name\":\"IHG\",\"description\":\"Live the InterContinental Life\",\"publisher\":{\"@id\":\"https:\/\/geneva.intercontinental.com\/fr\/#organization\"},\"alternateName\":\"InterContinental Gen\u00e8ve\",\"potentialAction\":[{\"@type\":\"SearchAction\",\"target\":{\"@type\":\"EntryPoint\",\"urlTemplate\":\"https:\/\/geneva.intercontinental.com\/fr\/?s={search_term_string}\"},\"query-input\":{\"@type\":\"PropertyValueSpecification\",\"valueRequired\":true,\"valueName\":\"search_term_string\"}}],\"inLanguage\":\"fr-FR\"},{\"@type\":\"Organization\",\"@id\":\"https:\/\/geneva.intercontinental.com\/fr\/#organization\",\"name\":\"InterContinental Gen\u00e8ve\",\"alternateName\":\"GVAHA\",\"url\":\"https:\/\/geneva.intercontinental.com\/fr\/\",\"logo\":{\"@type\":\"ImageObject\",\"inLanguage\":\"fr-FR\",\"@id\":\"https:\/\/geneva.intercontinental.com\/fr\/#\/schema\/logo\/image\/\",\"url\":\"https:\/\/geneva.intercontinental.com\/wp-content\/uploads\/sites\/7\/2024\/04\/intercontinental-geneve-logo.svg\",\"contentUrl\":\"https:\/\/geneva.intercontinental.com\/wp-content\/uploads\/sites\/7\/2024\/04\/intercontinental-geneve-logo.svg\",\"caption\":\"InterContinental Gen\u00e8ve\"},\"image\":{\"@id\":\"https:\/\/geneva.intercontinental.com\/fr\/#\/schema\/logo\/image\/\"}}]}<\/script>\n<!-- \/ Yoast SEO plugin. -->","yoast_head_json":{"title":"Soin Massage Sublime de Polyn\u00e9sie - InterContinental Gen\u00e8ve","robots":{"index":"index","follow":"follow","max-snippet":"max-snippet:-1","max-image-preview":"max-image-preview:large","max-video-preview":"max-video-preview:-1"},"canonical":"https:\/\/geneva.intercontinental.com\/fr\/produit\/soin-massage-sublime-de-polynesie\/","og_locale":"fr_FR","og_type":"article","og_title":"Soin Massage Sublime de Polyn\u00e9sie - InterContinental Gen\u00e8ve","og_description":"Inspir\u00e9 par les rythmes lents du Lomi-Lomi, ce massage h\u00e9rit\u00e9 des gu\u00e9risseurs de Polyn\u00e9sie aux d\u00e9licates notes de fleurs tropicales vous accompagne tout au long de ce soin, pour une exp\u00e9rience de relaxation profonde.","og_url":"https:\/\/geneva.intercontinental.com\/fr\/produit\/soin-massage-sublime-de-polynesie\/","og_site_name":"IHG","article_modified_time":"2026-04-27T13:08:57+00:00","og_image":[{"width":1334,"height":2000,"url":"https:\/\/geneva.intercontinental.com\/wp-content\/uploads\/sites\/7\/2023\/03\/InterContinental-Geneva-Spa-Cinq-Mondes-Polynesian-massage-SPA-3675.jpg","type":"image\/jpeg"}],"twitter_card":"summary_large_image","twitter_misc":{"Dur\u00e9e de lecture estim\u00e9e":"1 minute"},"schema":{"@context":"https:\/\/schema.org","@graph":[{"@type":"WebPage","@id":"https:\/\/geneva.intercontinental.com\/fr\/produit\/soin-massage-sublime-de-polynesie\/","url":"https:\/\/geneva.intercontinental.com\/fr\/produit\/soin-massage-sublime-de-polynesie\/","name":"Soin Massage Sublime de Polyn\u00e9sie - InterContinental Gen\u00e8ve","isPartOf":{"@id":"https:\/\/geneva.intercontinental.com\/fr\/#website"},"primaryImageOfPage":{"@id":"https:\/\/geneva.intercontinental.com\/fr\/produit\/soin-massage-sublime-de-polynesie\/#primaryimage"},"image":{"@id":"https:\/\/geneva.intercontinental.com\/fr\/produit\/soin-massage-sublime-de-polynesie\/#primaryimage"},"thumbnailUrl":"https:\/\/geneva.intercontinental.com\/wp-content\/uploads\/sites\/7\/2023\/03\/InterContinental-Geneva-Spa-Cinq-Mondes-Polynesian-massage-SPA-3675.jpg","datePublished":"2023-03-30T08:00:09+00:00","dateModified":"2026-04-27T13:08:57+00:00","breadcrumb":{"@id":"https:\/\/geneva.intercontinental.com\/fr\/produit\/soin-massage-sublime-de-polynesie\/#breadcrumb"},"inLanguage":"fr-FR","potentialAction":[{"@type":"ReadAction","target":["https:\/\/geneva.intercontinental.com\/fr\/produit\/soin-massage-sublime-de-polynesie\/"]}]},{"@type":"ImageObject","inLanguage":"fr-FR","@id":"https:\/\/geneva.intercontinental.com\/fr\/produit\/soin-massage-sublime-de-polynesie\/#primaryimage","url":"https:\/\/geneva.intercontinental.com\/wp-content\/uploads\/sites\/7\/2023\/03\/InterContinental-Geneva-Spa-Cinq-Mondes-Polynesian-massage-SPA-3675.jpg","contentUrl":"https:\/\/geneva.intercontinental.com\/wp-content\/uploads\/sites\/7\/2023\/03\/InterContinental-Geneva-Spa-Cinq-Mondes-Polynesian-massage-SPA-3675.jpg","width":1334,"height":2000},{"@type":"BreadcrumbList","@id":"https:\/\/geneva.intercontinental.com\/fr\/produit\/soin-massage-sublime-de-polynesie\/#breadcrumb","itemListElement":[{"@type":"ListItem","position":1,"name":"Accueil","item":"https:\/\/geneva.intercontinental.com\/fr\/"},{"@type":"ListItem","position":2,"name":"Boutique en ligne","item":"https:\/\/geneva.intercontinental.com\/fr\/shop\/"},{"@type":"ListItem","position":3,"name":"Soin Massage Sublime de Polyn\u00e9sie"}]},{"@type":"WebSite","@id":"https:\/\/geneva.intercontinental.com\/fr\/#website","url":"https:\/\/geneva.intercontinental.com\/fr\/","name":"IHG","description":"Live the InterContinental Life","publisher":{"@id":"https:\/\/geneva.intercontinental.com\/fr\/#organization"},"alternateName":"InterContinental Gen\u00e8ve","potentialAction":[{"@type":"SearchAction","target":{"@type":"EntryPoint","urlTemplate":"https:\/\/geneva.intercontinental.com\/fr\/?s={search_term_string}"},"query-input":{"@type":"PropertyValueSpecification","valueRequired":true,"valueName":"search_term_string"}}],"inLanguage":"fr-FR"},{"@type":"Organization","@id":"https:\/\/geneva.intercontinental.com\/fr\/#organization","name":"InterContinental Gen\u00e8ve","alternateName":"GVAHA","url":"https:\/\/geneva.intercontinental.com\/fr\/","logo":{"@type":"ImageObject","inLanguage":"fr-FR","@id":"https:\/\/geneva.intercontinental.com\/fr\/#\/schema\/logo\/image\/","url":"https:\/\/geneva.intercontinental.com\/wp-content\/uploads\/sites\/7\/2024\/04\/intercontinental-geneve-logo.svg","contentUrl":"https:\/\/geneva.intercontinental.com\/wp-content\/uploads\/sites\/7\/2024\/04\/intercontinental-geneve-logo.svg","caption":"InterContinental Gen\u00e8ve"},"image":{"@id":"https:\/\/geneva.intercontinental.com\/fr\/#\/schema\/logo\/image\/"}}]}},"_links":{"self":[{"href":"https:\/\/geneva.intercontinental.com\/fr\/wp-json\/wp\/v2\/product\/16925","targetHints":{"allow":["GET"]}}],"collection":[{"href":"https:\/\/geneva.intercontinental.com\/fr\/wp-json\/wp\/v2\/product"}],"about":[{"href":"https:\/\/geneva.intercontinental.com\/fr\/wp-json\/wp\/v2\/types\/product"}],"wp:featuredmedia":[{"embeddable":true,"href":"https:\/\/geneva.intercontinental.com\/fr\/wp-json\/wp\/v2\/media\/41429"}],"wp:attachment":[{"href":"https:\/\/geneva.intercontinental.com\/fr\/wp-json\/wp\/v2\/media?parent=16925"}],"wp:term":[{"taxonomy":"product_brand","embeddable":true,"href":"https:\/\/geneva.intercontinental.com\/fr\/wp-json\/wp\/v2\/product_brand?post=16925"},{"taxonomy":"product_cat","embeddable":true,"href":"https:\/\/geneva.intercontinental.com\/fr\/wp-json\/wp\/v2\/product_cat?post=16925"},{"taxonomy":"product_tag","embeddable":true,"href":"https:\/\/geneva.intercontinental.com\/fr\/wp-json\/wp\/v2\/product_tag?post=16925"}],"curies":[{"name":"wp","href":"https:\/\/api.w.org\/{rel}","templated":true}]}}