{"id":16914,"date":"2023-03-30T09:54:30","date_gmt":"2023-03-30T07:54:30","guid":{"rendered":"https:\/\/geneva.intercontinental.com\/?post_type=product&#038;p=16914"},"modified":"2026-04-27T14:49:18","modified_gmt":"2026-04-27T12:49:18","slug":"soin-massage-ayurvedique-indien","status":"publish","type":"product","link":"https:\/\/geneva.intercontinental.com\/fr\/produit\/soin-massage-ayurvedique-indien\/","title":{"rendered":"Soin Massage Ayurv\u00e9dique Indien"},"content":{"rendered":"<p>Tonique profond.<\/p>\n<p>Profitez de ce massage inspir\u00e9 de l\u2019Abhyanga traditionnel \u00e0 l\u2019huile chaude. L\u2019alternance des man\u0153uvres lentes et rapides d\u00e9lie les tensions et r\u00e9veille le corps.<\/p>\n<p>Utilisez votre bon Cinq Mondes lors de votre r\u00e9servation, \u00e0 effectuer au moins 48 heures \u00e0 l&#8217;avance.<\/p>\n<p>R\u00e9servation de votre massage directement aupr\u00e8s de nos Beauty Ambassadors : <a href=\"mailto:accueil.geneve@cinqmondes.com\">accueil.geneve@cinqmondes.com<\/a> ou <a href=\"tel:+41 22 740 46 27\">+41 22 740 46 27<\/a>.<\/p>\n","protected":false},"excerpt":{"rendered":"<p>Profitez de ce massage inspir\u00e9 de l\u2019Abhyanga traditionnel \u00e0 l\u2019huile chaude. L\u2019alternance des man\u0153uvres lentes et rapides d\u00e9lie les tensions et r\u00e9veille le corps.<\/p>\n","protected":false},"featured_media":41423,"template":"","meta":{"_acf_changed":false},"product_brand":[],"product_cat":[99],"product_tag":[],"class_list":{"0":"post-16914","1":"product","2":"type-product","3":"status-publish","4":"has-post-thumbnail","6":"product_cat-spa-cinq-mondes","8":"first","9":"instock","10":"shipping-taxable","11":"purchasable","12":"product-type-variable"},"acf":[],"yoast_head":"<!-- This site is optimized with the Yoast SEO plugin v26.2 - https:\/\/yoast.com\/wordpress\/plugins\/seo\/ -->\n<title>Soin Massage Ayurv\u00e9dique Indien - InterContinental Gen\u00e8ve<\/title>\n<meta name=\"robots\" content=\"index, follow, max-snippet:-1, max-image-preview:large, max-video-preview:-1\" \/>\n<link rel=\"canonical\" href=\"https:\/\/geneva.intercontinental.com\/fr\/produit\/soin-massage-ayurvedique-indien\/\" \/>\n<meta property=\"og:locale\" content=\"fr_FR\" \/>\n<meta property=\"og:type\" content=\"article\" \/>\n<meta property=\"og:title\" content=\"Soin Massage Ayurv\u00e9dique Indien - InterContinental Gen\u00e8ve\" \/>\n<meta property=\"og:description\" content=\"Profitez de ce massage inspir\u00e9 de l\u2019Abhyanga traditionnel \u00e0 l\u2019huile chaude. L\u2019alternance des man\u0153uvres lentes et rapides d\u00e9lie les tensions et r\u00e9veille le corps.\" \/>\n<meta property=\"og:url\" content=\"https:\/\/geneva.intercontinental.com\/fr\/produit\/soin-massage-ayurvedique-indien\/\" \/>\n<meta property=\"og:site_name\" content=\"IHG\" \/>\n<meta property=\"article:modified_time\" content=\"2026-04-27T12:49:18+00:00\" \/>\n<meta property=\"og:image\" content=\"https:\/\/geneva.intercontinental.com\/wp-content\/uploads\/sites\/7\/2023\/03\/InterContinental-Geneva-Spa-Cinq-Mondes-ayurvedic-massage-SPA-V2-3751.jpg\" \/>\n\t<meta property=\"og:image:width\" content=\"1334\" \/>\n\t<meta property=\"og:image:height\" content=\"2000\" \/>\n\t<meta property=\"og:image:type\" content=\"image\/jpeg\" \/>\n<meta name=\"twitter:card\" content=\"summary_large_image\" \/>\n<meta name=\"twitter:label1\" content=\"Dur\u00e9e de lecture estim\u00e9e\" \/>\n\t<meta name=\"twitter:data1\" content=\"1 minute\" \/>\n<script type=\"application\/ld+json\" class=\"yoast-schema-graph\">{\"@context\":\"https:\/\/schema.org\",\"@graph\":[{\"@type\":\"WebPage\",\"@id\":\"https:\/\/geneva.intercontinental.com\/fr\/produit\/soin-massage-ayurvedique-indien\/\",\"url\":\"https:\/\/geneva.intercontinental.com\/fr\/produit\/soin-massage-ayurvedique-indien\/\",\"name\":\"Soin Massage Ayurv\u00e9dique Indien - InterContinental Gen\u00e8ve\",\"isPartOf\":{\"@id\":\"https:\/\/geneva.intercontinental.com\/fr\/#website\"},\"primaryImageOfPage\":{\"@id\":\"https:\/\/geneva.intercontinental.com\/fr\/produit\/soin-massage-ayurvedique-indien\/#primaryimage\"},\"image\":{\"@id\":\"https:\/\/geneva.intercontinental.com\/fr\/produit\/soin-massage-ayurvedique-indien\/#primaryimage\"},\"thumbnailUrl\":\"https:\/\/geneva.intercontinental.com\/wp-content\/uploads\/sites\/7\/2023\/03\/InterContinental-Geneva-Spa-Cinq-Mondes-ayurvedic-massage-SPA-V2-3751.jpg\",\"datePublished\":\"2023-03-30T07:54:30+00:00\",\"dateModified\":\"2026-04-27T12:49:18+00:00\",\"breadcrumb\":{\"@id\":\"https:\/\/geneva.intercontinental.com\/fr\/produit\/soin-massage-ayurvedique-indien\/#breadcrumb\"},\"inLanguage\":\"fr-FR\",\"potentialAction\":[{\"@type\":\"ReadAction\",\"target\":[\"https:\/\/geneva.intercontinental.com\/fr\/produit\/soin-massage-ayurvedique-indien\/\"]}]},{\"@type\":\"ImageObject\",\"inLanguage\":\"fr-FR\",\"@id\":\"https:\/\/geneva.intercontinental.com\/fr\/produit\/soin-massage-ayurvedique-indien\/#primaryimage\",\"url\":\"https:\/\/geneva.intercontinental.com\/wp-content\/uploads\/sites\/7\/2023\/03\/InterContinental-Geneva-Spa-Cinq-Mondes-ayurvedic-massage-SPA-V2-3751.jpg\",\"contentUrl\":\"https:\/\/geneva.intercontinental.com\/wp-content\/uploads\/sites\/7\/2023\/03\/InterContinental-Geneva-Spa-Cinq-Mondes-ayurvedic-massage-SPA-V2-3751.jpg\",\"width\":1334,\"height\":2000},{\"@type\":\"BreadcrumbList\",\"@id\":\"https:\/\/geneva.intercontinental.com\/fr\/produit\/soin-massage-ayurvedique-indien\/#breadcrumb\",\"itemListElement\":[{\"@type\":\"ListItem\",\"position\":1,\"name\":\"Accueil\",\"item\":\"https:\/\/geneva.intercontinental.com\/fr\/\"},{\"@type\":\"ListItem\",\"position\":2,\"name\":\"Boutique en ligne\",\"item\":\"https:\/\/geneva.intercontinental.com\/fr\/shop\/\"},{\"@type\":\"ListItem\",\"position\":3,\"name\":\"Soin Massage Ayurv\u00e9dique Indien\"}]},{\"@type\":\"WebSite\",\"@id\":\"https:\/\/geneva.intercontinental.com\/fr\/#website\",\"url\":\"https:\/\/geneva.intercontinental.com\/fr\/\",\"name\":\"IHG\",\"description\":\"Live the InterContinental Life\",\"publisher\":{\"@id\":\"https:\/\/geneva.intercontinental.com\/fr\/#organization\"},\"alternateName\":\"InterContinental Gen\u00e8ve\",\"potentialAction\":[{\"@type\":\"SearchAction\",\"target\":{\"@type\":\"EntryPoint\",\"urlTemplate\":\"https:\/\/geneva.intercontinental.com\/fr\/?s={search_term_string}\"},\"query-input\":{\"@type\":\"PropertyValueSpecification\",\"valueRequired\":true,\"valueName\":\"search_term_string\"}}],\"inLanguage\":\"fr-FR\"},{\"@type\":\"Organization\",\"@id\":\"https:\/\/geneva.intercontinental.com\/fr\/#organization\",\"name\":\"InterContinental Gen\u00e8ve\",\"alternateName\":\"GVAHA\",\"url\":\"https:\/\/geneva.intercontinental.com\/fr\/\",\"logo\":{\"@type\":\"ImageObject\",\"inLanguage\":\"fr-FR\",\"@id\":\"https:\/\/geneva.intercontinental.com\/fr\/#\/schema\/logo\/image\/\",\"url\":\"https:\/\/geneva.intercontinental.com\/wp-content\/uploads\/sites\/7\/2024\/04\/intercontinental-geneve-logo.svg\",\"contentUrl\":\"https:\/\/geneva.intercontinental.com\/wp-content\/uploads\/sites\/7\/2024\/04\/intercontinental-geneve-logo.svg\",\"caption\":\"InterContinental Gen\u00e8ve\"},\"image\":{\"@id\":\"https:\/\/geneva.intercontinental.com\/fr\/#\/schema\/logo\/image\/\"}}]}<\/script>\n<!-- \/ Yoast SEO plugin. -->","yoast_head_json":{"title":"Soin Massage Ayurv\u00e9dique Indien - InterContinental Gen\u00e8ve","robots":{"index":"index","follow":"follow","max-snippet":"max-snippet:-1","max-image-preview":"max-image-preview:large","max-video-preview":"max-video-preview:-1"},"canonical":"https:\/\/geneva.intercontinental.com\/fr\/produit\/soin-massage-ayurvedique-indien\/","og_locale":"fr_FR","og_type":"article","og_title":"Soin Massage Ayurv\u00e9dique Indien - InterContinental Gen\u00e8ve","og_description":"Profitez de ce massage inspir\u00e9 de l\u2019Abhyanga traditionnel \u00e0 l\u2019huile chaude. L\u2019alternance des man\u0153uvres lentes et rapides d\u00e9lie les tensions et r\u00e9veille le corps.","og_url":"https:\/\/geneva.intercontinental.com\/fr\/produit\/soin-massage-ayurvedique-indien\/","og_site_name":"IHG","article_modified_time":"2026-04-27T12:49:18+00:00","og_image":[{"width":1334,"height":2000,"url":"https:\/\/geneva.intercontinental.com\/wp-content\/uploads\/sites\/7\/2023\/03\/InterContinental-Geneva-Spa-Cinq-Mondes-ayurvedic-massage-SPA-V2-3751.jpg","type":"image\/jpeg"}],"twitter_card":"summary_large_image","twitter_misc":{"Dur\u00e9e de lecture estim\u00e9e":"1 minute"},"schema":{"@context":"https:\/\/schema.org","@graph":[{"@type":"WebPage","@id":"https:\/\/geneva.intercontinental.com\/fr\/produit\/soin-massage-ayurvedique-indien\/","url":"https:\/\/geneva.intercontinental.com\/fr\/produit\/soin-massage-ayurvedique-indien\/","name":"Soin Massage Ayurv\u00e9dique Indien - InterContinental Gen\u00e8ve","isPartOf":{"@id":"https:\/\/geneva.intercontinental.com\/fr\/#website"},"primaryImageOfPage":{"@id":"https:\/\/geneva.intercontinental.com\/fr\/produit\/soin-massage-ayurvedique-indien\/#primaryimage"},"image":{"@id":"https:\/\/geneva.intercontinental.com\/fr\/produit\/soin-massage-ayurvedique-indien\/#primaryimage"},"thumbnailUrl":"https:\/\/geneva.intercontinental.com\/wp-content\/uploads\/sites\/7\/2023\/03\/InterContinental-Geneva-Spa-Cinq-Mondes-ayurvedic-massage-SPA-V2-3751.jpg","datePublished":"2023-03-30T07:54:30+00:00","dateModified":"2026-04-27T12:49:18+00:00","breadcrumb":{"@id":"https:\/\/geneva.intercontinental.com\/fr\/produit\/soin-massage-ayurvedique-indien\/#breadcrumb"},"inLanguage":"fr-FR","potentialAction":[{"@type":"ReadAction","target":["https:\/\/geneva.intercontinental.com\/fr\/produit\/soin-massage-ayurvedique-indien\/"]}]},{"@type":"ImageObject","inLanguage":"fr-FR","@id":"https:\/\/geneva.intercontinental.com\/fr\/produit\/soin-massage-ayurvedique-indien\/#primaryimage","url":"https:\/\/geneva.intercontinental.com\/wp-content\/uploads\/sites\/7\/2023\/03\/InterContinental-Geneva-Spa-Cinq-Mondes-ayurvedic-massage-SPA-V2-3751.jpg","contentUrl":"https:\/\/geneva.intercontinental.com\/wp-content\/uploads\/sites\/7\/2023\/03\/InterContinental-Geneva-Spa-Cinq-Mondes-ayurvedic-massage-SPA-V2-3751.jpg","width":1334,"height":2000},{"@type":"BreadcrumbList","@id":"https:\/\/geneva.intercontinental.com\/fr\/produit\/soin-massage-ayurvedique-indien\/#breadcrumb","itemListElement":[{"@type":"ListItem","position":1,"name":"Accueil","item":"https:\/\/geneva.intercontinental.com\/fr\/"},{"@type":"ListItem","position":2,"name":"Boutique en ligne","item":"https:\/\/geneva.intercontinental.com\/fr\/shop\/"},{"@type":"ListItem","position":3,"name":"Soin Massage Ayurv\u00e9dique Indien"}]},{"@type":"WebSite","@id":"https:\/\/geneva.intercontinental.com\/fr\/#website","url":"https:\/\/geneva.intercontinental.com\/fr\/","name":"IHG","description":"Live the InterContinental Life","publisher":{"@id":"https:\/\/geneva.intercontinental.com\/fr\/#organization"},"alternateName":"InterContinental Gen\u00e8ve","potentialAction":[{"@type":"SearchAction","target":{"@type":"EntryPoint","urlTemplate":"https:\/\/geneva.intercontinental.com\/fr\/?s={search_term_string}"},"query-input":{"@type":"PropertyValueSpecification","valueRequired":true,"valueName":"search_term_string"}}],"inLanguage":"fr-FR"},{"@type":"Organization","@id":"https:\/\/geneva.intercontinental.com\/fr\/#organization","name":"InterContinental Gen\u00e8ve","alternateName":"GVAHA","url":"https:\/\/geneva.intercontinental.com\/fr\/","logo":{"@type":"ImageObject","inLanguage":"fr-FR","@id":"https:\/\/geneva.intercontinental.com\/fr\/#\/schema\/logo\/image\/","url":"https:\/\/geneva.intercontinental.com\/wp-content\/uploads\/sites\/7\/2024\/04\/intercontinental-geneve-logo.svg","contentUrl":"https:\/\/geneva.intercontinental.com\/wp-content\/uploads\/sites\/7\/2024\/04\/intercontinental-geneve-logo.svg","caption":"InterContinental Gen\u00e8ve"},"image":{"@id":"https:\/\/geneva.intercontinental.com\/fr\/#\/schema\/logo\/image\/"}}]}},"_links":{"self":[{"href":"https:\/\/geneva.intercontinental.com\/fr\/wp-json\/wp\/v2\/product\/16914","targetHints":{"allow":["GET"]}}],"collection":[{"href":"https:\/\/geneva.intercontinental.com\/fr\/wp-json\/wp\/v2\/product"}],"about":[{"href":"https:\/\/geneva.intercontinental.com\/fr\/wp-json\/wp\/v2\/types\/product"}],"wp:featuredmedia":[{"embeddable":true,"href":"https:\/\/geneva.intercontinental.com\/fr\/wp-json\/wp\/v2\/media\/41423"}],"wp:attachment":[{"href":"https:\/\/geneva.intercontinental.com\/fr\/wp-json\/wp\/v2\/media?parent=16914"}],"wp:term":[{"taxonomy":"product_brand","embeddable":true,"href":"https:\/\/geneva.intercontinental.com\/fr\/wp-json\/wp\/v2\/product_brand?post=16914"},{"taxonomy":"product_cat","embeddable":true,"href":"https:\/\/geneva.intercontinental.com\/fr\/wp-json\/wp\/v2\/product_cat?post=16914"},{"taxonomy":"product_tag","embeddable":true,"href":"https:\/\/geneva.intercontinental.com\/fr\/wp-json\/wp\/v2\/product_tag?post=16914"}],"curies":[{"name":"wp","href":"https:\/\/api.w.org\/{rel}","templated":true}]}}