{"id":16904,"date":"2023-03-30T10:18:14","date_gmt":"2023-03-30T08:18:14","guid":{"rendered":"https:\/\/geneva.intercontinental.com\/?post_type=product&#038;p=16904"},"modified":"2026-04-27T15:03:43","modified_gmt":"2026-04-27T13:03:43","slug":"soin-massage-aux-5-fleurs-de-bali-50-mins","status":"publish","type":"product","link":"https:\/\/geneva.intercontinental.com\/fr\/produit\/soin-massage-aux-5-fleurs-de-bali-50-mins\/","title":{"rendered":"Soin Massage aux 5 Fleurs de Bali &#8211; 50 mins"},"content":{"rendered":"<p>Hydratant.<\/p>\n<p>Ce soin d\u2019origine balinaise hydrate en profondeur et illumine la peau gr\u00e2ce \u00e0 l\u2019association de cinq fleurs tropicales. Les massages du visage, de la nuque et des trap\u00e8zes lib\u00e8rent les tensions et apportent ressourcement.<\/p>\n<p>Utilisez votre bon Cinq Mondes lors de votre r\u00e9servation, \u00e0 effectuer au moins 48 heures \u00e0 l&#8217;avance.<\/p>\n<p>R\u00e9servation de votre massage directement aupr\u00e8s de nos Beauty Ambassadors : <a href=\"mailto:accueil.geneve@cinqmondes.com\">accueil.geneve@cinqmondes.com<\/a> ou <a href=\"tel:+41 22 740 46 27\">+41 22 740 46 27<\/a>.<\/p>\n","protected":false},"excerpt":{"rendered":"<p>Ce soin d\u2019origine balinaise hydrate en profondeur et illumine la peau gr\u00e2ce \u00e0 l\u2019association de cinq fleurs tropicales. Les massages du visage, de la nuque et des trap\u00e8zes lib\u00e8rent les tensions et apportent ressourcement.<\/p>\n","protected":false},"featured_media":41425,"template":"","meta":{"_acf_changed":false},"product_brand":[],"product_cat":[99],"product_tag":[],"class_list":{"0":"post-16904","1":"product","2":"type-product","3":"status-publish","4":"has-post-thumbnail","6":"product_cat-spa-cinq-mondes","8":"first","9":"instock","10":"downloadable","11":"virtual","12":"purchasable","13":"product-type-simple"},"acf":[],"yoast_head":"<!-- This site is optimized with the Yoast SEO plugin v26.2 - https:\/\/yoast.com\/wordpress\/plugins\/seo\/ -->\n<title>Soin Massage aux 5 Fleurs de Bali - 50 mins - InterContinental Gen\u00e8ve<\/title>\n<meta name=\"robots\" content=\"index, follow, max-snippet:-1, max-image-preview:large, max-video-preview:-1\" \/>\n<link rel=\"canonical\" href=\"https:\/\/geneva.intercontinental.com\/fr\/produit\/soin-massage-aux-5-fleurs-de-bali-50-mins\/\" \/>\n<meta property=\"og:locale\" content=\"fr_FR\" \/>\n<meta property=\"og:type\" content=\"article\" \/>\n<meta property=\"og:title\" content=\"Soin Massage aux 5 Fleurs de Bali - 50 mins - InterContinental Gen\u00e8ve\" \/>\n<meta property=\"og:description\" content=\"Ce soin d\u2019origine balinaise hydrate en profondeur et illumine la peau gr\u00e2ce \u00e0 l\u2019association de cinq fleurs tropicales. Les massages du visage, de la nuque et des trap\u00e8zes lib\u00e8rent les tensions et apportent ressourcement.\" \/>\n<meta property=\"og:url\" content=\"https:\/\/geneva.intercontinental.com\/fr\/produit\/soin-massage-aux-5-fleurs-de-bali-50-mins\/\" \/>\n<meta property=\"og:site_name\" content=\"IHG\" \/>\n<meta property=\"article:modified_time\" content=\"2026-04-27T13:03:43+00:00\" \/>\n<meta property=\"og:image\" content=\"https:\/\/geneva.intercontinental.com\/wp-content\/uploads\/sites\/7\/2023\/03\/InterContinental-Geneva-Spa-Cinq-Mondes-SPA-3665.jpg\" \/>\n\t<meta property=\"og:image:width\" content=\"1334\" \/>\n\t<meta property=\"og:image:height\" content=\"2000\" \/>\n\t<meta property=\"og:image:type\" content=\"image\/jpeg\" \/>\n<meta name=\"twitter:card\" content=\"summary_large_image\" \/>\n<meta name=\"twitter:label1\" content=\"Dur\u00e9e de lecture estim\u00e9e\" \/>\n\t<meta name=\"twitter:data1\" content=\"1 minute\" \/>\n<script type=\"application\/ld+json\" class=\"yoast-schema-graph\">{\"@context\":\"https:\/\/schema.org\",\"@graph\":[{\"@type\":\"WebPage\",\"@id\":\"https:\/\/geneva.intercontinental.com\/fr\/produit\/soin-massage-aux-5-fleurs-de-bali-50-mins\/\",\"url\":\"https:\/\/geneva.intercontinental.com\/fr\/produit\/soin-massage-aux-5-fleurs-de-bali-50-mins\/\",\"name\":\"Soin Massage aux 5 Fleurs de Bali - 50 mins - InterContinental Gen\u00e8ve\",\"isPartOf\":{\"@id\":\"https:\/\/geneva.intercontinental.com\/fr\/#website\"},\"primaryImageOfPage\":{\"@id\":\"https:\/\/geneva.intercontinental.com\/fr\/produit\/soin-massage-aux-5-fleurs-de-bali-50-mins\/#primaryimage\"},\"image\":{\"@id\":\"https:\/\/geneva.intercontinental.com\/fr\/produit\/soin-massage-aux-5-fleurs-de-bali-50-mins\/#primaryimage\"},\"thumbnailUrl\":\"https:\/\/geneva.intercontinental.com\/wp-content\/uploads\/sites\/7\/2023\/03\/InterContinental-Geneva-Spa-Cinq-Mondes-SPA-3665.jpg\",\"datePublished\":\"2023-03-30T08:18:14+00:00\",\"dateModified\":\"2026-04-27T13:03:43+00:00\",\"breadcrumb\":{\"@id\":\"https:\/\/geneva.intercontinental.com\/fr\/produit\/soin-massage-aux-5-fleurs-de-bali-50-mins\/#breadcrumb\"},\"inLanguage\":\"fr-FR\",\"potentialAction\":[{\"@type\":\"ReadAction\",\"target\":[\"https:\/\/geneva.intercontinental.com\/fr\/produit\/soin-massage-aux-5-fleurs-de-bali-50-mins\/\"]}]},{\"@type\":\"ImageObject\",\"inLanguage\":\"fr-FR\",\"@id\":\"https:\/\/geneva.intercontinental.com\/fr\/produit\/soin-massage-aux-5-fleurs-de-bali-50-mins\/#primaryimage\",\"url\":\"https:\/\/geneva.intercontinental.com\/wp-content\/uploads\/sites\/7\/2023\/03\/InterContinental-Geneva-Spa-Cinq-Mondes-SPA-3665.jpg\",\"contentUrl\":\"https:\/\/geneva.intercontinental.com\/wp-content\/uploads\/sites\/7\/2023\/03\/InterContinental-Geneva-Spa-Cinq-Mondes-SPA-3665.jpg\",\"width\":1334,\"height\":2000},{\"@type\":\"BreadcrumbList\",\"@id\":\"https:\/\/geneva.intercontinental.com\/fr\/produit\/soin-massage-aux-5-fleurs-de-bali-50-mins\/#breadcrumb\",\"itemListElement\":[{\"@type\":\"ListItem\",\"position\":1,\"name\":\"Accueil\",\"item\":\"https:\/\/geneva.intercontinental.com\/fr\/\"},{\"@type\":\"ListItem\",\"position\":2,\"name\":\"Boutique en ligne\",\"item\":\"https:\/\/geneva.intercontinental.com\/fr\/shop\/\"},{\"@type\":\"ListItem\",\"position\":3,\"name\":\"Soin Massage aux 5 Fleurs de Bali &#8211; 50 mins\"}]},{\"@type\":\"WebSite\",\"@id\":\"https:\/\/geneva.intercontinental.com\/fr\/#website\",\"url\":\"https:\/\/geneva.intercontinental.com\/fr\/\",\"name\":\"IHG\",\"description\":\"Live the InterContinental Life\",\"publisher\":{\"@id\":\"https:\/\/geneva.intercontinental.com\/fr\/#organization\"},\"alternateName\":\"InterContinental Gen\u00e8ve\",\"potentialAction\":[{\"@type\":\"SearchAction\",\"target\":{\"@type\":\"EntryPoint\",\"urlTemplate\":\"https:\/\/geneva.intercontinental.com\/fr\/?s={search_term_string}\"},\"query-input\":{\"@type\":\"PropertyValueSpecification\",\"valueRequired\":true,\"valueName\":\"search_term_string\"}}],\"inLanguage\":\"fr-FR\"},{\"@type\":\"Organization\",\"@id\":\"https:\/\/geneva.intercontinental.com\/fr\/#organization\",\"name\":\"InterContinental Gen\u00e8ve\",\"alternateName\":\"GVAHA\",\"url\":\"https:\/\/geneva.intercontinental.com\/fr\/\",\"logo\":{\"@type\":\"ImageObject\",\"inLanguage\":\"fr-FR\",\"@id\":\"https:\/\/geneva.intercontinental.com\/fr\/#\/schema\/logo\/image\/\",\"url\":\"https:\/\/geneva.intercontinental.com\/wp-content\/uploads\/sites\/7\/2024\/04\/intercontinental-geneve-logo.svg\",\"contentUrl\":\"https:\/\/geneva.intercontinental.com\/wp-content\/uploads\/sites\/7\/2024\/04\/intercontinental-geneve-logo.svg\",\"caption\":\"InterContinental Gen\u00e8ve\"},\"image\":{\"@id\":\"https:\/\/geneva.intercontinental.com\/fr\/#\/schema\/logo\/image\/\"}}]}<\/script>\n<!-- \/ Yoast SEO plugin. -->","yoast_head_json":{"title":"Soin Massage aux 5 Fleurs de Bali - 50 mins - InterContinental Gen\u00e8ve","robots":{"index":"index","follow":"follow","max-snippet":"max-snippet:-1","max-image-preview":"max-image-preview:large","max-video-preview":"max-video-preview:-1"},"canonical":"https:\/\/geneva.intercontinental.com\/fr\/produit\/soin-massage-aux-5-fleurs-de-bali-50-mins\/","og_locale":"fr_FR","og_type":"article","og_title":"Soin Massage aux 5 Fleurs de Bali - 50 mins - InterContinental Gen\u00e8ve","og_description":"Ce soin d\u2019origine balinaise hydrate en profondeur et illumine la peau gr\u00e2ce \u00e0 l\u2019association de cinq fleurs tropicales. Les massages du visage, de la nuque et des trap\u00e8zes lib\u00e8rent les tensions et apportent ressourcement.","og_url":"https:\/\/geneva.intercontinental.com\/fr\/produit\/soin-massage-aux-5-fleurs-de-bali-50-mins\/","og_site_name":"IHG","article_modified_time":"2026-04-27T13:03:43+00:00","og_image":[{"width":1334,"height":2000,"url":"https:\/\/geneva.intercontinental.com\/wp-content\/uploads\/sites\/7\/2023\/03\/InterContinental-Geneva-Spa-Cinq-Mondes-SPA-3665.jpg","type":"image\/jpeg"}],"twitter_card":"summary_large_image","twitter_misc":{"Dur\u00e9e de lecture estim\u00e9e":"1 minute"},"schema":{"@context":"https:\/\/schema.org","@graph":[{"@type":"WebPage","@id":"https:\/\/geneva.intercontinental.com\/fr\/produit\/soin-massage-aux-5-fleurs-de-bali-50-mins\/","url":"https:\/\/geneva.intercontinental.com\/fr\/produit\/soin-massage-aux-5-fleurs-de-bali-50-mins\/","name":"Soin Massage aux 5 Fleurs de Bali - 50 mins - InterContinental Gen\u00e8ve","isPartOf":{"@id":"https:\/\/geneva.intercontinental.com\/fr\/#website"},"primaryImageOfPage":{"@id":"https:\/\/geneva.intercontinental.com\/fr\/produit\/soin-massage-aux-5-fleurs-de-bali-50-mins\/#primaryimage"},"image":{"@id":"https:\/\/geneva.intercontinental.com\/fr\/produit\/soin-massage-aux-5-fleurs-de-bali-50-mins\/#primaryimage"},"thumbnailUrl":"https:\/\/geneva.intercontinental.com\/wp-content\/uploads\/sites\/7\/2023\/03\/InterContinental-Geneva-Spa-Cinq-Mondes-SPA-3665.jpg","datePublished":"2023-03-30T08:18:14+00:00","dateModified":"2026-04-27T13:03:43+00:00","breadcrumb":{"@id":"https:\/\/geneva.intercontinental.com\/fr\/produit\/soin-massage-aux-5-fleurs-de-bali-50-mins\/#breadcrumb"},"inLanguage":"fr-FR","potentialAction":[{"@type":"ReadAction","target":["https:\/\/geneva.intercontinental.com\/fr\/produit\/soin-massage-aux-5-fleurs-de-bali-50-mins\/"]}]},{"@type":"ImageObject","inLanguage":"fr-FR","@id":"https:\/\/geneva.intercontinental.com\/fr\/produit\/soin-massage-aux-5-fleurs-de-bali-50-mins\/#primaryimage","url":"https:\/\/geneva.intercontinental.com\/wp-content\/uploads\/sites\/7\/2023\/03\/InterContinental-Geneva-Spa-Cinq-Mondes-SPA-3665.jpg","contentUrl":"https:\/\/geneva.intercontinental.com\/wp-content\/uploads\/sites\/7\/2023\/03\/InterContinental-Geneva-Spa-Cinq-Mondes-SPA-3665.jpg","width":1334,"height":2000},{"@type":"BreadcrumbList","@id":"https:\/\/geneva.intercontinental.com\/fr\/produit\/soin-massage-aux-5-fleurs-de-bali-50-mins\/#breadcrumb","itemListElement":[{"@type":"ListItem","position":1,"name":"Accueil","item":"https:\/\/geneva.intercontinental.com\/fr\/"},{"@type":"ListItem","position":2,"name":"Boutique en ligne","item":"https:\/\/geneva.intercontinental.com\/fr\/shop\/"},{"@type":"ListItem","position":3,"name":"Soin Massage aux 5 Fleurs de Bali &#8211; 50 mins"}]},{"@type":"WebSite","@id":"https:\/\/geneva.intercontinental.com\/fr\/#website","url":"https:\/\/geneva.intercontinental.com\/fr\/","name":"IHG","description":"Live the InterContinental Life","publisher":{"@id":"https:\/\/geneva.intercontinental.com\/fr\/#organization"},"alternateName":"InterContinental Gen\u00e8ve","potentialAction":[{"@type":"SearchAction","target":{"@type":"EntryPoint","urlTemplate":"https:\/\/geneva.intercontinental.com\/fr\/?s={search_term_string}"},"query-input":{"@type":"PropertyValueSpecification","valueRequired":true,"valueName":"search_term_string"}}],"inLanguage":"fr-FR"},{"@type":"Organization","@id":"https:\/\/geneva.intercontinental.com\/fr\/#organization","name":"InterContinental Gen\u00e8ve","alternateName":"GVAHA","url":"https:\/\/geneva.intercontinental.com\/fr\/","logo":{"@type":"ImageObject","inLanguage":"fr-FR","@id":"https:\/\/geneva.intercontinental.com\/fr\/#\/schema\/logo\/image\/","url":"https:\/\/geneva.intercontinental.com\/wp-content\/uploads\/sites\/7\/2024\/04\/intercontinental-geneve-logo.svg","contentUrl":"https:\/\/geneva.intercontinental.com\/wp-content\/uploads\/sites\/7\/2024\/04\/intercontinental-geneve-logo.svg","caption":"InterContinental Gen\u00e8ve"},"image":{"@id":"https:\/\/geneva.intercontinental.com\/fr\/#\/schema\/logo\/image\/"}}]}},"_links":{"self":[{"href":"https:\/\/geneva.intercontinental.com\/fr\/wp-json\/wp\/v2\/product\/16904","targetHints":{"allow":["GET"]}}],"collection":[{"href":"https:\/\/geneva.intercontinental.com\/fr\/wp-json\/wp\/v2\/product"}],"about":[{"href":"https:\/\/geneva.intercontinental.com\/fr\/wp-json\/wp\/v2\/types\/product"}],"wp:featuredmedia":[{"embeddable":true,"href":"https:\/\/geneva.intercontinental.com\/fr\/wp-json\/wp\/v2\/media\/41425"}],"wp:attachment":[{"href":"https:\/\/geneva.intercontinental.com\/fr\/wp-json\/wp\/v2\/media?parent=16904"}],"wp:term":[{"taxonomy":"product_brand","embeddable":true,"href":"https:\/\/geneva.intercontinental.com\/fr\/wp-json\/wp\/v2\/product_brand?post=16904"},{"taxonomy":"product_cat","embeddable":true,"href":"https:\/\/geneva.intercontinental.com\/fr\/wp-json\/wp\/v2\/product_cat?post=16904"},{"taxonomy":"product_tag","embeddable":true,"href":"https:\/\/geneva.intercontinental.com\/fr\/wp-json\/wp\/v2\/product_tag?post=16904"}],"curies":[{"name":"wp","href":"https:\/\/api.w.org\/{rel}","templated":true}]}}