{"id":16252,"date":"2023-02-22T13:56:04","date_gmt":"2023-02-22T12:56:04","guid":{"rendered":"https:\/\/geneva.intercontinental.com\/product\/une-nuit-en-chambre-junior-suite-vue-lac\/"},"modified":"2025-12-01T10:19:46","modified_gmt":"2025-12-01T09:19:46","slug":"une-nuit-en-chambre-junior-suite-vue-lac","status":"publish","type":"product","link":"https:\/\/geneva.intercontinental.com\/fr\/produit\/une-nuit-en-chambre-junior-suite-vue-lac\/","title":{"rendered":"Une Nuit en Chambre Junior Suite Vue Lac"},"content":{"rendered":"<p>Nos chambres &#8220;Junior Suite Vue Lac&#8221; se distinguent par leur atmosph\u00e8re chaleureuse, leur espace confortable de 45m\u00b2 et leur vue 360 spectaculaire sur le Lac L\u00e9man, le Mont Blanc et les Alpes ; id\u00e9al pour se d\u00e9tendre lors d&#8217;une escapade genevoise. Vous b\u00e9n\u00e9ficierez d&#8217;un petit-d\u00e9jeuner gourmand \u00e0 d\u00e9guster dans notre restaurant Le Woods ainsi qu\u2019un acc\u00e8s \u00e0 notre Spa Cinq Mondes sous r\u00e9serve de disponibilit\u00e9 (soins non-inclus), sauna, hammam et centre de remise en forme. Notre piscine est \u00e9galement ouverte pendant l&#8217;\u00e9t\u00e9.<\/p>\n<p>R\u00e9servez votre chambre* au :\u00a0<a href=\"tel:+41 22 919 32 61\">+41 22 919 32 61<\/a>\u00a0ou\u00a0<a href=\"mailto:gvaha.reservations@ihg.com\">gvaha.reservations@ihg.com<\/a><\/p>\n<p>*Sous r\u00e9serve de disponibilit\u00e9 | Petit-d\u00e9jeuner inclus uniquement<\/p>\n","protected":false},"excerpt":{"rendered":"<p>Nos chambres &#8220;Junior Suite Vue Lac&#8221; se distinguent par leur atmosph\u00e8re chaleureuse et leur vue 360 spectaculaire sur le Lac L\u00e9man, le Mont Blanc et les Alpes<\/p>\n","protected":false},"featured_media":20898,"template":"","meta":{"_acf_changed":false},"product_brand":[],"product_cat":[97],"product_tag":[],"class_list":{"0":"post-16252","1":"product","2":"type-product","3":"status-publish","4":"has-post-thumbnail","6":"product_cat-chambres-suites","8":"first","9":"instock","10":"downloadable","11":"virtual","12":"purchasable","13":"product-type-simple"},"acf":[],"yoast_head":"<!-- This site is optimized with the Yoast SEO plugin v26.2 - https:\/\/yoast.com\/wordpress\/plugins\/seo\/ -->\n<title>Une Nuit en Chambre Junior Suite Vue Lac - InterContinental Gen\u00e8ve<\/title>\n<meta name=\"robots\" content=\"index, follow, max-snippet:-1, max-image-preview:large, max-video-preview:-1\" \/>\n<link rel=\"canonical\" href=\"https:\/\/geneva.intercontinental.com\/fr\/produit\/une-nuit-en-chambre-junior-suite-vue-lac\/\" \/>\n<meta property=\"og:locale\" content=\"fr_FR\" \/>\n<meta property=\"og:type\" content=\"article\" \/>\n<meta property=\"og:title\" content=\"Une Nuit en Chambre Junior Suite Vue Lac - InterContinental Gen\u00e8ve\" \/>\n<meta property=\"og:description\" content=\"Nos chambres &quot;Junior Suite Vue Lac&quot; se distinguent par leur atmosph\u00e8re chaleureuse et leur vue 360 spectaculaire sur le Lac L\u00e9man, le Mont Blanc et les Alpes\" \/>\n<meta property=\"og:url\" content=\"https:\/\/geneva.intercontinental.com\/fr\/produit\/une-nuit-en-chambre-junior-suite-vue-lac\/\" \/>\n<meta property=\"og:site_name\" content=\"IHG\" \/>\n<meta property=\"article:modified_time\" content=\"2025-12-01T09:19:46+00:00\" \/>\n<meta property=\"og:image\" content=\"https:\/\/geneva.intercontinental.com\/wp-content\/uploads\/sites\/7\/2022\/11\/InterContinental-Geneve-Junior-Suite-Lake-view-Focus.jpg\" \/>\n\t<meta property=\"og:image:width\" content=\"1500\" \/>\n\t<meta property=\"og:image:height\" content=\"973\" \/>\n\t<meta property=\"og:image:type\" content=\"image\/jpeg\" \/>\n<meta name=\"twitter:card\" content=\"summary_large_image\" \/>\n<meta name=\"twitter:label1\" content=\"Dur\u00e9e de lecture estim\u00e9e\" \/>\n\t<meta name=\"twitter:data1\" content=\"1 minute\" \/>\n<script type=\"application\/ld+json\" class=\"yoast-schema-graph\">{\"@context\":\"https:\/\/schema.org\",\"@graph\":[{\"@type\":\"WebPage\",\"@id\":\"https:\/\/geneva.intercontinental.com\/fr\/produit\/une-nuit-en-chambre-junior-suite-vue-lac\/\",\"url\":\"https:\/\/geneva.intercontinental.com\/fr\/produit\/une-nuit-en-chambre-junior-suite-vue-lac\/\",\"name\":\"Une Nuit en Chambre Junior Suite Vue Lac - InterContinental Gen\u00e8ve\",\"isPartOf\":{\"@id\":\"https:\/\/geneva.intercontinental.com\/fr\/#website\"},\"primaryImageOfPage\":{\"@id\":\"https:\/\/geneva.intercontinental.com\/fr\/produit\/une-nuit-en-chambre-junior-suite-vue-lac\/#primaryimage\"},\"image\":{\"@id\":\"https:\/\/geneva.intercontinental.com\/fr\/produit\/une-nuit-en-chambre-junior-suite-vue-lac\/#primaryimage\"},\"thumbnailUrl\":\"https:\/\/geneva.intercontinental.com\/wp-content\/uploads\/sites\/7\/2022\/11\/InterContinental-Geneve-Junior-Suite-Lake-view-Focus.jpg\",\"datePublished\":\"2023-02-22T12:56:04+00:00\",\"dateModified\":\"2025-12-01T09:19:46+00:00\",\"breadcrumb\":{\"@id\":\"https:\/\/geneva.intercontinental.com\/fr\/produit\/une-nuit-en-chambre-junior-suite-vue-lac\/#breadcrumb\"},\"inLanguage\":\"fr-FR\",\"potentialAction\":[{\"@type\":\"ReadAction\",\"target\":[\"https:\/\/geneva.intercontinental.com\/fr\/produit\/une-nuit-en-chambre-junior-suite-vue-lac\/\"]}]},{\"@type\":\"ImageObject\",\"inLanguage\":\"fr-FR\",\"@id\":\"https:\/\/geneva.intercontinental.com\/fr\/produit\/une-nuit-en-chambre-junior-suite-vue-lac\/#primaryimage\",\"url\":\"https:\/\/geneva.intercontinental.com\/wp-content\/uploads\/sites\/7\/2022\/11\/InterContinental-Geneve-Junior-Suite-Lake-view-Focus.jpg\",\"contentUrl\":\"https:\/\/geneva.intercontinental.com\/wp-content\/uploads\/sites\/7\/2022\/11\/InterContinental-Geneve-Junior-Suite-Lake-view-Focus.jpg\",\"width\":1500,\"height\":973},{\"@type\":\"BreadcrumbList\",\"@id\":\"https:\/\/geneva.intercontinental.com\/fr\/produit\/une-nuit-en-chambre-junior-suite-vue-lac\/#breadcrumb\",\"itemListElement\":[{\"@type\":\"ListItem\",\"position\":1,\"name\":\"Accueil\",\"item\":\"https:\/\/geneva.intercontinental.com\/fr\/\"},{\"@type\":\"ListItem\",\"position\":2,\"name\":\"Boutique en ligne\",\"item\":\"https:\/\/geneva.intercontinental.com\/fr\/shop\/\"},{\"@type\":\"ListItem\",\"position\":3,\"name\":\"Une Nuit en Chambre Junior Suite Vue Lac\"}]},{\"@type\":\"WebSite\",\"@id\":\"https:\/\/geneva.intercontinental.com\/fr\/#website\",\"url\":\"https:\/\/geneva.intercontinental.com\/fr\/\",\"name\":\"IHG\",\"description\":\"Live the InterContinental Life\",\"publisher\":{\"@id\":\"https:\/\/geneva.intercontinental.com\/fr\/#organization\"},\"alternateName\":\"InterContinental Gen\u00e8ve\",\"potentialAction\":[{\"@type\":\"SearchAction\",\"target\":{\"@type\":\"EntryPoint\",\"urlTemplate\":\"https:\/\/geneva.intercontinental.com\/fr\/?s={search_term_string}\"},\"query-input\":{\"@type\":\"PropertyValueSpecification\",\"valueRequired\":true,\"valueName\":\"search_term_string\"}}],\"inLanguage\":\"fr-FR\"},{\"@type\":\"Organization\",\"@id\":\"https:\/\/geneva.intercontinental.com\/fr\/#organization\",\"name\":\"InterContinental Gen\u00e8ve\",\"alternateName\":\"GVAHA\",\"url\":\"https:\/\/geneva.intercontinental.com\/fr\/\",\"logo\":{\"@type\":\"ImageObject\",\"inLanguage\":\"fr-FR\",\"@id\":\"https:\/\/geneva.intercontinental.com\/fr\/#\/schema\/logo\/image\/\",\"url\":\"https:\/\/geneva.intercontinental.com\/wp-content\/uploads\/sites\/7\/2024\/04\/intercontinental-geneve-logo.svg\",\"contentUrl\":\"https:\/\/geneva.intercontinental.com\/wp-content\/uploads\/sites\/7\/2024\/04\/intercontinental-geneve-logo.svg\",\"caption\":\"InterContinental Gen\u00e8ve\"},\"image\":{\"@id\":\"https:\/\/geneva.intercontinental.com\/fr\/#\/schema\/logo\/image\/\"}}]}<\/script>\n<!-- \/ Yoast SEO plugin. -->","yoast_head_json":{"title":"Une Nuit en Chambre Junior Suite Vue Lac - InterContinental Gen\u00e8ve","robots":{"index":"index","follow":"follow","max-snippet":"max-snippet:-1","max-image-preview":"max-image-preview:large","max-video-preview":"max-video-preview:-1"},"canonical":"https:\/\/geneva.intercontinental.com\/fr\/produit\/une-nuit-en-chambre-junior-suite-vue-lac\/","og_locale":"fr_FR","og_type":"article","og_title":"Une Nuit en Chambre Junior Suite Vue Lac - InterContinental Gen\u00e8ve","og_description":"Nos chambres \"Junior Suite Vue Lac\" se distinguent par leur atmosph\u00e8re chaleureuse et leur vue 360 spectaculaire sur le Lac L\u00e9man, le Mont Blanc et les Alpes","og_url":"https:\/\/geneva.intercontinental.com\/fr\/produit\/une-nuit-en-chambre-junior-suite-vue-lac\/","og_site_name":"IHG","article_modified_time":"2025-12-01T09:19:46+00:00","og_image":[{"width":1500,"height":973,"url":"https:\/\/geneva.intercontinental.com\/wp-content\/uploads\/sites\/7\/2022\/11\/InterContinental-Geneve-Junior-Suite-Lake-view-Focus.jpg","type":"image\/jpeg"}],"twitter_card":"summary_large_image","twitter_misc":{"Dur\u00e9e de lecture estim\u00e9e":"1 minute"},"schema":{"@context":"https:\/\/schema.org","@graph":[{"@type":"WebPage","@id":"https:\/\/geneva.intercontinental.com\/fr\/produit\/une-nuit-en-chambre-junior-suite-vue-lac\/","url":"https:\/\/geneva.intercontinental.com\/fr\/produit\/une-nuit-en-chambre-junior-suite-vue-lac\/","name":"Une Nuit en Chambre Junior Suite Vue Lac - InterContinental Gen\u00e8ve","isPartOf":{"@id":"https:\/\/geneva.intercontinental.com\/fr\/#website"},"primaryImageOfPage":{"@id":"https:\/\/geneva.intercontinental.com\/fr\/produit\/une-nuit-en-chambre-junior-suite-vue-lac\/#primaryimage"},"image":{"@id":"https:\/\/geneva.intercontinental.com\/fr\/produit\/une-nuit-en-chambre-junior-suite-vue-lac\/#primaryimage"},"thumbnailUrl":"https:\/\/geneva.intercontinental.com\/wp-content\/uploads\/sites\/7\/2022\/11\/InterContinental-Geneve-Junior-Suite-Lake-view-Focus.jpg","datePublished":"2023-02-22T12:56:04+00:00","dateModified":"2025-12-01T09:19:46+00:00","breadcrumb":{"@id":"https:\/\/geneva.intercontinental.com\/fr\/produit\/une-nuit-en-chambre-junior-suite-vue-lac\/#breadcrumb"},"inLanguage":"fr-FR","potentialAction":[{"@type":"ReadAction","target":["https:\/\/geneva.intercontinental.com\/fr\/produit\/une-nuit-en-chambre-junior-suite-vue-lac\/"]}]},{"@type":"ImageObject","inLanguage":"fr-FR","@id":"https:\/\/geneva.intercontinental.com\/fr\/produit\/une-nuit-en-chambre-junior-suite-vue-lac\/#primaryimage","url":"https:\/\/geneva.intercontinental.com\/wp-content\/uploads\/sites\/7\/2022\/11\/InterContinental-Geneve-Junior-Suite-Lake-view-Focus.jpg","contentUrl":"https:\/\/geneva.intercontinental.com\/wp-content\/uploads\/sites\/7\/2022\/11\/InterContinental-Geneve-Junior-Suite-Lake-view-Focus.jpg","width":1500,"height":973},{"@type":"BreadcrumbList","@id":"https:\/\/geneva.intercontinental.com\/fr\/produit\/une-nuit-en-chambre-junior-suite-vue-lac\/#breadcrumb","itemListElement":[{"@type":"ListItem","position":1,"name":"Accueil","item":"https:\/\/geneva.intercontinental.com\/fr\/"},{"@type":"ListItem","position":2,"name":"Boutique en ligne","item":"https:\/\/geneva.intercontinental.com\/fr\/shop\/"},{"@type":"ListItem","position":3,"name":"Une Nuit en Chambre Junior Suite Vue Lac"}]},{"@type":"WebSite","@id":"https:\/\/geneva.intercontinental.com\/fr\/#website","url":"https:\/\/geneva.intercontinental.com\/fr\/","name":"IHG","description":"Live the InterContinental Life","publisher":{"@id":"https:\/\/geneva.intercontinental.com\/fr\/#organization"},"alternateName":"InterContinental Gen\u00e8ve","potentialAction":[{"@type":"SearchAction","target":{"@type":"EntryPoint","urlTemplate":"https:\/\/geneva.intercontinental.com\/fr\/?s={search_term_string}"},"query-input":{"@type":"PropertyValueSpecification","valueRequired":true,"valueName":"search_term_string"}}],"inLanguage":"fr-FR"},{"@type":"Organization","@id":"https:\/\/geneva.intercontinental.com\/fr\/#organization","name":"InterContinental Gen\u00e8ve","alternateName":"GVAHA","url":"https:\/\/geneva.intercontinental.com\/fr\/","logo":{"@type":"ImageObject","inLanguage":"fr-FR","@id":"https:\/\/geneva.intercontinental.com\/fr\/#\/schema\/logo\/image\/","url":"https:\/\/geneva.intercontinental.com\/wp-content\/uploads\/sites\/7\/2024\/04\/intercontinental-geneve-logo.svg","contentUrl":"https:\/\/geneva.intercontinental.com\/wp-content\/uploads\/sites\/7\/2024\/04\/intercontinental-geneve-logo.svg","caption":"InterContinental Gen\u00e8ve"},"image":{"@id":"https:\/\/geneva.intercontinental.com\/fr\/#\/schema\/logo\/image\/"}}]}},"_links":{"self":[{"href":"https:\/\/geneva.intercontinental.com\/fr\/wp-json\/wp\/v2\/product\/16252","targetHints":{"allow":["GET"]}}],"collection":[{"href":"https:\/\/geneva.intercontinental.com\/fr\/wp-json\/wp\/v2\/product"}],"about":[{"href":"https:\/\/geneva.intercontinental.com\/fr\/wp-json\/wp\/v2\/types\/product"}],"wp:featuredmedia":[{"embeddable":true,"href":"https:\/\/geneva.intercontinental.com\/fr\/wp-json\/wp\/v2\/media\/20898"}],"wp:attachment":[{"href":"https:\/\/geneva.intercontinental.com\/fr\/wp-json\/wp\/v2\/media?parent=16252"}],"wp:term":[{"taxonomy":"product_brand","embeddable":true,"href":"https:\/\/geneva.intercontinental.com\/fr\/wp-json\/wp\/v2\/product_brand?post=16252"},{"taxonomy":"product_cat","embeddable":true,"href":"https:\/\/geneva.intercontinental.com\/fr\/wp-json\/wp\/v2\/product_cat?post=16252"},{"taxonomy":"product_tag","embeddable":true,"href":"https:\/\/geneva.intercontinental.com\/fr\/wp-json\/wp\/v2\/product_tag?post=16252"}],"curies":[{"name":"wp","href":"https:\/\/api.w.org\/{rel}","templated":true}]}}