{"id":16247,"date":"2023-02-22T13:36:22","date_gmt":"2023-02-22T12:36:22","guid":{"rendered":"https:\/\/geneva.intercontinental.com\/product\/une-nuit-dans-une-chambre-classique\/"},"modified":"2025-12-01T10:19:55","modified_gmt":"2025-12-01T09:19:55","slug":"une-nuit-dans-une-chambre-classique","status":"publish","type":"product","link":"https:\/\/geneva.intercontinental.com\/fr\/produit\/une-nuit-dans-une-chambre-classique\/","title":{"rendered":"Une nuit en Chambre Classique"},"content":{"rendered":"<p>Nos chambres &#8220;Classic&#8221; de 25m\u00b2 allient \u00e9l\u00e9gance contemporaine et confort sur mesure. Vous b\u00e9n\u00e9ficierez d&#8217;un petit-d\u00e9jeuner gourmand \u00e0 d\u00e9guster dans notre restaurant Le Woods ainsi qu\u2019un acc\u00e8s \u00e0 notre Spa Cinq Mondes sous r\u00e9serve de disponibilit\u00e9 (soins non-inclus), sauna, hammam et centre de remise en forme. Notre piscine est \u00e9galement ouverte pendant l&#8217;\u00e9t\u00e9.<\/p>\n<p>R\u00e9servez votre chambre* au : <a href=\"tel:+41 22 919 32 61\">+41 22 919 32 61<\/a> ou <a href=\"mailto:gvaha.reservations@ihg.com\">gvaha.reservations@ihg.com<\/a><\/p>\n<p>*Sous r\u00e9serve de disponibilit\u00e9 | Petit-d\u00e9jeuner inclus uniquement<\/p>\n","protected":false},"excerpt":{"rendered":"<p>Nos chambres &#8220;Classic&#8221; de 25m\u00b2 allient \u00e9l\u00e9gance contemporaine et confort sur mesure.<\/p>\n","protected":false},"featured_media":20895,"template":"","meta":{"_acf_changed":false},"product_brand":[],"product_cat":[97],"product_tag":[],"class_list":{"0":"post-16247","1":"product","2":"type-product","3":"status-publish","4":"has-post-thumbnail","6":"product_cat-chambres-suites","8":"first","9":"instock","10":"downloadable","11":"virtual","12":"purchasable","13":"product-type-simple"},"acf":[],"yoast_head":"<!-- This site is optimized with the Yoast SEO plugin v26.2 - https:\/\/yoast.com\/wordpress\/plugins\/seo\/ -->\n<title>Une nuit en Chambre Classique - InterContinental Gen\u00e8ve<\/title>\n<meta name=\"robots\" content=\"index, follow, max-snippet:-1, max-image-preview:large, max-video-preview:-1\" \/>\n<link rel=\"canonical\" href=\"https:\/\/geneva.intercontinental.com\/fr\/produit\/une-nuit-dans-une-chambre-classique\/\" \/>\n<meta property=\"og:locale\" content=\"fr_FR\" \/>\n<meta property=\"og:type\" content=\"article\" \/>\n<meta property=\"og:title\" content=\"Une nuit en Chambre Classique - InterContinental Gen\u00e8ve\" \/>\n<meta property=\"og:description\" content=\"Nos chambres &quot;Classic&quot; de 25m\u00b2 allient \u00e9l\u00e9gance contemporaine et confort sur mesure.\" \/>\n<meta property=\"og:url\" content=\"https:\/\/geneva.intercontinental.com\/fr\/produit\/une-nuit-dans-une-chambre-classique\/\" \/>\n<meta property=\"og:site_name\" content=\"IHG\" \/>\n<meta property=\"article:modified_time\" content=\"2025-12-01T09:19:55+00:00\" \/>\n<meta property=\"og:image\" content=\"https:\/\/geneva.intercontinental.com\/wp-content\/uploads\/sites\/7\/2022\/11\/InterContinental-Geneve-Room-focus-min-scaled-1.jpg\" \/>\n\t<meta property=\"og:image:width\" content=\"2560\" \/>\n\t<meta property=\"og:image:height\" content=\"1707\" \/>\n\t<meta property=\"og:image:type\" content=\"image\/jpeg\" \/>\n<meta name=\"twitter:card\" content=\"summary_large_image\" \/>\n<meta name=\"twitter:label1\" content=\"Dur\u00e9e de lecture estim\u00e9e\" \/>\n\t<meta name=\"twitter:data1\" content=\"1 minute\" \/>\n<script type=\"application\/ld+json\" class=\"yoast-schema-graph\">{\"@context\":\"https:\/\/schema.org\",\"@graph\":[{\"@type\":\"WebPage\",\"@id\":\"https:\/\/geneva.intercontinental.com\/fr\/produit\/une-nuit-dans-une-chambre-classique\/\",\"url\":\"https:\/\/geneva.intercontinental.com\/fr\/produit\/une-nuit-dans-une-chambre-classique\/\",\"name\":\"Une nuit en Chambre Classique - InterContinental Gen\u00e8ve\",\"isPartOf\":{\"@id\":\"https:\/\/geneva.intercontinental.com\/fr\/#website\"},\"primaryImageOfPage\":{\"@id\":\"https:\/\/geneva.intercontinental.com\/fr\/produit\/une-nuit-dans-une-chambre-classique\/#primaryimage\"},\"image\":{\"@id\":\"https:\/\/geneva.intercontinental.com\/fr\/produit\/une-nuit-dans-une-chambre-classique\/#primaryimage\"},\"thumbnailUrl\":\"https:\/\/geneva.intercontinental.com\/wp-content\/uploads\/sites\/7\/2022\/11\/InterContinental-Geneve-Room-focus-min-scaled-1.jpg\",\"datePublished\":\"2023-02-22T12:36:22+00:00\",\"dateModified\":\"2025-12-01T09:19:55+00:00\",\"breadcrumb\":{\"@id\":\"https:\/\/geneva.intercontinental.com\/fr\/produit\/une-nuit-dans-une-chambre-classique\/#breadcrumb\"},\"inLanguage\":\"fr-FR\",\"potentialAction\":[{\"@type\":\"ReadAction\",\"target\":[\"https:\/\/geneva.intercontinental.com\/fr\/produit\/une-nuit-dans-une-chambre-classique\/\"]}]},{\"@type\":\"ImageObject\",\"inLanguage\":\"fr-FR\",\"@id\":\"https:\/\/geneva.intercontinental.com\/fr\/produit\/une-nuit-dans-une-chambre-classique\/#primaryimage\",\"url\":\"https:\/\/geneva.intercontinental.com\/wp-content\/uploads\/sites\/7\/2022\/11\/InterContinental-Geneve-Room-focus-min-scaled-1.jpg\",\"contentUrl\":\"https:\/\/geneva.intercontinental.com\/wp-content\/uploads\/sites\/7\/2022\/11\/InterContinental-Geneve-Room-focus-min-scaled-1.jpg\",\"width\":2560,\"height\":1707,\"caption\":\"Experience timeless elegance in our classic rooms. Enjoy a comfortable and stylish stay with all the modern amenities you need.\"},{\"@type\":\"BreadcrumbList\",\"@id\":\"https:\/\/geneva.intercontinental.com\/fr\/produit\/une-nuit-dans-une-chambre-classique\/#breadcrumb\",\"itemListElement\":[{\"@type\":\"ListItem\",\"position\":1,\"name\":\"Accueil\",\"item\":\"https:\/\/geneva.intercontinental.com\/fr\/\"},{\"@type\":\"ListItem\",\"position\":2,\"name\":\"Boutique en ligne\",\"item\":\"https:\/\/geneva.intercontinental.com\/fr\/shop\/\"},{\"@type\":\"ListItem\",\"position\":3,\"name\":\"Une nuit en Chambre Classique\"}]},{\"@type\":\"WebSite\",\"@id\":\"https:\/\/geneva.intercontinental.com\/fr\/#website\",\"url\":\"https:\/\/geneva.intercontinental.com\/fr\/\",\"name\":\"IHG\",\"description\":\"Live the InterContinental Life\",\"publisher\":{\"@id\":\"https:\/\/geneva.intercontinental.com\/fr\/#organization\"},\"alternateName\":\"InterContinental Gen\u00e8ve\",\"potentialAction\":[{\"@type\":\"SearchAction\",\"target\":{\"@type\":\"EntryPoint\",\"urlTemplate\":\"https:\/\/geneva.intercontinental.com\/fr\/?s={search_term_string}\"},\"query-input\":{\"@type\":\"PropertyValueSpecification\",\"valueRequired\":true,\"valueName\":\"search_term_string\"}}],\"inLanguage\":\"fr-FR\"},{\"@type\":\"Organization\",\"@id\":\"https:\/\/geneva.intercontinental.com\/fr\/#organization\",\"name\":\"InterContinental Gen\u00e8ve\",\"alternateName\":\"GVAHA\",\"url\":\"https:\/\/geneva.intercontinental.com\/fr\/\",\"logo\":{\"@type\":\"ImageObject\",\"inLanguage\":\"fr-FR\",\"@id\":\"https:\/\/geneva.intercontinental.com\/fr\/#\/schema\/logo\/image\/\",\"url\":\"https:\/\/geneva.intercontinental.com\/wp-content\/uploads\/sites\/7\/2024\/04\/intercontinental-geneve-logo.svg\",\"contentUrl\":\"https:\/\/geneva.intercontinental.com\/wp-content\/uploads\/sites\/7\/2024\/04\/intercontinental-geneve-logo.svg\",\"caption\":\"InterContinental Gen\u00e8ve\"},\"image\":{\"@id\":\"https:\/\/geneva.intercontinental.com\/fr\/#\/schema\/logo\/image\/\"}}]}<\/script>\n<!-- \/ Yoast SEO plugin. -->","yoast_head_json":{"title":"Une nuit en Chambre Classique - InterContinental Gen\u00e8ve","robots":{"index":"index","follow":"follow","max-snippet":"max-snippet:-1","max-image-preview":"max-image-preview:large","max-video-preview":"max-video-preview:-1"},"canonical":"https:\/\/geneva.intercontinental.com\/fr\/produit\/une-nuit-dans-une-chambre-classique\/","og_locale":"fr_FR","og_type":"article","og_title":"Une nuit en Chambre Classique - InterContinental Gen\u00e8ve","og_description":"Nos chambres \"Classic\" de 25m\u00b2 allient \u00e9l\u00e9gance contemporaine et confort sur mesure.","og_url":"https:\/\/geneva.intercontinental.com\/fr\/produit\/une-nuit-dans-une-chambre-classique\/","og_site_name":"IHG","article_modified_time":"2025-12-01T09:19:55+00:00","og_image":[{"width":2560,"height":1707,"url":"https:\/\/geneva.intercontinental.com\/wp-content\/uploads\/sites\/7\/2022\/11\/InterContinental-Geneve-Room-focus-min-scaled-1.jpg","type":"image\/jpeg"}],"twitter_card":"summary_large_image","twitter_misc":{"Dur\u00e9e de lecture estim\u00e9e":"1 minute"},"schema":{"@context":"https:\/\/schema.org","@graph":[{"@type":"WebPage","@id":"https:\/\/geneva.intercontinental.com\/fr\/produit\/une-nuit-dans-une-chambre-classique\/","url":"https:\/\/geneva.intercontinental.com\/fr\/produit\/une-nuit-dans-une-chambre-classique\/","name":"Une nuit en Chambre Classique - InterContinental Gen\u00e8ve","isPartOf":{"@id":"https:\/\/geneva.intercontinental.com\/fr\/#website"},"primaryImageOfPage":{"@id":"https:\/\/geneva.intercontinental.com\/fr\/produit\/une-nuit-dans-une-chambre-classique\/#primaryimage"},"image":{"@id":"https:\/\/geneva.intercontinental.com\/fr\/produit\/une-nuit-dans-une-chambre-classique\/#primaryimage"},"thumbnailUrl":"https:\/\/geneva.intercontinental.com\/wp-content\/uploads\/sites\/7\/2022\/11\/InterContinental-Geneve-Room-focus-min-scaled-1.jpg","datePublished":"2023-02-22T12:36:22+00:00","dateModified":"2025-12-01T09:19:55+00:00","breadcrumb":{"@id":"https:\/\/geneva.intercontinental.com\/fr\/produit\/une-nuit-dans-une-chambre-classique\/#breadcrumb"},"inLanguage":"fr-FR","potentialAction":[{"@type":"ReadAction","target":["https:\/\/geneva.intercontinental.com\/fr\/produit\/une-nuit-dans-une-chambre-classique\/"]}]},{"@type":"ImageObject","inLanguage":"fr-FR","@id":"https:\/\/geneva.intercontinental.com\/fr\/produit\/une-nuit-dans-une-chambre-classique\/#primaryimage","url":"https:\/\/geneva.intercontinental.com\/wp-content\/uploads\/sites\/7\/2022\/11\/InterContinental-Geneve-Room-focus-min-scaled-1.jpg","contentUrl":"https:\/\/geneva.intercontinental.com\/wp-content\/uploads\/sites\/7\/2022\/11\/InterContinental-Geneve-Room-focus-min-scaled-1.jpg","width":2560,"height":1707,"caption":"Experience timeless elegance in our classic rooms. Enjoy a comfortable and stylish stay with all the modern amenities you need."},{"@type":"BreadcrumbList","@id":"https:\/\/geneva.intercontinental.com\/fr\/produit\/une-nuit-dans-une-chambre-classique\/#breadcrumb","itemListElement":[{"@type":"ListItem","position":1,"name":"Accueil","item":"https:\/\/geneva.intercontinental.com\/fr\/"},{"@type":"ListItem","position":2,"name":"Boutique en ligne","item":"https:\/\/geneva.intercontinental.com\/fr\/shop\/"},{"@type":"ListItem","position":3,"name":"Une nuit en Chambre Classique"}]},{"@type":"WebSite","@id":"https:\/\/geneva.intercontinental.com\/fr\/#website","url":"https:\/\/geneva.intercontinental.com\/fr\/","name":"IHG","description":"Live the InterContinental Life","publisher":{"@id":"https:\/\/geneva.intercontinental.com\/fr\/#organization"},"alternateName":"InterContinental Gen\u00e8ve","potentialAction":[{"@type":"SearchAction","target":{"@type":"EntryPoint","urlTemplate":"https:\/\/geneva.intercontinental.com\/fr\/?s={search_term_string}"},"query-input":{"@type":"PropertyValueSpecification","valueRequired":true,"valueName":"search_term_string"}}],"inLanguage":"fr-FR"},{"@type":"Organization","@id":"https:\/\/geneva.intercontinental.com\/fr\/#organization","name":"InterContinental Gen\u00e8ve","alternateName":"GVAHA","url":"https:\/\/geneva.intercontinental.com\/fr\/","logo":{"@type":"ImageObject","inLanguage":"fr-FR","@id":"https:\/\/geneva.intercontinental.com\/fr\/#\/schema\/logo\/image\/","url":"https:\/\/geneva.intercontinental.com\/wp-content\/uploads\/sites\/7\/2024\/04\/intercontinental-geneve-logo.svg","contentUrl":"https:\/\/geneva.intercontinental.com\/wp-content\/uploads\/sites\/7\/2024\/04\/intercontinental-geneve-logo.svg","caption":"InterContinental Gen\u00e8ve"},"image":{"@id":"https:\/\/geneva.intercontinental.com\/fr\/#\/schema\/logo\/image\/"}}]}},"_links":{"self":[{"href":"https:\/\/geneva.intercontinental.com\/fr\/wp-json\/wp\/v2\/product\/16247","targetHints":{"allow":["GET"]}}],"collection":[{"href":"https:\/\/geneva.intercontinental.com\/fr\/wp-json\/wp\/v2\/product"}],"about":[{"href":"https:\/\/geneva.intercontinental.com\/fr\/wp-json\/wp\/v2\/types\/product"}],"wp:featuredmedia":[{"embeddable":true,"href":"https:\/\/geneva.intercontinental.com\/fr\/wp-json\/wp\/v2\/media\/20895"}],"wp:attachment":[{"href":"https:\/\/geneva.intercontinental.com\/fr\/wp-json\/wp\/v2\/media?parent=16247"}],"wp:term":[{"taxonomy":"product_brand","embeddable":true,"href":"https:\/\/geneva.intercontinental.com\/fr\/wp-json\/wp\/v2\/product_brand?post=16247"},{"taxonomy":"product_cat","embeddable":true,"href":"https:\/\/geneva.intercontinental.com\/fr\/wp-json\/wp\/v2\/product_cat?post=16247"},{"taxonomy":"product_tag","embeddable":true,"href":"https:\/\/geneva.intercontinental.com\/fr\/wp-json\/wp\/v2\/product_tag?post=16247"}],"curies":[{"name":"wp","href":"https:\/\/api.w.org\/{rel}","templated":true}]}}