{"id":13870,"date":"2022-10-10T12:36:55","date_gmt":"2022-10-10T10:36:55","guid":{"rendered":"https:\/\/geneva.intercontinental.com\/?post_type=product&#038;p=13870"},"modified":"2025-12-01T10:45:06","modified_gmt":"2025-12-01T09:45:06","slug":"petit-dejeuner-au-woods","status":"publish","type":"product","link":"https:\/\/geneva.intercontinental.com\/fr\/produit\/petit-dejeuner-au-woods\/","title":{"rendered":"Petit D\u00e9jeuner au Woods"},"content":{"rendered":"<p><span class=\"ContentPasted1\"><span class=\"ContentPasted2\">Loin d\u2019un d\u00e9but de journ\u00e9e pr\u00e9cipit\u00e9, le petit d\u00e9jeuner de l&#8217;InterContinental Gen\u00e8ve se d\u00e9guste dans le cadre feutr\u00e9 et cosy de notre restaurant Woods.\u00a0<\/span>Que ce soit pour une br\u00e8ve pause matinale autour d\u2019un caf\u00e9 et d\u2019un croissant ou pour un long et tranquille dimanche matin, une occasion \u00e0 ne pas manquer.\u00a0<\/span><\/p>\n","protected":false},"excerpt":{"rendered":"<p>Commencez chaque journ\u00e9e en \u00e9veillant vos papilles et en vous laissant tenter par notre d\u00e9licieux petit-d\u00e9jeuner.<\/p>\n","protected":false},"featured_media":19756,"template":"","meta":{"_acf_changed":false},"product_brand":[],"product_cat":[98],"product_tag":[],"class_list":{"0":"post-13870","1":"product","2":"type-product","3":"status-publish","4":"has-post-thumbnail","6":"product_cat-restaurants-bars-fr","8":"first","9":"instock","10":"downloadable","11":"virtual","12":"purchasable","13":"product-type-simple"},"acf":[],"yoast_head":"<!-- This site is optimized with the Yoast SEO plugin v26.2 - https:\/\/yoast.com\/wordpress\/plugins\/seo\/ -->\n<title>Petit D\u00e9jeuner au Woods - InterContinental Gen\u00e8ve<\/title>\n<meta name=\"description\" content=\"Commencez chaque journ\u00e9e en \u00e9veillant vos papilles et en vous laissant tenter par notre d\u00e9licieux petit-d\u00e9jeuner.\" \/>\n<meta name=\"robots\" content=\"index, follow, max-snippet:-1, max-image-preview:large, max-video-preview:-1\" \/>\n<link rel=\"canonical\" href=\"https:\/\/geneva.intercontinental.com\/fr\/produit\/petit-dejeuner-au-woods\/\" \/>\n<meta property=\"og:locale\" content=\"fr_FR\" \/>\n<meta property=\"og:type\" content=\"article\" \/>\n<meta property=\"og:title\" content=\"Petit D\u00e9jeuner au Woods - InterContinental Gen\u00e8ve\" \/>\n<meta property=\"og:description\" content=\"Commencez chaque journ\u00e9e en \u00e9veillant vos papilles et en vous laissant tenter par notre d\u00e9licieux petit-d\u00e9jeuner.\" \/>\n<meta property=\"og:url\" content=\"https:\/\/geneva.intercontinental.com\/fr\/produit\/petit-dejeuner-au-woods\/\" \/>\n<meta property=\"og:site_name\" content=\"IHG\" \/>\n<meta property=\"article:modified_time\" content=\"2025-12-01T09:45:06+00:00\" \/>\n<meta property=\"og:image\" content=\"https:\/\/geneva.intercontinental.com\/wp-content\/uploads\/sites\/7\/2023\/09\/InterContinental-Geneve-Petit-Dejeuner-4-1.jpg\" \/>\n\t<meta property=\"og:image:width\" content=\"2250\" \/>\n\t<meta property=\"og:image:height\" content=\"1410\" \/>\n\t<meta property=\"og:image:type\" content=\"image\/jpeg\" \/>\n<meta name=\"twitter:card\" content=\"summary_large_image\" \/>\n<meta name=\"twitter:label1\" content=\"Dur\u00e9e de lecture estim\u00e9e\" \/>\n\t<meta name=\"twitter:data1\" content=\"1 minute\" \/>\n<script type=\"application\/ld+json\" class=\"yoast-schema-graph\">{\"@context\":\"https:\/\/schema.org\",\"@graph\":[{\"@type\":\"WebPage\",\"@id\":\"https:\/\/geneva.intercontinental.com\/fr\/produit\/petit-dejeuner-au-woods\/\",\"url\":\"https:\/\/geneva.intercontinental.com\/fr\/produit\/petit-dejeuner-au-woods\/\",\"name\":\"Petit D\u00e9jeuner au Woods - InterContinental Gen\u00e8ve\",\"isPartOf\":{\"@id\":\"https:\/\/geneva.intercontinental.com\/fr\/#website\"},\"primaryImageOfPage\":{\"@id\":\"https:\/\/geneva.intercontinental.com\/fr\/produit\/petit-dejeuner-au-woods\/#primaryimage\"},\"image\":{\"@id\":\"https:\/\/geneva.intercontinental.com\/fr\/produit\/petit-dejeuner-au-woods\/#primaryimage\"},\"thumbnailUrl\":\"https:\/\/geneva.intercontinental.com\/wp-content\/uploads\/sites\/7\/2023\/09\/InterContinental-Geneve-Petit-Dejeuner-4-1.jpg\",\"datePublished\":\"2022-10-10T10:36:55+00:00\",\"dateModified\":\"2025-12-01T09:45:06+00:00\",\"description\":\"Commencez chaque journ\u00e9e en \u00e9veillant vos papilles et en vous laissant tenter par notre d\u00e9licieux petit-d\u00e9jeuner.\",\"breadcrumb\":{\"@id\":\"https:\/\/geneva.intercontinental.com\/fr\/produit\/petit-dejeuner-au-woods\/#breadcrumb\"},\"inLanguage\":\"fr-FR\",\"potentialAction\":[{\"@type\":\"ReadAction\",\"target\":[\"https:\/\/geneva.intercontinental.com\/fr\/produit\/petit-dejeuner-au-woods\/\"]}]},{\"@type\":\"ImageObject\",\"inLanguage\":\"fr-FR\",\"@id\":\"https:\/\/geneva.intercontinental.com\/fr\/produit\/petit-dejeuner-au-woods\/#primaryimage\",\"url\":\"https:\/\/geneva.intercontinental.com\/wp-content\/uploads\/sites\/7\/2023\/09\/InterContinental-Geneve-Petit-Dejeuner-4-1.jpg\",\"contentUrl\":\"https:\/\/geneva.intercontinental.com\/wp-content\/uploads\/sites\/7\/2023\/09\/InterContinental-Geneve-Petit-Dejeuner-4-1.jpg\",\"width\":2250,\"height\":1410},{\"@type\":\"BreadcrumbList\",\"@id\":\"https:\/\/geneva.intercontinental.com\/fr\/produit\/petit-dejeuner-au-woods\/#breadcrumb\",\"itemListElement\":[{\"@type\":\"ListItem\",\"position\":1,\"name\":\"Accueil\",\"item\":\"https:\/\/geneva.intercontinental.com\/fr\/\"},{\"@type\":\"ListItem\",\"position\":2,\"name\":\"Boutique en ligne\",\"item\":\"https:\/\/geneva.intercontinental.com\/fr\/shop\/\"},{\"@type\":\"ListItem\",\"position\":3,\"name\":\"Petit D\u00e9jeuner au Woods\"}]},{\"@type\":\"WebSite\",\"@id\":\"https:\/\/geneva.intercontinental.com\/fr\/#website\",\"url\":\"https:\/\/geneva.intercontinental.com\/fr\/\",\"name\":\"IHG\",\"description\":\"Live the InterContinental Life\",\"publisher\":{\"@id\":\"https:\/\/geneva.intercontinental.com\/fr\/#organization\"},\"alternateName\":\"InterContinental Gen\u00e8ve\",\"potentialAction\":[{\"@type\":\"SearchAction\",\"target\":{\"@type\":\"EntryPoint\",\"urlTemplate\":\"https:\/\/geneva.intercontinental.com\/fr\/?s={search_term_string}\"},\"query-input\":{\"@type\":\"PropertyValueSpecification\",\"valueRequired\":true,\"valueName\":\"search_term_string\"}}],\"inLanguage\":\"fr-FR\"},{\"@type\":\"Organization\",\"@id\":\"https:\/\/geneva.intercontinental.com\/fr\/#organization\",\"name\":\"InterContinental Gen\u00e8ve\",\"alternateName\":\"GVAHA\",\"url\":\"https:\/\/geneva.intercontinental.com\/fr\/\",\"logo\":{\"@type\":\"ImageObject\",\"inLanguage\":\"fr-FR\",\"@id\":\"https:\/\/geneva.intercontinental.com\/fr\/#\/schema\/logo\/image\/\",\"url\":\"https:\/\/geneva.intercontinental.com\/wp-content\/uploads\/sites\/7\/2024\/04\/intercontinental-geneve-logo.svg\",\"contentUrl\":\"https:\/\/geneva.intercontinental.com\/wp-content\/uploads\/sites\/7\/2024\/04\/intercontinental-geneve-logo.svg\",\"caption\":\"InterContinental Gen\u00e8ve\"},\"image\":{\"@id\":\"https:\/\/geneva.intercontinental.com\/fr\/#\/schema\/logo\/image\/\"}}]}<\/script>\n<!-- \/ Yoast SEO plugin. -->","yoast_head_json":{"title":"Petit D\u00e9jeuner au Woods - InterContinental Gen\u00e8ve","description":"Commencez chaque journ\u00e9e en \u00e9veillant vos papilles et en vous laissant tenter par notre d\u00e9licieux petit-d\u00e9jeuner.","robots":{"index":"index","follow":"follow","max-snippet":"max-snippet:-1","max-image-preview":"max-image-preview:large","max-video-preview":"max-video-preview:-1"},"canonical":"https:\/\/geneva.intercontinental.com\/fr\/produit\/petit-dejeuner-au-woods\/","og_locale":"fr_FR","og_type":"article","og_title":"Petit D\u00e9jeuner au Woods - InterContinental Gen\u00e8ve","og_description":"Commencez chaque journ\u00e9e en \u00e9veillant vos papilles et en vous laissant tenter par notre d\u00e9licieux petit-d\u00e9jeuner.","og_url":"https:\/\/geneva.intercontinental.com\/fr\/produit\/petit-dejeuner-au-woods\/","og_site_name":"IHG","article_modified_time":"2025-12-01T09:45:06+00:00","og_image":[{"width":2250,"height":1410,"url":"https:\/\/geneva.intercontinental.com\/wp-content\/uploads\/sites\/7\/2023\/09\/InterContinental-Geneve-Petit-Dejeuner-4-1.jpg","type":"image\/jpeg"}],"twitter_card":"summary_large_image","twitter_misc":{"Dur\u00e9e de lecture estim\u00e9e":"1 minute"},"schema":{"@context":"https:\/\/schema.org","@graph":[{"@type":"WebPage","@id":"https:\/\/geneva.intercontinental.com\/fr\/produit\/petit-dejeuner-au-woods\/","url":"https:\/\/geneva.intercontinental.com\/fr\/produit\/petit-dejeuner-au-woods\/","name":"Petit D\u00e9jeuner au Woods - InterContinental Gen\u00e8ve","isPartOf":{"@id":"https:\/\/geneva.intercontinental.com\/fr\/#website"},"primaryImageOfPage":{"@id":"https:\/\/geneva.intercontinental.com\/fr\/produit\/petit-dejeuner-au-woods\/#primaryimage"},"image":{"@id":"https:\/\/geneva.intercontinental.com\/fr\/produit\/petit-dejeuner-au-woods\/#primaryimage"},"thumbnailUrl":"https:\/\/geneva.intercontinental.com\/wp-content\/uploads\/sites\/7\/2023\/09\/InterContinental-Geneve-Petit-Dejeuner-4-1.jpg","datePublished":"2022-10-10T10:36:55+00:00","dateModified":"2025-12-01T09:45:06+00:00","description":"Commencez chaque journ\u00e9e en \u00e9veillant vos papilles et en vous laissant tenter par notre d\u00e9licieux petit-d\u00e9jeuner.","breadcrumb":{"@id":"https:\/\/geneva.intercontinental.com\/fr\/produit\/petit-dejeuner-au-woods\/#breadcrumb"},"inLanguage":"fr-FR","potentialAction":[{"@type":"ReadAction","target":["https:\/\/geneva.intercontinental.com\/fr\/produit\/petit-dejeuner-au-woods\/"]}]},{"@type":"ImageObject","inLanguage":"fr-FR","@id":"https:\/\/geneva.intercontinental.com\/fr\/produit\/petit-dejeuner-au-woods\/#primaryimage","url":"https:\/\/geneva.intercontinental.com\/wp-content\/uploads\/sites\/7\/2023\/09\/InterContinental-Geneve-Petit-Dejeuner-4-1.jpg","contentUrl":"https:\/\/geneva.intercontinental.com\/wp-content\/uploads\/sites\/7\/2023\/09\/InterContinental-Geneve-Petit-Dejeuner-4-1.jpg","width":2250,"height":1410},{"@type":"BreadcrumbList","@id":"https:\/\/geneva.intercontinental.com\/fr\/produit\/petit-dejeuner-au-woods\/#breadcrumb","itemListElement":[{"@type":"ListItem","position":1,"name":"Accueil","item":"https:\/\/geneva.intercontinental.com\/fr\/"},{"@type":"ListItem","position":2,"name":"Boutique en ligne","item":"https:\/\/geneva.intercontinental.com\/fr\/shop\/"},{"@type":"ListItem","position":3,"name":"Petit D\u00e9jeuner au Woods"}]},{"@type":"WebSite","@id":"https:\/\/geneva.intercontinental.com\/fr\/#website","url":"https:\/\/geneva.intercontinental.com\/fr\/","name":"IHG","description":"Live the InterContinental Life","publisher":{"@id":"https:\/\/geneva.intercontinental.com\/fr\/#organization"},"alternateName":"InterContinental Gen\u00e8ve","potentialAction":[{"@type":"SearchAction","target":{"@type":"EntryPoint","urlTemplate":"https:\/\/geneva.intercontinental.com\/fr\/?s={search_term_string}"},"query-input":{"@type":"PropertyValueSpecification","valueRequired":true,"valueName":"search_term_string"}}],"inLanguage":"fr-FR"},{"@type":"Organization","@id":"https:\/\/geneva.intercontinental.com\/fr\/#organization","name":"InterContinental Gen\u00e8ve","alternateName":"GVAHA","url":"https:\/\/geneva.intercontinental.com\/fr\/","logo":{"@type":"ImageObject","inLanguage":"fr-FR","@id":"https:\/\/geneva.intercontinental.com\/fr\/#\/schema\/logo\/image\/","url":"https:\/\/geneva.intercontinental.com\/wp-content\/uploads\/sites\/7\/2024\/04\/intercontinental-geneve-logo.svg","contentUrl":"https:\/\/geneva.intercontinental.com\/wp-content\/uploads\/sites\/7\/2024\/04\/intercontinental-geneve-logo.svg","caption":"InterContinental Gen\u00e8ve"},"image":{"@id":"https:\/\/geneva.intercontinental.com\/fr\/#\/schema\/logo\/image\/"}}]}},"_links":{"self":[{"href":"https:\/\/geneva.intercontinental.com\/fr\/wp-json\/wp\/v2\/product\/13870","targetHints":{"allow":["GET"]}}],"collection":[{"href":"https:\/\/geneva.intercontinental.com\/fr\/wp-json\/wp\/v2\/product"}],"about":[{"href":"https:\/\/geneva.intercontinental.com\/fr\/wp-json\/wp\/v2\/types\/product"}],"wp:featuredmedia":[{"embeddable":true,"href":"https:\/\/geneva.intercontinental.com\/fr\/wp-json\/wp\/v2\/media\/19756"}],"wp:attachment":[{"href":"https:\/\/geneva.intercontinental.com\/fr\/wp-json\/wp\/v2\/media?parent=13870"}],"wp:term":[{"taxonomy":"product_brand","embeddable":true,"href":"https:\/\/geneva.intercontinental.com\/fr\/wp-json\/wp\/v2\/product_brand?post=13870"},{"taxonomy":"product_cat","embeddable":true,"href":"https:\/\/geneva.intercontinental.com\/fr\/wp-json\/wp\/v2\/product_cat?post=13870"},{"taxonomy":"product_tag","embeddable":true,"href":"https:\/\/geneva.intercontinental.com\/fr\/wp-json\/wp\/v2\/product_tag?post=13870"}],"curies":[{"name":"wp","href":"https:\/\/api.w.org\/{rel}","templated":true}]}}