{"id":13257,"date":"2022-08-24T15:36:37","date_gmt":"2022-08-24T13:36:37","guid":{"rendered":"https:\/\/geneva.intercontinental.com\/product\/brunch-au-restaurant-woods-pour-les-enfants-de-6-a-12-ans\/"},"modified":"2025-11-10T15:07:55","modified_gmt":"2025-11-10T14:07:55","slug":"le-petit-brunch","status":"publish","type":"product","link":"https:\/\/geneva.intercontinental.com\/fr\/produit\/le-petit-brunch\/","title":{"rendered":"Le Petit Brunch"},"content":{"rendered":"<div>\n<p data-start=\"105\" data-end=\"354\">Tous les dimanches, le restaurant Woods invite familles et amis \u00e0 partager un brunch g\u00e9n\u00e9reux et savoureux, sign\u00e9 par le Chef Quentin Jacquemoud et son \u00e9quipe.<\/p>\n<p data-start=\"245\" data-end=\"544\">D\u00e9couvrez Le Petit Brunch, sp\u00e9cialement con\u00e7u pour nos jeunes convives. Un buffet color\u00e9 et savoureux, avec une kids room, jeux et animations encadr\u00e9s par une babysitter, pour que les enfants s\u2019amusent et se r\u00e9galent pendant que les parents savourent <a href=\"https:\/\/geneva.intercontinental.com\/fr\/produit\/brunch-au-woods\/\">Le Grand Brunch<\/a> en toute s\u00e9r\u00e9nit\u00e9.<\/p>\n<\/div>\n<div>\n<p data-aos=\"fade-in\"><strong>Informations pratiques :<\/strong><\/p>\n<p class=\"aos-init aos-animate\" data-aos=\"fade-in\"><em>Notre brunch dominical est disponible chaque dimanche au tarif de CHF 60.- pour les enfants de 5 \u00e0 12 ans, gratuit pour les &#8211; de 5 ans.<\/em><\/p>\n<p class=\"aos-init aos-animate\" data-aos=\"fade-in\"><em>Inclus le buffet \u00e0 volont\u00e9, une coupe de Champagne ou Mocktail, boissons non alcoolis\u00e9es, caf\u00e9 et th\u00e9.<br \/>\n<\/em><em>R\u00e9servation obligatoire.<\/em><br \/>\n<em>\u00c0 partir de 12h15 jusqu\u2019\u00e0 15h (ferm\u00e9 en Juillet et Ao\u00fbt).<\/em><br \/>\n<em>Non applicable durant nos offres sp\u00e9ciales.<\/em><\/p>\n<\/div>\n<div>\n<p><strong>Attention, les caract\u00e8res sp\u00e9ciaux et smiley ins\u00e9r\u00e9s dans le champ &#8220;message&#8221; ne pourront \u00eatre retranscrits sur le bon cadeau.<\/strong><\/p>\n<\/div>\n","protected":false},"excerpt":{"rendered":"<p>Buffet color\u00e9, douceurs gourmandes et animations encadr\u00e9es pour que les enfants s\u2019amusent et se r\u00e9galent chaque dimanche.<\/p>\n","protected":false},"featured_media":37153,"template":"","meta":{"_acf_changed":false},"product_brand":[],"product_cat":[98],"product_tag":[],"class_list":{"0":"post-13257","1":"product","2":"type-product","3":"status-publish","4":"has-post-thumbnail","6":"product_cat-restaurants-bars-fr","8":"first","9":"instock","10":"downloadable","11":"virtual","12":"purchasable","13":"product-type-simple"},"acf":[],"yoast_head":"<!-- This site is optimized with the Yoast SEO plugin v26.2 - https:\/\/yoast.com\/wordpress\/plugins\/seo\/ -->\n<title>Le Petit Brunch - InterContinental Gen\u00e8ve<\/title>\n<meta name=\"description\" content=\"Buffet color\u00e9, douceurs gourmandes et animations encadr\u00e9es pour que les enfants s\u2019amusent et se r\u00e9galent chaque dimanche.\" \/>\n<meta name=\"robots\" content=\"index, follow, max-snippet:-1, max-image-preview:large, max-video-preview:-1\" \/>\n<link rel=\"canonical\" href=\"https:\/\/geneva.intercontinental.com\/fr\/produit\/le-petit-brunch\/\" \/>\n<meta property=\"og:locale\" content=\"fr_FR\" \/>\n<meta property=\"og:type\" content=\"article\" \/>\n<meta property=\"og:title\" content=\"Le Petit Brunch - InterContinental Gen\u00e8ve\" \/>\n<meta property=\"og:description\" content=\"Buffet color\u00e9, douceurs gourmandes et animations encadr\u00e9es pour que les enfants s\u2019amusent et se r\u00e9galent chaque dimanche.\" \/>\n<meta property=\"og:url\" content=\"https:\/\/geneva.intercontinental.com\/fr\/produit\/le-petit-brunch\/\" \/>\n<meta property=\"og:site_name\" content=\"IHG\" \/>\n<meta property=\"article:modified_time\" content=\"2025-11-10T14:07:55+00:00\" \/>\n<meta property=\"og:image\" content=\"https:\/\/geneva.intercontinental.com\/wp-content\/uploads\/sites\/7\/2025\/07\/Family_Holidays_InterContinental-Geneve_5.jpg\" \/>\n\t<meta property=\"og:image:width\" content=\"2048\" \/>\n\t<meta property=\"og:image:height\" content=\"1366\" \/>\n\t<meta property=\"og:image:type\" content=\"image\/jpeg\" \/>\n<meta name=\"twitter:card\" content=\"summary_large_image\" \/>\n<meta name=\"twitter:label1\" content=\"Dur\u00e9e de lecture estim\u00e9e\" \/>\n\t<meta name=\"twitter:data1\" content=\"1 minute\" \/>\n<script type=\"application\/ld+json\" class=\"yoast-schema-graph\">{\"@context\":\"https:\/\/schema.org\",\"@graph\":[{\"@type\":\"WebPage\",\"@id\":\"https:\/\/geneva.intercontinental.com\/fr\/produit\/le-petit-brunch\/\",\"url\":\"https:\/\/geneva.intercontinental.com\/fr\/produit\/le-petit-brunch\/\",\"name\":\"Le Petit Brunch - InterContinental Gen\u00e8ve\",\"isPartOf\":{\"@id\":\"https:\/\/geneva.intercontinental.com\/fr\/#website\"},\"primaryImageOfPage\":{\"@id\":\"https:\/\/geneva.intercontinental.com\/fr\/produit\/le-petit-brunch\/#primaryimage\"},\"image\":{\"@id\":\"https:\/\/geneva.intercontinental.com\/fr\/produit\/le-petit-brunch\/#primaryimage\"},\"thumbnailUrl\":\"https:\/\/geneva.intercontinental.com\/wp-content\/uploads\/sites\/7\/2025\/07\/Family_Holidays_InterContinental-Geneve_5.jpg\",\"datePublished\":\"2022-08-24T13:36:37+00:00\",\"dateModified\":\"2025-11-10T14:07:55+00:00\",\"description\":\"Buffet color\u00e9, douceurs gourmandes et animations encadr\u00e9es pour que les enfants s\u2019amusent et se r\u00e9galent chaque dimanche.\",\"breadcrumb\":{\"@id\":\"https:\/\/geneva.intercontinental.com\/fr\/produit\/le-petit-brunch\/#breadcrumb\"},\"inLanguage\":\"fr-FR\",\"potentialAction\":[{\"@type\":\"ReadAction\",\"target\":[\"https:\/\/geneva.intercontinental.com\/fr\/produit\/le-petit-brunch\/\"]}]},{\"@type\":\"ImageObject\",\"inLanguage\":\"fr-FR\",\"@id\":\"https:\/\/geneva.intercontinental.com\/fr\/produit\/le-petit-brunch\/#primaryimage\",\"url\":\"https:\/\/geneva.intercontinental.com\/wp-content\/uploads\/sites\/7\/2025\/07\/Family_Holidays_InterContinental-Geneve_5.jpg\",\"contentUrl\":\"https:\/\/geneva.intercontinental.com\/wp-content\/uploads\/sites\/7\/2025\/07\/Family_Holidays_InterContinental-Geneve_5.jpg\",\"width\":2048,\"height\":1366},{\"@type\":\"BreadcrumbList\",\"@id\":\"https:\/\/geneva.intercontinental.com\/fr\/produit\/le-petit-brunch\/#breadcrumb\",\"itemListElement\":[{\"@type\":\"ListItem\",\"position\":1,\"name\":\"Accueil\",\"item\":\"https:\/\/geneva.intercontinental.com\/fr\/\"},{\"@type\":\"ListItem\",\"position\":2,\"name\":\"Boutique en ligne\",\"item\":\"https:\/\/geneva.intercontinental.com\/fr\/shop\/\"},{\"@type\":\"ListItem\",\"position\":3,\"name\":\"Le Petit Brunch\"}]},{\"@type\":\"WebSite\",\"@id\":\"https:\/\/geneva.intercontinental.com\/fr\/#website\",\"url\":\"https:\/\/geneva.intercontinental.com\/fr\/\",\"name\":\"IHG\",\"description\":\"Live the InterContinental Life\",\"publisher\":{\"@id\":\"https:\/\/geneva.intercontinental.com\/fr\/#organization\"},\"alternateName\":\"InterContinental Gen\u00e8ve\",\"potentialAction\":[{\"@type\":\"SearchAction\",\"target\":{\"@type\":\"EntryPoint\",\"urlTemplate\":\"https:\/\/geneva.intercontinental.com\/fr\/?s={search_term_string}\"},\"query-input\":{\"@type\":\"PropertyValueSpecification\",\"valueRequired\":true,\"valueName\":\"search_term_string\"}}],\"inLanguage\":\"fr-FR\"},{\"@type\":\"Organization\",\"@id\":\"https:\/\/geneva.intercontinental.com\/fr\/#organization\",\"name\":\"InterContinental Gen\u00e8ve\",\"alternateName\":\"GVAHA\",\"url\":\"https:\/\/geneva.intercontinental.com\/fr\/\",\"logo\":{\"@type\":\"ImageObject\",\"inLanguage\":\"fr-FR\",\"@id\":\"https:\/\/geneva.intercontinental.com\/fr\/#\/schema\/logo\/image\/\",\"url\":\"https:\/\/geneva.intercontinental.com\/wp-content\/uploads\/sites\/7\/2024\/04\/intercontinental-geneve-logo.svg\",\"contentUrl\":\"https:\/\/geneva.intercontinental.com\/wp-content\/uploads\/sites\/7\/2024\/04\/intercontinental-geneve-logo.svg\",\"caption\":\"InterContinental Gen\u00e8ve\"},\"image\":{\"@id\":\"https:\/\/geneva.intercontinental.com\/fr\/#\/schema\/logo\/image\/\"}}]}<\/script>\n<!-- \/ Yoast SEO plugin. -->","yoast_head_json":{"title":"Le Petit Brunch - InterContinental Gen\u00e8ve","description":"Buffet color\u00e9, douceurs gourmandes et animations encadr\u00e9es pour que les enfants s\u2019amusent et se r\u00e9galent chaque dimanche.","robots":{"index":"index","follow":"follow","max-snippet":"max-snippet:-1","max-image-preview":"max-image-preview:large","max-video-preview":"max-video-preview:-1"},"canonical":"https:\/\/geneva.intercontinental.com\/fr\/produit\/le-petit-brunch\/","og_locale":"fr_FR","og_type":"article","og_title":"Le Petit Brunch - InterContinental Gen\u00e8ve","og_description":"Buffet color\u00e9, douceurs gourmandes et animations encadr\u00e9es pour que les enfants s\u2019amusent et se r\u00e9galent chaque dimanche.","og_url":"https:\/\/geneva.intercontinental.com\/fr\/produit\/le-petit-brunch\/","og_site_name":"IHG","article_modified_time":"2025-11-10T14:07:55+00:00","og_image":[{"width":2048,"height":1366,"url":"https:\/\/geneva.intercontinental.com\/wp-content\/uploads\/sites\/7\/2025\/07\/Family_Holidays_InterContinental-Geneve_5.jpg","type":"image\/jpeg"}],"twitter_card":"summary_large_image","twitter_misc":{"Dur\u00e9e de lecture estim\u00e9e":"1 minute"},"schema":{"@context":"https:\/\/schema.org","@graph":[{"@type":"WebPage","@id":"https:\/\/geneva.intercontinental.com\/fr\/produit\/le-petit-brunch\/","url":"https:\/\/geneva.intercontinental.com\/fr\/produit\/le-petit-brunch\/","name":"Le Petit Brunch - InterContinental Gen\u00e8ve","isPartOf":{"@id":"https:\/\/geneva.intercontinental.com\/fr\/#website"},"primaryImageOfPage":{"@id":"https:\/\/geneva.intercontinental.com\/fr\/produit\/le-petit-brunch\/#primaryimage"},"image":{"@id":"https:\/\/geneva.intercontinental.com\/fr\/produit\/le-petit-brunch\/#primaryimage"},"thumbnailUrl":"https:\/\/geneva.intercontinental.com\/wp-content\/uploads\/sites\/7\/2025\/07\/Family_Holidays_InterContinental-Geneve_5.jpg","datePublished":"2022-08-24T13:36:37+00:00","dateModified":"2025-11-10T14:07:55+00:00","description":"Buffet color\u00e9, douceurs gourmandes et animations encadr\u00e9es pour que les enfants s\u2019amusent et se r\u00e9galent chaque dimanche.","breadcrumb":{"@id":"https:\/\/geneva.intercontinental.com\/fr\/produit\/le-petit-brunch\/#breadcrumb"},"inLanguage":"fr-FR","potentialAction":[{"@type":"ReadAction","target":["https:\/\/geneva.intercontinental.com\/fr\/produit\/le-petit-brunch\/"]}]},{"@type":"ImageObject","inLanguage":"fr-FR","@id":"https:\/\/geneva.intercontinental.com\/fr\/produit\/le-petit-brunch\/#primaryimage","url":"https:\/\/geneva.intercontinental.com\/wp-content\/uploads\/sites\/7\/2025\/07\/Family_Holidays_InterContinental-Geneve_5.jpg","contentUrl":"https:\/\/geneva.intercontinental.com\/wp-content\/uploads\/sites\/7\/2025\/07\/Family_Holidays_InterContinental-Geneve_5.jpg","width":2048,"height":1366},{"@type":"BreadcrumbList","@id":"https:\/\/geneva.intercontinental.com\/fr\/produit\/le-petit-brunch\/#breadcrumb","itemListElement":[{"@type":"ListItem","position":1,"name":"Accueil","item":"https:\/\/geneva.intercontinental.com\/fr\/"},{"@type":"ListItem","position":2,"name":"Boutique en ligne","item":"https:\/\/geneva.intercontinental.com\/fr\/shop\/"},{"@type":"ListItem","position":3,"name":"Le Petit Brunch"}]},{"@type":"WebSite","@id":"https:\/\/geneva.intercontinental.com\/fr\/#website","url":"https:\/\/geneva.intercontinental.com\/fr\/","name":"IHG","description":"Live the InterContinental Life","publisher":{"@id":"https:\/\/geneva.intercontinental.com\/fr\/#organization"},"alternateName":"InterContinental Gen\u00e8ve","potentialAction":[{"@type":"SearchAction","target":{"@type":"EntryPoint","urlTemplate":"https:\/\/geneva.intercontinental.com\/fr\/?s={search_term_string}"},"query-input":{"@type":"PropertyValueSpecification","valueRequired":true,"valueName":"search_term_string"}}],"inLanguage":"fr-FR"},{"@type":"Organization","@id":"https:\/\/geneva.intercontinental.com\/fr\/#organization","name":"InterContinental Gen\u00e8ve","alternateName":"GVAHA","url":"https:\/\/geneva.intercontinental.com\/fr\/","logo":{"@type":"ImageObject","inLanguage":"fr-FR","@id":"https:\/\/geneva.intercontinental.com\/fr\/#\/schema\/logo\/image\/","url":"https:\/\/geneva.intercontinental.com\/wp-content\/uploads\/sites\/7\/2024\/04\/intercontinental-geneve-logo.svg","contentUrl":"https:\/\/geneva.intercontinental.com\/wp-content\/uploads\/sites\/7\/2024\/04\/intercontinental-geneve-logo.svg","caption":"InterContinental Gen\u00e8ve"},"image":{"@id":"https:\/\/geneva.intercontinental.com\/fr\/#\/schema\/logo\/image\/"}}]}},"_links":{"self":[{"href":"https:\/\/geneva.intercontinental.com\/fr\/wp-json\/wp\/v2\/product\/13257","targetHints":{"allow":["GET"]}}],"collection":[{"href":"https:\/\/geneva.intercontinental.com\/fr\/wp-json\/wp\/v2\/product"}],"about":[{"href":"https:\/\/geneva.intercontinental.com\/fr\/wp-json\/wp\/v2\/types\/product"}],"wp:featuredmedia":[{"embeddable":true,"href":"https:\/\/geneva.intercontinental.com\/fr\/wp-json\/wp\/v2\/media\/37153"}],"wp:attachment":[{"href":"https:\/\/geneva.intercontinental.com\/fr\/wp-json\/wp\/v2\/media?parent=13257"}],"wp:term":[{"taxonomy":"product_brand","embeddable":true,"href":"https:\/\/geneva.intercontinental.com\/fr\/wp-json\/wp\/v2\/product_brand?post=13257"},{"taxonomy":"product_cat","embeddable":true,"href":"https:\/\/geneva.intercontinental.com\/fr\/wp-json\/wp\/v2\/product_cat?post=13257"},{"taxonomy":"product_tag","embeddable":true,"href":"https:\/\/geneva.intercontinental.com\/fr\/wp-json\/wp\/v2\/product_tag?post=13257"}],"curies":[{"name":"wp","href":"https:\/\/api.w.org\/{rel}","templated":true}]}}