{"id":804,"date":"2020-07-13T15:14:45","date_gmt":"2020-07-13T13:14:45","guid":{"rendered":"https:\/\/geneva.intercontinental.com\/?page_id=804"},"modified":"2026-03-31T14:02:03","modified_gmt":"2026-03-31T12:02:03","slug":"suite-one-bedroom","status":"publish","type":"page","link":"https:\/\/geneva.intercontinental.com\/fr\/suites\/suite-one-bedroom\/","title":{"rendered":"Suite One Bedroom"},"content":{"rendered":"\r\n\r\n\r\n\r\n\r\n  <!-- Swiper hero -->\r\n  <div id=\"slideshow-block_34be287728ae8d6b172a1dea7bbd5476\" class=\"row \">  \r\n    <div class=\"swiper d-swiper-container hero\" data-swiper={\"navigation\":{\"enabled\":false}}>\r\n      <div class=\"swiper-wrapper\">\r\n                            <div class=\"swiper-slide\">\r\n                              <span aria-hidden=\"true\" class=\"slide-e-background has-background-dim-30  has-background has-charcoal-grey-background-color\"><\/span>\r\n                                            <img decoding=\"async\" src=\"https:\/\/geneva.intercontinental.com\/wp-content\/uploads\/sites\/7\/2022\/11\/InterContinental-Geneve-One-Bedroom-Room-Lake-view-and-tea.jpg\"\r\n                sizes=\"(max-width: 2000px) 100vw, 2000px\"\r\n                srcset=\"https:\/\/geneva.intercontinental.com\/wp-content\/uploads\/sites\/7\/2022\/11\/InterContinental-Geneve-One-Bedroom-Room-Lake-view-and-tea.jpg 1500w,\r\n                        https:\/\/geneva.intercontinental.com\/wp-content\/uploads\/sites\/7\/2022\/11\/InterContinental-Geneve-One-Bedroom-Room-Lake-view-and-tea-1024x651.jpg 1024w,\r\n                        https:\/\/geneva.intercontinental.com\/wp-content\/uploads\/sites\/7\/2022\/11\/InterContinental-Geneve-One-Bedroom-Room-Lake-view-and-tea-768x488.jpg 768w\"\r\n                        alt=\"\">\r\n                                            <div class=\"slide-e-content d-none d-md-block\">\r\n                                       \r\n                    <h1 class=\"title\">Suite One Bedroom<\/h1>\r\n                                                                                          <\/div>\r\n                          <\/div>\r\n                            <\/div>\r\n            <\/div>\r\n  <\/div>\r\n  <!-- End Swiper hero -->\r\n\r\n \n\n\n<div style=\"height:50px\" aria-hidden=\"true\" class=\"wp-block-spacer\"><\/div>\n\n\n\n<div class=\"wp-block-columns pattern-2-col-text-and-slider slider-left is-layout-flex wp-container-core-columns-is-layout-28f84493 wp-block-columns-is-layout-flex\">\n<div class=\"wp-block-column is-vertically-aligned-center is-layout-flow wp-block-column-is-layout-flow\" style=\"padding-right:var(--wp--preset--spacing--30);padding-left:var(--wp--preset--spacing--30);flex-basis:60%\">\r\n\r\n  \r\n  <div id=\"slideshow-block_0bef34d433fda62239fc1f057da477c6\" class=\"row\" data-aos=\"fade-in\">\r\n      <!-- Swiper -->\r\n      <div class=\"swiper d-swiper-container full\" style=\"\" data-swiper={\"autoplay\":true,\"slidesPerView\":1,\"effect\":\"creative\",\"creativeEffect\":{\"limitProgress\":2,\"prev\":{\"translate\":[\"-100%\",0,0]},\"next\":{\"translate\":[\"100%\",0,0]}},\"speed\":1000}>\r\n        <div class=\"swiper-wrapper\">\r\n                                      <div class=\"swiper-slide\">\r\n                                    <img decoding=\"async\" src=\"https:\/\/geneva.intercontinental.com\/wp-content\/uploads\/sites\/7\/2022\/11\/InterContinental-Geneve-Premium-Room-mountain-view-min-scaled-1.jpg\"\r\n                  sizes=\"(max-width: 2000px) 100vw, 2000px\"\r\n                  srcset=\"https:\/\/geneva.intercontinental.com\/wp-content\/uploads\/sites\/7\/2022\/11\/InterContinental-Geneve-Premium-Room-mountain-view-min-scaled-1.jpg 2560w,\r\n                          https:\/\/geneva.intercontinental.com\/wp-content\/uploads\/sites\/7\/2022\/11\/InterContinental-Geneve-Premium-Room-mountain-view-min-scaled-1-1024x622.jpg 1024w,\r\n                          https:\/\/geneva.intercontinental.com\/wp-content\/uploads\/sites\/7\/2022\/11\/InterContinental-Geneve-Premium-Room-mountain-view-min-scaled-1-768x466.jpg 768w\"\r\n                          alt=\"InterContinental-Geneve-Premium-Room-mountain-view-min\">\r\n                <\/div>\r\n                            <div class=\"swiper-slide\">\r\n                                    <img decoding=\"async\" src=\"https:\/\/geneva.intercontinental.com\/wp-content\/uploads\/sites\/7\/2022\/11\/InterContinental-Geneve-Room-focus-with-view.jpg\"\r\n                  sizes=\"(max-width: 2000px) 100vw, 2000px\"\r\n                  srcset=\"https:\/\/geneva.intercontinental.com\/wp-content\/uploads\/sites\/7\/2022\/11\/InterContinental-Geneve-Room-focus-with-view.jpg 1500w,\r\n                          https:\/\/geneva.intercontinental.com\/wp-content\/uploads\/sites\/7\/2022\/11\/InterContinental-Geneve-Room-focus-with-view-1024x595.jpg 1024w,\r\n                          https:\/\/geneva.intercontinental.com\/wp-content\/uploads\/sites\/7\/2022\/11\/InterContinental-Geneve-Room-focus-with-view-768x446.jpg 768w\"\r\n                          alt=\"Room with a view at the InterContinental Gen\u00e8ve hotel.\">\r\n                <\/div>\r\n                            <div class=\"swiper-slide\">\r\n                                    <img decoding=\"async\" src=\"https:\/\/geneva.intercontinental.com\/wp-content\/uploads\/sites\/7\/2022\/11\/InterContinental-Geneve-One-Bedroom-Room-Lake-view-and-tea.jpg\"\r\n                  sizes=\"(max-width: 2000px) 100vw, 2000px\"\r\n                  srcset=\"https:\/\/geneva.intercontinental.com\/wp-content\/uploads\/sites\/7\/2022\/11\/InterContinental-Geneve-One-Bedroom-Room-Lake-view-and-tea.jpg 1500w,\r\n                          https:\/\/geneva.intercontinental.com\/wp-content\/uploads\/sites\/7\/2022\/11\/InterContinental-Geneve-One-Bedroom-Room-Lake-view-and-tea-1024x651.jpg 1024w,\r\n                          https:\/\/geneva.intercontinental.com\/wp-content\/uploads\/sites\/7\/2022\/11\/InterContinental-Geneve-One-Bedroom-Room-Lake-view-and-tea-768x488.jpg 768w\"\r\n                          alt=\"InterContinental-Geneve-One Bedroom-Room-Lake-view-and-tea\">\r\n                <\/div>\r\n                            <div class=\"swiper-slide\">\r\n                                    <img decoding=\"async\" src=\"https:\/\/geneva.intercontinental.com\/wp-content\/uploads\/sites\/7\/2023\/11\/InterContinental-Geneve-Premium-Room-bathroom-9-10-11eme-floor-scaled.jpg\"\r\n                  sizes=\"(max-width: 2000px) 100vw, 2000px\"\r\n                  srcset=\"https:\/\/geneva.intercontinental.com\/wp-content\/uploads\/sites\/7\/2023\/11\/InterContinental-Geneve-Premium-Room-bathroom-9-10-11eme-floor-scaled.jpg 2560w,\r\n                          https:\/\/geneva.intercontinental.com\/wp-content\/uploads\/sites\/7\/2023\/11\/InterContinental-Geneve-Premium-Room-bathroom-9-10-11eme-floor-1024x650.jpg 1024w,\r\n                          https:\/\/geneva.intercontinental.com\/wp-content\/uploads\/sites\/7\/2023\/11\/InterContinental-Geneve-Premium-Room-bathroom-9-10-11eme-floor-768x487.jpg 768w\"\r\n                          alt=\"InterContinental-Geneve-Premium-Room-bathroom 9-10-11eme floor\">\r\n                <\/div>\r\n                            <div class=\"swiper-slide\">\r\n                                    <img decoding=\"async\" src=\"https:\/\/geneva.intercontinental.com\/wp-content\/uploads\/sites\/7\/2023\/10\/InterContinental-Geneve-One-bedroom-Room-bathroom-3-4-5th-floor.webp\"\r\n                  sizes=\"(max-width: 2000px) 100vw, 2000px\"\r\n                  srcset=\"https:\/\/geneva.intercontinental.com\/wp-content\/uploads\/sites\/7\/2023\/10\/InterContinental-Geneve-One-bedroom-Room-bathroom-3-4-5th-floor.webp 1920w,\r\n                          https:\/\/geneva.intercontinental.com\/wp-content\/uploads\/sites\/7\/2023\/10\/InterContinental-Geneve-One-bedroom-Room-bathroom-3-4-5th-floor-1024x576.webp 1024w,\r\n                          https:\/\/geneva.intercontinental.com\/wp-content\/uploads\/sites\/7\/2023\/10\/InterContinental-Geneve-One-bedroom-Room-bathroom-3-4-5th-floor-768x432.webp 768w\"\r\n                          alt=\"InterContinental-Geneve-One-bedroom-Room-bathroom-3-4-5th-floor\">\r\n                <\/div>\r\n                              <\/div>\r\n          <div class=\"swiper-pagination\">\r\n          <\/div>\r\n          <div class=\"swiper-button swiper-button-prev\">\r\n            <span class=\"arrowl\"><\/span>\r\n          <\/div>\r\n          <div class=\"swiper-button swiper-button-next\">\r\n            <span class=\"arrowr\"><\/span>\r\n          <\/div>\r\n      <\/div>\r\n      <!-- End Swiper -->\r\n  <\/div>\r\n  \r\n\r\n <\/div>\n\n\n\n<div class=\"wp-block-column is-vertically-aligned-bottom text-column is-layout-flow wp-block-column-is-layout-flow\" style=\"padding-top:var(--wp--preset--spacing--70);padding-right:var(--wp--preset--spacing--60);padding-bottom:var(--wp--preset--spacing--70);padding-left:var(--wp--preset--spacing--60);flex-basis:35%\">\n<h4 class=\"wp-block-heading\">SUITES<\/h4>\n\n\n\n<h3 class=\"wp-block-heading\">Suite One Bedroom<\/h3>\n\n\n\n<p>Appr\u00e9ciez tout le chic et l\u2019\u00e9l\u00e9gance de cette spacieuse suite de 50 m\u00b2 disposant d\u2019une tr\u00e8s belle chambre et d\u2019un salon s\u00e9par\u00e9s.&nbsp; Situ\u00e9e en \u00e9tage inf\u00e9rieur, l\u2019int\u00e9rieur contemporain est compl\u00e9t\u00e9 par une vue sur le Lac L\u00e9man, les montagnes et la ville de Gen\u00e8ve.&nbsp;<\/p>\n\n\n\n<p>Id\u00e9al pour les familles souhaitant profiter d\u2019un peu d\u2019intimit\u00e9.<\/p>\n\n\n\n<p><em>50 m\u00b2<\/em><\/p>\n<\/div>\n\n\n\n<div class=\"wp-block-column is-layout-flow wp-block-column-is-layout-flow\" style=\"flex-basis:5%\"><\/div>\n<\/div>\n\n\n\n<div style=\"height:50px\" aria-hidden=\"true\" class=\"wp-block-spacer\"><\/div>\n\n\n\n<div class=\"wp-block-columns is-layout-flex wp-container-core-columns-is-layout-28f84493 wp-block-columns-is-layout-flex\">\n<div class=\"wp-block-column is-layout-flow wp-block-column-is-layout-flow\" style=\"flex-basis:15%\"><\/div>\n\n\n\n<div class=\"wp-block-column is-layout-flow wp-block-column-is-layout-flow\">\n<p class=\"has-text-align-left\"><em><em>Chaque chambre \u00e0 l\u2019InterContinental Gen\u00e8ve \u00e9tant unique dans sa configuration et d\u00e9coration, les photos pr\u00e9sent\u00e9es des salles de bain peuvent varier en fonction des cat\u00e9gories et \u00e9tages.&nbsp;<\/em><\/em><\/p>\n<\/div>\n\n\n\n<div class=\"wp-block-column is-layout-flow wp-block-column-is-layout-flow\" style=\"flex-basis:15%\"><\/div>\n<\/div>\n\n\n\n<div style=\"height:50px\" aria-hidden=\"true\" class=\"wp-block-spacer\"><\/div>\n\n\n\n<div class=\"wp-block-columns is-layout-flex wp-container-core-columns-is-layout-28f84493 wp-block-columns-is-layout-flex\">\n<div class=\"wp-block-column is-layout-flow wp-block-column-is-layout-flow\" style=\"flex-basis:10%\"><\/div>\n\n\n\n<div class=\"wp-block-column is-layout-flow wp-block-column-is-layout-flow\">\n<figure class=\"wp-block-video\"><video autoplay loop muted src=\"https:\/\/geneva.intercontinental.com\/wp-content\/uploads\/sites\/7\/2026\/03\/InterContinental-Geneva-Room-Tour-One-Bedroom-Suite.mp4\" playsinline><\/video><\/figure>\n<\/div>\n\n\n\n<div class=\"wp-block-column is-layout-flow wp-block-column-is-layout-flow\" style=\"flex-basis:10%\"><\/div>\n<\/div>\n","protected":false},"excerpt":{"rendered":"<p>50 m\u00b2 &#8211; Mises en valeur par un espace g\u00e9n\u00e9reux et un mobilier de bon go\u00fbt, les Suites One Bedroom offrent \u00e0 la fois \u00e9l\u00e9gance et modernit\u00e9. Vue ville ou montagne.<\/p>\n","protected":false},"author":1,"featured_media":20432,"parent":801,"menu_order":1,"comment_status":"closed","ping_status":"closed","template":"","meta":{"_acf_changed":false,"footnotes":""},"class_list":["post-804","page","type-page","status-publish","has-post-thumbnail","hentry"],"acf":[],"yoast_head":"<!-- This site is optimized with the Yoast SEO plugin v26.2 - https:\/\/yoast.com\/wordpress\/plugins\/seo\/ -->\n<title>Suite One Bedroom - InterContinental Gen\u00e8ve<\/title>\n<meta name=\"description\" content=\"La Suite One Bedroom offre un espace g\u00e9n\u00e9reux et un mobilier de bon go\u00fbt, alliant \u00e0 la fois \u00e9l\u00e9gance et modernit\u00e9.\" \/>\n<meta name=\"robots\" content=\"index, follow, max-snippet:-1, max-image-preview:large, max-video-preview:-1\" \/>\n<link rel=\"canonical\" href=\"https:\/\/geneva.intercontinental.com\/fr\/suites\/suite-one-bedroom\/\" \/>\n<meta property=\"og:locale\" content=\"fr_FR\" \/>\n<meta property=\"og:type\" content=\"article\" \/>\n<meta property=\"og:title\" content=\"Suite One Bedroom - InterContinental Gen\u00e8ve\" \/>\n<meta property=\"og:description\" content=\"La Suite One Bedroom offre un espace g\u00e9n\u00e9reux et un mobilier de bon go\u00fbt, alliant \u00e0 la fois \u00e9l\u00e9gance et modernit\u00e9.\" \/>\n<meta property=\"og:url\" content=\"https:\/\/geneva.intercontinental.com\/fr\/suites\/suite-one-bedroom\/\" \/>\n<meta property=\"og:site_name\" content=\"IHG\" \/>\n<meta property=\"article:modified_time\" content=\"2026-03-31T12:02:03+00:00\" \/>\n<meta property=\"og:image\" content=\"https:\/\/geneva.intercontinental.com\/wp-content\/uploads\/sites\/7\/2022\/11\/InterContinental-Geneve-One-Bedroom-Room-Lake-view-and-tea-min-min-scaled-1.jpg\" \/>\n\t<meta property=\"og:image:width\" content=\"2560\" \/>\n\t<meta property=\"og:image:height\" content=\"1627\" \/>\n\t<meta property=\"og:image:type\" content=\"image\/jpeg\" \/>\n<meta name=\"twitter:card\" content=\"summary_large_image\" \/>\n<meta name=\"twitter:label1\" content=\"Dur\u00e9e de lecture estim\u00e9e\" \/>\n\t<meta name=\"twitter:data1\" content=\"1 minute\" \/>\n<script type=\"application\/ld+json\" class=\"yoast-schema-graph\">{\"@context\":\"https:\/\/schema.org\",\"@graph\":[{\"@type\":\"WebPage\",\"@id\":\"https:\/\/geneva.intercontinental.com\/fr\/suites\/suite-one-bedroom\/\",\"url\":\"https:\/\/geneva.intercontinental.com\/fr\/suites\/suite-one-bedroom\/\",\"name\":\"Suite One Bedroom - InterContinental Gen\u00e8ve\",\"isPartOf\":{\"@id\":\"https:\/\/geneva.intercontinental.com\/fr\/#website\"},\"primaryImageOfPage\":{\"@id\":\"https:\/\/geneva.intercontinental.com\/fr\/suites\/suite-one-bedroom\/#primaryimage\"},\"image\":{\"@id\":\"https:\/\/geneva.intercontinental.com\/fr\/suites\/suite-one-bedroom\/#primaryimage\"},\"thumbnailUrl\":\"https:\/\/geneva.intercontinental.com\/wp-content\/uploads\/sites\/7\/2022\/11\/InterContinental-Geneve-One-Bedroom-Room-Lake-view-and-tea-min-min-scaled-1.jpg\",\"datePublished\":\"2020-07-13T13:14:45+00:00\",\"dateModified\":\"2026-03-31T12:02:03+00:00\",\"description\":\"La Suite One Bedroom offre un espace g\u00e9n\u00e9reux et un mobilier de bon go\u00fbt, alliant \u00e0 la fois \u00e9l\u00e9gance et modernit\u00e9.\",\"breadcrumb\":{\"@id\":\"https:\/\/geneva.intercontinental.com\/fr\/suites\/suite-one-bedroom\/#breadcrumb\"},\"inLanguage\":\"fr-FR\",\"potentialAction\":[{\"@type\":\"ReadAction\",\"target\":[\"https:\/\/geneva.intercontinental.com\/fr\/suites\/suite-one-bedroom\/\"]}]},{\"@type\":\"ImageObject\",\"inLanguage\":\"fr-FR\",\"@id\":\"https:\/\/geneva.intercontinental.com\/fr\/suites\/suite-one-bedroom\/#primaryimage\",\"url\":\"https:\/\/geneva.intercontinental.com\/wp-content\/uploads\/sites\/7\/2022\/11\/InterContinental-Geneve-One-Bedroom-Room-Lake-view-and-tea-min-min-scaled-1.jpg\",\"contentUrl\":\"https:\/\/geneva.intercontinental.com\/wp-content\/uploads\/sites\/7\/2022\/11\/InterContinental-Geneve-One-Bedroom-Room-Lake-view-and-tea-min-min-scaled-1.jpg\",\"width\":2560,\"height\":1627,\"caption\":\"Enjoy the ultimate luxury in our spacious one-bedroom suites. Relax and unwind in a stylish and comfortable setting with plenty of room to spread out.\"},{\"@type\":\"BreadcrumbList\",\"@id\":\"https:\/\/geneva.intercontinental.com\/fr\/suites\/suite-one-bedroom\/#breadcrumb\",\"itemListElement\":[{\"@type\":\"ListItem\",\"position\":1,\"name\":\"Accueil\",\"item\":\"https:\/\/geneva.intercontinental.com\/fr\/\"},{\"@type\":\"ListItem\",\"position\":2,\"name\":\"Suites\",\"item\":\"https:\/\/geneva.intercontinental.com\/fr\/suites\/\"},{\"@type\":\"ListItem\",\"position\":3,\"name\":\"Suite One Bedroom\"}]},{\"@type\":\"WebSite\",\"@id\":\"https:\/\/geneva.intercontinental.com\/fr\/#website\",\"url\":\"https:\/\/geneva.intercontinental.com\/fr\/\",\"name\":\"IHG\",\"description\":\"Live the InterContinental Life\",\"publisher\":{\"@id\":\"https:\/\/geneva.intercontinental.com\/fr\/#organization\"},\"alternateName\":\"InterContinental Gen\u00e8ve\",\"potentialAction\":[{\"@type\":\"SearchAction\",\"target\":{\"@type\":\"EntryPoint\",\"urlTemplate\":\"https:\/\/geneva.intercontinental.com\/fr\/?s={search_term_string}\"},\"query-input\":{\"@type\":\"PropertyValueSpecification\",\"valueRequired\":true,\"valueName\":\"search_term_string\"}}],\"inLanguage\":\"fr-FR\"},{\"@type\":\"Organization\",\"@id\":\"https:\/\/geneva.intercontinental.com\/fr\/#organization\",\"name\":\"InterContinental Gen\u00e8ve\",\"alternateName\":\"GVAHA\",\"url\":\"https:\/\/geneva.intercontinental.com\/fr\/\",\"logo\":{\"@type\":\"ImageObject\",\"inLanguage\":\"fr-FR\",\"@id\":\"https:\/\/geneva.intercontinental.com\/fr\/#\/schema\/logo\/image\/\",\"url\":\"https:\/\/geneva.intercontinental.com\/wp-content\/uploads\/sites\/7\/2024\/04\/intercontinental-geneve-logo.svg\",\"contentUrl\":\"https:\/\/geneva.intercontinental.com\/wp-content\/uploads\/sites\/7\/2024\/04\/intercontinental-geneve-logo.svg\",\"caption\":\"InterContinental Gen\u00e8ve\"},\"image\":{\"@id\":\"https:\/\/geneva.intercontinental.com\/fr\/#\/schema\/logo\/image\/\"}}]}<\/script>\n<!-- \/ Yoast SEO plugin. -->","yoast_head_json":{"title":"Suite One Bedroom - InterContinental Gen\u00e8ve","description":"La Suite One Bedroom offre un espace g\u00e9n\u00e9reux et un mobilier de bon go\u00fbt, alliant \u00e0 la fois \u00e9l\u00e9gance et modernit\u00e9.","robots":{"index":"index","follow":"follow","max-snippet":"max-snippet:-1","max-image-preview":"max-image-preview:large","max-video-preview":"max-video-preview:-1"},"canonical":"https:\/\/geneva.intercontinental.com\/fr\/suites\/suite-one-bedroom\/","og_locale":"fr_FR","og_type":"article","og_title":"Suite One Bedroom - InterContinental Gen\u00e8ve","og_description":"La Suite One Bedroom offre un espace g\u00e9n\u00e9reux et un mobilier de bon go\u00fbt, alliant \u00e0 la fois \u00e9l\u00e9gance et modernit\u00e9.","og_url":"https:\/\/geneva.intercontinental.com\/fr\/suites\/suite-one-bedroom\/","og_site_name":"IHG","article_modified_time":"2026-03-31T12:02:03+00:00","og_image":[{"width":2560,"height":1627,"url":"https:\/\/geneva.intercontinental.com\/wp-content\/uploads\/sites\/7\/2022\/11\/InterContinental-Geneve-One-Bedroom-Room-Lake-view-and-tea-min-min-scaled-1.jpg","type":"image\/jpeg"}],"twitter_card":"summary_large_image","twitter_misc":{"Dur\u00e9e de lecture estim\u00e9e":"1 minute"},"schema":{"@context":"https:\/\/schema.org","@graph":[{"@type":"WebPage","@id":"https:\/\/geneva.intercontinental.com\/fr\/suites\/suite-one-bedroom\/","url":"https:\/\/geneva.intercontinental.com\/fr\/suites\/suite-one-bedroom\/","name":"Suite One Bedroom - InterContinental Gen\u00e8ve","isPartOf":{"@id":"https:\/\/geneva.intercontinental.com\/fr\/#website"},"primaryImageOfPage":{"@id":"https:\/\/geneva.intercontinental.com\/fr\/suites\/suite-one-bedroom\/#primaryimage"},"image":{"@id":"https:\/\/geneva.intercontinental.com\/fr\/suites\/suite-one-bedroom\/#primaryimage"},"thumbnailUrl":"https:\/\/geneva.intercontinental.com\/wp-content\/uploads\/sites\/7\/2022\/11\/InterContinental-Geneve-One-Bedroom-Room-Lake-view-and-tea-min-min-scaled-1.jpg","datePublished":"2020-07-13T13:14:45+00:00","dateModified":"2026-03-31T12:02:03+00:00","description":"La Suite One Bedroom offre un espace g\u00e9n\u00e9reux et un mobilier de bon go\u00fbt, alliant \u00e0 la fois \u00e9l\u00e9gance et modernit\u00e9.","breadcrumb":{"@id":"https:\/\/geneva.intercontinental.com\/fr\/suites\/suite-one-bedroom\/#breadcrumb"},"inLanguage":"fr-FR","potentialAction":[{"@type":"ReadAction","target":["https:\/\/geneva.intercontinental.com\/fr\/suites\/suite-one-bedroom\/"]}]},{"@type":"ImageObject","inLanguage":"fr-FR","@id":"https:\/\/geneva.intercontinental.com\/fr\/suites\/suite-one-bedroom\/#primaryimage","url":"https:\/\/geneva.intercontinental.com\/wp-content\/uploads\/sites\/7\/2022\/11\/InterContinental-Geneve-One-Bedroom-Room-Lake-view-and-tea-min-min-scaled-1.jpg","contentUrl":"https:\/\/geneva.intercontinental.com\/wp-content\/uploads\/sites\/7\/2022\/11\/InterContinental-Geneve-One-Bedroom-Room-Lake-view-and-tea-min-min-scaled-1.jpg","width":2560,"height":1627,"caption":"Enjoy the ultimate luxury in our spacious one-bedroom suites. Relax and unwind in a stylish and comfortable setting with plenty of room to spread out."},{"@type":"BreadcrumbList","@id":"https:\/\/geneva.intercontinental.com\/fr\/suites\/suite-one-bedroom\/#breadcrumb","itemListElement":[{"@type":"ListItem","position":1,"name":"Accueil","item":"https:\/\/geneva.intercontinental.com\/fr\/"},{"@type":"ListItem","position":2,"name":"Suites","item":"https:\/\/geneva.intercontinental.com\/fr\/suites\/"},{"@type":"ListItem","position":3,"name":"Suite One Bedroom"}]},{"@type":"WebSite","@id":"https:\/\/geneva.intercontinental.com\/fr\/#website","url":"https:\/\/geneva.intercontinental.com\/fr\/","name":"IHG","description":"Live the InterContinental Life","publisher":{"@id":"https:\/\/geneva.intercontinental.com\/fr\/#organization"},"alternateName":"InterContinental Gen\u00e8ve","potentialAction":[{"@type":"SearchAction","target":{"@type":"EntryPoint","urlTemplate":"https:\/\/geneva.intercontinental.com\/fr\/?s={search_term_string}"},"query-input":{"@type":"PropertyValueSpecification","valueRequired":true,"valueName":"search_term_string"}}],"inLanguage":"fr-FR"},{"@type":"Organization","@id":"https:\/\/geneva.intercontinental.com\/fr\/#organization","name":"InterContinental Gen\u00e8ve","alternateName":"GVAHA","url":"https:\/\/geneva.intercontinental.com\/fr\/","logo":{"@type":"ImageObject","inLanguage":"fr-FR","@id":"https:\/\/geneva.intercontinental.com\/fr\/#\/schema\/logo\/image\/","url":"https:\/\/geneva.intercontinental.com\/wp-content\/uploads\/sites\/7\/2024\/04\/intercontinental-geneve-logo.svg","contentUrl":"https:\/\/geneva.intercontinental.com\/wp-content\/uploads\/sites\/7\/2024\/04\/intercontinental-geneve-logo.svg","caption":"InterContinental Gen\u00e8ve"},"image":{"@id":"https:\/\/geneva.intercontinental.com\/fr\/#\/schema\/logo\/image\/"}}]}},"_links":{"self":[{"href":"https:\/\/geneva.intercontinental.com\/fr\/wp-json\/wp\/v2\/pages\/804","targetHints":{"allow":["GET"]}}],"collection":[{"href":"https:\/\/geneva.intercontinental.com\/fr\/wp-json\/wp\/v2\/pages"}],"about":[{"href":"https:\/\/geneva.intercontinental.com\/fr\/wp-json\/wp\/v2\/types\/page"}],"author":[{"embeddable":true,"href":"https:\/\/geneva.intercontinental.com\/fr\/wp-json\/wp\/v2\/users\/1"}],"replies":[{"embeddable":true,"href":"https:\/\/geneva.intercontinental.com\/fr\/wp-json\/wp\/v2\/comments?post=804"}],"version-history":[{"count":9,"href":"https:\/\/geneva.intercontinental.com\/fr\/wp-json\/wp\/v2\/pages\/804\/revisions"}],"predecessor-version":[{"id":41146,"href":"https:\/\/geneva.intercontinental.com\/fr\/wp-json\/wp\/v2\/pages\/804\/revisions\/41146"}],"up":[{"embeddable":true,"href":"https:\/\/geneva.intercontinental.com\/fr\/wp-json\/wp\/v2\/pages\/801"}],"wp:featuredmedia":[{"embeddable":true,"href":"https:\/\/geneva.intercontinental.com\/fr\/wp-json\/wp\/v2\/media\/20432"}],"wp:attachment":[{"href":"https:\/\/geneva.intercontinental.com\/fr\/wp-json\/wp\/v2\/media?parent=804"}],"curies":[{"name":"wp","href":"https:\/\/api.w.org\/{rel}","templated":true}]}}