{"id":780,"date":"2020-07-13T15:00:31","date_gmt":"2020-07-13T13:00:31","guid":{"rendered":"https:\/\/geneva.intercontinental.com\/?page_id=780"},"modified":"2025-05-06T15:48:08","modified_gmt":"2025-05-06T13:48:08","slug":"chambre-classic","status":"publish","type":"page","link":"https:\/\/geneva.intercontinental.com\/fr\/chambres\/chambre-classic\/","title":{"rendered":"Chambre Classic"},"content":{"rendered":"\r\n\r\n\r\n\r\n\r\n  <!-- Swiper hero -->\r\n  <div id=\"slideshow-block_8dd54327fbb1e9dfcf1e053a0a42daee\" class=\"row \">  \r\n    <div class=\"swiper d-swiper-container hero\" data-swiper={\"navigation\":{\"enabled\":false}}>\r\n      <div class=\"swiper-wrapper\">\r\n                            <div class=\"swiper-slide\">\r\n                              <span aria-hidden=\"true\" class=\"slide-e-background has-background-dim-30  has-background has-charcoal-grey-background-color\"><\/span>\r\n                                            <img decoding=\"async\" src=\"https:\/\/geneva.intercontinental.com\/wp-content\/uploads\/sites\/7\/2023\/07\/InterContinental-Geneve-Classic-Room-2-scaled-1.jpg\"\r\n                sizes=\"(max-width: 2000px) 100vw, 2000px\"\r\n                srcset=\"https:\/\/geneva.intercontinental.com\/wp-content\/uploads\/sites\/7\/2023\/07\/InterContinental-Geneve-Classic-Room-2-scaled-1.jpg 2560w,\r\n                        https:\/\/geneva.intercontinental.com\/wp-content\/uploads\/sites\/7\/2023\/07\/InterContinental-Geneve-Classic-Room-2-scaled-1-1024x611.jpg 1024w,\r\n                        https:\/\/geneva.intercontinental.com\/wp-content\/uploads\/sites\/7\/2023\/07\/InterContinental-Geneve-Classic-Room-2-scaled-1-768x458.jpg 768w\"\r\n                        alt=\"\">\r\n                                            <div class=\"slide-e-content d-none d-md-block\">\r\n                                       \r\n                    <h1 class=\"title\">Chambre Classique<\/h1>\r\n                                                                                          <\/div>\r\n                          <\/div>\r\n                            <\/div>\r\n            <\/div>\r\n  <\/div>\r\n  <!-- End Swiper hero -->\r\n\r\n \n\n\n<div style=\"height:50px\" aria-hidden=\"true\" class=\"wp-block-spacer\"><\/div>\n\n\n\n<div class=\"wp-block-columns pattern-2-col-text-and-slider slider-left is-layout-flex wp-container-core-columns-is-layout-28f84493 wp-block-columns-is-layout-flex\">\n<div class=\"wp-block-column is-vertically-aligned-center is-layout-flow wp-block-column-is-layout-flow\" style=\"padding-right:var(--wp--preset--spacing--30);padding-left:var(--wp--preset--spacing--30);flex-basis:60%\">\r\n\r\n  \r\n  <div id=\"slideshow-block_e3fba57c346051b7a749d38051f31957\" class=\"row\" data-aos=\"fade-in\">\r\n      <!-- Swiper -->\r\n      <div class=\"swiper d-swiper-container full\" style=\"\" data-swiper={\"autoplay\":true,\"slidesPerView\":1,\"effect\":\"creative\",\"creativeEffect\":{\"limitProgress\":2,\"prev\":{\"translate\":[\"-100%\",0,0]},\"next\":{\"translate\":[\"100%\",0,0]}},\"speed\":1000}>\r\n        <div class=\"swiper-wrapper\">\r\n                                      <div class=\"swiper-slide\">\r\n                                    <img decoding=\"async\" src=\"https:\/\/geneva.intercontinental.com\/wp-content\/uploads\/sites\/7\/2022\/11\/InterContinental-Geneve-Room-focus-min-scaled-1.jpg\"\r\n                  sizes=\"(max-width: 2000px) 100vw, 2000px\"\r\n                  srcset=\"https:\/\/geneva.intercontinental.com\/wp-content\/uploads\/sites\/7\/2022\/11\/InterContinental-Geneve-Room-focus-min-scaled-1.jpg 2560w,\r\n                          https:\/\/geneva.intercontinental.com\/wp-content\/uploads\/sites\/7\/2022\/11\/InterContinental-Geneve-Room-focus-min-scaled-1-1024x683.jpg 1024w,\r\n                          https:\/\/geneva.intercontinental.com\/wp-content\/uploads\/sites\/7\/2022\/11\/InterContinental-Geneve-Room-focus-min-scaled-1-768x512.jpg 768w\"\r\n                          alt=\"A classic room at the InterContinental Gen\u00e8ve hotel.\">\r\n                <\/div>\r\n                            <div class=\"swiper-slide\">\r\n                                    <img decoding=\"async\" src=\"https:\/\/geneva.intercontinental.com\/wp-content\/uploads\/sites\/7\/2023\/11\/InterContinental-Geneve-Classic-bathroom-1-scaled.jpg\"\r\n                  sizes=\"(max-width: 2000px) 100vw, 2000px\"\r\n                  srcset=\"https:\/\/geneva.intercontinental.com\/wp-content\/uploads\/sites\/7\/2023\/11\/InterContinental-Geneve-Classic-bathroom-1-scaled.jpg 1920w,\r\n                          https:\/\/geneva.intercontinental.com\/wp-content\/uploads\/sites\/7\/2023\/11\/InterContinental-Geneve-Classic-bathroom-1-768x1024.jpg 1024w,\r\n                          https:\/\/geneva.intercontinental.com\/wp-content\/uploads\/sites\/7\/2023\/11\/InterContinental-Geneve-Classic-bathroom-1-768x1024.jpg 768w\"\r\n                          alt=\"Bathroom in a classic room at the InterContinental Gen\u00e8ve hotel.\">\r\n                <\/div>\r\n                            <div class=\"swiper-slide\">\r\n                                    <img decoding=\"async\" src=\"https:\/\/geneva.intercontinental.com\/wp-content\/uploads\/sites\/7\/2023\/11\/InterContinental-Geneve-Classic-bathro-scaled.jpg\"\r\n                  sizes=\"(max-width: 2000px) 100vw, 2000px\"\r\n                  srcset=\"https:\/\/geneva.intercontinental.com\/wp-content\/uploads\/sites\/7\/2023\/11\/InterContinental-Geneve-Classic-bathro-scaled.jpg 1920w,\r\n                          https:\/\/geneva.intercontinental.com\/wp-content\/uploads\/sites\/7\/2023\/11\/InterContinental-Geneve-Classic-bathro-768x1024.jpg 1024w,\r\n                          https:\/\/geneva.intercontinental.com\/wp-content\/uploads\/sites\/7\/2023\/11\/InterContinental-Geneve-Classic-bathro-768x1024.jpg 768w\"\r\n                          alt=\"InterContinental-Geneve-Classic bathro\">\r\n                <\/div>\r\n                            <div class=\"swiper-slide\">\r\n                                    <img decoding=\"async\" src=\"https:\/\/geneva.intercontinental.com\/wp-content\/uploads\/sites\/7\/2023\/11\/InterContinental-Geneve-Classic-bathro-4-scaled.jpg\"\r\n                  sizes=\"(max-width: 2000px) 100vw, 2000px\"\r\n                  srcset=\"https:\/\/geneva.intercontinental.com\/wp-content\/uploads\/sites\/7\/2023\/11\/InterContinental-Geneve-Classic-bathro-4-scaled.jpg 2048w,\r\n                          https:\/\/geneva.intercontinental.com\/wp-content\/uploads\/sites\/7\/2023\/11\/InterContinental-Geneve-Classic-bathro-4-819x1024.jpg 1024w,\r\n                          https:\/\/geneva.intercontinental.com\/wp-content\/uploads\/sites\/7\/2023\/11\/InterContinental-Geneve-Classic-bathro-4-768x960.jpg 768w\"\r\n                          alt=\"Bathtub in a classic room at the InterContinental Gen\u00e8ve hotel.\">\r\n                <\/div>\r\n                              <\/div>\r\n          <div class=\"swiper-pagination\">\r\n          <\/div>\r\n          <div class=\"swiper-button swiper-button-prev\">\r\n            <span class=\"arrowl\"><\/span>\r\n          <\/div>\r\n          <div class=\"swiper-button swiper-button-next\">\r\n            <span class=\"arrowr\"><\/span>\r\n          <\/div>\r\n      <\/div>\r\n      <!-- End Swiper -->\r\n  <\/div>\r\n  \r\n\r\n <\/div>\n\n\n\n<div class=\"wp-block-column is-vertically-aligned-bottom text-column is-layout-flow wp-block-column-is-layout-flow\" style=\"padding-top:var(--wp--preset--spacing--70);padding-right:var(--wp--preset--spacing--60);padding-bottom:var(--wp--preset--spacing--70);padding-left:var(--wp--preset--spacing--60);flex-basis:35%\">\n<h4 class=\"wp-block-heading\">H\u00c9BERGEMENT<\/h4>\n\n\n\n<h3 class=\"wp-block-heading\">Chambre Classique<\/h3>\n\n\n\n<p>La chambre classique offre 25m\u00b2 de confort et de commodit\u00e9, alliant \u00e9l\u00e9gance contemporaine et confort sur mesure. Chaque chambre b\u00e9n\u00e9ficie d\u2019une lumi\u00e8re naturelle g\u00e9n\u00e9reuse et constitue un choix id\u00e9al pour les loisirs et les voyages d\u2019affaires. Sur demande, ces chambres peuvent \u00eatre reli\u00e9es aux chambres Premium, Junior Suite et Junior Suite avec vue sur le lac.<\/p>\n\n\n\n<p><em>25 m\u00b2<\/em><\/p>\n<\/div>\n\n\n\n<div class=\"wp-block-column is-layout-flow wp-block-column-is-layout-flow\" style=\"flex-basis:5%\"><\/div>\n<\/div>\n\n\n\n<div style=\"height:50px\" aria-hidden=\"true\" class=\"wp-block-spacer\"><\/div>\n\n\n\n<div class=\"wp-block-columns is-layout-flex wp-container-core-columns-is-layout-28f84493 wp-block-columns-is-layout-flex\">\n<div class=\"wp-block-column is-layout-flow wp-block-column-is-layout-flow\" style=\"flex-basis:15%\"><\/div>\n\n\n\n<div class=\"wp-block-column is-layout-flow wp-block-column-is-layout-flow\">\n<p><em>Chaque chambre \u00e0 l\u2019InterContinental Gen\u00e8ve \u00e9tant unique dans sa configuration et d\u00e9coration, les photos pr\u00e9sent\u00e9es des salles de bain peuvent varier en fonction des cat\u00e9gories et \u00e9tages.&nbsp;<\/em><\/p>\n<\/div>\n\n\n\n<div class=\"wp-block-column is-layout-flow wp-block-column-is-layout-flow\" style=\"flex-basis:15%\"><\/div>\n<\/div>\n","protected":false},"excerpt":{"rendered":"<p>25 m\u00b2 &#8211; Nos chambres Classiques allient raffinement et confort. Vue ville ou montagne.<\/p>\n","protected":false},"author":1,"featured_media":13631,"parent":766,"menu_order":0,"comment_status":"closed","ping_status":"closed","template":"","meta":{"_acf_changed":false,"footnotes":""},"class_list":["post-780","page","type-page","status-publish","has-post-thumbnail","hentry"],"acf":[],"yoast_head":"<!-- This site is optimized with the Yoast SEO plugin v26.2 - https:\/\/yoast.com\/wordpress\/plugins\/seo\/ -->\n<title>Chambre Classic - InterContinental Gen\u00e8ve<\/title>\n<meta name=\"description\" content=\"La chambre classique offre 25 m\u00e8tres carr\u00e9s de confort et de commodit\u00e9, alliant \u00e9l\u00e9gance contemporaine et confort sur mesure.\" \/>\n<meta name=\"robots\" content=\"index, follow, max-snippet:-1, max-image-preview:large, max-video-preview:-1\" \/>\n<link rel=\"canonical\" href=\"https:\/\/geneva.intercontinental.com\/fr\/chambres\/chambre-classic\/\" \/>\n<meta property=\"og:locale\" content=\"fr_FR\" \/>\n<meta property=\"og:type\" content=\"article\" \/>\n<meta property=\"og:title\" content=\"Chambre Classic - InterContinental Gen\u00e8ve\" \/>\n<meta property=\"og:description\" content=\"La chambre classique offre 25 m\u00e8tres carr\u00e9s de confort et de commodit\u00e9, alliant \u00e9l\u00e9gance contemporaine et confort sur mesure.\" \/>\n<meta property=\"og:url\" content=\"https:\/\/geneva.intercontinental.com\/fr\/chambres\/chambre-classic\/\" \/>\n<meta property=\"og:site_name\" content=\"IHG\" \/>\n<meta property=\"article:modified_time\" content=\"2025-05-06T13:48:08+00:00\" \/>\n<meta property=\"og:image\" content=\"https:\/\/geneva.intercontinental.com\/wp-content\/uploads\/sites\/7\/2022\/09\/InterContinental-Geneva-Room-focus-min-scaled-1.jpg\" \/>\n\t<meta property=\"og:image:width\" content=\"2560\" \/>\n\t<meta property=\"og:image:height\" content=\"1707\" \/>\n\t<meta property=\"og:image:type\" content=\"image\/jpeg\" \/>\n<meta name=\"twitter:card\" content=\"summary_large_image\" \/>\n<meta name=\"twitter:label1\" content=\"Dur\u00e9e de lecture estim\u00e9e\" \/>\n\t<meta name=\"twitter:data1\" content=\"1 minute\" \/>\n<script type=\"application\/ld+json\" class=\"yoast-schema-graph\">{\"@context\":\"https:\/\/schema.org\",\"@graph\":[{\"@type\":\"WebPage\",\"@id\":\"https:\/\/geneva.intercontinental.com\/fr\/chambres\/chambre-classic\/\",\"url\":\"https:\/\/geneva.intercontinental.com\/fr\/chambres\/chambre-classic\/\",\"name\":\"Chambre Classic - InterContinental Gen\u00e8ve\",\"isPartOf\":{\"@id\":\"https:\/\/geneva.intercontinental.com\/fr\/#website\"},\"primaryImageOfPage\":{\"@id\":\"https:\/\/geneva.intercontinental.com\/fr\/chambres\/chambre-classic\/#primaryimage\"},\"image\":{\"@id\":\"https:\/\/geneva.intercontinental.com\/fr\/chambres\/chambre-classic\/#primaryimage\"},\"thumbnailUrl\":\"https:\/\/geneva.intercontinental.com\/wp-content\/uploads\/sites\/7\/2022\/09\/InterContinental-Geneva-Room-focus-min-scaled-1.jpg\",\"datePublished\":\"2020-07-13T13:00:31+00:00\",\"dateModified\":\"2025-05-06T13:48:08+00:00\",\"description\":\"La chambre classique offre 25 m\u00e8tres carr\u00e9s de confort et de commodit\u00e9, alliant \u00e9l\u00e9gance contemporaine et confort sur mesure.\",\"breadcrumb\":{\"@id\":\"https:\/\/geneva.intercontinental.com\/fr\/chambres\/chambre-classic\/#breadcrumb\"},\"inLanguage\":\"fr-FR\",\"potentialAction\":[{\"@type\":\"ReadAction\",\"target\":[\"https:\/\/geneva.intercontinental.com\/fr\/chambres\/chambre-classic\/\"]}]},{\"@type\":\"ImageObject\",\"inLanguage\":\"fr-FR\",\"@id\":\"https:\/\/geneva.intercontinental.com\/fr\/chambres\/chambre-classic\/#primaryimage\",\"url\":\"https:\/\/geneva.intercontinental.com\/wp-content\/uploads\/sites\/7\/2022\/09\/InterContinental-Geneva-Room-focus-min-scaled-1.jpg\",\"contentUrl\":\"https:\/\/geneva.intercontinental.com\/wp-content\/uploads\/sites\/7\/2022\/09\/InterContinental-Geneva-Room-focus-min-scaled-1.jpg\",\"width\":2560,\"height\":1707},{\"@type\":\"BreadcrumbList\",\"@id\":\"https:\/\/geneva.intercontinental.com\/fr\/chambres\/chambre-classic\/#breadcrumb\",\"itemListElement\":[{\"@type\":\"ListItem\",\"position\":1,\"name\":\"Accueil\",\"item\":\"https:\/\/geneva.intercontinental.com\/fr\/\"},{\"@type\":\"ListItem\",\"position\":2,\"name\":\"Chambres\",\"item\":\"https:\/\/geneva.intercontinental.com\/fr\/chambres\/\"},{\"@type\":\"ListItem\",\"position\":3,\"name\":\"Chambre Classic\"}]},{\"@type\":\"WebSite\",\"@id\":\"https:\/\/geneva.intercontinental.com\/fr\/#website\",\"url\":\"https:\/\/geneva.intercontinental.com\/fr\/\",\"name\":\"IHG\",\"description\":\"Live the InterContinental Life\",\"publisher\":{\"@id\":\"https:\/\/geneva.intercontinental.com\/fr\/#organization\"},\"alternateName\":\"InterContinental Gen\u00e8ve\",\"potentialAction\":[{\"@type\":\"SearchAction\",\"target\":{\"@type\":\"EntryPoint\",\"urlTemplate\":\"https:\/\/geneva.intercontinental.com\/fr\/?s={search_term_string}\"},\"query-input\":{\"@type\":\"PropertyValueSpecification\",\"valueRequired\":true,\"valueName\":\"search_term_string\"}}],\"inLanguage\":\"fr-FR\"},{\"@type\":\"Organization\",\"@id\":\"https:\/\/geneva.intercontinental.com\/fr\/#organization\",\"name\":\"InterContinental Gen\u00e8ve\",\"alternateName\":\"GVAHA\",\"url\":\"https:\/\/geneva.intercontinental.com\/fr\/\",\"logo\":{\"@type\":\"ImageObject\",\"inLanguage\":\"fr-FR\",\"@id\":\"https:\/\/geneva.intercontinental.com\/fr\/#\/schema\/logo\/image\/\",\"url\":\"https:\/\/geneva.intercontinental.com\/wp-content\/uploads\/sites\/7\/2024\/04\/intercontinental-geneve-logo.svg\",\"contentUrl\":\"https:\/\/geneva.intercontinental.com\/wp-content\/uploads\/sites\/7\/2024\/04\/intercontinental-geneve-logo.svg\",\"caption\":\"InterContinental Gen\u00e8ve\"},\"image\":{\"@id\":\"https:\/\/geneva.intercontinental.com\/fr\/#\/schema\/logo\/image\/\"}}]}<\/script>\n<!-- \/ Yoast SEO plugin. -->","yoast_head_json":{"title":"Chambre Classic - InterContinental Gen\u00e8ve","description":"La chambre classique offre 25 m\u00e8tres carr\u00e9s de confort et de commodit\u00e9, alliant \u00e9l\u00e9gance contemporaine et confort sur mesure.","robots":{"index":"index","follow":"follow","max-snippet":"max-snippet:-1","max-image-preview":"max-image-preview:large","max-video-preview":"max-video-preview:-1"},"canonical":"https:\/\/geneva.intercontinental.com\/fr\/chambres\/chambre-classic\/","og_locale":"fr_FR","og_type":"article","og_title":"Chambre Classic - InterContinental Gen\u00e8ve","og_description":"La chambre classique offre 25 m\u00e8tres carr\u00e9s de confort et de commodit\u00e9, alliant \u00e9l\u00e9gance contemporaine et confort sur mesure.","og_url":"https:\/\/geneva.intercontinental.com\/fr\/chambres\/chambre-classic\/","og_site_name":"IHG","article_modified_time":"2025-05-06T13:48:08+00:00","og_image":[{"width":2560,"height":1707,"url":"https:\/\/geneva.intercontinental.com\/wp-content\/uploads\/sites\/7\/2022\/09\/InterContinental-Geneva-Room-focus-min-scaled-1.jpg","type":"image\/jpeg"}],"twitter_card":"summary_large_image","twitter_misc":{"Dur\u00e9e de lecture estim\u00e9e":"1 minute"},"schema":{"@context":"https:\/\/schema.org","@graph":[{"@type":"WebPage","@id":"https:\/\/geneva.intercontinental.com\/fr\/chambres\/chambre-classic\/","url":"https:\/\/geneva.intercontinental.com\/fr\/chambres\/chambre-classic\/","name":"Chambre Classic - InterContinental Gen\u00e8ve","isPartOf":{"@id":"https:\/\/geneva.intercontinental.com\/fr\/#website"},"primaryImageOfPage":{"@id":"https:\/\/geneva.intercontinental.com\/fr\/chambres\/chambre-classic\/#primaryimage"},"image":{"@id":"https:\/\/geneva.intercontinental.com\/fr\/chambres\/chambre-classic\/#primaryimage"},"thumbnailUrl":"https:\/\/geneva.intercontinental.com\/wp-content\/uploads\/sites\/7\/2022\/09\/InterContinental-Geneva-Room-focus-min-scaled-1.jpg","datePublished":"2020-07-13T13:00:31+00:00","dateModified":"2025-05-06T13:48:08+00:00","description":"La chambre classique offre 25 m\u00e8tres carr\u00e9s de confort et de commodit\u00e9, alliant \u00e9l\u00e9gance contemporaine et confort sur mesure.","breadcrumb":{"@id":"https:\/\/geneva.intercontinental.com\/fr\/chambres\/chambre-classic\/#breadcrumb"},"inLanguage":"fr-FR","potentialAction":[{"@type":"ReadAction","target":["https:\/\/geneva.intercontinental.com\/fr\/chambres\/chambre-classic\/"]}]},{"@type":"ImageObject","inLanguage":"fr-FR","@id":"https:\/\/geneva.intercontinental.com\/fr\/chambres\/chambre-classic\/#primaryimage","url":"https:\/\/geneva.intercontinental.com\/wp-content\/uploads\/sites\/7\/2022\/09\/InterContinental-Geneva-Room-focus-min-scaled-1.jpg","contentUrl":"https:\/\/geneva.intercontinental.com\/wp-content\/uploads\/sites\/7\/2022\/09\/InterContinental-Geneva-Room-focus-min-scaled-1.jpg","width":2560,"height":1707},{"@type":"BreadcrumbList","@id":"https:\/\/geneva.intercontinental.com\/fr\/chambres\/chambre-classic\/#breadcrumb","itemListElement":[{"@type":"ListItem","position":1,"name":"Accueil","item":"https:\/\/geneva.intercontinental.com\/fr\/"},{"@type":"ListItem","position":2,"name":"Chambres","item":"https:\/\/geneva.intercontinental.com\/fr\/chambres\/"},{"@type":"ListItem","position":3,"name":"Chambre Classic"}]},{"@type":"WebSite","@id":"https:\/\/geneva.intercontinental.com\/fr\/#website","url":"https:\/\/geneva.intercontinental.com\/fr\/","name":"IHG","description":"Live the InterContinental Life","publisher":{"@id":"https:\/\/geneva.intercontinental.com\/fr\/#organization"},"alternateName":"InterContinental Gen\u00e8ve","potentialAction":[{"@type":"SearchAction","target":{"@type":"EntryPoint","urlTemplate":"https:\/\/geneva.intercontinental.com\/fr\/?s={search_term_string}"},"query-input":{"@type":"PropertyValueSpecification","valueRequired":true,"valueName":"search_term_string"}}],"inLanguage":"fr-FR"},{"@type":"Organization","@id":"https:\/\/geneva.intercontinental.com\/fr\/#organization","name":"InterContinental Gen\u00e8ve","alternateName":"GVAHA","url":"https:\/\/geneva.intercontinental.com\/fr\/","logo":{"@type":"ImageObject","inLanguage":"fr-FR","@id":"https:\/\/geneva.intercontinental.com\/fr\/#\/schema\/logo\/image\/","url":"https:\/\/geneva.intercontinental.com\/wp-content\/uploads\/sites\/7\/2024\/04\/intercontinental-geneve-logo.svg","contentUrl":"https:\/\/geneva.intercontinental.com\/wp-content\/uploads\/sites\/7\/2024\/04\/intercontinental-geneve-logo.svg","caption":"InterContinental Gen\u00e8ve"},"image":{"@id":"https:\/\/geneva.intercontinental.com\/fr\/#\/schema\/logo\/image\/"}}]}},"_links":{"self":[{"href":"https:\/\/geneva.intercontinental.com\/fr\/wp-json\/wp\/v2\/pages\/780","targetHints":{"allow":["GET"]}}],"collection":[{"href":"https:\/\/geneva.intercontinental.com\/fr\/wp-json\/wp\/v2\/pages"}],"about":[{"href":"https:\/\/geneva.intercontinental.com\/fr\/wp-json\/wp\/v2\/types\/page"}],"author":[{"embeddable":true,"href":"https:\/\/geneva.intercontinental.com\/fr\/wp-json\/wp\/v2\/users\/1"}],"replies":[{"embeddable":true,"href":"https:\/\/geneva.intercontinental.com\/fr\/wp-json\/wp\/v2\/comments?post=780"}],"version-history":[{"count":14,"href":"https:\/\/geneva.intercontinental.com\/fr\/wp-json\/wp\/v2\/pages\/780\/revisions"}],"predecessor-version":[{"id":38245,"href":"https:\/\/geneva.intercontinental.com\/fr\/wp-json\/wp\/v2\/pages\/780\/revisions\/38245"}],"up":[{"embeddable":true,"href":"https:\/\/geneva.intercontinental.com\/fr\/wp-json\/wp\/v2\/pages\/766"}],"wp:featuredmedia":[{"embeddable":true,"href":"https:\/\/geneva.intercontinental.com\/fr\/wp-json\/wp\/v2\/media\/13631"}],"wp:attachment":[{"href":"https:\/\/geneva.intercontinental.com\/fr\/wp-json\/wp\/v2\/media?parent=780"}],"curies":[{"name":"wp","href":"https:\/\/api.w.org\/{rel}","templated":true}]}}