{"id":36143,"date":"2025-06-03T11:25:26","date_gmt":"2025-06-03T09:25:26","guid":{"rendered":"https:\/\/geneva.intercontinental.com\/?page_id=36143"},"modified":"2025-06-03T15:34:40","modified_gmt":"2025-06-03T13:34:40","slug":"timeshifter","status":"publish","type":"page","link":"https:\/\/geneva.intercontinental.com\/fr\/timeshifter\/","title":{"rendered":"Timeshifter"},"content":{"rendered":"\r\n\r\n\r\n\r\n\r\n  <!-- Swiper hero -->\r\n  <div id=\"slideshow-block_e2d2ec68b445ad6a7dd0d83f9497c28b\" class=\"row \">  \r\n    <div class=\"swiper d-swiper-container hero\" data-swiper={\"navigation\":{\"enabled\":false}}>\r\n      <div class=\"swiper-wrapper\">\r\n                            <div class=\"swiper-slide\">\r\n                              <span aria-hidden=\"true\" class=\"slide-e-background has-background-dim-30  has-background has-charcoal-grey-background-color\"><\/span>\r\n                                            <img decoding=\"async\" src=\"https:\/\/geneva.intercontinental.com\/wp-content\/uploads\/sites\/7\/2025\/06\/InterContinental-Geneva-Woman-looking-at-app-in-airport.jpg\"\r\n                sizes=\"(max-width: 2000px) 100vw, 2000px\"\r\n                srcset=\"https:\/\/geneva.intercontinental.com\/wp-content\/uploads\/sites\/7\/2025\/06\/InterContinental-Geneva-Woman-looking-at-app-in-airport.jpg 2000w,\r\n                        https:\/\/geneva.intercontinental.com\/wp-content\/uploads\/sites\/7\/2025\/06\/InterContinental-Geneva-Woman-looking-at-app-in-airport-1024x643.jpg 1024w,\r\n                        https:\/\/geneva.intercontinental.com\/wp-content\/uploads\/sites\/7\/2025\/06\/InterContinental-Geneva-Woman-looking-at-app-in-airport-768x482.jpg 768w\"\r\n                        alt=\"\">\r\n                                            <div class=\"slide-e-content d-none d-md-block\">\r\n                                       \r\n                    <h1 class=\"title\">Prenez une longueur d&#039;avance sur votre d\u00e9calage horaire<\/h1>\r\n                                                                                          <\/div>\r\n                          <\/div>\r\n                            <\/div>\r\n            <\/div>\r\n  <\/div>\r\n  <!-- End Swiper hero -->\r\n\r\n \n\n\n<div class=\"wp-block-columns is-layout-flex wp-container-core-columns-is-layout-28f84493 wp-block-columns-is-layout-flex\">\n<div class=\"wp-block-column is-layout-flow wp-block-column-is-layout-flow\" style=\"flex-basis:10%\"><\/div>\n\n\n\n<div class=\"wp-block-column is-layout-flow wp-block-column-is-layout-flow\">\n<div style=\"height:25px\" aria-hidden=\"true\" class=\"wp-block-spacer\"><\/div>\n\n\n\n<p class=\"has-text-align-center\">InterContinental Gen\u00e8ve s\u2019est associ\u00e9 \u00e0 <em>Timeshifter<\/em>, une application con\u00e7ue pour att\u00e9nuer les effets du d\u00e9calage horaire. L\u2019objectif : vous permettre d\u2019\u00eatre au meilleur de votre forme tout au long de votre voyage, en vous aidant \u00e0 g\u00e9rer naturellement votre \u00e9nergie et votre emploi du temps.<\/p>\n\n\n\n<div style=\"height:25px\" aria-hidden=\"true\" class=\"wp-block-spacer\"><\/div>\n<\/div>\n\n\n\n<div class=\"wp-block-column is-layout-flow wp-block-column-is-layout-flow\" style=\"flex-basis:10%\"><\/div>\n<\/div>\n\n\n\n<div class=\"wp-block-columns pattern-2-col-text-and-slider slider-right is-layout-flex wp-container-core-columns-is-layout-28f84493 wp-block-columns-is-layout-flex\">\n<div class=\"wp-block-column is-layout-flow wp-block-column-is-layout-flow\" style=\"flex-basis:5%\"><\/div>\n\n\n\n<div class=\"wp-block-column is-vertically-aligned-bottom text-column is-layout-flow wp-block-column-is-layout-flow\" style=\"padding-top:var(--wp--preset--spacing--70);padding-right:var(--wp--preset--spacing--60);padding-bottom:var(--wp--preset--spacing--70);padding-left:var(--wp--preset--spacing--60);flex-basis:35%\">\n<h4 class=\"wp-block-heading\">Timeshifter<\/h4>\n\n\n\n<h3 class=\"wp-block-heading\">Dites adieu au d\u00e9calage horaire avec Timeshifter<\/h3>\n\n\n\n<p>Timeshifter est l\u2019un des exemples d\u2019initiatives d\u2019<strong>Intentional Flexibility<\/strong>&nbsp;mises en place pour accompagner nos clients InterContinental dans les d\u00e9fis de leur quotidien.<br>Nous nous sommes associ\u00e9s \u00e0 Timeshifter pour aider nos clients \u00e0 traverser les fuseaux horaires sans effort, et leur permettre de se sentir au mieux, peu importe la destination.<\/p>\n<\/div>\n\n\n\n<div class=\"wp-block-column is-vertically-aligned-center is-layout-flow wp-block-column-is-layout-flow\" style=\"padding-right:var(--wp--preset--spacing--30);padding-left:var(--wp--preset--spacing--30);flex-basis:60%\">\r\n\r\n  \r\n  <div id=\"slideshow-block_2d9eae08921a877ca245fdf23de9107a\" class=\"row\" data-aos=\"fade-in\">\r\n      <!-- Swiper -->\r\n      <div class=\"swiper d-swiper-container full\" style=\"\" data-swiper={\"navigation\":{\"enabled\":false}}>\r\n        <div class=\"swiper-wrapper\">\r\n                                      <div class=\"swiper-slide\">\r\n                                    <img decoding=\"async\" src=\"https:\/\/geneva.intercontinental.com\/wp-content\/uploads\/sites\/7\/2025\/06\/InterContinental-Geneva-Phone-with-app-on-desktop.jpg\"\r\n                  sizes=\"(max-width: 2000px) 100vw, 2000px\"\r\n                  srcset=\"https:\/\/geneva.intercontinental.com\/wp-content\/uploads\/sites\/7\/2025\/06\/InterContinental-Geneva-Phone-with-app-on-desktop.jpg 1500w,\r\n                          https:\/\/geneva.intercontinental.com\/wp-content\/uploads\/sites\/7\/2025\/06\/InterContinental-Geneva-Phone-with-app-on-desktop-1024x641.jpg 1024w,\r\n                          https:\/\/geneva.intercontinental.com\/wp-content\/uploads\/sites\/7\/2025\/06\/InterContinental-Geneva-Phone-with-app-on-desktop-768x481.jpg 768w\"\r\n                          alt=\"InterContinental Geneva - Phone with app on desktop\">\r\n                <\/div>\r\n                              <\/div>\r\n          <div class=\"swiper-pagination\">\r\n          <\/div>\r\n          <div class=\"swiper-button swiper-button-prev\">\r\n            <span class=\"arrowl\"><\/span>\r\n          <\/div>\r\n          <div class=\"swiper-button swiper-button-next\">\r\n            <span class=\"arrowr\"><\/span>\r\n          <\/div>\r\n      <\/div>\r\n      <!-- End Swiper -->\r\n  <\/div>\r\n  \r\n\r\n <\/div>\n<\/div>\n\n\n\n<div class=\"wp-block-columns are-vertically-aligned-center is-layout-flex wp-container-core-columns-is-layout-28f84493 wp-block-columns-is-layout-flex\">\n<div class=\"wp-block-column is-vertically-aligned-center is-layout-flow wp-block-column-is-layout-flow\"><\/div>\n\n\n\n<div class=\"wp-block-column is-vertically-aligned-center is-layout-flow wp-block-column-is-layout-flow\">\n<h2 class=\"wp-block-heading\">Ne soyez plus fatigu\u00e9s !<\/h2>\n\n\n\n<p>Timeshifter cr\u00e9e des programmes personnalis\u00e9s pour lutter contre le d\u00e9calage horaire et la fatigue li\u00e9e au voyage. Bas\u00e9e sur les recherches de la NASA, chaque solution est adapt\u00e9e \u00e0 votre chronotype, votre rythme de sommeil, votre itin\u00e9raire et vos pr\u00e9f\u00e9rences personnelles, en synchronisant votre corps avec son rythme circadien naturel.<\/p>\n\n\n\n<p>Pour \u00eatre au mieux de votre forme dans chaque fuseau horaire, commencez d\u00e8s maintenant \u00e0 utiliser Timeshifter \u00e0 l&#8217;InterContinental Gen\u00e8ve \u2013 gratuitement.<\/p>\n<\/div>\n\n\n\n<div class=\"wp-block-column is-vertically-aligned-center is-layout-flow wp-block-column-is-layout-flow\" style=\"flex-basis:20%\"><\/div>\n<\/div>\n","protected":false},"excerpt":{"rendered":"<p>InterContinental Gen\u00e8ve s\u2019est associ\u00e9 \u00e0 Timeshifter, une application con\u00e7ue pour att\u00e9nuer les effets du d\u00e9calage horaire. L\u2019objectif : vous permettre d\u2019\u00eatre au meilleur de votre forme tout au long de votre voyage, en vous aidant \u00e0 g\u00e9rer naturellement votre \u00e9nergie [&hellip;]<\/p>\n","protected":false},"author":1,"featured_media":0,"parent":0,"menu_order":0,"comment_status":"closed","ping_status":"closed","template":"","meta":{"_acf_changed":false,"footnotes":""},"class_list":["post-36143","page","type-page","status-publish","hentry"],"acf":[],"yoast_head":"<!-- This site is optimized with the Yoast SEO plugin v26.2 - https:\/\/yoast.com\/wordpress\/plugins\/seo\/ -->\n<title>Timeshifter - InterContinental Gen\u00e8ve<\/title>\n<meta name=\"description\" content=\"InterContinental Gen\u00e8ve s\u2019est associ\u00e9 \u00e0 Timeshifter, une application con\u00e7ue pour att\u00e9nuer les effets du d\u00e9calage horaire. L\u2019objectif : vous permettre\" \/>\n<meta name=\"robots\" content=\"index, follow, max-snippet:-1, max-image-preview:large, max-video-preview:-1\" \/>\n<link rel=\"canonical\" href=\"https:\/\/geneva.intercontinental.com\/fr\/timeshifter\/\" \/>\n<meta property=\"og:locale\" content=\"fr_FR\" \/>\n<meta property=\"og:type\" content=\"article\" \/>\n<meta property=\"og:title\" content=\"Timeshifter - InterContinental Gen\u00e8ve\" \/>\n<meta property=\"og:description\" content=\"InterContinental Gen\u00e8ve s\u2019est associ\u00e9 \u00e0 Timeshifter, une application con\u00e7ue pour att\u00e9nuer les effets du d\u00e9calage horaire. L\u2019objectif : vous permettre\" \/>\n<meta property=\"og:url\" content=\"https:\/\/geneva.intercontinental.com\/fr\/timeshifter\/\" \/>\n<meta property=\"og:site_name\" content=\"IHG\" \/>\n<meta property=\"article:modified_time\" content=\"2025-06-03T13:34:40+00:00\" \/>\n<meta name=\"twitter:card\" content=\"summary_large_image\" \/>\n<meta name=\"twitter:label1\" content=\"Dur\u00e9e de lecture estim\u00e9e\" \/>\n\t<meta name=\"twitter:data1\" content=\"1 minute\" \/>\n<script type=\"application\/ld+json\" class=\"yoast-schema-graph\">{\"@context\":\"https:\/\/schema.org\",\"@graph\":[{\"@type\":\"WebPage\",\"@id\":\"https:\/\/geneva.intercontinental.com\/fr\/timeshifter\/\",\"url\":\"https:\/\/geneva.intercontinental.com\/fr\/timeshifter\/\",\"name\":\"Timeshifter - InterContinental Gen\u00e8ve\",\"isPartOf\":{\"@id\":\"https:\/\/geneva.intercontinental.com\/fr\/#website\"},\"datePublished\":\"2025-06-03T09:25:26+00:00\",\"dateModified\":\"2025-06-03T13:34:40+00:00\",\"description\":\"InterContinental Gen\u00e8ve s\u2019est associ\u00e9 \u00e0 Timeshifter, une application con\u00e7ue pour att\u00e9nuer les effets du d\u00e9calage horaire. L\u2019objectif : vous permettre\",\"breadcrumb\":{\"@id\":\"https:\/\/geneva.intercontinental.com\/fr\/timeshifter\/#breadcrumb\"},\"inLanguage\":\"fr-FR\",\"potentialAction\":[{\"@type\":\"ReadAction\",\"target\":[\"https:\/\/geneva.intercontinental.com\/fr\/timeshifter\/\"]}]},{\"@type\":\"BreadcrumbList\",\"@id\":\"https:\/\/geneva.intercontinental.com\/fr\/timeshifter\/#breadcrumb\",\"itemListElement\":[{\"@type\":\"ListItem\",\"position\":1,\"name\":\"Accueil\",\"item\":\"https:\/\/geneva.intercontinental.com\/fr\/\"},{\"@type\":\"ListItem\",\"position\":2,\"name\":\"Timeshifter\"}]},{\"@type\":\"WebSite\",\"@id\":\"https:\/\/geneva.intercontinental.com\/fr\/#website\",\"url\":\"https:\/\/geneva.intercontinental.com\/fr\/\",\"name\":\"IHG\",\"description\":\"Live the InterContinental Life\",\"publisher\":{\"@id\":\"https:\/\/geneva.intercontinental.com\/fr\/#organization\"},\"alternateName\":\"InterContinental Gen\u00e8ve\",\"potentialAction\":[{\"@type\":\"SearchAction\",\"target\":{\"@type\":\"EntryPoint\",\"urlTemplate\":\"https:\/\/geneva.intercontinental.com\/fr\/?s={search_term_string}\"},\"query-input\":{\"@type\":\"PropertyValueSpecification\",\"valueRequired\":true,\"valueName\":\"search_term_string\"}}],\"inLanguage\":\"fr-FR\"},{\"@type\":\"Organization\",\"@id\":\"https:\/\/geneva.intercontinental.com\/fr\/#organization\",\"name\":\"InterContinental Gen\u00e8ve\",\"alternateName\":\"GVAHA\",\"url\":\"https:\/\/geneva.intercontinental.com\/fr\/\",\"logo\":{\"@type\":\"ImageObject\",\"inLanguage\":\"fr-FR\",\"@id\":\"https:\/\/geneva.intercontinental.com\/fr\/#\/schema\/logo\/image\/\",\"url\":\"https:\/\/geneva.intercontinental.com\/wp-content\/uploads\/sites\/7\/2024\/04\/intercontinental-geneve-logo.svg\",\"contentUrl\":\"https:\/\/geneva.intercontinental.com\/wp-content\/uploads\/sites\/7\/2024\/04\/intercontinental-geneve-logo.svg\",\"caption\":\"InterContinental Gen\u00e8ve\"},\"image\":{\"@id\":\"https:\/\/geneva.intercontinental.com\/fr\/#\/schema\/logo\/image\/\"}}]}<\/script>\n<!-- \/ Yoast SEO plugin. -->","yoast_head_json":{"title":"Timeshifter - InterContinental Gen\u00e8ve","description":"InterContinental Gen\u00e8ve s\u2019est associ\u00e9 \u00e0 Timeshifter, une application con\u00e7ue pour att\u00e9nuer les effets du d\u00e9calage horaire. L\u2019objectif : vous permettre","robots":{"index":"index","follow":"follow","max-snippet":"max-snippet:-1","max-image-preview":"max-image-preview:large","max-video-preview":"max-video-preview:-1"},"canonical":"https:\/\/geneva.intercontinental.com\/fr\/timeshifter\/","og_locale":"fr_FR","og_type":"article","og_title":"Timeshifter - InterContinental Gen\u00e8ve","og_description":"InterContinental Gen\u00e8ve s\u2019est associ\u00e9 \u00e0 Timeshifter, une application con\u00e7ue pour att\u00e9nuer les effets du d\u00e9calage horaire. L\u2019objectif : vous permettre","og_url":"https:\/\/geneva.intercontinental.com\/fr\/timeshifter\/","og_site_name":"IHG","article_modified_time":"2025-06-03T13:34:40+00:00","twitter_card":"summary_large_image","twitter_misc":{"Dur\u00e9e de lecture estim\u00e9e":"1 minute"},"schema":{"@context":"https:\/\/schema.org","@graph":[{"@type":"WebPage","@id":"https:\/\/geneva.intercontinental.com\/fr\/timeshifter\/","url":"https:\/\/geneva.intercontinental.com\/fr\/timeshifter\/","name":"Timeshifter - InterContinental Gen\u00e8ve","isPartOf":{"@id":"https:\/\/geneva.intercontinental.com\/fr\/#website"},"datePublished":"2025-06-03T09:25:26+00:00","dateModified":"2025-06-03T13:34:40+00:00","description":"InterContinental Gen\u00e8ve s\u2019est associ\u00e9 \u00e0 Timeshifter, une application con\u00e7ue pour att\u00e9nuer les effets du d\u00e9calage horaire. L\u2019objectif : vous permettre","breadcrumb":{"@id":"https:\/\/geneva.intercontinental.com\/fr\/timeshifter\/#breadcrumb"},"inLanguage":"fr-FR","potentialAction":[{"@type":"ReadAction","target":["https:\/\/geneva.intercontinental.com\/fr\/timeshifter\/"]}]},{"@type":"BreadcrumbList","@id":"https:\/\/geneva.intercontinental.com\/fr\/timeshifter\/#breadcrumb","itemListElement":[{"@type":"ListItem","position":1,"name":"Accueil","item":"https:\/\/geneva.intercontinental.com\/fr\/"},{"@type":"ListItem","position":2,"name":"Timeshifter"}]},{"@type":"WebSite","@id":"https:\/\/geneva.intercontinental.com\/fr\/#website","url":"https:\/\/geneva.intercontinental.com\/fr\/","name":"IHG","description":"Live the InterContinental Life","publisher":{"@id":"https:\/\/geneva.intercontinental.com\/fr\/#organization"},"alternateName":"InterContinental Gen\u00e8ve","potentialAction":[{"@type":"SearchAction","target":{"@type":"EntryPoint","urlTemplate":"https:\/\/geneva.intercontinental.com\/fr\/?s={search_term_string}"},"query-input":{"@type":"PropertyValueSpecification","valueRequired":true,"valueName":"search_term_string"}}],"inLanguage":"fr-FR"},{"@type":"Organization","@id":"https:\/\/geneva.intercontinental.com\/fr\/#organization","name":"InterContinental Gen\u00e8ve","alternateName":"GVAHA","url":"https:\/\/geneva.intercontinental.com\/fr\/","logo":{"@type":"ImageObject","inLanguage":"fr-FR","@id":"https:\/\/geneva.intercontinental.com\/fr\/#\/schema\/logo\/image\/","url":"https:\/\/geneva.intercontinental.com\/wp-content\/uploads\/sites\/7\/2024\/04\/intercontinental-geneve-logo.svg","contentUrl":"https:\/\/geneva.intercontinental.com\/wp-content\/uploads\/sites\/7\/2024\/04\/intercontinental-geneve-logo.svg","caption":"InterContinental Gen\u00e8ve"},"image":{"@id":"https:\/\/geneva.intercontinental.com\/fr\/#\/schema\/logo\/image\/"}}]}},"_links":{"self":[{"href":"https:\/\/geneva.intercontinental.com\/fr\/wp-json\/wp\/v2\/pages\/36143","targetHints":{"allow":["GET"]}}],"collection":[{"href":"https:\/\/geneva.intercontinental.com\/fr\/wp-json\/wp\/v2\/pages"}],"about":[{"href":"https:\/\/geneva.intercontinental.com\/fr\/wp-json\/wp\/v2\/types\/page"}],"author":[{"embeddable":true,"href":"https:\/\/geneva.intercontinental.com\/fr\/wp-json\/wp\/v2\/users\/1"}],"replies":[{"embeddable":true,"href":"https:\/\/geneva.intercontinental.com\/fr\/wp-json\/wp\/v2\/comments?post=36143"}],"version-history":[{"count":2,"href":"https:\/\/geneva.intercontinental.com\/fr\/wp-json\/wp\/v2\/pages\/36143\/revisions"}],"predecessor-version":[{"id":36148,"href":"https:\/\/geneva.intercontinental.com\/fr\/wp-json\/wp\/v2\/pages\/36143\/revisions\/36148"}],"wp:attachment":[{"href":"https:\/\/geneva.intercontinental.com\/fr\/wp-json\/wp\/v2\/media?parent=36143"}],"curies":[{"name":"wp","href":"https:\/\/api.w.org\/{rel}","templated":true}]}}