{"id":24901,"date":"2024-04-04T11:20:28","date_gmt":"2024-04-04T09:20:28","guid":{"rendered":"https:\/\/geneva.intercontinental.com\/?page_id=24901"},"modified":"2026-01-27T10:41:51","modified_gmt":"2026-01-27T09:41:51","slug":"conciergerie","status":"publish","type":"page","link":"https:\/\/geneva.intercontinental.com\/fr\/conciergerie\/","title":{"rendered":"Conciergerie"},"content":{"rendered":"\r\n\r\n\r\n\r\n\r\n  <!-- Swiper hero -->\r\n  <div id=\"slideshow-block_df5f754e31e0ab09d5390c9fe6102c19\" class=\"row \">  \r\n    <div class=\"swiper d-swiper-container hero\" data-swiper={\"navigation\":{\"enabled\":false}}>\r\n      <div class=\"swiper-wrapper\">\r\n                            <div class=\"swiper-slide\">\r\n                              <span aria-hidden=\"true\" class=\"slide-e-background has-background-dim-30  has-background has-charcoal-grey-background-color\"><\/span>\r\n                                            <div class=\"video play\">\r\n                  <div class=\"video-ctrl\">\r\n                    <span class=\"icon-play\"><img decoding=\"async\" src=\"https:\/\/geneva.intercontinental.com\/wp-content\/themes\/intercontinentalv2\/assets\/images\/icons\/icon-video-play.svg\" alt=\"Icon play video\"><\/span>\r\n                    <span class=\"icon-pause\"><img decoding=\"async\" src=\"https:\/\/geneva.intercontinental.com\/wp-content\/themes\/intercontinentalv2\/assets\/images\/icons\/icon-video-pause.svg\" alt=\"Icon play video\"><\/span>\r\n                  <\/div>\r\n                  <video class=\"video\"  playsinline=\"\" autoplay=\"true\" muted>\r\n                    <source src=\"https:\/\/geneva.intercontinental.com\/wp-content\/uploads\/sites\/7\/2020\/07\/hotel-intercontinental-geneve-official-concierge-video-2020.mp4\" type=\"video\/mp4\">\r\n                  <\/video>\r\n                                      <div class=\"unmute-video muted\">\r\n                      <a>\r\n                        <div class=\"icon-mute\">\r\n                          <img decoding=\"async\" src=\"https:\/\/geneva.intercontinental.com\/wp-content\/themes\/intercontinentalv2\/assets\/images\/icons\/icon-volume-mute.svg\" alt=\"Icon volume mute\"\/>\r\n                        <\/div>\r\n                        <div class=\"icon-sound\">\r\n                          <img decoding=\"async\" src=\"https:\/\/geneva.intercontinental.com\/wp-content\/themes\/intercontinentalv2\/assets\/images\/icons\/icon-volume-sound.svg\" alt=\"Icon volume sound\"\/>\r\n                        <\/div>\r\n                      <\/a>\r\n                    <\/div> \r\n                                <\/div>\r\n                                            <div class=\"slide-e-content d-none d-md-block\">\r\n                                       \r\n                    <h1 class=\"title\">Conciergerie<\/h1>\r\n                                                                            <h5 class=\"text-center white\">Un service personnalis\u00e9 pour votre s\u00e9jour \u00e0 Gen\u00e8ve<\/h5>\r\n                                                    <\/div>\r\n                          <\/div>\r\n                            <\/div>\r\n            <\/div>\r\n  <\/div>\r\n  <!-- End Swiper hero -->\r\n\r\n \n\n\n<div style=\"height:40px\" aria-hidden=\"true\" class=\"wp-block-spacer\"><\/div>\n\n\n\n<div class=\"wp-block-columns is-layout-flex wp-container-core-columns-is-layout-28f84493 wp-block-columns-is-layout-flex\">\n<div class=\"wp-block-column is-layout-flow wp-block-column-is-layout-flow\" style=\"flex-basis:15%\"><\/div>\n\n\n\n<div class=\"wp-block-column is-layout-flow wp-block-column-is-layout-flow\">\n<p>Notre \u00e9quipe de conciergerie se tient \u00e0 votre enti\u00e8re disposition afin de vous permettre de vivre une exp\u00e9rience inoubliable lors de votre s\u00e9jour \u00e0 Gen\u00e8ve.<\/p>\n\n\n\n<p>Gr\u00e2ce \u00e0 leur expertise &#8221; <a href=\"https:\/\/lesclefsdor.swiss\/\" target=\"_blank\" rel=\"noreferrer noopener\">Clefs d&#8217;Or<\/a> &#8220;, ils vous ouvriront les portes des endroits les plus beaux lieux et des joyaux cach\u00e9s de Gen\u00e8ve. De la gastronomie \u00e0 l\u2019histoire, de la nature \u00e0 la culture, laissez-vous aller \u00e0 la d\u00e9couverte de cette ville unique.<\/p>\n\n\n\n<div class=\"wp-block-buttons is-content-justification-center is-layout-flex wp-container-core-buttons-is-layout-a89b3969 wp-block-buttons-is-layout-flex\">\n<div class=\"wp-block-button is-style-alternate-version\"><a class=\"wp-block-button__link has-text-align-center wp-element-button\" href=\"\/fr\/geneve-ville\/\">D\u00e9couvrez Gen\u00e8ve<\/a><\/div>\n<\/div>\n\n\n\n<div style=\"height:50px\" aria-hidden=\"true\" class=\"wp-block-spacer\"><\/div>\n\n\n\n<h2 class=\"wp-block-heading has-text-align-center\">VOTRE CHEF CONCIERGE<\/h2>\n\n\n\n<figure class=\"wp-block-image aligncenter size-full is-resized\"><img decoding=\"async\" width=\"2000\" height=\"2999\" src=\"https:\/\/geneva.intercontinental.com\/wp-content\/uploads\/sites\/7\/2026\/01\/InterContinental-Geneva-Chef-Concierge-Loic-Favry.jpg\" alt=\"\" class=\"wp-image-40624\" style=\"width:535px;height:auto\" srcset=\"https:\/\/geneva.intercontinental.com\/wp-content\/uploads\/sites\/7\/2026\/01\/InterContinental-Geneva-Chef-Concierge-Loic-Favry.jpg 2000w, https:\/\/geneva.intercontinental.com\/wp-content\/uploads\/sites\/7\/2026\/01\/InterContinental-Geneva-Chef-Concierge-Loic-Favry-200x300.jpg 200w, https:\/\/geneva.intercontinental.com\/wp-content\/uploads\/sites\/7\/2026\/01\/InterContinental-Geneva-Chef-Concierge-Loic-Favry-683x1024.jpg 683w, https:\/\/geneva.intercontinental.com\/wp-content\/uploads\/sites\/7\/2026\/01\/InterContinental-Geneva-Chef-Concierge-Loic-Favry-768x1152.jpg 768w, https:\/\/geneva.intercontinental.com\/wp-content\/uploads\/sites\/7\/2026\/01\/InterContinental-Geneva-Chef-Concierge-Loic-Favry-1024x1536.jpg 1024w, https:\/\/geneva.intercontinental.com\/wp-content\/uploads\/sites\/7\/2026\/01\/InterContinental-Geneva-Chef-Concierge-Loic-Favry-1366x2048.jpg 1366w, https:\/\/geneva.intercontinental.com\/wp-content\/uploads\/sites\/7\/2026\/01\/InterContinental-Geneva-Chef-Concierge-Loic-Favry-1200x1799.jpg 1200w\" sizes=\"(max-width: 2000px) 100vw, 2000px\" \/><figcaption class=\"wp-element-caption\">Loic Favry, Chef Concierge<\/figcaption><\/figure>\n\n\n\n<div style=\"height:15px\" aria-hidden=\"true\" class=\"wp-block-spacer\"><\/div>\n\n\n\n<p>Le temps est notre ressource la plus pr\u00e9cieuse. Notre privil\u00e8ge, en tant que concierge : le mettre au service de nos h\u00f4tes.&nbsp;<\/p>\n\n\n\n<p>Guid\u00e9 par cette philosophie, Lo\u00efc \u00e9volue depuis plus de dix ans dans l\u2019univers de l\u2019h\u00f4tellerie et de la conciergerie de luxe. Son parcours l\u2019a conduit au sein d\u2019\u00e9tablissements d\u2019exception, de Paris \u00e0 la Polyn\u00e9sie fran\u00e7aise, avant de s\u2019ancrer \u00e0 Gen\u00e8ve, ville de c\u0153ur et d\u2019inspiration.<\/p>\n\n\n\n<p>Une \u00e9coute attentive, un sens aigu du d\u00e9tail et une exigence sans compromis d\u00e9finissent son approche du luxe : un luxe discret, pr\u00e9cis et profond\u00e9ment humain, fond\u00e9 sur la confiance, la ma\u00eetrise et l\u2019excellence.<\/p>\n\n\n\n<p>Membre de la prestigieuse association Les Clefs d\u2019Or&nbsp;et fin&nbsp;connaisseur de sa ville, Lo\u00efc imagine des exp\u00e9riences enti\u00e8rement sur mesure, pens\u00e9es comme autant de parenth\u00e8ses privil\u00e9gi\u00e9es. Une balade \u0153nologique \u00e0 v\u00e9lo au c\u0153ur du vignoble genevois, une rencontre confidentielle avec les grands chocolatiers helv\u00e9tiques, une immersion dans l\u2019univers des ma\u00eetres horlogers suisses ou un coucher de soleil sur le lac L\u00e9man\u2026 Il ne reste qu\u2019\u00e0 choisir et \u00e0 se laisser guider par notre Chef Concierge et son \u00e9quipe, garants d\u2019un art de recevoir d\u2019exception.<\/p>\n\n\n\n<div style=\"height:15px\" aria-hidden=\"true\" class=\"wp-block-spacer\"><\/div>\n\n\n\n<figure class=\"wp-block-image aligncenter size-full is-resized\"><img decoding=\"async\" width=\"500\" height=\"462\" src=\"https:\/\/geneva.intercontinental.com\/wp-content\/uploads\/sites\/7\/2024\/04\/arton7490-7c914.jpeg\" alt=\"\" class=\"wp-image-25269\" style=\"width:86px;height:auto\" srcset=\"https:\/\/geneva.intercontinental.com\/wp-content\/uploads\/sites\/7\/2024\/04\/arton7490-7c914.jpeg 500w, https:\/\/geneva.intercontinental.com\/wp-content\/uploads\/sites\/7\/2024\/04\/arton7490-7c914-300x277.jpeg 300w\" sizes=\"(max-width: 500px) 100vw, 500px\" \/><\/figure>\n\n\n\n<div style=\"height:15px\" aria-hidden=\"true\" class=\"wp-block-spacer\"><\/div>\n<\/div>\n\n\n\n<div class=\"wp-block-column is-layout-flow wp-block-column-is-layout-flow\" style=\"flex-basis:15%\"><\/div>\n<\/div>\n\n\n\n<div style=\"height:30px\" aria-hidden=\"true\" class=\"wp-block-spacer\"><\/div>\n\n\n\n<div style=\"height:35px\" aria-hidden=\"true\" class=\"wp-block-spacer\"><\/div>\n\n\n\n<div class=\"wp-block-group has-sandstone-30-background-color has-background is-layout-constrained wp-block-group-is-layout-constrained\" style=\"padding-top:var(--wp--preset--spacing--80);padding-bottom:var(--wp--preset--spacing--80)\">\n<div class=\"wp-block-columns are-vertically-aligned-center is-layout-flex wp-container-core-columns-is-layout-28f84493 wp-block-columns-is-layout-flex\">\n<div class=\"wp-block-column is-vertically-aligned-center is-layout-flow wp-block-column-is-layout-flow\" style=\"flex-basis:5%\"><\/div>\n\n\n\n<div class=\"wp-block-column is-vertically-aligned-center is-layout-flow wp-block-column-is-layout-flow\" style=\"flex-basis:90%\">\n<div class=\"wp-block-media-text is-stacked-on-mobile is-vertically-aligned-center\" style=\"padding-top:0;padding-right:0;padding-bottom:0;padding-left:0\"><figure class=\"wp-block-media-text__media\"><img decoding=\"async\" width=\"1024\" height=\"698\" src=\"https:\/\/geneva.intercontinental.com\/wp-content\/uploads\/sites\/7\/2025\/10\/Concierge-Insiders-InterContinental-Geneve-e1759497179547-1024x698.jpg\" alt=\"\" class=\"wp-image-38141 size-full\" srcset=\"https:\/\/geneva.intercontinental.com\/wp-content\/uploads\/sites\/7\/2025\/10\/Concierge-Insiders-InterContinental-Geneve-e1759497179547-1024x698.jpg 1024w, https:\/\/geneva.intercontinental.com\/wp-content\/uploads\/sites\/7\/2025\/10\/Concierge-Insiders-InterContinental-Geneve-e1759497179547-300x205.jpg 300w, https:\/\/geneva.intercontinental.com\/wp-content\/uploads\/sites\/7\/2025\/10\/Concierge-Insiders-InterContinental-Geneve-e1759497179547-768x524.jpg 768w, https:\/\/geneva.intercontinental.com\/wp-content\/uploads\/sites\/7\/2025\/10\/Concierge-Insiders-InterContinental-Geneve-e1759497179547-1536x1047.jpg 1536w, https:\/\/geneva.intercontinental.com\/wp-content\/uploads\/sites\/7\/2025\/10\/Concierge-Insiders-InterContinental-Geneve-e1759497179547-2048x1397.jpg 2048w, https:\/\/geneva.intercontinental.com\/wp-content\/uploads\/sites\/7\/2025\/10\/Concierge-Insiders-InterContinental-Geneve-e1759497179547-1200x818.jpg 1200w\" sizes=\"(max-width: 1024px) 100vw, 1024px\" \/><\/figure><div class=\"wp-block-media-text__content\">\n<div style=\"height:50px\" aria-hidden=\"true\" class=\"wp-block-spacer\"><\/div>\n\n\n\n<h2 class=\"wp-block-heading\">Services d\u2019exception<\/h2>\n\n\n\n<p>Gr\u00e2ce \u00e0 leur connaissance locale et leur attention toute particuli\u00e8re, notre \u00e9quipe d\u00e9di\u00e9e de sp\u00e9cialistes veillera \u00e0 rendre votre s\u00e9jour \u00e0 Gen\u00e8ve des plus agr\u00e9able. Du choix des activit\u00e9s \u00e0 leur planification, notre objectif sera de faire de votre s\u00e9jour un moment unique, authentique et m\u00e9morable.<\/p>\n<\/div><\/div>\n<\/div>\n\n\n\n<div class=\"wp-block-column is-vertically-aligned-center is-layout-flow wp-block-column-is-layout-flow\" style=\"flex-basis:5%\"><\/div>\n<\/div>\n\n\n\n<div class=\"wp-block-columns are-vertically-aligned-center is-layout-flex wp-container-core-columns-is-layout-28f84493 wp-block-columns-is-layout-flex\">\n<div class=\"wp-block-column is-vertically-aligned-center is-layout-flow wp-block-column-is-layout-flow\" style=\"flex-basis:5%\"><\/div>\n\n\n\n<div class=\"wp-block-column is-vertically-aligned-center is-layout-flow wp-block-column-is-layout-flow\" style=\"flex-basis:90%\">\n<div style=\"height:40px\" aria-hidden=\"true\" class=\"wp-block-spacer\"><\/div>\n\n\n\n<div class=\"wp-block-media-text has-media-on-the-right is-stacked-on-mobile is-vertically-aligned-center\" style=\"margin-top:var(--wp--preset--spacing--50);margin-bottom:var(--wp--preset--spacing--50);padding-top:var(--wp--preset--spacing--50);padding-bottom:var(--wp--preset--spacing--50)\"><div class=\"wp-block-media-text__content\">\n<div style=\"height:50px\" aria-hidden=\"true\" class=\"wp-block-spacer\"><\/div>\n\n\n\n<h2 class=\"wp-block-heading\">The Perfect Day<\/h2>\n\n\n\n<p>Embarquez pour une aventure o\u00f9 chaque instant est une invitation \u00e0 la s\u00e9r\u00e9nit\u00e9 et \u00e0 l&#8217;\u00e9vasion. D\u00e8s votre r\u00e9veil, d\u00e9couvrez l&#8217;harmonie parfaite entre plein air et bien-\u00eatre au c\u0153ur de Gen\u00e8ve.&nbsp;<\/p>\n\n\n\n<div class=\"wp-block-buttons is-layout-flex wp-block-buttons-is-layout-flex\">\n<div class=\"wp-block-button is-style-alternate-version\"><a class=\"wp-block-button__link wp-element-button\" href=\"https:\/\/geneva.intercontinental.com\/wp-content\/uploads\/sites\/7\/2025\/07\/The-Perfect-Day.pdf\" target=\"_blank\" rel=\"noreferrer noopener\">Discover<\/a><\/div>\n<\/div>\n<\/div><figure class=\"wp-block-media-text__media\"><img decoding=\"async\" width=\"1024\" height=\"681\" src=\"https:\/\/geneva.intercontinental.com\/wp-content\/uploads\/sites\/7\/2020\/07\/intercontinental-geneva-city-1024x681.jpg\" alt=\"\" class=\"wp-image-1355 size-full\" srcset=\"https:\/\/geneva.intercontinental.com\/wp-content\/uploads\/sites\/7\/2020\/07\/intercontinental-geneva-city-1024x681.jpg 1024w, https:\/\/geneva.intercontinental.com\/wp-content\/uploads\/sites\/7\/2020\/07\/intercontinental-geneva-city-300x199.jpg 300w, https:\/\/geneva.intercontinental.com\/wp-content\/uploads\/sites\/7\/2020\/07\/intercontinental-geneva-city-768x511.jpg 768w, https:\/\/geneva.intercontinental.com\/wp-content\/uploads\/sites\/7\/2020\/07\/intercontinental-geneva-city-1536x1021.jpg 1536w, https:\/\/geneva.intercontinental.com\/wp-content\/uploads\/sites\/7\/2020\/07\/intercontinental-geneva-city-2048x1362.jpg 2048w, https:\/\/geneva.intercontinental.com\/wp-content\/uploads\/sites\/7\/2020\/07\/intercontinental-geneva-city-1200x798.jpg 1200w\" sizes=\"(max-width: 1024px) 100vw, 1024px\" \/><\/figure><\/div>\n<\/div>\n\n\n\n<div class=\"wp-block-column is-vertically-aligned-center is-layout-flow wp-block-column-is-layout-flow\" style=\"flex-basis:5%\"><\/div>\n<\/div>\n<\/div>\n\n\n\n<div class=\"wp-block-columns is-layout-flex wp-container-core-columns-is-layout-28f84493 wp-block-columns-is-layout-flex\">\n<div class=\"wp-block-column is-layout-flow wp-block-column-is-layout-flow\" style=\"flex-basis:15%\"><\/div>\n\n\n\n<div class=\"wp-block-column is-layout-flow wp-block-column-is-layout-flow\" style=\"flex-basis:70%\">\n<div style=\"height:40px\" aria-hidden=\"true\" class=\"wp-block-spacer\"><\/div>\n\n\n\n<div class=\"wp-block-columns is-layout-flex wp-container-core-columns-is-layout-28f84493 wp-block-columns-is-layout-flex\">\n<div class=\"wp-block-column is-layout-flow wp-block-column-is-layout-flow\">\n<h2 class=\"wp-block-heading\">Contacter la Conciergerie<\/h2>\n\n\n\n<div style=\"height:20px\" aria-hidden=\"true\" class=\"wp-block-spacer\"><\/div>\n\n\n\n<p><strong>Email<\/strong>:&nbsp;<a href=\"mailto:%20lepetitbeefbar@ihg.com\"><\/a><a href=\"mailto:gvaha.concierge@ihg.com\">gvaha.concierge@ihg.com<\/a><\/p>\n\n\n\n<p><strong>Phone<\/strong>: <a href=\"tel:+41229193269\" target=\"_blank\" rel=\"noreferrer noopener\">+41 22 919 32 69<\/a><\/p>\n<\/div>\n<\/div>\n\n\n\n<div style=\"height:40px\" aria-hidden=\"true\" class=\"wp-block-spacer\"><\/div>\n<\/div>\n\n\n\n<div class=\"wp-block-column is-layout-flow wp-block-column-is-layout-flow\" style=\"flex-basis:15%\"><\/div>\n<\/div>\n","protected":false},"excerpt":{"rendered":"<p>Notre \u00e9quipe de conciergerie se tient \u00e0 votre enti\u00e8re disposition afin de vous permettre de vivre une exp\u00e9rience inoubliable lors de votre s\u00e9jour \u00e0 Gen\u00e8ve.<\/p>\n","protected":false},"author":1,"featured_media":35447,"parent":0,"menu_order":0,"comment_status":"closed","ping_status":"closed","template":"","meta":{"_acf_changed":false,"footnotes":""},"class_list":["post-24901","page","type-page","status-publish","has-post-thumbnail","hentry"],"acf":[],"yoast_head":"<!-- This site is optimized with the Yoast SEO plugin v26.2 - https:\/\/yoast.com\/wordpress\/plugins\/seo\/ -->\n<title>Conciergerie - InterContinental Gen\u00e8ve<\/title>\n<meta name=\"description\" content=\"Notre \u00e9quipe de conciergerie se tient \u00e0 votre enti\u00e8re disposition afin de vous permettre de vivre une exp\u00e9rience inoubliable \u00e0 Gen\u00e8ve.\" \/>\n<meta name=\"robots\" content=\"index, follow, max-snippet:-1, max-image-preview:large, max-video-preview:-1\" \/>\n<link rel=\"canonical\" href=\"https:\/\/geneva.intercontinental.com\/fr\/conciergerie\/\" \/>\n<meta property=\"og:locale\" content=\"fr_FR\" \/>\n<meta property=\"og:type\" content=\"article\" \/>\n<meta property=\"og:title\" content=\"Conciergerie - InterContinental Gen\u00e8ve\" \/>\n<meta property=\"og:description\" content=\"Notre \u00e9quipe de conciergerie se tient \u00e0 votre enti\u00e8re disposition afin de vous permettre de vivre une exp\u00e9rience inoubliable \u00e0 Gen\u00e8ve.\" \/>\n<meta property=\"og:url\" content=\"https:\/\/geneva.intercontinental.com\/fr\/conciergerie\/\" \/>\n<meta property=\"og:site_name\" content=\"IHG\" \/>\n<meta property=\"article:modified_time\" content=\"2026-01-27T09:41:51+00:00\" \/>\n<meta property=\"og:image\" content=\"https:\/\/geneva.intercontinental.com\/wp-content\/uploads\/sites\/7\/2025\/04\/Concierge-InterContinental-Geneve-e1744716219602.jpg\" \/>\n\t<meta property=\"og:image:width\" content=\"1366\" \/>\n\t<meta property=\"og:image:height\" content=\"2048\" \/>\n\t<meta property=\"og:image:type\" content=\"image\/jpeg\" \/>\n<meta name=\"twitter:card\" content=\"summary_large_image\" \/>\n<meta name=\"twitter:label1\" content=\"Dur\u00e9e de lecture estim\u00e9e\" \/>\n\t<meta name=\"twitter:data1\" content=\"3 minutes\" \/>\n<script type=\"application\/ld+json\" class=\"yoast-schema-graph\">{\"@context\":\"https:\/\/schema.org\",\"@graph\":[{\"@type\":\"WebPage\",\"@id\":\"https:\/\/geneva.intercontinental.com\/fr\/conciergerie\/\",\"url\":\"https:\/\/geneva.intercontinental.com\/fr\/conciergerie\/\",\"name\":\"Conciergerie - InterContinental Gen\u00e8ve\",\"isPartOf\":{\"@id\":\"https:\/\/geneva.intercontinental.com\/fr\/#website\"},\"primaryImageOfPage\":{\"@id\":\"https:\/\/geneva.intercontinental.com\/fr\/conciergerie\/#primaryimage\"},\"image\":{\"@id\":\"https:\/\/geneva.intercontinental.com\/fr\/conciergerie\/#primaryimage\"},\"thumbnailUrl\":\"https:\/\/geneva.intercontinental.com\/wp-content\/uploads\/sites\/7\/2025\/04\/Concierge-InterContinental-Geneve-e1744716219602.jpg\",\"datePublished\":\"2024-04-04T09:20:28+00:00\",\"dateModified\":\"2026-01-27T09:41:51+00:00\",\"description\":\"Notre \u00e9quipe de conciergerie se tient \u00e0 votre enti\u00e8re disposition afin de vous permettre de vivre une exp\u00e9rience inoubliable \u00e0 Gen\u00e8ve.\",\"breadcrumb\":{\"@id\":\"https:\/\/geneva.intercontinental.com\/fr\/conciergerie\/#breadcrumb\"},\"inLanguage\":\"fr-FR\",\"potentialAction\":[{\"@type\":\"ReadAction\",\"target\":[\"https:\/\/geneva.intercontinental.com\/fr\/conciergerie\/\"]}]},{\"@type\":\"ImageObject\",\"inLanguage\":\"fr-FR\",\"@id\":\"https:\/\/geneva.intercontinental.com\/fr\/conciergerie\/#primaryimage\",\"url\":\"https:\/\/geneva.intercontinental.com\/wp-content\/uploads\/sites\/7\/2025\/04\/Concierge-InterContinental-Geneve-e1744716219602.jpg\",\"contentUrl\":\"https:\/\/geneva.intercontinental.com\/wp-content\/uploads\/sites\/7\/2025\/04\/Concierge-InterContinental-Geneve-e1744716219602.jpg\",\"width\":1366,\"height\":2048},{\"@type\":\"BreadcrumbList\",\"@id\":\"https:\/\/geneva.intercontinental.com\/fr\/conciergerie\/#breadcrumb\",\"itemListElement\":[{\"@type\":\"ListItem\",\"position\":1,\"name\":\"Accueil\",\"item\":\"https:\/\/geneva.intercontinental.com\/fr\/\"},{\"@type\":\"ListItem\",\"position\":2,\"name\":\"Conciergerie\"}]},{\"@type\":\"WebSite\",\"@id\":\"https:\/\/geneva.intercontinental.com\/fr\/#website\",\"url\":\"https:\/\/geneva.intercontinental.com\/fr\/\",\"name\":\"IHG\",\"description\":\"Live the InterContinental Life\",\"publisher\":{\"@id\":\"https:\/\/geneva.intercontinental.com\/fr\/#organization\"},\"alternateName\":\"InterContinental Gen\u00e8ve\",\"potentialAction\":[{\"@type\":\"SearchAction\",\"target\":{\"@type\":\"EntryPoint\",\"urlTemplate\":\"https:\/\/geneva.intercontinental.com\/fr\/?s={search_term_string}\"},\"query-input\":{\"@type\":\"PropertyValueSpecification\",\"valueRequired\":true,\"valueName\":\"search_term_string\"}}],\"inLanguage\":\"fr-FR\"},{\"@type\":\"Organization\",\"@id\":\"https:\/\/geneva.intercontinental.com\/fr\/#organization\",\"name\":\"InterContinental Gen\u00e8ve\",\"alternateName\":\"GVAHA\",\"url\":\"https:\/\/geneva.intercontinental.com\/fr\/\",\"logo\":{\"@type\":\"ImageObject\",\"inLanguage\":\"fr-FR\",\"@id\":\"https:\/\/geneva.intercontinental.com\/fr\/#\/schema\/logo\/image\/\",\"url\":\"https:\/\/geneva.intercontinental.com\/wp-content\/uploads\/sites\/7\/2024\/04\/intercontinental-geneve-logo.svg\",\"contentUrl\":\"https:\/\/geneva.intercontinental.com\/wp-content\/uploads\/sites\/7\/2024\/04\/intercontinental-geneve-logo.svg\",\"caption\":\"InterContinental Gen\u00e8ve\"},\"image\":{\"@id\":\"https:\/\/geneva.intercontinental.com\/fr\/#\/schema\/logo\/image\/\"}}]}<\/script>\n<!-- \/ Yoast SEO plugin. -->","yoast_head_json":{"title":"Conciergerie - InterContinental Gen\u00e8ve","description":"Notre \u00e9quipe de conciergerie se tient \u00e0 votre enti\u00e8re disposition afin de vous permettre de vivre une exp\u00e9rience inoubliable \u00e0 Gen\u00e8ve.","robots":{"index":"index","follow":"follow","max-snippet":"max-snippet:-1","max-image-preview":"max-image-preview:large","max-video-preview":"max-video-preview:-1"},"canonical":"https:\/\/geneva.intercontinental.com\/fr\/conciergerie\/","og_locale":"fr_FR","og_type":"article","og_title":"Conciergerie - InterContinental Gen\u00e8ve","og_description":"Notre \u00e9quipe de conciergerie se tient \u00e0 votre enti\u00e8re disposition afin de vous permettre de vivre une exp\u00e9rience inoubliable \u00e0 Gen\u00e8ve.","og_url":"https:\/\/geneva.intercontinental.com\/fr\/conciergerie\/","og_site_name":"IHG","article_modified_time":"2026-01-27T09:41:51+00:00","og_image":[{"width":1366,"height":2048,"url":"https:\/\/geneva.intercontinental.com\/wp-content\/uploads\/sites\/7\/2025\/04\/Concierge-InterContinental-Geneve-e1744716219602.jpg","type":"image\/jpeg"}],"twitter_card":"summary_large_image","twitter_misc":{"Dur\u00e9e de lecture estim\u00e9e":"3 minutes"},"schema":{"@context":"https:\/\/schema.org","@graph":[{"@type":"WebPage","@id":"https:\/\/geneva.intercontinental.com\/fr\/conciergerie\/","url":"https:\/\/geneva.intercontinental.com\/fr\/conciergerie\/","name":"Conciergerie - InterContinental Gen\u00e8ve","isPartOf":{"@id":"https:\/\/geneva.intercontinental.com\/fr\/#website"},"primaryImageOfPage":{"@id":"https:\/\/geneva.intercontinental.com\/fr\/conciergerie\/#primaryimage"},"image":{"@id":"https:\/\/geneva.intercontinental.com\/fr\/conciergerie\/#primaryimage"},"thumbnailUrl":"https:\/\/geneva.intercontinental.com\/wp-content\/uploads\/sites\/7\/2025\/04\/Concierge-InterContinental-Geneve-e1744716219602.jpg","datePublished":"2024-04-04T09:20:28+00:00","dateModified":"2026-01-27T09:41:51+00:00","description":"Notre \u00e9quipe de conciergerie se tient \u00e0 votre enti\u00e8re disposition afin de vous permettre de vivre une exp\u00e9rience inoubliable \u00e0 Gen\u00e8ve.","breadcrumb":{"@id":"https:\/\/geneva.intercontinental.com\/fr\/conciergerie\/#breadcrumb"},"inLanguage":"fr-FR","potentialAction":[{"@type":"ReadAction","target":["https:\/\/geneva.intercontinental.com\/fr\/conciergerie\/"]}]},{"@type":"ImageObject","inLanguage":"fr-FR","@id":"https:\/\/geneva.intercontinental.com\/fr\/conciergerie\/#primaryimage","url":"https:\/\/geneva.intercontinental.com\/wp-content\/uploads\/sites\/7\/2025\/04\/Concierge-InterContinental-Geneve-e1744716219602.jpg","contentUrl":"https:\/\/geneva.intercontinental.com\/wp-content\/uploads\/sites\/7\/2025\/04\/Concierge-InterContinental-Geneve-e1744716219602.jpg","width":1366,"height":2048},{"@type":"BreadcrumbList","@id":"https:\/\/geneva.intercontinental.com\/fr\/conciergerie\/#breadcrumb","itemListElement":[{"@type":"ListItem","position":1,"name":"Accueil","item":"https:\/\/geneva.intercontinental.com\/fr\/"},{"@type":"ListItem","position":2,"name":"Conciergerie"}]},{"@type":"WebSite","@id":"https:\/\/geneva.intercontinental.com\/fr\/#website","url":"https:\/\/geneva.intercontinental.com\/fr\/","name":"IHG","description":"Live the InterContinental Life","publisher":{"@id":"https:\/\/geneva.intercontinental.com\/fr\/#organization"},"alternateName":"InterContinental Gen\u00e8ve","potentialAction":[{"@type":"SearchAction","target":{"@type":"EntryPoint","urlTemplate":"https:\/\/geneva.intercontinental.com\/fr\/?s={search_term_string}"},"query-input":{"@type":"PropertyValueSpecification","valueRequired":true,"valueName":"search_term_string"}}],"inLanguage":"fr-FR"},{"@type":"Organization","@id":"https:\/\/geneva.intercontinental.com\/fr\/#organization","name":"InterContinental Gen\u00e8ve","alternateName":"GVAHA","url":"https:\/\/geneva.intercontinental.com\/fr\/","logo":{"@type":"ImageObject","inLanguage":"fr-FR","@id":"https:\/\/geneva.intercontinental.com\/fr\/#\/schema\/logo\/image\/","url":"https:\/\/geneva.intercontinental.com\/wp-content\/uploads\/sites\/7\/2024\/04\/intercontinental-geneve-logo.svg","contentUrl":"https:\/\/geneva.intercontinental.com\/wp-content\/uploads\/sites\/7\/2024\/04\/intercontinental-geneve-logo.svg","caption":"InterContinental Gen\u00e8ve"},"image":{"@id":"https:\/\/geneva.intercontinental.com\/fr\/#\/schema\/logo\/image\/"}}]}},"_links":{"self":[{"href":"https:\/\/geneva.intercontinental.com\/fr\/wp-json\/wp\/v2\/pages\/24901","targetHints":{"allow":["GET"]}}],"collection":[{"href":"https:\/\/geneva.intercontinental.com\/fr\/wp-json\/wp\/v2\/pages"}],"about":[{"href":"https:\/\/geneva.intercontinental.com\/fr\/wp-json\/wp\/v2\/types\/page"}],"author":[{"embeddable":true,"href":"https:\/\/geneva.intercontinental.com\/fr\/wp-json\/wp\/v2\/users\/1"}],"replies":[{"embeddable":true,"href":"https:\/\/geneva.intercontinental.com\/fr\/wp-json\/wp\/v2\/comments?post=24901"}],"version-history":[{"count":28,"href":"https:\/\/geneva.intercontinental.com\/fr\/wp-json\/wp\/v2\/pages\/24901\/revisions"}],"predecessor-version":[{"id":40627,"href":"https:\/\/geneva.intercontinental.com\/fr\/wp-json\/wp\/v2\/pages\/24901\/revisions\/40627"}],"wp:featuredmedia":[{"embeddable":true,"href":"https:\/\/geneva.intercontinental.com\/fr\/wp-json\/wp\/v2\/media\/35447"}],"wp:attachment":[{"href":"https:\/\/geneva.intercontinental.com\/fr\/wp-json\/wp\/v2\/media?parent=24901"}],"curies":[{"name":"wp","href":"https:\/\/api.w.org\/{rel}","templated":true}]}}