{"id":24409,"date":"2024-03-01T16:31:24","date_gmt":"2024-03-01T15:31:24","guid":{"rendered":"https:\/\/geneva.intercontinental.com\/?page_id=24409"},"modified":"2024-09-06T09:35:29","modified_gmt":"2024-09-06T07:35:29","slug":"woods-booking","status":"publish","type":"page","link":"https:\/\/geneva.intercontinental.com\/fr\/woods-booking\/","title":{"rendered":"Votre r\u00e9servation au Woods"},"content":{"rendered":"\n<h1 class=\"wp-block-heading has-text-align-center\">MERCI<\/h1>\n\n\n\n<p class=\"has-text-align-center\">Votre r\u00e9servation a bien \u00e9t\u00e9 effectu\u00e9e et nous avons h\u00e2te de vous accueillir \u00e0 notre restaurant Woods.<\/p>\n\n\n\n<p class=\"has-text-align-center\">Nos \u00e9quipes restent \u00e0 votre disposition pour toutes questions \u00e9ventuelles au <a href=\"tel:+41229193333\">+41 22 919 33 33<\/a> ou par email <a href=\"mailto:gvaha.woods-restaurant@ihg.com\"><a href=\"mailto:gvaha.woods-restaurant@ihg.com\" target=\"_blank\" rel=\"noreferrer noopener\">gvaha.woods-restaurant@ihg.com<\/a><\/a><\/p>\n\n\n\n<p class=\"has-text-align-center\">Restez inform\u00e9 des offres exclusives du Woods en vous inscrivant \u00e0 notre newsletter.<\/p>\n\n\n\n<div class=\"wp-block-buttons is-content-justification-center is-layout-flex wp-container-core-buttons-is-layout-a89b3969 wp-block-buttons-is-layout-flex\">\n<div class=\"wp-block-button\"><a class=\"wp-block-button__link wp-element-button\" href=\"\/fr\/sabonner\/\">S&#8217;abonner \u00e0 notre newsletter<\/a><\/div>\n<\/div>\n\n\n\n<div style=\"height:30px\" aria-hidden=\"true\" class=\"wp-block-spacer\"><\/div>\n\n\n\n<div class=\"wp-block-columns wp-columns-media is-layout-flex wp-container-core-columns-is-layout-28f84493 wp-block-columns-is-layout-flex\">\n<div class=\"wp-block-column is-layout-flow wp-block-column-is-layout-flow\"><\/div>\n\n\n\n<div class=\"wp-block-column is-vertically-aligned-top is-layout-flow wp-block-column-is-layout-flow\">\n<figure class=\"wp-block-image size-full\"><img decoding=\"async\" width=\"1300\" height=\"1950\" src=\"https:\/\/geneva.intercontinental.com\/wp-content\/uploads\/sites\/7\/2023\/11\/Inter_Brunchxx245.jpg\" alt=\"\" class=\"wp-image-24375\" style=\"aspect-ratio:9\/16;object-fit:cover\" srcset=\"https:\/\/geneva.intercontinental.com\/wp-content\/uploads\/sites\/7\/2023\/11\/Inter_Brunchxx245.jpg 1300w, https:\/\/geneva.intercontinental.com\/wp-content\/uploads\/sites\/7\/2023\/11\/Inter_Brunchxx245-200x300.jpg 200w, https:\/\/geneva.intercontinental.com\/wp-content\/uploads\/sites\/7\/2023\/11\/Inter_Brunchxx245-683x1024.jpg 683w, https:\/\/geneva.intercontinental.com\/wp-content\/uploads\/sites\/7\/2023\/11\/Inter_Brunchxx245-768x1152.jpg 768w, https:\/\/geneva.intercontinental.com\/wp-content\/uploads\/sites\/7\/2023\/11\/Inter_Brunchxx245-1024x1536.jpg 1024w, https:\/\/geneva.intercontinental.com\/wp-content\/uploads\/sites\/7\/2023\/11\/Inter_Brunchxx245-1200x1800.jpg 1200w\" sizes=\"(max-width: 1300px) 100vw, 1300px\" \/><\/figure>\n<\/div>\n\n\n\n<div class=\"wp-block-column is-vertically-aligned-bottom is-layout-flow wp-block-column-is-layout-flow\">\n<div style=\"height:50px\" aria-hidden=\"true\" class=\"wp-block-spacer\"><\/div>\n\n\n\n<figure class=\"wp-block-image size-full\"><img decoding=\"async\" width=\"2560\" height=\"1707\" src=\"https:\/\/geneva.intercontinental.com\/wp-content\/uploads\/sites\/7\/2023\/11\/Brunch_IC_Daniele_2023_60-scaled.jpg\" alt=\"\" class=\"wp-image-21890\" style=\"aspect-ratio:9\/16;object-fit:cover\" srcset=\"https:\/\/geneva.intercontinental.com\/wp-content\/uploads\/sites\/7\/2023\/11\/Brunch_IC_Daniele_2023_60-scaled.jpg 2560w, https:\/\/geneva.intercontinental.com\/wp-content\/uploads\/sites\/7\/2023\/11\/Brunch_IC_Daniele_2023_60-300x200.jpg 300w, https:\/\/geneva.intercontinental.com\/wp-content\/uploads\/sites\/7\/2023\/11\/Brunch_IC_Daniele_2023_60-1024x683.jpg 1024w, https:\/\/geneva.intercontinental.com\/wp-content\/uploads\/sites\/7\/2023\/11\/Brunch_IC_Daniele_2023_60-768x512.jpg 768w, https:\/\/geneva.intercontinental.com\/wp-content\/uploads\/sites\/7\/2023\/11\/Brunch_IC_Daniele_2023_60-1536x1024.jpg 1536w, https:\/\/geneva.intercontinental.com\/wp-content\/uploads\/sites\/7\/2023\/11\/Brunch_IC_Daniele_2023_60-2048x1366.jpg 2048w, https:\/\/geneva.intercontinental.com\/wp-content\/uploads\/sites\/7\/2023\/11\/Brunch_IC_Daniele_2023_60-1200x800.jpg 1200w\" sizes=\"(max-width: 2560px) 100vw, 2560px\" \/><\/figure>\n<\/div>\n\n\n\n<div class=\"wp-block-column is-vertically-aligned-top is-layout-flow wp-block-column-is-layout-flow\">\n<figure class=\"wp-block-image size-full\"><img decoding=\"async\" width=\"2048\" height=\"1366\" src=\"https:\/\/geneva.intercontinental.com\/wp-content\/uploads\/sites\/7\/2023\/11\/InterContinental-Geneve-Brunch-41.jpg\" alt=\"\" class=\"wp-image-24382\" style=\"aspect-ratio:0.5625;object-fit:cover\" srcset=\"https:\/\/geneva.intercontinental.com\/wp-content\/uploads\/sites\/7\/2023\/11\/InterContinental-Geneve-Brunch-41.jpg 2048w, https:\/\/geneva.intercontinental.com\/wp-content\/uploads\/sites\/7\/2023\/11\/InterContinental-Geneve-Brunch-41-300x200.jpg 300w, https:\/\/geneva.intercontinental.com\/wp-content\/uploads\/sites\/7\/2023\/11\/InterContinental-Geneve-Brunch-41-1024x683.jpg 1024w, https:\/\/geneva.intercontinental.com\/wp-content\/uploads\/sites\/7\/2023\/11\/InterContinental-Geneve-Brunch-41-768x512.jpg 768w, https:\/\/geneva.intercontinental.com\/wp-content\/uploads\/sites\/7\/2023\/11\/InterContinental-Geneve-Brunch-41-1536x1025.jpg 1536w, https:\/\/geneva.intercontinental.com\/wp-content\/uploads\/sites\/7\/2023\/11\/InterContinental-Geneve-Brunch-41-1200x800.jpg 1200w\" sizes=\"(max-width: 2048px) 100vw, 2048px\" \/><\/figure>\n<\/div>\n\n\n\n<div class=\"wp-block-column is-vertically-aligned-bottom is-layout-flow wp-block-column-is-layout-flow\">\n<div style=\"height:50px\" aria-hidden=\"true\" class=\"wp-block-spacer\"><\/div>\n\n\n\n<figure class=\"wp-block-image size-full\"><img decoding=\"async\" width=\"1500\" height=\"1000\" src=\"https:\/\/geneva.intercontinental.com\/wp-content\/uploads\/sites\/7\/2023\/11\/Intercontinental-05-01WEB.jpg\" alt=\"\" class=\"wp-image-21423\" style=\"aspect-ratio:9\/16;object-fit:cover\" srcset=\"https:\/\/geneva.intercontinental.com\/wp-content\/uploads\/sites\/7\/2023\/11\/Intercontinental-05-01WEB.jpg 1500w, https:\/\/geneva.intercontinental.com\/wp-content\/uploads\/sites\/7\/2023\/11\/Intercontinental-05-01WEB-300x200.jpg 300w, https:\/\/geneva.intercontinental.com\/wp-content\/uploads\/sites\/7\/2023\/11\/Intercontinental-05-01WEB-1024x683.jpg 1024w, https:\/\/geneva.intercontinental.com\/wp-content\/uploads\/sites\/7\/2023\/11\/Intercontinental-05-01WEB-768x512.jpg 768w, https:\/\/geneva.intercontinental.com\/wp-content\/uploads\/sites\/7\/2023\/11\/Intercontinental-05-01WEB-1200x800.jpg 1200w\" sizes=\"(max-width: 1500px) 100vw, 1500px\" \/><\/figure>\n<\/div>\n\n\n\n<div class=\"wp-block-column is-layout-flow wp-block-column-is-layout-flow\"><\/div>\n<\/div>\n","protected":false},"excerpt":{"rendered":"<p>MERCI Votre r\u00e9servation a bien \u00e9t\u00e9 effectu\u00e9e et nous avons h\u00e2te de vous accueillir \u00e0 notre restaurant Woods. Nos \u00e9quipes restent \u00e0 votre disposition pour toutes questions \u00e9ventuelles au +41 22 919 33 33 ou par email gvaha.woods-restaurant@ihg.com Restez inform\u00e9 [&hellip;]<\/p>\n","protected":false},"author":1,"featured_media":24391,"parent":0,"menu_order":0,"comment_status":"closed","ping_status":"closed","template":"","meta":{"_acf_changed":false,"footnotes":""},"class_list":["post-24409","page","type-page","status-publish","has-post-thumbnail","hentry"],"acf":[],"yoast_head":"<!-- This site is optimized with the Yoast SEO plugin v26.2 - https:\/\/yoast.com\/wordpress\/plugins\/seo\/ -->\n<title>Votre r\u00e9servation au Woods - InterContinental Gen\u00e8ve<\/title>\n<meta name=\"description\" content=\"MERCI Votre r\u00e9servation a bien \u00e9t\u00e9 effectu\u00e9e et nous avons h\u00e2te de vous accueillir \u00e0 notre restaurant Woods. Nos \u00e9quipes restent \u00e0 votre disposition pour\" \/>\n<meta name=\"robots\" content=\"index, follow, max-snippet:-1, max-image-preview:large, max-video-preview:-1\" \/>\n<link rel=\"canonical\" href=\"https:\/\/geneva.intercontinental.com\/fr\/woods-booking\/\" \/>\n<meta property=\"og:locale\" content=\"fr_FR\" \/>\n<meta property=\"og:type\" content=\"article\" \/>\n<meta property=\"og:title\" content=\"Votre r\u00e9servation au Woods - InterContinental Gen\u00e8ve\" \/>\n<meta property=\"og:description\" content=\"MERCI Votre r\u00e9servation a bien \u00e9t\u00e9 effectu\u00e9e et nous avons h\u00e2te de vous accueillir \u00e0 notre restaurant Woods. Nos \u00e9quipes restent \u00e0 votre disposition pour\" \/>\n<meta property=\"og:url\" content=\"https:\/\/geneva.intercontinental.com\/fr\/woods-booking\/\" \/>\n<meta property=\"og:site_name\" content=\"IHG\" \/>\n<meta property=\"article:modified_time\" content=\"2024-09-06T07:35:29+00:00\" \/>\n<meta property=\"og:image\" content=\"https:\/\/geneva.intercontinental.com\/wp-content\/uploads\/sites\/7\/2023\/11\/InterContinental-Geneve-Brunch-41-1.jpg\" \/>\n\t<meta property=\"og:image:width\" content=\"2048\" \/>\n\t<meta property=\"og:image:height\" content=\"1366\" \/>\n\t<meta property=\"og:image:type\" content=\"image\/jpeg\" \/>\n<meta name=\"twitter:card\" content=\"summary_large_image\" \/>\n<meta name=\"twitter:label1\" content=\"Dur\u00e9e de lecture estim\u00e9e\" \/>\n\t<meta name=\"twitter:data1\" content=\"2 minutes\" \/>\n<script type=\"application\/ld+json\" class=\"yoast-schema-graph\">{\"@context\":\"https:\/\/schema.org\",\"@graph\":[{\"@type\":\"WebPage\",\"@id\":\"https:\/\/geneva.intercontinental.com\/fr\/woods-booking\/\",\"url\":\"https:\/\/geneva.intercontinental.com\/fr\/woods-booking\/\",\"name\":\"Votre r\u00e9servation au Woods - InterContinental Gen\u00e8ve\",\"isPartOf\":{\"@id\":\"https:\/\/geneva.intercontinental.com\/fr\/#website\"},\"primaryImageOfPage\":{\"@id\":\"https:\/\/geneva.intercontinental.com\/fr\/woods-booking\/#primaryimage\"},\"image\":{\"@id\":\"https:\/\/geneva.intercontinental.com\/fr\/woods-booking\/#primaryimage\"},\"thumbnailUrl\":\"https:\/\/geneva.intercontinental.com\/wp-content\/uploads\/sites\/7\/2023\/11\/InterContinental-Geneve-Brunch-41-1.jpg\",\"datePublished\":\"2024-03-01T15:31:24+00:00\",\"dateModified\":\"2024-09-06T07:35:29+00:00\",\"description\":\"MERCI Votre r\u00e9servation a bien \u00e9t\u00e9 effectu\u00e9e et nous avons h\u00e2te de vous accueillir \u00e0 notre restaurant Woods. Nos \u00e9quipes restent \u00e0 votre disposition pour\",\"breadcrumb\":{\"@id\":\"https:\/\/geneva.intercontinental.com\/fr\/woods-booking\/#breadcrumb\"},\"inLanguage\":\"fr-FR\",\"potentialAction\":[{\"@type\":\"ReadAction\",\"target\":[\"https:\/\/geneva.intercontinental.com\/fr\/woods-booking\/\"]}]},{\"@type\":\"ImageObject\",\"inLanguage\":\"fr-FR\",\"@id\":\"https:\/\/geneva.intercontinental.com\/fr\/woods-booking\/#primaryimage\",\"url\":\"https:\/\/geneva.intercontinental.com\/wp-content\/uploads\/sites\/7\/2023\/11\/InterContinental-Geneve-Brunch-41-1.jpg\",\"contentUrl\":\"https:\/\/geneva.intercontinental.com\/wp-content\/uploads\/sites\/7\/2023\/11\/InterContinental-Geneve-Brunch-41-1.jpg\",\"width\":2048,\"height\":1366},{\"@type\":\"BreadcrumbList\",\"@id\":\"https:\/\/geneva.intercontinental.com\/fr\/woods-booking\/#breadcrumb\",\"itemListElement\":[{\"@type\":\"ListItem\",\"position\":1,\"name\":\"Accueil\",\"item\":\"https:\/\/geneva.intercontinental.com\/fr\/\"},{\"@type\":\"ListItem\",\"position\":2,\"name\":\"Votre r\u00e9servation au Woods\"}]},{\"@type\":\"WebSite\",\"@id\":\"https:\/\/geneva.intercontinental.com\/fr\/#website\",\"url\":\"https:\/\/geneva.intercontinental.com\/fr\/\",\"name\":\"IHG\",\"description\":\"Live the InterContinental Life\",\"publisher\":{\"@id\":\"https:\/\/geneva.intercontinental.com\/fr\/#organization\"},\"alternateName\":\"InterContinental Gen\u00e8ve\",\"potentialAction\":[{\"@type\":\"SearchAction\",\"target\":{\"@type\":\"EntryPoint\",\"urlTemplate\":\"https:\/\/geneva.intercontinental.com\/fr\/?s={search_term_string}\"},\"query-input\":{\"@type\":\"PropertyValueSpecification\",\"valueRequired\":true,\"valueName\":\"search_term_string\"}}],\"inLanguage\":\"fr-FR\"},{\"@type\":\"Organization\",\"@id\":\"https:\/\/geneva.intercontinental.com\/fr\/#organization\",\"name\":\"InterContinental Gen\u00e8ve\",\"alternateName\":\"GVAHA\",\"url\":\"https:\/\/geneva.intercontinental.com\/fr\/\",\"logo\":{\"@type\":\"ImageObject\",\"inLanguage\":\"fr-FR\",\"@id\":\"https:\/\/geneva.intercontinental.com\/fr\/#\/schema\/logo\/image\/\",\"url\":\"https:\/\/geneva.intercontinental.com\/wp-content\/uploads\/sites\/7\/2024\/04\/intercontinental-geneve-logo.svg\",\"contentUrl\":\"https:\/\/geneva.intercontinental.com\/wp-content\/uploads\/sites\/7\/2024\/04\/intercontinental-geneve-logo.svg\",\"caption\":\"InterContinental Gen\u00e8ve\"},\"image\":{\"@id\":\"https:\/\/geneva.intercontinental.com\/fr\/#\/schema\/logo\/image\/\"}}]}<\/script>\n<!-- \/ Yoast SEO plugin. -->","yoast_head_json":{"title":"Votre r\u00e9servation au Woods - InterContinental Gen\u00e8ve","description":"MERCI Votre r\u00e9servation a bien \u00e9t\u00e9 effectu\u00e9e et nous avons h\u00e2te de vous accueillir \u00e0 notre restaurant Woods. Nos \u00e9quipes restent \u00e0 votre disposition pour","robots":{"index":"index","follow":"follow","max-snippet":"max-snippet:-1","max-image-preview":"max-image-preview:large","max-video-preview":"max-video-preview:-1"},"canonical":"https:\/\/geneva.intercontinental.com\/fr\/woods-booking\/","og_locale":"fr_FR","og_type":"article","og_title":"Votre r\u00e9servation au Woods - InterContinental Gen\u00e8ve","og_description":"MERCI Votre r\u00e9servation a bien \u00e9t\u00e9 effectu\u00e9e et nous avons h\u00e2te de vous accueillir \u00e0 notre restaurant Woods. Nos \u00e9quipes restent \u00e0 votre disposition pour","og_url":"https:\/\/geneva.intercontinental.com\/fr\/woods-booking\/","og_site_name":"IHG","article_modified_time":"2024-09-06T07:35:29+00:00","og_image":[{"width":2048,"height":1366,"url":"https:\/\/geneva.intercontinental.com\/wp-content\/uploads\/sites\/7\/2023\/11\/InterContinental-Geneve-Brunch-41-1.jpg","type":"image\/jpeg"}],"twitter_card":"summary_large_image","twitter_misc":{"Dur\u00e9e de lecture estim\u00e9e":"2 minutes"},"schema":{"@context":"https:\/\/schema.org","@graph":[{"@type":"WebPage","@id":"https:\/\/geneva.intercontinental.com\/fr\/woods-booking\/","url":"https:\/\/geneva.intercontinental.com\/fr\/woods-booking\/","name":"Votre r\u00e9servation au Woods - InterContinental Gen\u00e8ve","isPartOf":{"@id":"https:\/\/geneva.intercontinental.com\/fr\/#website"},"primaryImageOfPage":{"@id":"https:\/\/geneva.intercontinental.com\/fr\/woods-booking\/#primaryimage"},"image":{"@id":"https:\/\/geneva.intercontinental.com\/fr\/woods-booking\/#primaryimage"},"thumbnailUrl":"https:\/\/geneva.intercontinental.com\/wp-content\/uploads\/sites\/7\/2023\/11\/InterContinental-Geneve-Brunch-41-1.jpg","datePublished":"2024-03-01T15:31:24+00:00","dateModified":"2024-09-06T07:35:29+00:00","description":"MERCI Votre r\u00e9servation a bien \u00e9t\u00e9 effectu\u00e9e et nous avons h\u00e2te de vous accueillir \u00e0 notre restaurant Woods. Nos \u00e9quipes restent \u00e0 votre disposition pour","breadcrumb":{"@id":"https:\/\/geneva.intercontinental.com\/fr\/woods-booking\/#breadcrumb"},"inLanguage":"fr-FR","potentialAction":[{"@type":"ReadAction","target":["https:\/\/geneva.intercontinental.com\/fr\/woods-booking\/"]}]},{"@type":"ImageObject","inLanguage":"fr-FR","@id":"https:\/\/geneva.intercontinental.com\/fr\/woods-booking\/#primaryimage","url":"https:\/\/geneva.intercontinental.com\/wp-content\/uploads\/sites\/7\/2023\/11\/InterContinental-Geneve-Brunch-41-1.jpg","contentUrl":"https:\/\/geneva.intercontinental.com\/wp-content\/uploads\/sites\/7\/2023\/11\/InterContinental-Geneve-Brunch-41-1.jpg","width":2048,"height":1366},{"@type":"BreadcrumbList","@id":"https:\/\/geneva.intercontinental.com\/fr\/woods-booking\/#breadcrumb","itemListElement":[{"@type":"ListItem","position":1,"name":"Accueil","item":"https:\/\/geneva.intercontinental.com\/fr\/"},{"@type":"ListItem","position":2,"name":"Votre r\u00e9servation au Woods"}]},{"@type":"WebSite","@id":"https:\/\/geneva.intercontinental.com\/fr\/#website","url":"https:\/\/geneva.intercontinental.com\/fr\/","name":"IHG","description":"Live the InterContinental Life","publisher":{"@id":"https:\/\/geneva.intercontinental.com\/fr\/#organization"},"alternateName":"InterContinental Gen\u00e8ve","potentialAction":[{"@type":"SearchAction","target":{"@type":"EntryPoint","urlTemplate":"https:\/\/geneva.intercontinental.com\/fr\/?s={search_term_string}"},"query-input":{"@type":"PropertyValueSpecification","valueRequired":true,"valueName":"search_term_string"}}],"inLanguage":"fr-FR"},{"@type":"Organization","@id":"https:\/\/geneva.intercontinental.com\/fr\/#organization","name":"InterContinental Gen\u00e8ve","alternateName":"GVAHA","url":"https:\/\/geneva.intercontinental.com\/fr\/","logo":{"@type":"ImageObject","inLanguage":"fr-FR","@id":"https:\/\/geneva.intercontinental.com\/fr\/#\/schema\/logo\/image\/","url":"https:\/\/geneva.intercontinental.com\/wp-content\/uploads\/sites\/7\/2024\/04\/intercontinental-geneve-logo.svg","contentUrl":"https:\/\/geneva.intercontinental.com\/wp-content\/uploads\/sites\/7\/2024\/04\/intercontinental-geneve-logo.svg","caption":"InterContinental Gen\u00e8ve"},"image":{"@id":"https:\/\/geneva.intercontinental.com\/fr\/#\/schema\/logo\/image\/"}}]}},"_links":{"self":[{"href":"https:\/\/geneva.intercontinental.com\/fr\/wp-json\/wp\/v2\/pages\/24409","targetHints":{"allow":["GET"]}}],"collection":[{"href":"https:\/\/geneva.intercontinental.com\/fr\/wp-json\/wp\/v2\/pages"}],"about":[{"href":"https:\/\/geneva.intercontinental.com\/fr\/wp-json\/wp\/v2\/types\/page"}],"author":[{"embeddable":true,"href":"https:\/\/geneva.intercontinental.com\/fr\/wp-json\/wp\/v2\/users\/1"}],"replies":[{"embeddable":true,"href":"https:\/\/geneva.intercontinental.com\/fr\/wp-json\/wp\/v2\/comments?post=24409"}],"version-history":[{"count":11,"href":"https:\/\/geneva.intercontinental.com\/fr\/wp-json\/wp\/v2\/pages\/24409\/revisions"}],"predecessor-version":[{"id":32481,"href":"https:\/\/geneva.intercontinental.com\/fr\/wp-json\/wp\/v2\/pages\/24409\/revisions\/32481"}],"wp:featuredmedia":[{"embeddable":true,"href":"https:\/\/geneva.intercontinental.com\/fr\/wp-json\/wp\/v2\/media\/24391"}],"wp:attachment":[{"href":"https:\/\/geneva.intercontinental.com\/fr\/wp-json\/wp\/v2\/media?parent=24409"}],"curies":[{"name":"wp","href":"https:\/\/api.w.org\/{rel}","templated":true}]}}