{"id":19859,"date":"2023-09-14T14:36:36","date_gmt":"2023-09-14T12:36:36","guid":{"rendered":"https:\/\/geneva.intercontinental.com\/?page_id=19859"},"modified":"2025-09-01T14:55:53","modified_gmt":"2025-09-01T12:55:53","slug":"petit-dejeuner","status":"publish","type":"page","link":"https:\/\/geneva.intercontinental.com\/fr\/petit-dejeuner\/","title":{"rendered":"Petit-D\u00e9jeuner"},"content":{"rendered":"\r\n\r\n\r\n\r\n\r\n  <!-- Swiper hero -->\r\n  <div id=\"slideshow-block_569c06895940782f53c9b1291a295519\" class=\"row \">  \r\n    <div class=\"swiper d-swiper-container hero\" data-swiper={\"autoplay\":true,\"effect\":\"fade\",\"fadeEffect\":{\"crossFade\":true},\"speed\":1000}>\r\n      <div class=\"swiper-wrapper\">\r\n                            <div class=\"swiper-slide\">\r\n                              <span aria-hidden=\"true\" class=\"slide-e-background has-background-dim-30  has-background has-charcoal-grey-background-color\"><\/span>\r\n                                            <img decoding=\"async\" src=\"https:\/\/geneva.intercontinental.com\/wp-content\/uploads\/sites\/7\/2023\/09\/InterContinental-Geneve-Petit-Dejeuner-3.jpg\"\r\n                sizes=\"(max-width: 2000px) 100vw, 2000px\"\r\n                srcset=\"https:\/\/geneva.intercontinental.com\/wp-content\/uploads\/sites\/7\/2023\/09\/InterContinental-Geneve-Petit-Dejeuner-3.jpg 2250w,\r\n                        https:\/\/geneva.intercontinental.com\/wp-content\/uploads\/sites\/7\/2023\/09\/InterContinental-Geneve-Petit-Dejeuner-3-1024x683.jpg 1024w,\r\n                        https:\/\/geneva.intercontinental.com\/wp-content\/uploads\/sites\/7\/2023\/09\/InterContinental-Geneve-Petit-Dejeuner-3-768x512.jpg 768w\"\r\n                        alt=\"\">\r\n                                            <div class=\"slide-e-content d-none d-md-block\">\r\n                                       \r\n                    <h1 class=\"title\">Petit-D\u00e9jeuner<\/h1>\r\n                                                                                          <\/div>\r\n                          <\/div>\r\n                                  <div class=\"swiper-slide\">\r\n                              <span aria-hidden=\"true\" class=\"slide-e-background has-background-dim-30  has-background has-charcoal-grey-background-color\"><\/span>\r\n                                            <img decoding=\"async\" src=\"https:\/\/geneva.intercontinental.com\/wp-content\/uploads\/sites\/7\/2023\/10\/DSC00306_07_08_09_10-min.jpg\"\r\n                sizes=\"(max-width: 2000px) 100vw, 2000px\"\r\n                srcset=\"https:\/\/geneva.intercontinental.com\/wp-content\/uploads\/sites\/7\/2023\/10\/DSC00306_07_08_09_10-min.jpg 2048w,\r\n                        https:\/\/geneva.intercontinental.com\/wp-content\/uploads\/sites\/7\/2023\/10\/DSC00306_07_08_09_10-min-1024x686.jpg 1024w,\r\n                        https:\/\/geneva.intercontinental.com\/wp-content\/uploads\/sites\/7\/2023\/10\/DSC00306_07_08_09_10-min-768x515.jpg 768w\"\r\n                        alt=\"\">\r\n                                            <div class=\"slide-e-content d-none d-md-block\">\r\n                                                          <h2 style=\"text-transform: uppercase;\">Petit-D\u00e9jeuner<\/h2>\r\n                                                                                          <\/div>\r\n                          <\/div>\r\n                            <\/div>\r\n                  <div class=\"swiper-pagination\">\r\n          <\/div>\r\n          <div class=\"swiper-button swiper-button-prev\">\r\n            <span class=\"arrowl\"><\/span>\r\n          <\/div>\r\n          <div class=\"swiper-button swiper-button-next\">\r\n          <span class=\"arrowr\"><\/span>\r\n          <\/div>\r\n            <\/div>\r\n  <\/div>\r\n  <!-- End Swiper hero -->\r\n\r\n \n\n\n<div style=\"height:50px\" aria-hidden=\"true\" class=\"wp-block-spacer\"><\/div>\n\n\n\n<div class=\"wp-block-columns is-layout-flex wp-container-core-columns-is-layout-28f84493 wp-block-columns-is-layout-flex\">\n<div class=\"wp-block-column is-layout-flow wp-block-column-is-layout-flow\" style=\"flex-basis:15%\"><\/div>\n\n\n\n<div class=\"wp-block-column is-layout-flow wp-block-column-is-layout-flow\">\n<p class=\"has-text-align-center\">Notre buffet vari\u00e9, du sucr\u00e9 au sal\u00e9, est ouvert tous les jours de 6h30 \u00e0 10h30 (jusqu&#8217;\u00e0 11h en juillet et ao\u00fbt).<\/p>\n\n\n\n<p class=\"has-text-align-center\">Vous pouvez \u00e9galement offrir cette exp\u00e9rience gourmande gr\u00e2ce \u00e0 nos bons cadeaux disponibles sur notre boutique en ligne. Commencez chaque journ\u00e9e en \u00e9veillant vos papilles et en vous laissant tenter par nos produits locaux dans un cadre \u00e9l\u00e9gant et confortable.<\/p>\n\n\n\n<div class=\"wp-block-buttons is-content-justification-center is-layout-flex wp-container-core-buttons-is-layout-a89b3969 wp-block-buttons-is-layout-flex\">\n<div class=\"wp-block-button is-style-alternate-version\"><a class=\"wp-block-button__link wp-element-button\" href=\"https:\/\/qrco.de\/bev8r1\" target=\"_blank\" rel=\"noreferrer noopener\">D\u00e9couvrir le menu<\/a><\/div>\n\n\n\n<div class=\"wp-block-button is-style-alternate-version\"><a class=\"wp-block-button__link wp-element-button\" href=\"https:\/\/www.thefork.ch\/restaurant\/woods-intercontinental-geneve-r25255\" target=\"_blank\" rel=\"noreferrer noopener\">R\u00e9server<\/a><\/div>\n\n\n\n<div class=\"wp-block-button is-style-alternate-version\"><a class=\"wp-block-button__link wp-element-button\" href=\"https:\/\/geneva.intercontinental.com\/fr\/produit\/petit-dejeuner-au-woods\/\">Offrir un bon cadeau<\/a><\/div>\n<\/div>\n<\/div>\n\n\n\n<div class=\"wp-block-column is-layout-flow wp-block-column-is-layout-flow\" style=\"flex-basis:15%\"><\/div>\n<\/div>\n\n\n\n<div style=\"height:30px\" aria-hidden=\"true\" class=\"wp-block-spacer\"><\/div>\n\n\n\n<div class=\"wp-block-columns is-layout-flex wp-container-core-columns-is-layout-28f84493 wp-block-columns-is-layout-flex\">\n<div class=\"wp-block-column is-layout-flow wp-block-column-is-layout-flow\" style=\"flex-basis:15%\"><\/div>\n\n\n\n<div class=\"wp-block-column is-layout-flow wp-block-column-is-layout-flow\">\n<figure class=\"wp-block-gallery has-nested-images columns-default is-cropped wp-block-gallery-1 is-layout-flex wp-block-gallery-is-layout-flex\">\n<figure class=\"wp-block-image size-full\"><img decoding=\"async\" width=\"1707\" height=\"2560\" data-id=\"19750\" src=\"https:\/\/geneva.intercontinental.com\/wp-content\/uploads\/sites\/7\/2023\/09\/InterContinental-Geneve-Petit-Dejeuner-8-scaled-1.jpg\" alt=\"\" class=\"wp-image-19750\" srcset=\"https:\/\/geneva.intercontinental.com\/wp-content\/uploads\/sites\/7\/2023\/09\/InterContinental-Geneve-Petit-Dejeuner-8-scaled-1.jpg 1707w, https:\/\/geneva.intercontinental.com\/wp-content\/uploads\/sites\/7\/2023\/09\/InterContinental-Geneve-Petit-Dejeuner-8-scaled-1-200x300.jpg 200w, https:\/\/geneva.intercontinental.com\/wp-content\/uploads\/sites\/7\/2023\/09\/InterContinental-Geneve-Petit-Dejeuner-8-scaled-1-683x1024.jpg 683w, https:\/\/geneva.intercontinental.com\/wp-content\/uploads\/sites\/7\/2023\/09\/InterContinental-Geneve-Petit-Dejeuner-8-scaled-1-768x1152.jpg 768w, https:\/\/geneva.intercontinental.com\/wp-content\/uploads\/sites\/7\/2023\/09\/InterContinental-Geneve-Petit-Dejeuner-8-scaled-1-1024x1536.jpg 1024w, https:\/\/geneva.intercontinental.com\/wp-content\/uploads\/sites\/7\/2023\/09\/InterContinental-Geneve-Petit-Dejeuner-8-scaled-1-1366x2048.jpg 1366w, https:\/\/geneva.intercontinental.com\/wp-content\/uploads\/sites\/7\/2023\/09\/InterContinental-Geneve-Petit-Dejeuner-8-scaled-1-1200x1800.jpg 1200w\" sizes=\"(max-width: 1707px) 100vw, 1707px\" \/><\/figure>\n\n\n\n<figure class=\"wp-block-image size-large\"><img decoding=\"async\" data-id=\"21979\" src=\"https:\/\/geneva.intercontinental.com\/wp-content\/uploads\/sites\/7\/2023\/11\/202308_IC_Geneve_x_YUUKI_DOKORO-27-768x1024.jpg\" alt=\"\" class=\"wp-image-21979\" \/><\/figure>\n\n\n\n<figure class=\"wp-block-image size-full\"><img decoding=\"async\" width=\"1707\" height=\"2560\" data-id=\"26392\" src=\"https:\/\/geneva.intercontinental.com\/wp-content\/uploads\/sites\/7\/2024\/05\/breakfast-InterContinental-Geneve-scaled.jpg\" alt=\"\" class=\"wp-image-26392\" srcset=\"https:\/\/geneva.intercontinental.com\/wp-content\/uploads\/sites\/7\/2024\/05\/breakfast-InterContinental-Geneve-scaled.jpg 1707w, https:\/\/geneva.intercontinental.com\/wp-content\/uploads\/sites\/7\/2024\/05\/breakfast-InterContinental-Geneve-200x300.jpg 200w, https:\/\/geneva.intercontinental.com\/wp-content\/uploads\/sites\/7\/2024\/05\/breakfast-InterContinental-Geneve-683x1024.jpg 683w, https:\/\/geneva.intercontinental.com\/wp-content\/uploads\/sites\/7\/2024\/05\/breakfast-InterContinental-Geneve-768x1152.jpg 768w, https:\/\/geneva.intercontinental.com\/wp-content\/uploads\/sites\/7\/2024\/05\/breakfast-InterContinental-Geneve-1024x1536.jpg 1024w, https:\/\/geneva.intercontinental.com\/wp-content\/uploads\/sites\/7\/2024\/05\/breakfast-InterContinental-Geneve-1365x2048.jpg 1365w, https:\/\/geneva.intercontinental.com\/wp-content\/uploads\/sites\/7\/2024\/05\/breakfast-InterContinental-Geneve-1200x1800.jpg 1200w\" sizes=\"(max-width: 1707px) 100vw, 1707px\" \/><\/figure>\n<\/figure>\n<\/div>\n\n\n\n<div class=\"wp-block-column is-layout-flow wp-block-column-is-layout-flow\" style=\"flex-basis:15%\"><\/div>\n<\/div>\n\n\n\n<div class=\"wp-block-columns has-sandstone-30-background-color has-background is-layout-flex wp-container-core-columns-is-layout-28f84493 wp-block-columns-is-layout-flex\">\n<div class=\"wp-block-column is-layout-flow wp-block-column-is-layout-flow\" style=\"flex-basis:15%\"><\/div>\n\n\n\n<div class=\"wp-block-column is-layout-flow wp-block-column-is-layout-flow\" style=\"flex-basis:70%\">\n<div style=\"height:40px\" aria-hidden=\"true\" class=\"wp-block-spacer\"><\/div>\n\n\n\n<div class=\"wp-block-columns is-layout-flex wp-container-core-columns-is-layout-28f84493 wp-block-columns-is-layout-flex\">\n<div class=\"wp-block-column is-layout-flow wp-block-column-is-layout-flow\">\n<h2 class=\"wp-block-heading\">Horaires d\u2019ouverture<\/h2>\n\n\n\n<p><strong>Petit-d\u00e9jeuner<\/strong> :<\/p>\n\n\n\n<ul class=\"wp-block-list\">\n<li>Tous les jours de 6h30 \u00e0 10h30 (jusqu&#8217;\u00e0 11h en juillet et ao\u00fbt)<\/li>\n<\/ul>\n<\/div>\n\n\n\n<div class=\"wp-block-column is-layout-flow wp-block-column-is-layout-flow\">\n<h2 class=\"wp-block-heading\">Contactez-nous<\/h2>\n\n\n\n<p><strong>Email<\/strong>:&nbsp;<a href=\"mailto:%20lepetitbeefbar@ihg.com\"><\/a><a href=\"mailto:gvaha.woods-restaurant@ihg.com\" target=\"_blank\" rel=\"noreferrer noopener\">gvaha.woods-restaurant@ihg.com<\/a><\/p>\n\n\n\n<p><strong>T\u00e9l\u00e9phone<\/strong>: <a href=\"tel:+41229193333\" target=\"_blank\" rel=\"noreferrer noopener\">+41 22 919 33 33<\/a><\/p>\n\n\n\n<div class=\"wp-block-buttons is-layout-flex wp-block-buttons-is-layout-flex\">\n<div class=\"wp-block-button is-style-alternate-version\"><a class=\"wp-block-button__link wp-element-button\" href=\"https:\/\/www.thefork.ch\/restaurant\/woods-intercontinental-geneve-r25255\" target=\"_blank\" rel=\"noreferrer noopener\">R\u00e9server une table<\/a><\/div>\n<\/div>\n<\/div>\n<\/div>\n\n\n\n<div style=\"height:20px\" aria-hidden=\"true\" class=\"wp-block-spacer\"><\/div>\n<\/div>\n\n\n\n<div class=\"wp-block-column is-layout-flow wp-block-column-is-layout-flow\" style=\"flex-basis:15%\"><\/div>\n<\/div>\n","protected":false},"excerpt":{"rendered":"<p>Notre buffet vari\u00e9, du sucr\u00e9 au sal\u00e9, est ouvert tous les jours de 6h30 \u00e0 10h30 (jusqu&#8217;\u00e0 11h en juillet et ao\u00fbt). Vous pouvez \u00e9galement offrir cette exp\u00e9rience gourmande gr\u00e2ce \u00e0 nos bons cadeaux disponibles sur notre boutique en ligne. [&hellip;]<\/p>\n","protected":false},"author":1,"featured_media":19742,"parent":0,"menu_order":0,"comment_status":"closed","ping_status":"closed","template":"","meta":{"_acf_changed":false,"footnotes":""},"class_list":["post-19859","page","type-page","status-publish","has-post-thumbnail","hentry"],"acf":[],"yoast_head":"<!-- This site is optimized with the Yoast SEO plugin v26.2 - https:\/\/yoast.com\/wordpress\/plugins\/seo\/ -->\n<title>Petit-D\u00e9jeuner - InterContinental Gen\u00e8ve<\/title>\n<meta name=\"description\" content=\"Notre buffet vari\u00e9, du sucr\u00e9 au sal\u00e9, est ouvert tous les jours de 6h30 \u00e0 10h30 (jusqu&#039;\u00e0 11h en juillet et ao\u00fbt). Vous pouvez \u00e9galement offrir cette\" \/>\n<meta name=\"robots\" content=\"index, follow, max-snippet:-1, max-image-preview:large, max-video-preview:-1\" \/>\n<link rel=\"canonical\" href=\"https:\/\/geneva.intercontinental.com\/fr\/petit-dejeuner\/\" \/>\n<meta property=\"og:locale\" content=\"fr_FR\" \/>\n<meta property=\"og:type\" content=\"article\" \/>\n<meta property=\"og:title\" content=\"Petit-D\u00e9jeuner - InterContinental Gen\u00e8ve\" \/>\n<meta property=\"og:description\" content=\"Notre buffet vari\u00e9, du sucr\u00e9 au sal\u00e9, est ouvert tous les jours de 6h30 \u00e0 10h30 (jusqu&#039;\u00e0 11h en juillet et ao\u00fbt). Vous pouvez \u00e9galement offrir cette\" \/>\n<meta property=\"og:url\" content=\"https:\/\/geneva.intercontinental.com\/fr\/petit-dejeuner\/\" \/>\n<meta property=\"og:site_name\" content=\"IHG\" \/>\n<meta property=\"article:modified_time\" content=\"2025-09-01T12:55:53+00:00\" \/>\n<meta property=\"og:image\" content=\"https:\/\/geneva.intercontinental.com\/wp-content\/uploads\/sites\/7\/2023\/09\/InterContinental-Geneve-Petit-Dejeuner-4-scaled-e1694671992409.jpg\" \/>\n\t<meta property=\"og:image:width\" content=\"1540\" \/>\n\t<meta property=\"og:image:height\" content=\"1139\" \/>\n\t<meta property=\"og:image:type\" content=\"image\/jpeg\" \/>\n<meta name=\"twitter:card\" content=\"summary_large_image\" \/>\n<meta name=\"twitter:label1\" content=\"Dur\u00e9e de lecture estim\u00e9e\" \/>\n\t<meta name=\"twitter:data1\" content=\"2 minutes\" \/>\n<script type=\"application\/ld+json\" class=\"yoast-schema-graph\">{\"@context\":\"https:\/\/schema.org\",\"@graph\":[{\"@type\":\"WebPage\",\"@id\":\"https:\/\/geneva.intercontinental.com\/fr\/petit-dejeuner\/\",\"url\":\"https:\/\/geneva.intercontinental.com\/fr\/petit-dejeuner\/\",\"name\":\"Petit-D\u00e9jeuner - InterContinental Gen\u00e8ve\",\"isPartOf\":{\"@id\":\"https:\/\/geneva.intercontinental.com\/fr\/#website\"},\"primaryImageOfPage\":{\"@id\":\"https:\/\/geneva.intercontinental.com\/fr\/petit-dejeuner\/#primaryimage\"},\"image\":{\"@id\":\"https:\/\/geneva.intercontinental.com\/fr\/petit-dejeuner\/#primaryimage\"},\"thumbnailUrl\":\"https:\/\/geneva.intercontinental.com\/wp-content\/uploads\/sites\/7\/2023\/09\/InterContinental-Geneve-Petit-Dejeuner-4-scaled-e1694671992409.jpg\",\"datePublished\":\"2023-09-14T12:36:36+00:00\",\"dateModified\":\"2025-09-01T12:55:53+00:00\",\"description\":\"Notre buffet vari\u00e9, du sucr\u00e9 au sal\u00e9, est ouvert tous les jours de 6h30 \u00e0 10h30 (jusqu'\u00e0 11h en juillet et ao\u00fbt). Vous pouvez \u00e9galement offrir cette\",\"breadcrumb\":{\"@id\":\"https:\/\/geneva.intercontinental.com\/fr\/petit-dejeuner\/#breadcrumb\"},\"inLanguage\":\"fr-FR\",\"potentialAction\":[{\"@type\":\"ReadAction\",\"target\":[\"https:\/\/geneva.intercontinental.com\/fr\/petit-dejeuner\/\"]}]},{\"@type\":\"ImageObject\",\"inLanguage\":\"fr-FR\",\"@id\":\"https:\/\/geneva.intercontinental.com\/fr\/petit-dejeuner\/#primaryimage\",\"url\":\"https:\/\/geneva.intercontinental.com\/wp-content\/uploads\/sites\/7\/2023\/09\/InterContinental-Geneve-Petit-Dejeuner-4-scaled-e1694671992409.jpg\",\"contentUrl\":\"https:\/\/geneva.intercontinental.com\/wp-content\/uploads\/sites\/7\/2023\/09\/InterContinental-Geneve-Petit-Dejeuner-4-scaled-e1694671992409.jpg\",\"width\":1540,\"height\":1139},{\"@type\":\"BreadcrumbList\",\"@id\":\"https:\/\/geneva.intercontinental.com\/fr\/petit-dejeuner\/#breadcrumb\",\"itemListElement\":[{\"@type\":\"ListItem\",\"position\":1,\"name\":\"Accueil\",\"item\":\"https:\/\/geneva.intercontinental.com\/fr\/\"},{\"@type\":\"ListItem\",\"position\":2,\"name\":\"Petit-D\u00e9jeuner\"}]},{\"@type\":\"WebSite\",\"@id\":\"https:\/\/geneva.intercontinental.com\/fr\/#website\",\"url\":\"https:\/\/geneva.intercontinental.com\/fr\/\",\"name\":\"IHG\",\"description\":\"Live the InterContinental Life\",\"publisher\":{\"@id\":\"https:\/\/geneva.intercontinental.com\/fr\/#organization\"},\"alternateName\":\"InterContinental Gen\u00e8ve\",\"potentialAction\":[{\"@type\":\"SearchAction\",\"target\":{\"@type\":\"EntryPoint\",\"urlTemplate\":\"https:\/\/geneva.intercontinental.com\/fr\/?s={search_term_string}\"},\"query-input\":{\"@type\":\"PropertyValueSpecification\",\"valueRequired\":true,\"valueName\":\"search_term_string\"}}],\"inLanguage\":\"fr-FR\"},{\"@type\":\"Organization\",\"@id\":\"https:\/\/geneva.intercontinental.com\/fr\/#organization\",\"name\":\"InterContinental Gen\u00e8ve\",\"alternateName\":\"GVAHA\",\"url\":\"https:\/\/geneva.intercontinental.com\/fr\/\",\"logo\":{\"@type\":\"ImageObject\",\"inLanguage\":\"fr-FR\",\"@id\":\"https:\/\/geneva.intercontinental.com\/fr\/#\/schema\/logo\/image\/\",\"url\":\"https:\/\/geneva.intercontinental.com\/wp-content\/uploads\/sites\/7\/2024\/04\/intercontinental-geneve-logo.svg\",\"contentUrl\":\"https:\/\/geneva.intercontinental.com\/wp-content\/uploads\/sites\/7\/2024\/04\/intercontinental-geneve-logo.svg\",\"caption\":\"InterContinental Gen\u00e8ve\"},\"image\":{\"@id\":\"https:\/\/geneva.intercontinental.com\/fr\/#\/schema\/logo\/image\/\"}}]}<\/script>\n<!-- \/ Yoast SEO plugin. -->","yoast_head_json":{"title":"Petit-D\u00e9jeuner - InterContinental Gen\u00e8ve","description":"Notre buffet vari\u00e9, du sucr\u00e9 au sal\u00e9, est ouvert tous les jours de 6h30 \u00e0 10h30 (jusqu'\u00e0 11h en juillet et ao\u00fbt). Vous pouvez \u00e9galement offrir cette","robots":{"index":"index","follow":"follow","max-snippet":"max-snippet:-1","max-image-preview":"max-image-preview:large","max-video-preview":"max-video-preview:-1"},"canonical":"https:\/\/geneva.intercontinental.com\/fr\/petit-dejeuner\/","og_locale":"fr_FR","og_type":"article","og_title":"Petit-D\u00e9jeuner - InterContinental Gen\u00e8ve","og_description":"Notre buffet vari\u00e9, du sucr\u00e9 au sal\u00e9, est ouvert tous les jours de 6h30 \u00e0 10h30 (jusqu'\u00e0 11h en juillet et ao\u00fbt). Vous pouvez \u00e9galement offrir cette","og_url":"https:\/\/geneva.intercontinental.com\/fr\/petit-dejeuner\/","og_site_name":"IHG","article_modified_time":"2025-09-01T12:55:53+00:00","og_image":[{"width":1540,"height":1139,"url":"https:\/\/geneva.intercontinental.com\/wp-content\/uploads\/sites\/7\/2023\/09\/InterContinental-Geneve-Petit-Dejeuner-4-scaled-e1694671992409.jpg","type":"image\/jpeg"}],"twitter_card":"summary_large_image","twitter_misc":{"Dur\u00e9e de lecture estim\u00e9e":"2 minutes"},"schema":{"@context":"https:\/\/schema.org","@graph":[{"@type":"WebPage","@id":"https:\/\/geneva.intercontinental.com\/fr\/petit-dejeuner\/","url":"https:\/\/geneva.intercontinental.com\/fr\/petit-dejeuner\/","name":"Petit-D\u00e9jeuner - InterContinental Gen\u00e8ve","isPartOf":{"@id":"https:\/\/geneva.intercontinental.com\/fr\/#website"},"primaryImageOfPage":{"@id":"https:\/\/geneva.intercontinental.com\/fr\/petit-dejeuner\/#primaryimage"},"image":{"@id":"https:\/\/geneva.intercontinental.com\/fr\/petit-dejeuner\/#primaryimage"},"thumbnailUrl":"https:\/\/geneva.intercontinental.com\/wp-content\/uploads\/sites\/7\/2023\/09\/InterContinental-Geneve-Petit-Dejeuner-4-scaled-e1694671992409.jpg","datePublished":"2023-09-14T12:36:36+00:00","dateModified":"2025-09-01T12:55:53+00:00","description":"Notre buffet vari\u00e9, du sucr\u00e9 au sal\u00e9, est ouvert tous les jours de 6h30 \u00e0 10h30 (jusqu'\u00e0 11h en juillet et ao\u00fbt). Vous pouvez \u00e9galement offrir cette","breadcrumb":{"@id":"https:\/\/geneva.intercontinental.com\/fr\/petit-dejeuner\/#breadcrumb"},"inLanguage":"fr-FR","potentialAction":[{"@type":"ReadAction","target":["https:\/\/geneva.intercontinental.com\/fr\/petit-dejeuner\/"]}]},{"@type":"ImageObject","inLanguage":"fr-FR","@id":"https:\/\/geneva.intercontinental.com\/fr\/petit-dejeuner\/#primaryimage","url":"https:\/\/geneva.intercontinental.com\/wp-content\/uploads\/sites\/7\/2023\/09\/InterContinental-Geneve-Petit-Dejeuner-4-scaled-e1694671992409.jpg","contentUrl":"https:\/\/geneva.intercontinental.com\/wp-content\/uploads\/sites\/7\/2023\/09\/InterContinental-Geneve-Petit-Dejeuner-4-scaled-e1694671992409.jpg","width":1540,"height":1139},{"@type":"BreadcrumbList","@id":"https:\/\/geneva.intercontinental.com\/fr\/petit-dejeuner\/#breadcrumb","itemListElement":[{"@type":"ListItem","position":1,"name":"Accueil","item":"https:\/\/geneva.intercontinental.com\/fr\/"},{"@type":"ListItem","position":2,"name":"Petit-D\u00e9jeuner"}]},{"@type":"WebSite","@id":"https:\/\/geneva.intercontinental.com\/fr\/#website","url":"https:\/\/geneva.intercontinental.com\/fr\/","name":"IHG","description":"Live the InterContinental Life","publisher":{"@id":"https:\/\/geneva.intercontinental.com\/fr\/#organization"},"alternateName":"InterContinental Gen\u00e8ve","potentialAction":[{"@type":"SearchAction","target":{"@type":"EntryPoint","urlTemplate":"https:\/\/geneva.intercontinental.com\/fr\/?s={search_term_string}"},"query-input":{"@type":"PropertyValueSpecification","valueRequired":true,"valueName":"search_term_string"}}],"inLanguage":"fr-FR"},{"@type":"Organization","@id":"https:\/\/geneva.intercontinental.com\/fr\/#organization","name":"InterContinental Gen\u00e8ve","alternateName":"GVAHA","url":"https:\/\/geneva.intercontinental.com\/fr\/","logo":{"@type":"ImageObject","inLanguage":"fr-FR","@id":"https:\/\/geneva.intercontinental.com\/fr\/#\/schema\/logo\/image\/","url":"https:\/\/geneva.intercontinental.com\/wp-content\/uploads\/sites\/7\/2024\/04\/intercontinental-geneve-logo.svg","contentUrl":"https:\/\/geneva.intercontinental.com\/wp-content\/uploads\/sites\/7\/2024\/04\/intercontinental-geneve-logo.svg","caption":"InterContinental Gen\u00e8ve"},"image":{"@id":"https:\/\/geneva.intercontinental.com\/fr\/#\/schema\/logo\/image\/"}}]}},"_links":{"self":[{"href":"https:\/\/geneva.intercontinental.com\/fr\/wp-json\/wp\/v2\/pages\/19859","targetHints":{"allow":["GET"]}}],"collection":[{"href":"https:\/\/geneva.intercontinental.com\/fr\/wp-json\/wp\/v2\/pages"}],"about":[{"href":"https:\/\/geneva.intercontinental.com\/fr\/wp-json\/wp\/v2\/types\/page"}],"author":[{"embeddable":true,"href":"https:\/\/geneva.intercontinental.com\/fr\/wp-json\/wp\/v2\/users\/1"}],"replies":[{"embeddable":true,"href":"https:\/\/geneva.intercontinental.com\/fr\/wp-json\/wp\/v2\/comments?post=19859"}],"version-history":[{"count":12,"href":"https:\/\/geneva.intercontinental.com\/fr\/wp-json\/wp\/v2\/pages\/19859\/revisions"}],"predecessor-version":[{"id":37671,"href":"https:\/\/geneva.intercontinental.com\/fr\/wp-json\/wp\/v2\/pages\/19859\/revisions\/37671"}],"wp:featuredmedia":[{"embeddable":true,"href":"https:\/\/geneva.intercontinental.com\/fr\/wp-json\/wp\/v2\/media\/19742"}],"wp:attachment":[{"href":"https:\/\/geneva.intercontinental.com\/fr\/wp-json\/wp\/v2\/media?parent=19859"}],"curies":[{"name":"wp","href":"https:\/\/api.w.org\/{rel}","templated":true}]}}