{"id":17866,"date":"2023-06-09T11:56:31","date_gmt":"2023-06-09T09:56:31","guid":{"rendered":"https:\/\/geneva.intercontinental.com\/?page_id=17866"},"modified":"2023-10-09T14:29:17","modified_gmt":"2023-10-09T12:29:17","slug":"conditions-generales-de-vente","status":"publish","type":"page","link":"https:\/\/geneva.intercontinental.com\/fr\/conditions-generales-de-vente\/","title":{"rendered":"Conditions g\u00e9n\u00e9rales de vente"},"content":{"rendered":"\n<div class=\"wp-block-columns is-layout-flex wp-container-core-columns-is-layout-28f84493 wp-block-columns-is-layout-flex\">\n<div class=\"wp-block-column is-layout-flow wp-block-column-is-layout-flow\" style=\"flex-basis:15%\"><\/div>\n\n\n\n<div class=\"wp-block-column is-layout-flow wp-block-column-is-layout-flow\">\n<h1 class=\"wp-block-heading has-text-align-center\">Conditions g\u00e9n\u00e9rales de vente<\/h1>\n\n\n\n<div style=\"height:30px\" aria-hidden=\"true\" class=\"wp-block-spacer\"><\/div>\n\n\n\n<p><strong>1 Champs d\u2019application des Conditions G\u00e9n\u00e9rales de Vente<\/strong><\/p>\n\n\n\n<p>Le site internet&nbsp;geneva.intercontinental.com exploit\u00e9 par la soci\u00e9t\u00e9 InterContinental Hotels Group Services Company. La description compl\u00e8te des offres de produits et de bons cadeaux, l\u2019utilisation des sites internet et de leurs produits et services, ainsi que les prestations d\u2019interm\u00e9diaire sont r\u00e9gies exclusivement par les pr\u00e9sentes Conditions G\u00e9n\u00e9rales de Vente (ci-apr\u00e8s &#8220;CGV&#8221;).<\/p>\n\n\n\n<p><strong>2 Prestations<\/strong><\/p>\n\n\n\n<p><strong>A. Bons cadeaux pour les activit\u00e9s&nbsp;<\/strong><\/p>\n\n\n\n<p>L&#8217;InterContinental Gen\u00e8ve propose sur son site internet des offres, bons cadeaux et des coffrets cadeaux (contenant des bons cadeaux) pour ces  bons d\u2019achats (dont la valeur est not\u00e9e sur ceux-ci). Le contrat d\u2019interm\u00e9diaire (pour l\u2019activit\u00e9) et le contrat d\u2019achat (pour les coffrets cadeaux) entre l&#8217;InterContinental Gen\u00e8ve et l\u2019acheteur prennent effet au moment o\u00f9 l\u2019acheteur confirme sa commande en ligne. L\u2019offre propos\u00e9e par l&#8217;InterContinental Gen\u00e8ve est ainsi accept\u00e9e. <\/p>\n\n\n\n<p><strong>3 Bons cadeaux pour les activit\u00e9s<\/strong><\/p>\n\n\n\n<p>Le bon cadeau donne \u00e0 son propri\u00e9taire, apr\u00e8s paiement int\u00e9gral de la commande et durant la p\u00e9riode de validit\u00e9, le droit de r\u00e9server et de r\u00e9aliser l\u2019activit\u00e9 du bon cadeau en question. Le prix et les conditions \u00e9videntes indiqu\u00e9s au moment de la commande du bon cadeau font foi. La dur\u00e9e de validit\u00e9 d\u2019un bon cadeau est de 12 mois \u00e0 compter de sa date d\u2019\u00e9mission (achat du bon cadeau). Durant la p\u00e9riode de validit\u00e9, l&#8217;InterContinental Gen\u00e8ve assume le risque d&#8217;augmentation du prix de l\u2019offre. La date d\u2019expiration d\u2019un bon cadeau est inscrite sur celui-ci. Les bons cadeaux sont non transmissibles. Le remboursement en esp\u00e8ce de la valeur du bon cadeau est exclu. <\/p>\n\n\n\n<p><strong>4 Description des offres<\/strong><\/p>\n\n\n\n<p><strong>A. Bons cadeaux pour les activit\u00e9s<\/strong><\/p>\n\n\n\n<p>La description des bons cadeaux, offres et coffrets sur le site internet sont correctes au moment de leur cr\u00e9ation. Le contenu des bons cadeaux, offres et coffrets peut \u00eatre modifi\u00e9, cependant l&#8217;InterContinental Gen\u00e8ve s\u2019efforce d\u2019actualiser les modifications dans la description g\u00e9n\u00e9rale. Les images et vid\u00e9os utilis\u00e9es en relation avec les bons cadeaux, offres et coffrets propos\u00e9es ne servent qu&#8217;\u00e0 d\u00e9crire l\u2019activit\u00e9 en question.<\/p>\n\n\n\n<p><strong>5 Conditions de participation, conditions m\u00e9t\u00e9orologiques et disponibilit\u00e9 des activit\u00e9s<\/strong><\/p>\n\n\n\n<p>Les conditions pr\u00e9alables sont indiqu\u00e9es dans la description de l\u2019activit\u00e9 en question. Ces conditions pr\u00e9alables sont connues du propri\u00e9taire du bon cadeau et il endosse la responsabilit\u00e9 de remplir les conditions pr\u00e9alables minimum afin de participer \u00e0 l\u2019activit\u00e9. En cas de non remplissage des conditions pr\u00e9alables minimum, un remboursement du prix de l\u2019activit\u00e9 est exclu. Si la participation \u00e0 une activit\u00e9 est d\u00e9pendante de conditions m\u00e9t\u00e9orologiques particuli\u00e8res, l\u2019acheteur en sera inform\u00e9 au moyen de la description de l\u2019activit\u00e9. Il peut \u00eatre n\u00e9cessaire d\u2019interroger l&#8217;InterContinental Gen\u00e8ve au sujet des conditions m\u00e9t\u00e9orologiques peu avant la participation, voire le jour-m\u00eame. Ces informations doivent \u00eatre obtenues par le propri\u00e9taire du bon cadeau directement aupr\u00e8s du prestataire. Si l\u2019activit\u00e9 n\u2019\u00e9tait pas r\u00e9alisable en raison des conditions m\u00e9t\u00e9orologiques, le propri\u00e9taire du bon cadeau peut effectuer une nouvelle r\u00e9servation directement aupr\u00e8s de l&#8217;InterContinental Gen\u00e8ve. La participation \u00e0 une activit\u00e9 d\u00e9pend de la disponibilit\u00e9, la r\u00e9servation doit toujours avoir lieu directement entre le propri\u00e9taire du bon cadeau et l&#8217;InterContinental Gen\u00e8ve. Le propri\u00e9taire du bon cadeau est oblig\u00e9 d\u2019emporter le bon cadeau lors de la r\u00e9alisation de l\u2019activit\u00e9. Si le propri\u00e9taire du bon cadeau ne se pr\u00e9sente pas \u00e0 une activit\u00e9 r\u00e9serv\u00e9e, le droit \u00e0 la prestation est perdu.<\/p>\n\n\n\n<p><strong>6 Modifications des prestations<\/strong><\/p>\n\n\n\n<p>Des modifications dans le contenu des offres apr\u00e8s l\u2019achat d\u2019un bon cadeau ne sont effectu\u00e9es qu\u2019en cas de n\u00e9cessit\u00e9, pour autant qu\u2019elles ne soient pas consid\u00e9rables et que le contenu global et le d\u00e9roulement de l\u2019activit\u00e9 r\u00e9serv\u00e9e ne soient pas alt\u00e9r\u00e9s de fa\u00e7on essentielle.<\/p>\n\n\n\n<p><strong>7 Non-utilisation des bons cadeaux et annulation<\/strong><\/p>\n\n\n\n<p>Une annulation, respectivement une r\u00e9siliation du contrat avec l&#8217;InterContinental Gen\u00e8ve est exclue. En cas de non-participation \u00e0 une activit\u00e9 durant la p\u00e9riode de validit\u00e9, le montant pay\u00e9 est perdu. Le propri\u00e9taire du bon cadeau doit s\u2019accorder \u00e0 temps avec l&#8217;InterContinental Gen\u00e8ve au sujet du report de date et se renseigner sur les frais \u00e9ventuels pouvant r\u00e9sulter d\u2019un report de date ou d\u2019une annulation au dernier moment. De tels accords doivent \u00eatre trouv\u00e9s directement entre le propri\u00e9taire du bon cadeau et l&#8217;InterContinental Gen\u00e8ve. Si de tels frais sont exig\u00e9s, le participant doit les payer directement a l&#8217;InterContinental Gen\u00e8ve.<\/p>\n\n\n\n<p><strong>8 Prix<\/strong><\/p>\n\n\n\n<p>Tous les prix sont indiqu\u00e9s en CHF (francs suisses) et repr\u00e9sentent le prix final incluant la TVA. l&#8217;InterContinental Gen\u00e8ve se r\u00e9serve des erreurs de prix \u00e9videntes et des modifications.<\/p>\n\n\n\n<p><strong>9 Paiement et livraison<\/strong><\/p>\n\n\n\n<p>Toutes les commandes peuvent \u00eatre pay\u00e9es par cartes de cr\u00e9dit (Mastercard ou Visa). La transmission des donn\u00e9es en ligne s\u2019effectue par cryptage SSL. Chaque transaction est autoris\u00e9e en ligne par la soci\u00e9t\u00e9 de cartes de cr\u00e9dit responsable. Les num\u00e9ros des cartes de cr\u00e9dit des acheteurs ne sont pas enregistr\u00e9s par l&#8217;InterContinental Gen\u00e8ve. Le d\u00e9bit sur le compte de la carte de cr\u00e9dit a lieu au moment de la terminaison de la commande.<\/p>\n\n\n\n<p><strong>10 Droit applicable<\/strong><\/p>\n\n\n\n<p>Tous les litiges entre l&#8217;InterContinental Gen\u00e8ve et un acheteur dans le cadre des pr\u00e9sentes CGV sont soumis au droit suisse. La pr\u00e9sente version en fran\u00e7ais des CGV est une traduction de la version en anglaise. En cas de contradiction avec la version originale en anglaise, seule cette derni\u00e8re fait foi.<\/p>\n\n\n\n<p><strong>11 Clause salvatrice<\/strong><\/p>\n\n\n\n<p>Si certaines dispositions de ces CGV sont totalement ou partiellement nulles et\/ou caduques, la validit\u00e9 et\/ou l\u2019efficacit\u00e9 des dispositions restantes ou des parties de telles dispositions restantes restent intactes. Les dispositions invalides et\/ou inefficaces seront remplac\u00e9es par celles qui, de la mani\u00e8re la plus efficace juridiquement et \u00e9conomiquement, suivent le plus le sens et le but des dispositions invalides et\/ou inefficaces. De m\u00eame pour les \u00e9ventuelles lacunes dans la r\u00e9glementation.<\/p>\n<\/div>\n\n\n\n<div class=\"wp-block-column is-layout-flow wp-block-column-is-layout-flow\" style=\"flex-basis:15%\"><\/div>\n<\/div>\n","protected":false},"excerpt":{"rendered":"<p>Conditions g\u00e9n\u00e9rales de vente 1 Champs d\u2019application des Conditions G\u00e9n\u00e9rales de Vente Le site internet&nbsp;geneva.intercontinental.com exploit\u00e9 par la soci\u00e9t\u00e9 InterContinental Hotels Group Services Company. La description compl\u00e8te des offres de produits et de bons cadeaux, l\u2019utilisation des sites internet et [&hellip;]<\/p>\n","protected":false},"author":1,"featured_media":0,"parent":0,"menu_order":0,"comment_status":"closed","ping_status":"closed","template":"","meta":{"_acf_changed":false,"footnotes":""},"class_list":["post-17866","page","type-page","status-publish","hentry"],"acf":[],"yoast_head":"<!-- This site is optimized with the Yoast SEO plugin v26.2 - https:\/\/yoast.com\/wordpress\/plugins\/seo\/ -->\n<title>Conditions g\u00e9n\u00e9rales de vente - InterContinental Gen\u00e8ve<\/title>\n<meta name=\"description\" content=\"Conditions g\u00e9n\u00e9rales de vente 1 Champs d\u2019application des Conditions G\u00e9n\u00e9rales de Vente Le site internet&nbsp;geneva.intercontinental.com exploit\u00e9 par la\" \/>\n<meta name=\"robots\" content=\"index, follow, max-snippet:-1, max-image-preview:large, max-video-preview:-1\" \/>\n<link rel=\"canonical\" href=\"https:\/\/geneva.intercontinental.com\/fr\/conditions-generales-de-vente\/\" \/>\n<meta property=\"og:locale\" content=\"fr_FR\" \/>\n<meta property=\"og:type\" content=\"article\" \/>\n<meta property=\"og:title\" content=\"Conditions g\u00e9n\u00e9rales de vente - InterContinental Gen\u00e8ve\" \/>\n<meta property=\"og:description\" content=\"Conditions g\u00e9n\u00e9rales de vente 1 Champs d\u2019application des Conditions G\u00e9n\u00e9rales de Vente Le site internet&nbsp;geneva.intercontinental.com exploit\u00e9 par la\" \/>\n<meta property=\"og:url\" content=\"https:\/\/geneva.intercontinental.com\/fr\/conditions-generales-de-vente\/\" \/>\n<meta property=\"og:site_name\" content=\"IHG\" \/>\n<meta property=\"article:modified_time\" content=\"2023-10-09T12:29:17+00:00\" \/>\n<meta name=\"twitter:card\" content=\"summary_large_image\" \/>\n<meta name=\"twitter:label1\" content=\"Dur\u00e9e de lecture estim\u00e9e\" \/>\n\t<meta name=\"twitter:data1\" content=\"5 minutes\" \/>\n<script type=\"application\/ld+json\" class=\"yoast-schema-graph\">{\"@context\":\"https:\/\/schema.org\",\"@graph\":[{\"@type\":\"WebPage\",\"@id\":\"https:\/\/geneva.intercontinental.com\/fr\/conditions-generales-de-vente\/\",\"url\":\"https:\/\/geneva.intercontinental.com\/fr\/conditions-generales-de-vente\/\",\"name\":\"Conditions g\u00e9n\u00e9rales de vente - InterContinental Gen\u00e8ve\",\"isPartOf\":{\"@id\":\"https:\/\/geneva.intercontinental.com\/fr\/#website\"},\"datePublished\":\"2023-06-09T09:56:31+00:00\",\"dateModified\":\"2023-10-09T12:29:17+00:00\",\"description\":\"Conditions g\u00e9n\u00e9rales de vente 1 Champs d\u2019application des Conditions G\u00e9n\u00e9rales de Vente Le site internet&nbsp;geneva.intercontinental.com exploit\u00e9 par la\",\"breadcrumb\":{\"@id\":\"https:\/\/geneva.intercontinental.com\/fr\/conditions-generales-de-vente\/#breadcrumb\"},\"inLanguage\":\"fr-FR\",\"potentialAction\":[{\"@type\":\"ReadAction\",\"target\":[\"https:\/\/geneva.intercontinental.com\/fr\/conditions-generales-de-vente\/\"]}]},{\"@type\":\"BreadcrumbList\",\"@id\":\"https:\/\/geneva.intercontinental.com\/fr\/conditions-generales-de-vente\/#breadcrumb\",\"itemListElement\":[{\"@type\":\"ListItem\",\"position\":1,\"name\":\"Accueil\",\"item\":\"https:\/\/geneva.intercontinental.com\/fr\/\"},{\"@type\":\"ListItem\",\"position\":2,\"name\":\"Conditions g\u00e9n\u00e9rales de vente\"}]},{\"@type\":\"WebSite\",\"@id\":\"https:\/\/geneva.intercontinental.com\/fr\/#website\",\"url\":\"https:\/\/geneva.intercontinental.com\/fr\/\",\"name\":\"IHG\",\"description\":\"Live the InterContinental Life\",\"publisher\":{\"@id\":\"https:\/\/geneva.intercontinental.com\/fr\/#organization\"},\"alternateName\":\"InterContinental Gen\u00e8ve\",\"potentialAction\":[{\"@type\":\"SearchAction\",\"target\":{\"@type\":\"EntryPoint\",\"urlTemplate\":\"https:\/\/geneva.intercontinental.com\/fr\/?s={search_term_string}\"},\"query-input\":{\"@type\":\"PropertyValueSpecification\",\"valueRequired\":true,\"valueName\":\"search_term_string\"}}],\"inLanguage\":\"fr-FR\"},{\"@type\":\"Organization\",\"@id\":\"https:\/\/geneva.intercontinental.com\/fr\/#organization\",\"name\":\"InterContinental Gen\u00e8ve\",\"alternateName\":\"GVAHA\",\"url\":\"https:\/\/geneva.intercontinental.com\/fr\/\",\"logo\":{\"@type\":\"ImageObject\",\"inLanguage\":\"fr-FR\",\"@id\":\"https:\/\/geneva.intercontinental.com\/fr\/#\/schema\/logo\/image\/\",\"url\":\"https:\/\/geneva.intercontinental.com\/wp-content\/uploads\/sites\/7\/2024\/04\/intercontinental-geneve-logo.svg\",\"contentUrl\":\"https:\/\/geneva.intercontinental.com\/wp-content\/uploads\/sites\/7\/2024\/04\/intercontinental-geneve-logo.svg\",\"caption\":\"InterContinental Gen\u00e8ve\"},\"image\":{\"@id\":\"https:\/\/geneva.intercontinental.com\/fr\/#\/schema\/logo\/image\/\"}}]}<\/script>\n<!-- \/ Yoast SEO plugin. -->","yoast_head_json":{"title":"Conditions g\u00e9n\u00e9rales de vente - InterContinental Gen\u00e8ve","description":"Conditions g\u00e9n\u00e9rales de vente 1 Champs d\u2019application des Conditions G\u00e9n\u00e9rales de Vente Le site internet&nbsp;geneva.intercontinental.com exploit\u00e9 par la","robots":{"index":"index","follow":"follow","max-snippet":"max-snippet:-1","max-image-preview":"max-image-preview:large","max-video-preview":"max-video-preview:-1"},"canonical":"https:\/\/geneva.intercontinental.com\/fr\/conditions-generales-de-vente\/","og_locale":"fr_FR","og_type":"article","og_title":"Conditions g\u00e9n\u00e9rales de vente - InterContinental Gen\u00e8ve","og_description":"Conditions g\u00e9n\u00e9rales de vente 1 Champs d\u2019application des Conditions G\u00e9n\u00e9rales de Vente Le site internet&nbsp;geneva.intercontinental.com exploit\u00e9 par la","og_url":"https:\/\/geneva.intercontinental.com\/fr\/conditions-generales-de-vente\/","og_site_name":"IHG","article_modified_time":"2023-10-09T12:29:17+00:00","twitter_card":"summary_large_image","twitter_misc":{"Dur\u00e9e de lecture estim\u00e9e":"5 minutes"},"schema":{"@context":"https:\/\/schema.org","@graph":[{"@type":"WebPage","@id":"https:\/\/geneva.intercontinental.com\/fr\/conditions-generales-de-vente\/","url":"https:\/\/geneva.intercontinental.com\/fr\/conditions-generales-de-vente\/","name":"Conditions g\u00e9n\u00e9rales de vente - InterContinental Gen\u00e8ve","isPartOf":{"@id":"https:\/\/geneva.intercontinental.com\/fr\/#website"},"datePublished":"2023-06-09T09:56:31+00:00","dateModified":"2023-10-09T12:29:17+00:00","description":"Conditions g\u00e9n\u00e9rales de vente 1 Champs d\u2019application des Conditions G\u00e9n\u00e9rales de Vente Le site internet&nbsp;geneva.intercontinental.com exploit\u00e9 par la","breadcrumb":{"@id":"https:\/\/geneva.intercontinental.com\/fr\/conditions-generales-de-vente\/#breadcrumb"},"inLanguage":"fr-FR","potentialAction":[{"@type":"ReadAction","target":["https:\/\/geneva.intercontinental.com\/fr\/conditions-generales-de-vente\/"]}]},{"@type":"BreadcrumbList","@id":"https:\/\/geneva.intercontinental.com\/fr\/conditions-generales-de-vente\/#breadcrumb","itemListElement":[{"@type":"ListItem","position":1,"name":"Accueil","item":"https:\/\/geneva.intercontinental.com\/fr\/"},{"@type":"ListItem","position":2,"name":"Conditions g\u00e9n\u00e9rales de vente"}]},{"@type":"WebSite","@id":"https:\/\/geneva.intercontinental.com\/fr\/#website","url":"https:\/\/geneva.intercontinental.com\/fr\/","name":"IHG","description":"Live the InterContinental Life","publisher":{"@id":"https:\/\/geneva.intercontinental.com\/fr\/#organization"},"alternateName":"InterContinental Gen\u00e8ve","potentialAction":[{"@type":"SearchAction","target":{"@type":"EntryPoint","urlTemplate":"https:\/\/geneva.intercontinental.com\/fr\/?s={search_term_string}"},"query-input":{"@type":"PropertyValueSpecification","valueRequired":true,"valueName":"search_term_string"}}],"inLanguage":"fr-FR"},{"@type":"Organization","@id":"https:\/\/geneva.intercontinental.com\/fr\/#organization","name":"InterContinental Gen\u00e8ve","alternateName":"GVAHA","url":"https:\/\/geneva.intercontinental.com\/fr\/","logo":{"@type":"ImageObject","inLanguage":"fr-FR","@id":"https:\/\/geneva.intercontinental.com\/fr\/#\/schema\/logo\/image\/","url":"https:\/\/geneva.intercontinental.com\/wp-content\/uploads\/sites\/7\/2024\/04\/intercontinental-geneve-logo.svg","contentUrl":"https:\/\/geneva.intercontinental.com\/wp-content\/uploads\/sites\/7\/2024\/04\/intercontinental-geneve-logo.svg","caption":"InterContinental Gen\u00e8ve"},"image":{"@id":"https:\/\/geneva.intercontinental.com\/fr\/#\/schema\/logo\/image\/"}}]}},"_links":{"self":[{"href":"https:\/\/geneva.intercontinental.com\/fr\/wp-json\/wp\/v2\/pages\/17866","targetHints":{"allow":["GET"]}}],"collection":[{"href":"https:\/\/geneva.intercontinental.com\/fr\/wp-json\/wp\/v2\/pages"}],"about":[{"href":"https:\/\/geneva.intercontinental.com\/fr\/wp-json\/wp\/v2\/types\/page"}],"author":[{"embeddable":true,"href":"https:\/\/geneva.intercontinental.com\/fr\/wp-json\/wp\/v2\/users\/1"}],"replies":[{"embeddable":true,"href":"https:\/\/geneva.intercontinental.com\/fr\/wp-json\/wp\/v2\/comments?post=17866"}],"version-history":[{"count":0,"href":"https:\/\/geneva.intercontinental.com\/fr\/wp-json\/wp\/v2\/pages\/17866\/revisions"}],"wp:attachment":[{"href":"https:\/\/geneva.intercontinental.com\/fr\/wp-json\/wp\/v2\/media?parent=17866"}],"curies":[{"name":"wp","href":"https:\/\/api.w.org\/{rel}","templated":true}]}}