{"id":16411,"date":"2023-02-28T16:23:04","date_gmt":"2023-02-28T15:23:04","guid":{"rendered":"https:\/\/geneva.intercontinental.com\/?page_id=16411"},"modified":"2025-06-26T13:52:51","modified_gmt":"2025-06-26T11:52:51","slug":"votre-programme-de-fidelite","status":"publish","type":"page","link":"https:\/\/geneva.intercontinental.com\/fr\/votre-programme-de-fidelite\/","title":{"rendered":"Votre programme de fid\u00e9lit\u00e9"},"content":{"rendered":"\r\n\r\n\r\n\r\n\r\n  <!-- Swiper hero -->\r\n  <div id=\"slideshow-block_130429cb62411a144c855366cba60869\" class=\"row \">  \r\n    <div class=\"swiper d-swiper-container hero\" data-swiper={\"navigation\":{\"enabled\":false}}>\r\n      <div class=\"swiper-wrapper\">\r\n                            <div class=\"swiper-slide\">\r\n                              <span aria-hidden=\"true\" class=\"slide-e-background has-background-dim-30  has-background has-charcoal-grey-background-color\"><\/span>\r\n                                            <div class=\"video play\">\r\n                  <div class=\"video-ctrl\">\r\n                    <span class=\"icon-play\"><img decoding=\"async\" src=\"https:\/\/geneva.intercontinental.com\/wp-content\/themes\/intercontinentalv2\/assets\/images\/icons\/icon-video-play.svg\" alt=\"Icon play video\"><\/span>\r\n                    <span class=\"icon-pause\"><img decoding=\"async\" src=\"https:\/\/geneva.intercontinental.com\/wp-content\/themes\/intercontinentalv2\/assets\/images\/icons\/icon-video-pause.svg\" alt=\"Icon play video\"><\/span>\r\n                  <\/div>\r\n                  <video class=\"video\"  playsinline=\"\" autoplay=\"true\" muted>\r\n                    <source src=\"https:\/\/geneva.intercontinental.com\/wp-content\/uploads\/sites\/7\/2023\/10\/Guest-How-You-Guest-with-the-all-new-IHG-One-Rewards.mp4\" type=\"video\/mp4\">\r\n                  <\/video>\r\n                                      <div class=\"unmute-video muted\">\r\n                      <a>\r\n                        <div class=\"icon-mute\">\r\n                          <img decoding=\"async\" src=\"https:\/\/geneva.intercontinental.com\/wp-content\/themes\/intercontinentalv2\/assets\/images\/icons\/icon-volume-mute.svg\" alt=\"Icon volume mute\"\/>\r\n                        <\/div>\r\n                        <div class=\"icon-sound\">\r\n                          <img decoding=\"async\" src=\"https:\/\/geneva.intercontinental.com\/wp-content\/themes\/intercontinentalv2\/assets\/images\/icons\/icon-volume-sound.svg\" alt=\"Icon volume sound\"\/>\r\n                        <\/div>\r\n                      <\/a>\r\n                    <\/div> \r\n                                <\/div>\r\n                                            <div class=\"slide-e-content d-none d-md-block\">\r\n                                       \r\n                    <h1 class=\"title\">Votre programme de fid\u00e9lit\u00e9<\/h1>\r\n                                                                                          <\/div>\r\n                          <\/div>\r\n                            <\/div>\r\n            <\/div>\r\n  <\/div>\r\n  <!-- End Swiper hero -->\r\n\r\n \n\n\n<div style=\"height:50px\" aria-hidden=\"true\" class=\"wp-block-spacer\"><\/div>\n\n\n\n<figure class=\"wp-block-image aligncenter size-full is-resized m-auto\"><img decoding=\"async\" width=\"1280\" height=\"298\" src=\"https:\/\/geneva.intercontinental.com\/wp-content\/uploads\/sites\/7\/2024\/05\/IHG-One-Rewards-e1716879532269.png\" alt=\"\" class=\"wp-image-27054\" style=\"width:369px;height:auto\" srcset=\"https:\/\/geneva.intercontinental.com\/wp-content\/uploads\/sites\/7\/2024\/05\/IHG-One-Rewards-e1716879532269.png 1280w, https:\/\/geneva.intercontinental.com\/wp-content\/uploads\/sites\/7\/2024\/05\/IHG-One-Rewards-e1716879532269-300x70.png 300w, https:\/\/geneva.intercontinental.com\/wp-content\/uploads\/sites\/7\/2024\/05\/IHG-One-Rewards-e1716879532269-1024x238.png 1024w, https:\/\/geneva.intercontinental.com\/wp-content\/uploads\/sites\/7\/2024\/05\/IHG-One-Rewards-e1716879532269-768x179.png 768w, https:\/\/geneva.intercontinental.com\/wp-content\/uploads\/sites\/7\/2024\/05\/IHG-One-Rewards-e1716879532269-1200x279.png 1200w\" sizes=\"(max-width: 1280px) 100vw, 1280px\" \/><\/figure>\n\n\n\n<div style=\"height:39px\" aria-hidden=\"true\" class=\"wp-block-spacer\"><\/div>\n\n\n\n<div class=\"wp-block-group title is-layout-constrained wp-block-group-is-layout-constrained\">\n<h2 class=\"wp-block-heading has-text-align-center\">IHG One Rewards<\/h2>\n<\/div>\n\n\n\n<div style=\"height:50px\" aria-hidden=\"true\" class=\"wp-block-spacer\"><\/div>\n\n\n\n<div class=\"wp-block-columns pattern-2-col-text-and-slider slider-left is-layout-flex wp-container-core-columns-is-layout-28f84493 wp-block-columns-is-layout-flex\">\n<div class=\"wp-block-column is-vertically-aligned-center is-layout-flow wp-block-column-is-layout-flow\" style=\"padding-right:var(--wp--preset--spacing--30);padding-left:var(--wp--preset--spacing--30);flex-basis:60%\">\r\n\r\n  \r\n  <div id=\"slideshow-block_e03b267e4b9377d9c18b409dd3fd42fb\" class=\"row\" data-aos=\"fade-in\">\r\n      <!-- Swiper -->\r\n      <div class=\"swiper d-swiper-container full\" style=\"\" data-swiper={\"navigation\":{\"enabled\":false}}>\r\n        <div class=\"swiper-wrapper\">\r\n                                      <div class=\"swiper-slide\">\r\n                                    <img decoding=\"async\" src=\"https:\/\/geneva.intercontinental.com\/wp-content\/uploads\/sites\/7\/2025\/06\/IHG-One-Rewards-InterContinental-Geneve-e1750938753983.jpg\"\r\n                  sizes=\"(max-width: 2000px) 100vw, 2000px\"\r\n                  srcset=\"https:\/\/geneva.intercontinental.com\/wp-content\/uploads\/sites\/7\/2025\/06\/IHG-One-Rewards-InterContinental-Geneve-e1750938753983.jpg 1827w,\r\n                          https:\/\/geneva.intercontinental.com\/wp-content\/uploads\/sites\/7\/2025\/06\/IHG-One-Rewards-InterContinental-Geneve-e1750938753983-1024x605.jpg 1024w,\r\n                          https:\/\/geneva.intercontinental.com\/wp-content\/uploads\/sites\/7\/2025\/06\/IHG-One-Rewards-InterContinental-Geneve-e1750938753983-768x454.jpg 768w\"\r\n                          alt=\"IHG One Rewards - InterContinental Gene\u0300ve\">\r\n                <\/div>\r\n                              <\/div>\r\n          <div class=\"swiper-pagination\">\r\n          <\/div>\r\n          <div class=\"swiper-button swiper-button-prev\">\r\n            <span class=\"arrowl\"><\/span>\r\n          <\/div>\r\n          <div class=\"swiper-button swiper-button-next\">\r\n            <span class=\"arrowr\"><\/span>\r\n          <\/div>\r\n      <\/div>\r\n      <!-- End Swiper -->\r\n  <\/div>\r\n  \r\n\r\n <\/div>\n\n\n\n<div class=\"wp-block-column is-vertically-aligned-bottom text-column is-layout-flow wp-block-column-is-layout-flow\" style=\"padding-top:var(--wp--preset--spacing--70);padding-right:var(--wp--preset--spacing--60);padding-bottom:var(--wp--preset--spacing--70);padding-left:var(--wp--preset--spacing--60);flex-basis:35%\">\n<h3 class=\"wp-block-heading\">Il est temps d\u2019explorer le monde<\/h3>\n\n\n\n<p>IHG\u00ae&nbsp;One Rewards est le programme de fid\u00e9lit\u00e9 du groupe IHG, qui vous fait b\u00e9n\u00e9ficier d\u2019avantages exclusifs \u00e0 chacun de vos voyages \u00e0 travers les 6000+ h\u00f4tels de nos 19 enseignes.<\/p>\n\n\n\n<div class=\"wp-block-buttons is-layout-flex wp-block-buttons-is-layout-flex\">\n<div class=\"wp-block-button is-style-outline is-style-outline--1\"><a class=\"wp-block-button__link wp-element-button\" href=\"https:\/\/www.ihg.com\/onerewards\/content\/fr\/fr\/home\" style=\"padding-top:0;padding-right:0;padding-bottom:0;padding-left:0\" target=\"_blank\" rel=\"noreferrer noopener\">En savoir plus<\/a><\/div>\n\n\n\n<div class=\"wp-block-button is-style-outline is-style-outline--2\"><a class=\"wp-block-button__link wp-element-button\" href=\"https:\/\/www.ihg.com\/rewardsclub\/fr\/fr\/enrollment\/join?scmisc=WEB-_-6C-_-GLO-_-EN-_-LOY-_-IHGRHome-_-Join-_-MB-_-NonMembers\" style=\"border-radius:0rem;padding-top:0;padding-right:0;padding-bottom:0;padding-left:0\" target=\"_blank\" rel=\"noreferrer noopener\">S&#8217;inscrire gratuitement<\/a><\/div>\n<\/div>\n<\/div>\n\n\n\n<div class=\"wp-block-column is-layout-flow wp-block-column-is-layout-flow\" style=\"flex-basis:5%\"><\/div>\n<\/div>\n","protected":false},"excerpt":{"rendered":"<p>D\u00e9couvrez un monde de r\u00e9compenses exclusives \u00e0 chacun de vos voyages.<\/p>\n","protected":false},"author":21,"featured_media":16425,"parent":0,"menu_order":0,"comment_status":"closed","ping_status":"closed","template":"","meta":{"_acf_changed":false,"footnotes":""},"class_list":["post-16411","page","type-page","status-publish","has-post-thumbnail","hentry"],"acf":[],"yoast_head":"<!-- This site is optimized with the Yoast SEO plugin v26.2 - https:\/\/yoast.com\/wordpress\/plugins\/seo\/ -->\n<title>Votre programme de fid\u00e9lit\u00e9 - InterContinental Gen\u00e8ve<\/title>\n<meta name=\"description\" content=\"D\u00e9couvrez un monde de r\u00e9compenses exclusives \u00e0 chacun de vos voyages.\" \/>\n<meta name=\"robots\" content=\"index, follow, max-snippet:-1, max-image-preview:large, max-video-preview:-1\" \/>\n<link rel=\"canonical\" href=\"https:\/\/geneva.intercontinental.com\/fr\/votre-programme-de-fidelite\/\" \/>\n<meta property=\"og:locale\" content=\"fr_FR\" \/>\n<meta property=\"og:type\" content=\"article\" \/>\n<meta property=\"og:title\" content=\"Votre programme de fid\u00e9lit\u00e9 - InterContinental Gen\u00e8ve\" \/>\n<meta property=\"og:description\" content=\"D\u00e9couvrez un monde de r\u00e9compenses exclusives \u00e0 chacun de vos voyages.\" \/>\n<meta property=\"og:url\" content=\"https:\/\/geneva.intercontinental.com\/fr\/votre-programme-de-fidelite\/\" \/>\n<meta property=\"og:site_name\" content=\"IHG\" \/>\n<meta property=\"article:modified_time\" content=\"2025-06-26T11:52:51+00:00\" \/>\n<meta property=\"og:image\" content=\"https:\/\/geneva.intercontinental.com\/wp-content\/uploads\/sites\/7\/2023\/02\/ihgor-toolkit-eur-in-hotel-social-version1-frame-5.jpg\" \/>\n\t<meta property=\"og:image:width\" content=\"1080\" \/>\n\t<meta property=\"og:image:height\" content=\"1080\" \/>\n\t<meta property=\"og:image:type\" content=\"image\/jpeg\" \/>\n<meta name=\"twitter:card\" content=\"summary_large_image\" \/>\n<meta name=\"twitter:label1\" content=\"Dur\u00e9e de lecture estim\u00e9e\" \/>\n\t<meta name=\"twitter:data1\" content=\"1 minute\" \/>\n<script type=\"application\/ld+json\" class=\"yoast-schema-graph\">{\"@context\":\"https:\/\/schema.org\",\"@graph\":[{\"@type\":\"WebPage\",\"@id\":\"https:\/\/geneva.intercontinental.com\/fr\/votre-programme-de-fidelite\/\",\"url\":\"https:\/\/geneva.intercontinental.com\/fr\/votre-programme-de-fidelite\/\",\"name\":\"Votre programme de fid\u00e9lit\u00e9 - InterContinental Gen\u00e8ve\",\"isPartOf\":{\"@id\":\"https:\/\/geneva.intercontinental.com\/fr\/#website\"},\"primaryImageOfPage\":{\"@id\":\"https:\/\/geneva.intercontinental.com\/fr\/votre-programme-de-fidelite\/#primaryimage\"},\"image\":{\"@id\":\"https:\/\/geneva.intercontinental.com\/fr\/votre-programme-de-fidelite\/#primaryimage\"},\"thumbnailUrl\":\"https:\/\/geneva.intercontinental.com\/wp-content\/uploads\/sites\/7\/2023\/02\/ihgor-toolkit-eur-in-hotel-social-version1-frame-5.jpg\",\"datePublished\":\"2023-02-28T15:23:04+00:00\",\"dateModified\":\"2025-06-26T11:52:51+00:00\",\"description\":\"D\u00e9couvrez un monde de r\u00e9compenses exclusives \u00e0 chacun de vos voyages.\",\"breadcrumb\":{\"@id\":\"https:\/\/geneva.intercontinental.com\/fr\/votre-programme-de-fidelite\/#breadcrumb\"},\"inLanguage\":\"fr-FR\",\"potentialAction\":[{\"@type\":\"ReadAction\",\"target\":[\"https:\/\/geneva.intercontinental.com\/fr\/votre-programme-de-fidelite\/\"]}]},{\"@type\":\"ImageObject\",\"inLanguage\":\"fr-FR\",\"@id\":\"https:\/\/geneva.intercontinental.com\/fr\/votre-programme-de-fidelite\/#primaryimage\",\"url\":\"https:\/\/geneva.intercontinental.com\/wp-content\/uploads\/sites\/7\/2023\/02\/ihgor-toolkit-eur-in-hotel-social-version1-frame-5.jpg\",\"contentUrl\":\"https:\/\/geneva.intercontinental.com\/wp-content\/uploads\/sites\/7\/2023\/02\/ihgor-toolkit-eur-in-hotel-social-version1-frame-5.jpg\",\"width\":1080,\"height\":1080,\"caption\":\"IHG one Rewards\"},{\"@type\":\"BreadcrumbList\",\"@id\":\"https:\/\/geneva.intercontinental.com\/fr\/votre-programme-de-fidelite\/#breadcrumb\",\"itemListElement\":[{\"@type\":\"ListItem\",\"position\":1,\"name\":\"Accueil\",\"item\":\"https:\/\/geneva.intercontinental.com\/fr\/\"},{\"@type\":\"ListItem\",\"position\":2,\"name\":\"Votre programme de fid\u00e9lit\u00e9\"}]},{\"@type\":\"WebSite\",\"@id\":\"https:\/\/geneva.intercontinental.com\/fr\/#website\",\"url\":\"https:\/\/geneva.intercontinental.com\/fr\/\",\"name\":\"IHG\",\"description\":\"Live the InterContinental Life\",\"publisher\":{\"@id\":\"https:\/\/geneva.intercontinental.com\/fr\/#organization\"},\"alternateName\":\"InterContinental Gen\u00e8ve\",\"potentialAction\":[{\"@type\":\"SearchAction\",\"target\":{\"@type\":\"EntryPoint\",\"urlTemplate\":\"https:\/\/geneva.intercontinental.com\/fr\/?s={search_term_string}\"},\"query-input\":{\"@type\":\"PropertyValueSpecification\",\"valueRequired\":true,\"valueName\":\"search_term_string\"}}],\"inLanguage\":\"fr-FR\"},{\"@type\":\"Organization\",\"@id\":\"https:\/\/geneva.intercontinental.com\/fr\/#organization\",\"name\":\"InterContinental Gen\u00e8ve\",\"alternateName\":\"GVAHA\",\"url\":\"https:\/\/geneva.intercontinental.com\/fr\/\",\"logo\":{\"@type\":\"ImageObject\",\"inLanguage\":\"fr-FR\",\"@id\":\"https:\/\/geneva.intercontinental.com\/fr\/#\/schema\/logo\/image\/\",\"url\":\"https:\/\/geneva.intercontinental.com\/wp-content\/uploads\/sites\/7\/2024\/04\/intercontinental-geneve-logo.svg\",\"contentUrl\":\"https:\/\/geneva.intercontinental.com\/wp-content\/uploads\/sites\/7\/2024\/04\/intercontinental-geneve-logo.svg\",\"caption\":\"InterContinental Gen\u00e8ve\"},\"image\":{\"@id\":\"https:\/\/geneva.intercontinental.com\/fr\/#\/schema\/logo\/image\/\"}}]}<\/script>\n<!-- \/ Yoast SEO plugin. -->","yoast_head_json":{"title":"Votre programme de fid\u00e9lit\u00e9 - InterContinental Gen\u00e8ve","description":"D\u00e9couvrez un monde de r\u00e9compenses exclusives \u00e0 chacun de vos voyages.","robots":{"index":"index","follow":"follow","max-snippet":"max-snippet:-1","max-image-preview":"max-image-preview:large","max-video-preview":"max-video-preview:-1"},"canonical":"https:\/\/geneva.intercontinental.com\/fr\/votre-programme-de-fidelite\/","og_locale":"fr_FR","og_type":"article","og_title":"Votre programme de fid\u00e9lit\u00e9 - InterContinental Gen\u00e8ve","og_description":"D\u00e9couvrez un monde de r\u00e9compenses exclusives \u00e0 chacun de vos voyages.","og_url":"https:\/\/geneva.intercontinental.com\/fr\/votre-programme-de-fidelite\/","og_site_name":"IHG","article_modified_time":"2025-06-26T11:52:51+00:00","og_image":[{"width":1080,"height":1080,"url":"https:\/\/geneva.intercontinental.com\/wp-content\/uploads\/sites\/7\/2023\/02\/ihgor-toolkit-eur-in-hotel-social-version1-frame-5.jpg","type":"image\/jpeg"}],"twitter_card":"summary_large_image","twitter_misc":{"Dur\u00e9e de lecture estim\u00e9e":"1 minute"},"schema":{"@context":"https:\/\/schema.org","@graph":[{"@type":"WebPage","@id":"https:\/\/geneva.intercontinental.com\/fr\/votre-programme-de-fidelite\/","url":"https:\/\/geneva.intercontinental.com\/fr\/votre-programme-de-fidelite\/","name":"Votre programme de fid\u00e9lit\u00e9 - InterContinental Gen\u00e8ve","isPartOf":{"@id":"https:\/\/geneva.intercontinental.com\/fr\/#website"},"primaryImageOfPage":{"@id":"https:\/\/geneva.intercontinental.com\/fr\/votre-programme-de-fidelite\/#primaryimage"},"image":{"@id":"https:\/\/geneva.intercontinental.com\/fr\/votre-programme-de-fidelite\/#primaryimage"},"thumbnailUrl":"https:\/\/geneva.intercontinental.com\/wp-content\/uploads\/sites\/7\/2023\/02\/ihgor-toolkit-eur-in-hotel-social-version1-frame-5.jpg","datePublished":"2023-02-28T15:23:04+00:00","dateModified":"2025-06-26T11:52:51+00:00","description":"D\u00e9couvrez un monde de r\u00e9compenses exclusives \u00e0 chacun de vos voyages.","breadcrumb":{"@id":"https:\/\/geneva.intercontinental.com\/fr\/votre-programme-de-fidelite\/#breadcrumb"},"inLanguage":"fr-FR","potentialAction":[{"@type":"ReadAction","target":["https:\/\/geneva.intercontinental.com\/fr\/votre-programme-de-fidelite\/"]}]},{"@type":"ImageObject","inLanguage":"fr-FR","@id":"https:\/\/geneva.intercontinental.com\/fr\/votre-programme-de-fidelite\/#primaryimage","url":"https:\/\/geneva.intercontinental.com\/wp-content\/uploads\/sites\/7\/2023\/02\/ihgor-toolkit-eur-in-hotel-social-version1-frame-5.jpg","contentUrl":"https:\/\/geneva.intercontinental.com\/wp-content\/uploads\/sites\/7\/2023\/02\/ihgor-toolkit-eur-in-hotel-social-version1-frame-5.jpg","width":1080,"height":1080,"caption":"IHG one Rewards"},{"@type":"BreadcrumbList","@id":"https:\/\/geneva.intercontinental.com\/fr\/votre-programme-de-fidelite\/#breadcrumb","itemListElement":[{"@type":"ListItem","position":1,"name":"Accueil","item":"https:\/\/geneva.intercontinental.com\/fr\/"},{"@type":"ListItem","position":2,"name":"Votre programme de fid\u00e9lit\u00e9"}]},{"@type":"WebSite","@id":"https:\/\/geneva.intercontinental.com\/fr\/#website","url":"https:\/\/geneva.intercontinental.com\/fr\/","name":"IHG","description":"Live the InterContinental Life","publisher":{"@id":"https:\/\/geneva.intercontinental.com\/fr\/#organization"},"alternateName":"InterContinental Gen\u00e8ve","potentialAction":[{"@type":"SearchAction","target":{"@type":"EntryPoint","urlTemplate":"https:\/\/geneva.intercontinental.com\/fr\/?s={search_term_string}"},"query-input":{"@type":"PropertyValueSpecification","valueRequired":true,"valueName":"search_term_string"}}],"inLanguage":"fr-FR"},{"@type":"Organization","@id":"https:\/\/geneva.intercontinental.com\/fr\/#organization","name":"InterContinental Gen\u00e8ve","alternateName":"GVAHA","url":"https:\/\/geneva.intercontinental.com\/fr\/","logo":{"@type":"ImageObject","inLanguage":"fr-FR","@id":"https:\/\/geneva.intercontinental.com\/fr\/#\/schema\/logo\/image\/","url":"https:\/\/geneva.intercontinental.com\/wp-content\/uploads\/sites\/7\/2024\/04\/intercontinental-geneve-logo.svg","contentUrl":"https:\/\/geneva.intercontinental.com\/wp-content\/uploads\/sites\/7\/2024\/04\/intercontinental-geneve-logo.svg","caption":"InterContinental Gen\u00e8ve"},"image":{"@id":"https:\/\/geneva.intercontinental.com\/fr\/#\/schema\/logo\/image\/"}}]}},"_links":{"self":[{"href":"https:\/\/geneva.intercontinental.com\/fr\/wp-json\/wp\/v2\/pages\/16411","targetHints":{"allow":["GET"]}}],"collection":[{"href":"https:\/\/geneva.intercontinental.com\/fr\/wp-json\/wp\/v2\/pages"}],"about":[{"href":"https:\/\/geneva.intercontinental.com\/fr\/wp-json\/wp\/v2\/types\/page"}],"author":[{"embeddable":true,"href":"https:\/\/geneva.intercontinental.com\/fr\/wp-json\/wp\/v2\/users\/21"}],"replies":[{"embeddable":true,"href":"https:\/\/geneva.intercontinental.com\/fr\/wp-json\/wp\/v2\/comments?post=16411"}],"version-history":[{"count":11,"href":"https:\/\/geneva.intercontinental.com\/fr\/wp-json\/wp\/v2\/pages\/16411\/revisions"}],"predecessor-version":[{"id":37033,"href":"https:\/\/geneva.intercontinental.com\/fr\/wp-json\/wp\/v2\/pages\/16411\/revisions\/37033"}],"wp:featuredmedia":[{"embeddable":true,"href":"https:\/\/geneva.intercontinental.com\/fr\/wp-json\/wp\/v2\/media\/16425"}],"wp:attachment":[{"href":"https:\/\/geneva.intercontinental.com\/fr\/wp-json\/wp\/v2\/media?parent=16411"}],"curies":[{"name":"wp","href":"https:\/\/api.w.org\/{rel}","templated":true}]}}