{"id":11290,"date":"2022-02-10T09:47:01","date_gmt":"2022-02-10T08:47:01","guid":{"rendered":"https:\/\/geneva.intercontinental.com\/?page_id=11290"},"modified":"2023-11-30T10:36:19","modified_gmt":"2023-11-30T09:36:19","slug":"sabonner","status":"publish","type":"page","link":"https:\/\/geneva.intercontinental.com\/fr\/sabonner\/","title":{"rendered":"S\u2019ABONNER"},"content":{"rendered":"\n<div style=\"height:50px\" aria-hidden=\"true\" class=\"wp-block-spacer\"><\/div>\n\n\n\n\t\t\t<form id=\"sib_signup_form_9\" method=\"post\" class=\"sib_signup_form\">\n\t\t\t\t<div class=\"sib_loader\" style=\"display:none;\"><img\n\t\t\t\t\t\t\tsrc=\"https:\/\/geneva.intercontinental.com\/wp-includes\/images\/spinner.gif\" alt=\"loader\"><\/div>\n\t\t\t\t<input type=\"hidden\" name=\"sib_form_action\" value=\"subscribe_form_submit\">\n\t\t\t\t<input type=\"hidden\" name=\"sib_form_id\" value=\"9\">\n                <input type=\"hidden\" name=\"sib_form_alert_notice\" value=\"Veuillez remplir ce champ\">\n                <input type=\"hidden\" name=\"sib_form_invalid_email_notice\" value=\"Votre adresse e-mail n&#039;est pas valide\">\n                <input type=\"hidden\" name=\"sib_security\" value=\"bbe0a4715a\">\n\t\t\t\t<div class=\"sib_signup_box_inside_9\">\n\t\t\t\t\t<div style=\"\/*display:none*\/\" class=\"sib_msg_disp\">\n\t\t\t\t\t<\/div>\n                    \t\t\t\t\t<div class=\"newsletter-form d-flex\">\r\n<h1 class=\"wp-block-heading\">S'inscrire<\/h1>\r\n<p>Inscrivez-vous pour recevoir les offres sp\u00e9ciales et les promotions de l'InterContinental Gen\u00e8ve.<\/p>\r\n<p class=\"has-small-font-size\" id=\"lblmandatory\"><em>* Champ obligatoire.<\/em><\/p>\r\n<div class=\"wrapper-language d-flex wrapper-field\">\r\n<p class=\"sib-LANGUE-area d-flex flex-column\"> \r\n    <label class=\"sib-LANGUE-area\">Langue<\/label> \r\n    <select class=\"sib-LANGUE-area\" name=\"LANGUE\"> \r\n      <option value=\"1\">FR<\/option> \r\n      <option value=\"2\">EN<\/option> \r\n    <\/select> \r\n<\/p>\r\n<\/div>\r\n<div class=\"d-flex wrapper-field flex-column flex-lg-row\">\r\n<p class=\"sib-TITRE-area d-flex flex-column\"> \r\n    <label class=\"sib-TITRE-area\">Titre <span class=\"asterisque\">*<\/span><\/label> \r\n    <select class=\"sib-TITRE-area\" name=\"TITRE\" required=\"required\"> \r\n      <option value=\"1\">Monsieur<\/option> \r\n      <option value=\"2\">Madame<\/option> \r\n      <option value=\"3\">Non sp\u00e9cifi\u00e9<\/option> \r\n    <\/select> \r\n<\/p>\r\n\r\n<p class=\"sib-PRENOM-area d-flex flex-column\"> \r\n    <label class=\"sib-PRENOM-area\">Pr\u00e9nom <span class=\"asterisque\">*<\/span><\/label> \r\n    <input type=\"text\" class=\"sib-PRENOM-area\" name=\"PRENOM\" required=\"required\"> \r\n<\/p>\r\n\r\n<p class=\"sib-NOM-area d-flex flex-column\"> \r\n    <label class=\"sib-NOM-area\">Nom <span class=\"asterisque\">*<\/span><\/label> \r\n    <input type=\"text\" class=\"sib-NOM-area\" name=\"NOM\" required=\"required\"> \r\n<\/p>\r\n\r\n<\/div>\r\n\r\n<div class=\"d-flex wrapper-field flex-column flex-lg-row\">\r\n<p class=\"sib-email-area d-flex flex-column\"> \r\n    <label class=\"sib-email-area\">Email <span class=\"asterisque\">*<\/span><\/label> \r\n    <input type=\"email\" class=\"sib-email-area\" name=\"email\" placeholder=\"\" value=\"\" required=\"required\"> \r\n<\/p>\r\n\r\n<p class=\"sib-DATE_DE_NAISSANCE-area d-flex flex-column\"> \r\n    <label class=\"sib-DATE_DE_NAISSANCE-area\">Date de naissance<\/label> \r\n    <input type=\"text\" class=\"sib-DATE_DE_NAISSANCE-area sib-date\" name=\"DATE_DE_NAISSANCE\" placeholder=\"yyyy-mm-dd\"><\/p>\r\n\r\n<p class=\"sib-SALES_REGIONAL-area d-flex flex-column\"> \r\n    <label class=\"sib-SALES_REGIONAL-area\">Pays\/R\u00e9gion<\/label> \r\n    <select class=\"sib-SALES_REGIONAL-area\" name=\"SALES_REGIONAL\"> \r\n      <option value=\"5\">Aucun<\/option> \r\n      <option value=\"6\">Afghanistan<\/option> \r\n      <option value=\"7\">Afrique du Sud<\/option> \r\n      <option value=\"8\">Albanie<\/option> \r\n      <option value=\"9\">Alg\u00e9rie<\/option> \r\n      <option value=\"10\">Allemagne<\/option> \r\n      <option value=\"11\">Andorre<\/option> \r\n      <option value=\"12\">Angola<\/option> \r\n      <option value=\"13\">Antigua-et-Barbuda<\/option> \r\n      <option value=\"14\">Arabie Saoudite<\/option> \r\n      <option value=\"15\">Argentine<\/option> \r\n      <option value=\"16\">Arm\u00e9nie<\/option> \r\n      <option value=\"17\">Australie<\/option> \r\n      <option value=\"18\">Autriche<\/option> \r\n      <option value=\"19\">Azerba\u00efdjan<\/option> \r\n      <option value=\"20\">Bahamas<\/option> \r\n      <option value=\"21\">Bahre\u00efn<\/option> \r\n      <option value=\"22\">Bangladesh<\/option> \r\n      <option value=\"23\">Barbade<\/option> \r\n      <option value=\"24\">Belau \/ Palau \/ Palaos<\/option> \r\n      <option value=\"25\">Belgique<\/option> \r\n      <option value=\"26\">Belize<\/option> \r\n      <option value=\"27\">B\u00e9nin<\/option> \r\n      <option value=\"28\">Bhoutan<\/option> \r\n      <option value=\"29\">Bi\u00e9lorussie<\/option> \r\n      <option value=\"30\">Birmanie<\/option> \r\n      <option value=\"31\">Bolivie<\/option> \r\n      <option value=\"32\">Bosnie-Herz\u00e9govine<\/option> \r\n      <option value=\"33\">Botswana<\/option> \r\n      <option value=\"34\">Br\u00e9sil<\/option> \r\n      <option value=\"35\">Brunei<\/option> \r\n      <option value=\"36\">Bulgarie<\/option> \r\n      <option value=\"37\">Burkina Faso<\/option> \r\n      <option value=\"38\">Burundi<\/option> \r\n      <option value=\"39\">Cambodge<\/option> \r\n      <option value=\"40\">Cameroun<\/option> \r\n      <option value=\"41\">Canada<\/option> \r\n      <option value=\"42\">Cap-Vert<\/option> \r\n      <option value=\"43\">Centrafrique<\/option> \r\n      <option value=\"44\">Chili<\/option> \r\n      <option value=\"45\">Chine<\/option> \r\n      <option value=\"46\">Chypre<\/option> \r\n      <option value=\"47\">Colombie<\/option> \r\n      <option value=\"48\">Comores<\/option> \r\n      <option value=\"49\">Congo-Brazzaville<\/option> \r\n      <option value=\"50\">Congo-Kinshasa ou RDC<\/option> \r\n      <option value=\"51\">Cor\u00e9e du Sud<\/option> \r\n      <option value=\"52\">Costa Rica<\/option> \r\n      <option value=\"53\">C\u00f4te d\u2019Ivoire<\/option> \r\n      <option value=\"54\">Croatie<\/option> \r\n      <option value=\"55\">Cuba<\/option> \r\n      <option value=\"56\">Danemark<\/option> \r\n      <option value=\"57\">Djibouti<\/option> \r\n      <option value=\"58\">Dominique<\/option> \r\n      <option value=\"59\">\u00c9gypte<\/option> \r\n      <option value=\"60\">\u00c9mirats arabes unis<\/option> \r\n      <option value=\"61\">\u00c9quateur<\/option> \r\n      <option value=\"62\">\u00c9rythr\u00e9e<\/option> \r\n      <option value=\"63\">Espagne<\/option> \r\n      <option value=\"64\">Estonie<\/option> \r\n      <option value=\"65\">\u00c9tats-Unis<\/option> \r\n      <option value=\"66\">\u00c9thiopie<\/option> \r\n      <option value=\"67\">Fidji<\/option> \r\n      <option value=\"68\">Finlande<\/option> \r\n      <option value=\"69\">France<\/option> \r\n      <option value=\"70\">Gabon<\/option> \r\n      <option value=\"71\">Gambie<\/option> \r\n      <option value=\"72\">G\u00e9orgie<\/option> \r\n      <option value=\"73\">Ghana<\/option> \r\n      <option value=\"74\">Gr\u00e8ce<\/option> \r\n      <option value=\"75\">Grenade<\/option> \r\n      <option value=\"76\">Guatemala<\/option> \r\n      <option value=\"77\">Guin\u00e9e-Bissau<\/option> \r\n      <option value=\"78\">Guin\u00e9e-Conakry<\/option> \r\n      <option value=\"79\">Guin\u00e9e \u00e9quatoriale<\/option> \r\n      <option value=\"80\">Guyana<\/option> \r\n      <option value=\"81\">Ha\u00efti<\/option> \r\n      <option value=\"82\">Honduras<\/option> \r\n      <option value=\"83\">Hongrie<\/option> \r\n      <option value=\"84\">Inde<\/option> \r\n      <option value=\"85\">Indon\u00e9sie<\/option> \r\n      <option value=\"86\">Irak<\/option> \r\n      <option value=\"87\">Iran<\/option> \r\n      <option value=\"88\">Irlande<\/option> \r\n      <option value=\"89\">Islande<\/option> \r\n      <option value=\"90\">Isra\u00ebl<\/option> \r\n      <option value=\"91\">Italie<\/option> \r\n      <option value=\"92\">Jama\u00efque<\/option> \r\n      <option value=\"93\">Japon<\/option> \r\n      <option value=\"94\">Jordanie<\/option> \r\n      <option value=\"95\">Kazakhstan<\/option> \r\n      <option value=\"96\">Kenya<\/option> \r\n      <option value=\"97\">Kirghizistan<\/option> \r\n      <option value=\"98\">Kiribati<\/option> \r\n      <option value=\"99\">Kosovo<\/option> \r\n      <option value=\"100\">Kowe\u00eft<\/option> \r\n      <option value=\"101\">Laos<\/option> \r\n      <option value=\"102\">Lesotho<\/option> \r\n      <option value=\"103\">Lettonie<\/option> \r\n      <option value=\"104\">Liban<\/option> \r\n      <option value=\"105\">Liberia<\/option> \r\n      <option value=\"106\">Libye<\/option> \r\n      <option value=\"107\">Liechtenstein<\/option> \r\n      <option value=\"108\">Lituanie<\/option> \r\n      <option value=\"109\">Luxembourg<\/option> \r\n      <option value=\"110\">Mac\u00e9doine<\/option> \r\n      <option value=\"111\">Madagascar<\/option> \r\n      <option value=\"112\">Malaisie<\/option> \r\n      <option value=\"113\">Malawi<\/option> \r\n      <option value=\"114\">Maldives<\/option> \r\n      <option value=\"115\">Mali<\/option> \r\n      <option value=\"116\">Malte<\/option> \r\n      <option value=\"117\">Maroc<\/option> \r\n      <option value=\"118\">Marshall<\/option> \r\n      <option value=\"119\">Maurice<\/option> \r\n      <option value=\"120\">Mauritanie<\/option> \r\n      <option value=\"121\">Mexique<\/option> \r\n      <option value=\"122\">Micron\u00e9sie<\/option> \r\n      <option value=\"123\">Moldavie<\/option> \r\n      <option value=\"124\">Monaco<\/option> \r\n      <option value=\"125\">Mongolie<\/option> \r\n      <option value=\"126\">Mont\u00e9n\u00e9gro<\/option> \r\n      <option value=\"127\">Mozambique<\/option> \r\n      <option value=\"128\">Namibie<\/option> \r\n      <option value=\"129\">Nauru<\/option> \r\n      <option value=\"130\">N\u00e9pal<\/option> \r\n      <option value=\"131\">Nicaragua<\/option> \r\n      <option value=\"132\">Niger<\/option> \r\n      <option value=\"133\">Nigeria<\/option> \r\n      <option value=\"134\">Norv\u00e8ge<\/option> \r\n      <option value=\"135\">Nouvelle-Z\u00e9lande<\/option> \r\n      <option value=\"136\">Oman<\/option> \r\n      <option value=\"137\">Ouganda<\/option> \r\n      <option value=\"138\">Ouzb\u00e9kistan<\/option> \r\n      <option value=\"139\">Pakistan<\/option> \r\n      <option value=\"140\">Panama<\/option> \r\n      <option value=\"141\">Papouasie-Nouvelle-Guin\u00e9e<\/option> \r\n      <option value=\"142\">Paraguay<\/option> \r\n      <option value=\"143\">Pays-Bas<\/option> \r\n      <option value=\"144\">P\u00e9rou<\/option> \r\n      <option value=\"145\">Philippines<\/option> \r\n      <option value=\"146\">Pologne<\/option> \r\n      <option value=\"147\">Portugal<\/option> \r\n      <option value=\"148\">Qatar<\/option> \r\n      <option value=\"149\">R\u00e9publique dominicaine<\/option> \r\n      <option value=\"150\">R\u00e9publique tch\u00e8que<\/option> \r\n      <option value=\"151\">Roumanie<\/option> \r\n      <option value=\"152\">Royaume-Uni<\/option> \r\n      <option value=\"153\">Russie<\/option> \r\n      <option value=\"154\">Rwanda<\/option> \r\n      <option value=\"155\">Saint-Christophe-et-Ni\u00e9v\u00e8s<\/option> \r\n      <option value=\"156\">Sainte-Lucie<\/option> \r\n      <option value=\"157\">Saint-Marin<\/option> \r\n      <option value=\"158\">Saint-Vincent-et-les-Grenadines<\/option> \r\n      <option value=\"159\">Salomon<\/option> \r\n      <option value=\"160\">S\u00e3o-Tom\u00e9-et-Pr\u00edncipe<\/option> \r\n      <option value=\"161\">Salvador<\/option> \r\n      <option value=\"162\">Samoa occidentales<\/option> \r\n      <option value=\"163\">S\u00e9n\u00e9gal<\/option> \r\n      <option value=\"164\">Serbie<\/option> \r\n      <option value=\"165\">Seychelles<\/option> \r\n      <option value=\"166\">Sierra Leone<\/option> \r\n      <option value=\"167\">Singapour<\/option> \r\n      <option value=\"168\">Slovaquie<\/option> \r\n      <option value=\"169\">Slov\u00e9nie<\/option> \r\n      <option value=\"170\">Somalie<\/option> \r\n      <option value=\"171\">Soudan<\/option> \r\n      <option value=\"172\">Soudan du Sud<\/option> \r\n      <option value=\"173\">Sri Lanka<\/option> \r\n      <option value=\"174\">Su\u00e8de<\/option> \r\n      <option value=\"175\">Suisse<\/option> \r\n      <option value=\"176\">Surinam<\/option> \r\n      <option value=\"177\">Swaziland<\/option> \r\n      <option value=\"178\">Syrie<\/option> \r\n      <option value=\"179\">Tadjikistan<\/option> \r\n      <option value=\"180\">Tanzanie<\/option> \r\n      <option value=\"181\">Tchad<\/option> \r\n      <option value=\"182\">Timor oriental<\/option> \r\n      <option value=\"183\">Tha\u00eflande<\/option> \r\n      <option value=\"184\">Togo<\/option> \r\n      <option value=\"185\">Tonga<\/option> \r\n      <option value=\"186\">Trinit\u00e9-et-Tobago<\/option> \r\n      <option value=\"187\">Tunisie<\/option> \r\n      <option value=\"188\">Turkm\u00e9nistan<\/option> \r\n      <option value=\"189\">Turquie<\/option> \r\n      <option value=\"190\">Tuvalu<\/option> \r\n      <option value=\"191\">Ukraine<\/option> \r\n      <option value=\"192\">Uruguay<\/option> \r\n      <option value=\"193\">Vanuatu<\/option> \r\n      <option value=\"194\">Vatican<\/option> \r\n      <option value=\"195\">Venezuela<\/option> \r\n      <option value=\"196\">Vietnam<\/option> \r\n      <option value=\"197\">Y\u00e9men<\/option> \r\n      <option value=\"198\">Zambie<\/option> \r\n      <option value=\"199\">Zimbabwe<\/option> \r\n    <\/select> \r\n<\/p>\r\n<\/div>\r\n\r\n<div class=\"btn-newsletter\">\r\n<p>\r\n<input type=\"checkbox\" name=\"terms\" required=\"required\"> J'accepte les <a href=\"https:\/\/geneva.intercontinental.com\/fr\/politique-de-confidentialite\/\">politique de confidentialit\u00e9<\/a>  de l'h\u00f4tel Intercontinental, Gen\u00e8ve SA\r\n<\/p>\r\n<div class=\"d-flex flex-column flex-lg-row\">\r\n<p class=\"preferences-nl\">\r\nVous pouvez \u00e0 tout moment vous d\u00e9sinscrire en cliquant sur le bouton \"Se d\u00e9sabonner\" qui figure au bas de nos newsletters.<\/p>\r\n<p class=\"btn-wrapper-nl wp-block-button\">\r\n    <input type=\"submit\" class=\"sib-default-btn wp-block-button__link wp-element-button mx-auto\" value=\"S'abonner\">\r\n<\/p>\r\n<\/div>\r\n<\/div>\r\n\r\n<\/div>\r\n\t\t\t\t<\/div>\n\t\t\t<\/form>\n\t\t\t<style>\n\t\t\t\tform#sib_signup_form_9 p.sib-alert-message {\n    padding: 6px 12px;\n    margin-bottom: 20px;\n    border: 1px solid transparent;\n    border-radius: 4px;\n    -webkit-box-sizing: border-box;\n    -moz-box-sizing: border-box;\n    box-sizing: border-box;\n}\nform#sib_signup_form_9 p.sib-alert-message-error {\n    background-color: #f2dede;\n    border-color: #ebccd1;\n    color: #a94442;\n}\nform#sib_signup_form_9 p.sib-alert-message-success {\n    background-color: #dff0d8;\n    border-color: #d6e9c6;\n    color: #3c763d;\n}\nform#sib_signup_form_9 p.sib-alert-message-warning {\n    background-color: #fcf8e3;\n    border-color: #faebcc;\n    color: #8a6d3b;\n}\n\t\t\t<\/style>\n\t\t\t\n","protected":false},"excerpt":{"rendered":"","protected":false},"author":1,"featured_media":0,"parent":0,"menu_order":0,"comment_status":"closed","ping_status":"closed","template":"","meta":{"_acf_changed":false,"footnotes":""},"class_list":["post-11290","page","type-page","status-publish","hentry"],"acf":[],"yoast_head":"<!-- This site is optimized with the Yoast SEO plugin v26.2 - https:\/\/yoast.com\/wordpress\/plugins\/seo\/ -->\n<title>S\u2019ABONNER - InterContinental Gen\u00e8ve<\/title>\n<meta name=\"robots\" content=\"index, follow, max-snippet:-1, max-image-preview:large, max-video-preview:-1\" \/>\n<link rel=\"canonical\" href=\"https:\/\/geneva.intercontinental.com\/fr\/sabonner\/\" \/>\n<meta property=\"og:locale\" content=\"fr_FR\" \/>\n<meta property=\"og:type\" content=\"article\" \/>\n<meta property=\"og:title\" content=\"S\u2019ABONNER - InterContinental Gen\u00e8ve\" \/>\n<meta property=\"og:url\" content=\"https:\/\/geneva.intercontinental.com\/fr\/sabonner\/\" \/>\n<meta property=\"og:site_name\" content=\"IHG\" \/>\n<meta property=\"article:modified_time\" content=\"2023-11-30T09:36:19+00:00\" \/>\n<meta name=\"twitter:card\" content=\"summary_large_image\" \/>\n<meta name=\"twitter:label1\" content=\"Dur\u00e9e de lecture estim\u00e9e\" \/>\n\t<meta name=\"twitter:data1\" content=\"1 minute\" \/>\n<script type=\"application\/ld+json\" class=\"yoast-schema-graph\">{\"@context\":\"https:\/\/schema.org\",\"@graph\":[{\"@type\":\"WebPage\",\"@id\":\"https:\/\/geneva.intercontinental.com\/fr\/sabonner\/\",\"url\":\"https:\/\/geneva.intercontinental.com\/fr\/sabonner\/\",\"name\":\"S\u2019ABONNER - InterContinental Gen\u00e8ve\",\"isPartOf\":{\"@id\":\"https:\/\/geneva.intercontinental.com\/fr\/#website\"},\"datePublished\":\"2022-02-10T08:47:01+00:00\",\"dateModified\":\"2023-11-30T09:36:19+00:00\",\"breadcrumb\":{\"@id\":\"https:\/\/geneva.intercontinental.com\/fr\/sabonner\/#breadcrumb\"},\"inLanguage\":\"fr-FR\",\"potentialAction\":[{\"@type\":\"ReadAction\",\"target\":[\"https:\/\/geneva.intercontinental.com\/fr\/sabonner\/\"]}]},{\"@type\":\"BreadcrumbList\",\"@id\":\"https:\/\/geneva.intercontinental.com\/fr\/sabonner\/#breadcrumb\",\"itemListElement\":[{\"@type\":\"ListItem\",\"position\":1,\"name\":\"Accueil\",\"item\":\"https:\/\/geneva.intercontinental.com\/fr\/\"},{\"@type\":\"ListItem\",\"position\":2,\"name\":\"S\u2019ABONNER\"}]},{\"@type\":\"WebSite\",\"@id\":\"https:\/\/geneva.intercontinental.com\/fr\/#website\",\"url\":\"https:\/\/geneva.intercontinental.com\/fr\/\",\"name\":\"IHG\",\"description\":\"Live the InterContinental Life\",\"publisher\":{\"@id\":\"https:\/\/geneva.intercontinental.com\/fr\/#organization\"},\"alternateName\":\"InterContinental Gen\u00e8ve\",\"potentialAction\":[{\"@type\":\"SearchAction\",\"target\":{\"@type\":\"EntryPoint\",\"urlTemplate\":\"https:\/\/geneva.intercontinental.com\/fr\/?s={search_term_string}\"},\"query-input\":{\"@type\":\"PropertyValueSpecification\",\"valueRequired\":true,\"valueName\":\"search_term_string\"}}],\"inLanguage\":\"fr-FR\"},{\"@type\":\"Organization\",\"@id\":\"https:\/\/geneva.intercontinental.com\/fr\/#organization\",\"name\":\"InterContinental Gen\u00e8ve\",\"alternateName\":\"GVAHA\",\"url\":\"https:\/\/geneva.intercontinental.com\/fr\/\",\"logo\":{\"@type\":\"ImageObject\",\"inLanguage\":\"fr-FR\",\"@id\":\"https:\/\/geneva.intercontinental.com\/fr\/#\/schema\/logo\/image\/\",\"url\":\"https:\/\/geneva.intercontinental.com\/wp-content\/uploads\/sites\/7\/2024\/04\/intercontinental-geneve-logo.svg\",\"contentUrl\":\"https:\/\/geneva.intercontinental.com\/wp-content\/uploads\/sites\/7\/2024\/04\/intercontinental-geneve-logo.svg\",\"caption\":\"InterContinental Gen\u00e8ve\"},\"image\":{\"@id\":\"https:\/\/geneva.intercontinental.com\/fr\/#\/schema\/logo\/image\/\"}}]}<\/script>\n<!-- \/ Yoast SEO plugin. -->","yoast_head_json":{"title":"S\u2019ABONNER - InterContinental Gen\u00e8ve","robots":{"index":"index","follow":"follow","max-snippet":"max-snippet:-1","max-image-preview":"max-image-preview:large","max-video-preview":"max-video-preview:-1"},"canonical":"https:\/\/geneva.intercontinental.com\/fr\/sabonner\/","og_locale":"fr_FR","og_type":"article","og_title":"S\u2019ABONNER - InterContinental Gen\u00e8ve","og_url":"https:\/\/geneva.intercontinental.com\/fr\/sabonner\/","og_site_name":"IHG","article_modified_time":"2023-11-30T09:36:19+00:00","twitter_card":"summary_large_image","twitter_misc":{"Dur\u00e9e de lecture estim\u00e9e":"1 minute"},"schema":{"@context":"https:\/\/schema.org","@graph":[{"@type":"WebPage","@id":"https:\/\/geneva.intercontinental.com\/fr\/sabonner\/","url":"https:\/\/geneva.intercontinental.com\/fr\/sabonner\/","name":"S\u2019ABONNER - InterContinental Gen\u00e8ve","isPartOf":{"@id":"https:\/\/geneva.intercontinental.com\/fr\/#website"},"datePublished":"2022-02-10T08:47:01+00:00","dateModified":"2023-11-30T09:36:19+00:00","breadcrumb":{"@id":"https:\/\/geneva.intercontinental.com\/fr\/sabonner\/#breadcrumb"},"inLanguage":"fr-FR","potentialAction":[{"@type":"ReadAction","target":["https:\/\/geneva.intercontinental.com\/fr\/sabonner\/"]}]},{"@type":"BreadcrumbList","@id":"https:\/\/geneva.intercontinental.com\/fr\/sabonner\/#breadcrumb","itemListElement":[{"@type":"ListItem","position":1,"name":"Accueil","item":"https:\/\/geneva.intercontinental.com\/fr\/"},{"@type":"ListItem","position":2,"name":"S\u2019ABONNER"}]},{"@type":"WebSite","@id":"https:\/\/geneva.intercontinental.com\/fr\/#website","url":"https:\/\/geneva.intercontinental.com\/fr\/","name":"IHG","description":"Live the InterContinental Life","publisher":{"@id":"https:\/\/geneva.intercontinental.com\/fr\/#organization"},"alternateName":"InterContinental Gen\u00e8ve","potentialAction":[{"@type":"SearchAction","target":{"@type":"EntryPoint","urlTemplate":"https:\/\/geneva.intercontinental.com\/fr\/?s={search_term_string}"},"query-input":{"@type":"PropertyValueSpecification","valueRequired":true,"valueName":"search_term_string"}}],"inLanguage":"fr-FR"},{"@type":"Organization","@id":"https:\/\/geneva.intercontinental.com\/fr\/#organization","name":"InterContinental Gen\u00e8ve","alternateName":"GVAHA","url":"https:\/\/geneva.intercontinental.com\/fr\/","logo":{"@type":"ImageObject","inLanguage":"fr-FR","@id":"https:\/\/geneva.intercontinental.com\/fr\/#\/schema\/logo\/image\/","url":"https:\/\/geneva.intercontinental.com\/wp-content\/uploads\/sites\/7\/2024\/04\/intercontinental-geneve-logo.svg","contentUrl":"https:\/\/geneva.intercontinental.com\/wp-content\/uploads\/sites\/7\/2024\/04\/intercontinental-geneve-logo.svg","caption":"InterContinental Gen\u00e8ve"},"image":{"@id":"https:\/\/geneva.intercontinental.com\/fr\/#\/schema\/logo\/image\/"}}]}},"_links":{"self":[{"href":"https:\/\/geneva.intercontinental.com\/fr\/wp-json\/wp\/v2\/pages\/11290","targetHints":{"allow":["GET"]}}],"collection":[{"href":"https:\/\/geneva.intercontinental.com\/fr\/wp-json\/wp\/v2\/pages"}],"about":[{"href":"https:\/\/geneva.intercontinental.com\/fr\/wp-json\/wp\/v2\/types\/page"}],"author":[{"embeddable":true,"href":"https:\/\/geneva.intercontinental.com\/fr\/wp-json\/wp\/v2\/users\/1"}],"replies":[{"embeddable":true,"href":"https:\/\/geneva.intercontinental.com\/fr\/wp-json\/wp\/v2\/comments?post=11290"}],"version-history":[{"count":4,"href":"https:\/\/geneva.intercontinental.com\/fr\/wp-json\/wp\/v2\/pages\/11290\/revisions"}],"predecessor-version":[{"id":22352,"href":"https:\/\/geneva.intercontinental.com\/fr\/wp-json\/wp\/v2\/pages\/11290\/revisions\/22352"}],"wp:attachment":[{"href":"https:\/\/geneva.intercontinental.com\/fr\/wp-json\/wp\/v2\/media?parent=11290"}],"curies":[{"name":"wp","href":"https:\/\/api.w.org\/{rel}","templated":true}]}}